{"id":11559,"date":"2017-08-25T14:44:27","date_gmt":"2017-08-25T12:44:27","guid":{"rendered":"http:\/\/ssemp.pl\/?page_id=11559"},"modified":"2017-08-25T14:44:27","modified_gmt":"2017-08-25T12:44:27","slug":"pytania-i-odpowiedzi-dotyczace-postepowania-o-udzielenie-zamowienia-na-zadanie-pn-budowa-drogi-na-terenie-podstrefy-nowogrodziec-w-wykrotach-etap-i","status":"publish","type":"page","link":"https:\/\/old-ssemp.sowiak.dev\/?page_id=11559","title":{"rendered":"Pytania i odpowiedzi dotycz\u0105ce post\u0119powania o udzielenie zam\u00f3wienia na zadanie pn. &#8222;Budowa drogi na terenie Podstrefy Nowogrodziec w Wykrotach &#8211; etap I.&#8221;"},"content":{"rendered":"<p><img loading=\"lazy\" decoding=\"async\" class=\"alignnone size-full wp-image-11560\" src=\"https:\/\/old-ssemp.sowiak.dev\/wordpress\/wp-content\/uploads\/2017\/08\/pytania.jpg\" alt=\"pytania\" width=\"2480\" height=\"3509\" srcset=\"https:\/\/old-ssemp.sowiak.dev\/wp-content\/uploads\/2017\/08\/pytania.jpg 2480w, https:\/\/old-ssemp.sowiak.dev\/wp-content\/uploads\/2017\/08\/pytania-212x300.jpg 212w, https:\/\/old-ssemp.sowiak.dev\/wp-content\/uploads\/2017\/08\/pytania-768x1087.jpg 768w, https:\/\/old-ssemp.sowiak.dev\/wp-content\/uploads\/2017\/08\/pytania-724x1024.jpg 724w\" sizes=\"auto, (max-width: 2480px) 100vw, 2480px\" \/><\/p>\n","protected":false},"excerpt":{"rendered":"","protected":false},"author":1,"featured_media":0,"parent":0,"menu_order":0,"comment_status":"closed","ping_status":"closed","template":"","meta":{"footnotes":""},"class_list":["post-11559","page","type-page","status-publish","hentry"],"_links":{"self":[{"href":"https:\/\/old-ssemp.sowiak.dev\/index.php?rest_route=\/wp\/v2\/pages\/11559","targetHints":{"allow":["GET"]}}],"collection":[{"href":"https:\/\/old-ssemp.sowiak.dev\/index.php?rest_route=\/wp\/v2\/pages"}],"about":[{"href":"https:\/\/old-ssemp.sowiak.dev\/index.php?rest_route=\/wp\/v2\/types\/page"}],"author":[{"embeddable":true,"href":"https:\/\/old-ssemp.sowiak.dev\/index.php?rest_route=\/wp\/v2\/users\/1"}],"replies":[{"embeddable":true,"href":"https:\/\/old-ssemp.sowiak.dev\/index.php?rest_route=%2Fwp%2Fv2%2Fcomments&post=11559"}],"version-history":[{"count":1,"href":"https:\/\/old-ssemp.sowiak.dev\/index.php?rest_route=\/wp\/v2\/pages\/11559\/revisions"}],"predecessor-version":[{"id":11561,"href":"https:\/\/old-ssemp.sowiak.dev\/index.php?rest_route=\/wp\/v2\/pages\/11559\/revisions\/11561"}],"wp:attachment":[{"href":"https:\/\/old-ssemp.sowiak.dev\/index.php?rest_route=%2Fwp%2Fv2%2Fmedia&parent=11559"}],"curies":[{"name":"wp","href":"https:\/\/api.w.org\/{rel}","templated":true}]}}