{"id":11493,"date":"2017-08-02T15:36:08","date_gmt":"2017-08-02T13:36:08","guid":{"rendered":"http:\/\/ssemp.pl\/?page_id=11493"},"modified":"2017-08-22T15:33:56","modified_gmt":"2017-08-22T13:33:56","slug":"budowa-drogi-na-terenie-podstrefy-nowogrodziec-w-wykrotach-etap-i","status":"publish","type":"page","link":"https:\/\/old-ssemp.sowiak.dev\/?page_id=11493","title":{"rendered":"\u201eBudowa drogi na terenie Podstrefy Nowogrodziec w Wykrotach \u2013 etap I.\u201d"},"content":{"rendered":"<h3><img loading=\"lazy\" decoding=\"async\" class=\"alignnone size-full wp-image-11552\" src=\"https:\/\/old-ssemp.sowiak.dev\/wordpress\/wp-content\/uploads\/2016\/05\/etap0001.jpg\" alt=\"etap0001\" width=\"2480\" height=\"3509\" srcset=\"https:\/\/old-ssemp.sowiak.dev\/wp-content\/uploads\/2016\/05\/etap0001.jpg 2480w, https:\/\/old-ssemp.sowiak.dev\/wp-content\/uploads\/2016\/05\/etap0001-212x300.jpg 212w, https:\/\/old-ssemp.sowiak.dev\/wp-content\/uploads\/2016\/05\/etap0001-768x1087.jpg 768w, https:\/\/old-ssemp.sowiak.dev\/wp-content\/uploads\/2016\/05\/etap0001-724x1024.jpg 724w\" sizes=\"auto, (max-width: 2480px) 100vw, 2480px\" \/><img loading=\"lazy\" decoding=\"async\" class=\"alignnone size-full wp-image-11553\" src=\"https:\/\/old-ssemp.sowiak.dev\/wordpress\/wp-content\/uploads\/2016\/05\/etap0002.jpg\" alt=\"etap0002\" width=\"2480\" height=\"3509\" srcset=\"https:\/\/old-ssemp.sowiak.dev\/wp-content\/uploads\/2016\/05\/etap0002.jpg 2480w, https:\/\/old-ssemp.sowiak.dev\/wp-content\/uploads\/2016\/05\/etap0002-212x300.jpg 212w, https:\/\/old-ssemp.sowiak.dev\/wp-content\/uploads\/2016\/05\/etap0002-768x1087.jpg 768w, https:\/\/old-ssemp.sowiak.dev\/wp-content\/uploads\/2016\/05\/etap0002-724x1024.jpg 724w\" sizes=\"auto, (max-width: 2480px) 100vw, 2480px\" \/><img loading=\"lazy\" decoding=\"async\" class=\"alignnone size-full wp-image-11554\" src=\"https:\/\/old-ssemp.sowiak.dev\/wordpress\/wp-content\/uploads\/2016\/05\/etap0003.jpg\" alt=\"etap0003\" width=\"2480\" height=\"3509\" srcset=\"https:\/\/old-ssemp.sowiak.dev\/wp-content\/uploads\/2016\/05\/etap0003.jpg 2480w, https:\/\/old-ssemp.sowiak.dev\/wp-content\/uploads\/2016\/05\/etap0003-212x300.jpg 212w, https:\/\/old-ssemp.sowiak.dev\/wp-content\/uploads\/2016\/05\/etap0003-768x1087.jpg 768w, https:\/\/old-ssemp.sowiak.dev\/wp-content\/uploads\/2016\/05\/etap0003-724x1024.jpg 724w\" sizes=\"auto, (max-width: 2480px) 100vw, 2480px\" \/><img loading=\"lazy\" decoding=\"async\" class=\"alignnone size-full wp-image-11555\" src=\"https:\/\/old-ssemp.sowiak.dev\/wordpress\/wp-content\/uploads\/2016\/05\/etap0004.jpg\" alt=\"etap0004\" width=\"2480\" height=\"3509\" srcset=\"https:\/\/old-ssemp.sowiak.dev\/wp-content\/uploads\/2016\/05\/etap0004.jpg 2480w, https:\/\/old-ssemp.sowiak.dev\/wp-content\/uploads\/2016\/05\/etap0004-212x300.jpg 212w, https:\/\/old-ssemp.sowiak.dev\/wp-content\/uploads\/2016\/05\/etap0004-768x1087.jpg 768w, https:\/\/old-ssemp.sowiak.dev\/wp-content\/uploads\/2016\/05\/etap0004-724x1024.jpg 724w\" sizes=\"auto, (max-width: 2480px) 100vw, 2480px\" \/>Za\u0142\u0105czniki:<\/h3>\n<p>&nbsp;<\/p>\n<p><a href=\"https:\/\/old-ssemp.sowiak.dev\/wordpress\/wp-content\/uploads\/2017\/08\/Specyfikacja-Istotnych-Warunk\u00f3w-Zam\u00f3wienia-NEW.pdf\" target=\"_blank\">SIWZ &#8211; za\u0142\u0105czniki 1-5\u00a0<\/a><\/p>\n<p><a href=\"https:\/\/old-ssemp.sowiak.dev\/wordpress\/wp-content\/uploads\/2016\/05\/WEBER_PBZ_cz-1-z-2.zip\" target=\"_blank\">Projekt Budowlany Zmian &#8211; za\u0142\u0105cznik nr 6 (cz\u0119\u015b\u0107 1 z 2)<\/a><\/p>\n<p><a href=\"https:\/\/old-ssemp.sowiak.dev\/wordpress\/wp-content\/uploads\/2016\/05\/WEBER_PBZ_cz-2-z-2.zip\" target=\"_blank\">Projekt Budowlany Zmian &#8211; za\u0142\u0105cznik nr 6 (cz\u0119\u015b\u0107 2 z 2)<\/a><\/p>\n<p><a href=\"https:\/\/old-ssemp.sowiak.dev\/wordpress\/wp-content\/uploads\/2016\/05\/pakiet-1.zip\" target=\"_blank\">Projekt Wykonawczy, bran\u017ca: drogowa &#8211; za\u0142\u0105cznik nr 7<\/a><\/p>\n<p><a href=\"https:\/\/old-ssemp.sowiak.dev\/wordpress\/wp-content\/uploads\/2016\/05\/pakiet-2.zip\" target=\"_blank\">Projekt Wykonawczy, bran\u017ca: instalacje sanitarne &#8211; za\u0142\u0105cznik nr 8<\/a><\/p>\n<p><a href=\"https:\/\/old-ssemp.sowiak.dev\/wordpress\/wp-content\/uploads\/2016\/05\/pakiet-3.zip\" target=\"_blank\">STWiOR &#8211; za\u0142\u0105cznik nr 9<\/a><\/p>\n<p><a href=\"https:\/\/old-ssemp.sowiak.dev\/wordpress\/wp-content\/uploads\/2016\/05\/Przedmiar-Wykroty-budowa-drogi-dojazdowej-ETAP-I.pdf\" target=\"_blank\">Przedmiar rob\u00f3t, bran\u017ca: drogi &#8211; za\u0142\u0105cznik nr 10<\/a><\/p>\n<p><a href=\"https:\/\/old-ssemp.sowiak.dev\/wordpress\/wp-content\/uploads\/2016\/05\/Przedmiar-Wykroty-kanalizacja-deszczowa-ETAP-I.pdf\" target=\"_blank\">Przedmiar rob\u00f3t, bran\u017ca: kanalizacja deszczowa &#8211; za\u0142\u0105cznik nr 11<\/a><\/p>\n<p>&nbsp;<\/p>\n","protected":false},"excerpt":{"rendered":"<p>Za\u0142\u0105czniki: &nbsp; SIWZ &#8211; za\u0142\u0105czniki 1-5\u00a0 Projekt Budowlany Zmian &#8211; za\u0142\u0105cznik nr 6 (cz\u0119\u015b\u0107 1 z 2) Projekt Budowlany Zmian &#8211; za\u0142\u0105cznik nr 6 (cz\u0119\u015b\u0107 2 z 2) Projekt Wykonawczy, bran\u017ca: drogowa &#8211; za\u0142\u0105cznik nr 7 Projekt Wykonawczy, bran\u017ca: instalacje sanitarne &#8211; za\u0142\u0105cznik nr 8 STWiOR &#8211; za\u0142\u0105cznik nr 9 Przedmiar rob\u00f3t, bran\u017ca: drogi &#8211; [&hellip;]<\/p>\n","protected":false},"author":1,"featured_media":0,"parent":0,"menu_order":0,"comment_status":"closed","ping_status":"closed","template":"","meta":{"footnotes":""},"class_list":["post-11493","page","type-page","status-publish","hentry"],"_links":{"self":[{"href":"https:\/\/old-ssemp.sowiak.dev\/index.php?rest_route=\/wp\/v2\/pages\/11493","targetHints":{"allow":["GET"]}}],"collection":[{"href":"https:\/\/old-ssemp.sowiak.dev\/index.php?rest_route=\/wp\/v2\/pages"}],"about":[{"href":"https:\/\/old-ssemp.sowiak.dev\/index.php?rest_route=\/wp\/v2\/types\/page"}],"author":[{"embeddable":true,"href":"https:\/\/old-ssemp.sowiak.dev\/index.php?rest_route=\/wp\/v2\/users\/1"}],"replies":[{"embeddable":true,"href":"https:\/\/old-ssemp.sowiak.dev\/index.php?rest_route=%2Fwp%2Fv2%2Fcomments&post=11493"}],"version-history":[{"count":14,"href":"https:\/\/old-ssemp.sowiak.dev\/index.php?rest_route=\/wp\/v2\/pages\/11493\/revisions"}],"predecessor-version":[{"id":11557,"href":"https:\/\/old-ssemp.sowiak.dev\/index.php?rest_route=\/wp\/v2\/pages\/11493\/revisions\/11557"}],"wp:attachment":[{"href":"https:\/\/old-ssemp.sowiak.dev\/index.php?rest_route=%2Fwp%2Fv2%2Fmedia&parent=11493"}],"curies":[{"name":"wp","href":"https:\/\/api.w.org\/{rel}","templated":true}]}}