{"id":11307,"date":"2017-05-11T15:17:44","date_gmt":"2017-05-11T13:17:44","guid":{"rendered":"http:\/\/ssemp.pl\/?page_id=11307"},"modified":"2017-05-11T15:19:44","modified_gmt":"2017-05-11T13:19:44","slug":"11307-2","status":"publish","type":"page","link":"https:\/\/old-ssemp.sowiak.dev\/?page_id=11307","title":{"rendered":"INFORMACJA O WYBORZE OFERTY z dnia 11 maja 2017 roku"},"content":{"rendered":"<p style=\"text-align: center;\"><strong>INFORMACJA O WYBORZE OFERTY<\/strong><\/p>\n<p style=\"text-align: center;\"><strong>\u00a0<\/strong><strong>z dnia 11 maja 2017 roku<\/strong><\/p>\n<p style=\"text-align: center;\">(dotyczy zaproszenia do przetargu \u0142\u0105cznego og\u0142oszonego dnia 28 lutego 2017 r.)<\/p>\n<p style=\"text-align: justify;\">Zgodnie z \u00a7 8 pkt. 1 Rozporz\u0105dzenia Ministra Gospodarki i Pracy z dnia 15 listopada 2004 r. w sprawie przetarg\u00f3w i rokowa\u0144 oraz kryteri\u00f3w oceny zamierze\u0144 co do przedsi\u0119wzi\u0119\u0107 gospodarczych, kt\u00f3re maj\u0105 by\u0107 podj\u0119te przez przedsi\u0119biorc\u00f3w na terenie Kamiennog\u00f3rskiej Specjalnej Strefy Ekonomicznej Ma\u0142ej Przedsi\u0119biorczo\u015bci (t.j. Dz. U. z 2015 r. poz. 1730), Zarz\u0105dzaj\u0105cy Kamiennog\u00f3rsk\u0105 Specjaln\u0105 Stref\u0105 Ekonomiczn\u0105 Ma\u0142ej Przedsi\u0119biorczo\u015bci<\/p>\n<p style=\"text-align: center;\">informuje,<\/p>\n<p style=\"text-align: justify;\">\u017ce w wyniku pisemnego przetargu \u0142\u0105cznego maj\u0105cego na celu wy\u0142onienie przedsi\u0119biorcy, kt\u00f3ry uzyska zezwolenie na prowadzenie dzia\u0142alno\u015bci gospodarczej na terenie Kamiennog\u00f3rskiej Specjalnej Strefy Ekonomicznej Ma\u0142ej Przedsi\u0119biorczo\u015bci uprawniaj\u0105ce do korzystania z pomocy publicznej i nab\u0119dzie prawo w\u0142asno\u015bci nieruchomo\u015bci niezabudowanej, dzia\u0142ki \u2013 stanowi\u0105cej w\u0142asno\u015b\u0107 Gminy Miejskiej Zgorzelec \u2013 po\u0142o\u017conej w\u00a0wojew\u00f3dztwie dolno\u015bl\u0105skim, mie\u015bcie Zgorzelec, przy ulicy Sulikowskiej, oznaczonej geodezyjnie jako dzia\u0142ka nr 12\/2 o powierzchni 4,4995 ha, obr\u0119b XII, AM-10 dla kt\u00f3rej S\u0105d Rejonowy w\u00a0Zgorzelcu prowadzi ksi\u0119g\u0119 wieczyst\u0105 Nr JG1Z\/00018704\/5, na kt\u00f3rej prowadzona b\u0119dzie dzia\u0142alno\u015b\u0107 gospodarcza w\u00a0oparciu o Zezwolenie<\/p>\n<p>&nbsp;<\/p>\n<p style=\"text-align: center;\">wybrano ofert\u0119 przedsi\u0119biorcy:<\/p>\n<p>&nbsp;<\/p>\n<p style=\"text-align: center;\"><strong>\u201eAPIS\u201d Sp. z o.o.<br \/>\n<\/strong><strong>Ul. Kaliska 11<br \/>\n<\/strong><strong>87-860 CHODECZ<\/strong><\/p>\n<p style=\"text-align: right;\">Przewodnicz\u0105ca Komisji Przetargowej<\/p>\n<p style=\"text-align: right;\">\u00a0 \u00a0 \u00a0 Danuta Lewandowska<\/p>\n<p style=\"text-align: left;\">Za\u0142\u0105cznik:\u00a0<a href=\"https:\/\/old-ssemp.sowiak.dev\/wordpress\/wp-content\/uploads\/2017\/05\/Informacja-o-wyborze-APIS-Sp.-z-o.o.-11.05.2017-r..pdf\">Informacja o wyborze &#8211; APIS Sp. z o.o. &#8211; 11.05.2017 r.<\/a><\/p>\n<p style=\"text-align: right;\">\n","protected":false},"excerpt":{"rendered":"<p>INFORMACJA O WYBORZE OFERTY \u00a0z dnia 11 maja 2017 roku (dotyczy zaproszenia do przetargu \u0142\u0105cznego og\u0142oszonego dnia 28 lutego 2017 r.) Zgodnie z \u00a7 8 pkt. 1 Rozporz\u0105dzenia Ministra Gospodarki i Pracy z dnia 15 listopada 2004 r. w sprawie przetarg\u00f3w i rokowa\u0144 oraz kryteri\u00f3w oceny zamierze\u0144 co do przedsi\u0119wzi\u0119\u0107 gospodarczych, kt\u00f3re maj\u0105 by\u0107 podj\u0119te [&hellip;]<\/p>\n","protected":false},"author":1,"featured_media":0,"parent":0,"menu_order":0,"comment_status":"closed","ping_status":"closed","template":"","meta":{"footnotes":""},"class_list":["post-11307","page","type-page","status-publish","hentry"],"_links":{"self":[{"href":"https:\/\/old-ssemp.sowiak.dev\/index.php?rest_route=\/wp\/v2\/pages\/11307","targetHints":{"allow":["GET"]}}],"collection":[{"href":"https:\/\/old-ssemp.sowiak.dev\/index.php?rest_route=\/wp\/v2\/pages"}],"about":[{"href":"https:\/\/old-ssemp.sowiak.dev\/index.php?rest_route=\/wp\/v2\/types\/page"}],"author":[{"embeddable":true,"href":"https:\/\/old-ssemp.sowiak.dev\/index.php?rest_route=\/wp\/v2\/users\/1"}],"replies":[{"embeddable":true,"href":"https:\/\/old-ssemp.sowiak.dev\/index.php?rest_route=%2Fwp%2Fv2%2Fcomments&post=11307"}],"version-history":[{"count":2,"href":"https:\/\/old-ssemp.sowiak.dev\/index.php?rest_route=\/wp\/v2\/pages\/11307\/revisions"}],"predecessor-version":[{"id":11311,"href":"https:\/\/old-ssemp.sowiak.dev\/index.php?rest_route=\/wp\/v2\/pages\/11307\/revisions\/11311"}],"wp:attachment":[{"href":"https:\/\/old-ssemp.sowiak.dev\/index.php?rest_route=%2Fwp%2Fv2%2Fmedia&parent=11307"}],"curies":[{"name":"wp","href":"https:\/\/api.w.org\/{rel}","templated":true}]}}