{"id":11298,"date":"2017-05-05T16:33:26","date_gmt":"2017-05-05T14:33:26","guid":{"rendered":"http:\/\/ssemp.pl\/?page_id=11298"},"modified":"2017-05-05T16:38:21","modified_gmt":"2017-05-05T14:38:21","slug":"apis-sp-z-o-o-2017-05-05","status":"publish","type":"page","link":"https:\/\/old-ssemp.sowiak.dev\/?page_id=11298","title":{"rendered":"Apis Sp. z o.o. \u2013 2017.05.05"},"content":{"rendered":"<p style=\"text-align: center;\"><strong>INFORMACJA O ZAKWALIFIKOWANIU<br \/>\nDO PRZETARGU \u0141\u0104CZNEGO<\/strong><\/p>\n<p style=\"text-align: center;\"><strong>z dnia 05 maja 2017 roku<\/strong><\/p>\n<p style=\"text-align: center;\">(dotyczy zaproszenia do przetargu \u0142\u0105cznego og\u0142oszonego dnia 28 lutego 2017 r., \u00a0przetarg wyznaczony na dzie\u0144 09 maja 2017r.)<\/p>\n<p>Komisja ds. przetargu \u0142\u0105cznego powo\u0142ana Zarz\u0105dzeniem Prezesa Specjalnej Strefy Ekonomicznej Ma\u0142ej Przedsi\u0119biorczo\u015bci S.A. Nr 04\/2017 z dnia 28 kwietnia 2017 r. oraz Zarz\u0105dzeniem Nr 494\/54\/17 Burmistrza Miasta Zgorzelec z dnia 05 maja 2017r. informuje, \u017ce w wyniku kwalifikacji do uczestnictwa w przetargu \u0142\u0105cznym maj\u0105cego na celu ustalenie przedsi\u0119biorcy, kt\u00f3ry uzyska zezwolenie na prowadzenie dzia\u0142alno\u015bci gospodarczej oraz nab\u0119dzie prawo w\u0142asno\u015bci nieruchomo\u015bci niezabudowanej, dzia\u0142ki \u2014stanowi\u0105cej w\u0142asno\u015b\u0107 Gminy Miejskiej Zgorzelec, po\u0142o\u017conej w miejscowo\u015bci Zgorzelec, przy ulicy Sulikowskiej, oznaczonej geodezyjnie jako dzia\u0142ka nr 12\/2 o powierzchni 4,4995 ha, obr\u0119b XII, AM-10 dla kt\u00f3rej S\u0105d Rejonowy w Zgorzelcu prowadzi ksi\u0119g\u0119 wieczyst\u0105 Nr JG1Z\/00018704\/5<\/p>\n<p style=\"text-align: center;\">do uczestnictwa w przetargu \u0142\u0105cznym zakwalifikowano:<\/p>\n<p style=\"text-align: center;\"><strong>\u201eAPIS&#8221; Sp. z o.o.<br \/>\n<\/strong><strong>Ul. Kaliska 11<br \/>\n<\/strong><strong>87-860 CHODECZ<\/strong><\/p>\n<p style=\"text-align: right;\">Przewodnicz\u0105ca Komisji<br \/>\nDanuta Lewandowska<\/p>\n<p style=\"text-align: left;\">Za\u0142\u0105cznik:\u00a0<a href=\"https:\/\/old-ssemp.sowiak.dev\/wordpress\/wp-content\/uploads\/2016\/05\/Apis-Sp.-z-o.o.-2017.05.05.pdf\">Apis Sp. z o.o. &#8211; 2017.05.05<\/a><\/p>\n","protected":false},"excerpt":{"rendered":"<p>INFORMACJA O ZAKWALIFIKOWANIU DO PRZETARGU \u0141\u0104CZNEGO z dnia 05 maja 2017 roku (dotyczy zaproszenia do przetargu \u0142\u0105cznego og\u0142oszonego dnia 28 lutego 2017 r., \u00a0przetarg wyznaczony na dzie\u0144 09 maja 2017r.) Komisja ds. przetargu \u0142\u0105cznego powo\u0142ana Zarz\u0105dzeniem Prezesa Specjalnej Strefy Ekonomicznej Ma\u0142ej Przedsi\u0119biorczo\u015bci S.A. Nr 04\/2017 z dnia 28 kwietnia 2017 r. oraz Zarz\u0105dzeniem Nr 494\/54\/17 [&hellip;]<\/p>\n","protected":false},"author":1,"featured_media":0,"parent":0,"menu_order":0,"comment_status":"closed","ping_status":"closed","template":"","meta":{"footnotes":""},"class_list":["post-11298","page","type-page","status-publish","hentry"],"_links":{"self":[{"href":"https:\/\/old-ssemp.sowiak.dev\/index.php?rest_route=\/wp\/v2\/pages\/11298","targetHints":{"allow":["GET"]}}],"collection":[{"href":"https:\/\/old-ssemp.sowiak.dev\/index.php?rest_route=\/wp\/v2\/pages"}],"about":[{"href":"https:\/\/old-ssemp.sowiak.dev\/index.php?rest_route=\/wp\/v2\/types\/page"}],"author":[{"embeddable":true,"href":"https:\/\/old-ssemp.sowiak.dev\/index.php?rest_route=\/wp\/v2\/users\/1"}],"replies":[{"embeddable":true,"href":"https:\/\/old-ssemp.sowiak.dev\/index.php?rest_route=%2Fwp%2Fv2%2Fcomments&post=11298"}],"version-history":[{"count":3,"href":"https:\/\/old-ssemp.sowiak.dev\/index.php?rest_route=\/wp\/v2\/pages\/11298\/revisions"}],"predecessor-version":[{"id":11302,"href":"https:\/\/old-ssemp.sowiak.dev\/index.php?rest_route=\/wp\/v2\/pages\/11298\/revisions\/11302"}],"wp:attachment":[{"href":"https:\/\/old-ssemp.sowiak.dev\/index.php?rest_route=%2Fwp%2Fv2%2Fmedia&parent=11298"}],"curies":[{"name":"wp","href":"https:\/\/api.w.org\/{rel}","templated":true}]}}