{"id":11105,"date":"2017-02-23T08:01:23","date_gmt":"2017-02-23T07:01:23","guid":{"rendered":"http:\/\/ssemp.pl\/?page_id=11105"},"modified":"2017-02-23T08:38:17","modified_gmt":"2017-02-23T07:38:17","slug":"nowogrodziec-23-02-2017-en","status":"publish","type":"page","link":"https:\/\/old-ssemp.sowiak.dev\/?page_id=11105","title":{"rendered":"NOWOGRODZIEC- 23.02.2017 [EN]"},"content":{"rendered":"<p style=\"text-align: center;\"><strong>SPECJALNA<\/strong> <strong>STREFA<\/strong> <strong>EKONOMICZNA<\/strong><\/p>\n<p style=\"text-align: center;\"><strong>MA\u0141EJ<\/strong> <strong>PRZEDSI\u0118BIORCZO\u015aCI<\/strong> <strong>S.A.<\/strong><\/p>\n<p style=\"text-align: center;\"><strong>(Special<\/strong> <strong>Economic<\/strong> <strong>Zone<\/strong> <strong>for<\/strong> <strong>Medium<\/strong> <strong>Business<\/strong> <strong>Inc)<\/strong><\/p>\n<p style=\"text-align: center;\"><strong>IN<\/strong> <strong>KAMIENNA<\/strong> <strong>G\u00d3RA<\/strong><\/p>\n<p style=\"text-align: center;\">58-400 Kamienna G\u00f3ra, ul. Papie\u017ca Jana Paw\u0142a II 11 A<\/p>\n<p style=\"text-align: center;\">phone 75 \/ 645 20 30, fax 75 \/ 645 20 33<\/p>\n<p style=\"text-align: center;\">e-mail:strefa@ssemp.pl, <a href=\"https:\/\/old-ssemp.sowiak.dev\/\">www.ssemp.pl<\/a><\/p>\n<p style=\"text-align: center;\"><strong>as<\/strong> <strong>the<\/strong> <strong>managing<\/strong> <strong>company<\/strong> <strong>of<\/strong> <strong>Kamienna<\/strong> <strong>G\u00f3ra<\/strong> <strong>Special<\/strong> <strong>Economic<\/strong> <strong>Zone<\/strong> <strong>for<\/strong> <strong>Medium<\/strong> <strong>Business<\/strong><\/p>\n<p style=\"text-align: center;\"><strong>(Kamiennog\u00f3rska<\/strong> <strong>Specjalna<\/strong> <strong>Strefa<\/strong> <strong>Ekonomiczna<\/strong> <strong>Ma\u0142ej<\/strong> <strong>Przedsi\u0119biorczo\u015bci)<\/strong><\/p>\n<p style=\"text-align: justify;\">on the basis of the Decree of the Minister of Economy and Labour dated on the 15th November 2004 (Journal of Laws 2015.1730 consolidated text) regarding tenders and negotiations as well as the intentions\u2019 evaluation criteria concerning business activities to be taken by entrepreneurs within the area of the Kamienna G\u00f3ra Special Economic Zone for Medium Business<\/p>\n<p style=\"text-align: center;\">announces an <strong>INVITATION<\/strong> <strong>TO<\/strong> <strong>NEGOTIATION<\/strong><\/p>\n<p style=\"text-align: justify;\">The negotiation\u2019s aim is to choose an entrepreneur who will obtain a permit to conduct a business activity within the area of the Kamienna G\u00f3ra Special Economic Zone for Medium Business entitling to receive public assistance (\u201cPermit\u201d).<\/p>\n<ol style=\"text-align: justify;\">\n<li>The invitation is aimed at entrepreneurs who possess the legal title for the real estate located within the area of the Kamienna G\u00f3ra Special Economic Zone for Medium Business, Subzone Nowogrodziec and who intend to conduct abusiness activity based on the Permit.<\/li>\n<li>Taking part in the negotiations is conditioned by the following:<\/li>\n<\/ol>\n<p style=\"text-align: justify;\">&#8211;\u00a0purchasing from the Special Economic Zone for Medium Business S.A. the \u201cSpecification of the Essential Conditions of the Negotiation\u201d,<\/p>\n<p style=\"text-align: justify;\">&#8211;\u00a0making of a written offer containing conditions of the intended enterprise within the zone.<\/p>\n<ol style=\"text-align: justify;\" start=\"3\">\n<li>Detailed information on the terms and conditions of the negotiations, including conditions of issuing the Permit to conduct abusiness activity within the area of the Kamienna G\u00f3ra Special Economic Zone for Medium Business are set down in the \u201cSpecification of the Essential Conditions of the Negotiation\u201d.<\/li>\n<li>The \u201cSpecification of the Essential Conditions of Negotiation\u201d can be obtained daily except, Saturdays, Sundays and Holidays at the head offices of Special Economic Zone for Medium Business S.A. in Kamienna G\u00f3ra from 8:00 a.m. to 3:30 p.m. upon payment of 10.000 PLN (in words: ten thousand zlotys) net plus the VAT at 23 percent to the following bank account of the Special Economic Zone for Medium Business No 02 1090 1942 0000 0005 1800 9564 in the Bank Zachodni WBK S.A.<\/li>\n<li>Offers should include all the elements mentioned in the \u201cSpecification of the Essential Conditions of the Negotiation\u201d.<\/li>\n<li>The business undertakings, which will be defined in offers, are subject to assessment based on the criteria defined in the \u201cSpecification of the Essential Conditions of the Negotiation\u201d, defined in the Decree of the Minister of Economy and Labour dated on the 15th November 2004 (Journal of Laws 2015.1730 consolidated text).<\/li>\n<\/ol>\n<ol start=\"7\">\n<li style=\"text-align: justify;\">The written offers should be submitted in closed envelopes at the seat of the Special Economic Zone for Medium Business (the secretary\u2019s office) in Kamienna G\u00f3ra, Papie\u017ca Jana Paw\u0142a II street 11 A, until the <strong>17<sup>th<\/sup> March 2017 till 3:30 p.m<\/strong> The manner of preparing the offer is defined in the \u201cSpecification of the Essential Conditions of the Negotiation\u201d.<\/li>\n<li style=\"text-align: justify;\">The offers will be opened by the committee in the seat of the Kamienna G\u00f3ra on <strong>20<sup>th<\/sup> March <\/strong><strong>2017<\/strong> at 10:00 a.m.<\/li>\n<li style=\"text-align: justify;\">Information about the negotiations and\u00a0 the \u201cSpecification of the Essential Conditions of Negotiation\u201d are issued at the seat of the Special Economic Zone for Medium Business in Kamienna G\u00f3ra or under the following phone number +48 75 645 20 30.<\/li>\n<li style=\"text-align: justify;\">The Special Economic Zone for Medium Business Inc (SSEMP S.A.) may invalidate the negotiations in the event of a material change of circumstances resulting in that the continuation of the negotiations procedure is not in the public interest, which could not have been predicted earlier or\/and when the negotiations procedure has a defect which makes it impossible to issue the Permit. SSEMP S.A will inform all offers at the same time, in writing, about invalidation of the procedure, giving the factual and legal reasons therefore.<\/li>\n<li style=\"text-align: justify;\">The content of the following invitation in Polish version is published on the website of the SSEMP S.A . at <a href=\"https:\/\/old-ssemp.sowiak.dev\/\">www.ssemp.pl<\/a><\/li>\n<\/ol>\n<p>&nbsp;<\/p>\n","protected":false},"excerpt":{"rendered":"<p>SPECJALNA STREFA EKONOMICZNA MA\u0141EJ PRZEDSI\u0118BIORCZO\u015aCI S.A. (Special Economic Zone for Medium Business Inc) IN KAMIENNA G\u00d3RA 58-400 Kamienna G\u00f3ra, ul. Papie\u017ca Jana Paw\u0142a II 11 A phone 75 \/ 645 20 30, fax 75 \/ 645 20 33 e-mail:strefa@ssemp.pl, www.ssemp.pl as the managing company of Kamienna G\u00f3ra Special Economic Zone for Medium Business (Kamiennog\u00f3rska Specjalna [&hellip;]<\/p>\n","protected":false},"author":1,"featured_media":0,"parent":0,"menu_order":0,"comment_status":"closed","ping_status":"closed","template":"","meta":{"footnotes":""},"class_list":["post-11105","page","type-page","status-publish","hentry"],"_links":{"self":[{"href":"https:\/\/old-ssemp.sowiak.dev\/index.php?rest_route=\/wp\/v2\/pages\/11105","targetHints":{"allow":["GET"]}}],"collection":[{"href":"https:\/\/old-ssemp.sowiak.dev\/index.php?rest_route=\/wp\/v2\/pages"}],"about":[{"href":"https:\/\/old-ssemp.sowiak.dev\/index.php?rest_route=\/wp\/v2\/types\/page"}],"author":[{"embeddable":true,"href":"https:\/\/old-ssemp.sowiak.dev\/index.php?rest_route=\/wp\/v2\/users\/1"}],"replies":[{"embeddable":true,"href":"https:\/\/old-ssemp.sowiak.dev\/index.php?rest_route=%2Fwp%2Fv2%2Fcomments&post=11105"}],"version-history":[{"count":3,"href":"https:\/\/old-ssemp.sowiak.dev\/index.php?rest_route=\/wp\/v2\/pages\/11105\/revisions"}],"predecessor-version":[{"id":11108,"href":"https:\/\/old-ssemp.sowiak.dev\/index.php?rest_route=\/wp\/v2\/pages\/11105\/revisions\/11108"}],"wp:attachment":[{"href":"https:\/\/old-ssemp.sowiak.dev\/index.php?rest_route=%2Fwp%2Fv2%2Fmedia&parent=11105"}],"curies":[{"name":"wp","href":"https:\/\/api.w.org\/{rel}","templated":true}]}}