{"id":10947,"date":"2017-01-10T11:13:41","date_gmt":"2017-01-10T10:13:41","guid":{"rendered":"http:\/\/ssemp.pl\/?page_id=10947"},"modified":"2017-01-11T08:58:56","modified_gmt":"2017-01-11T07:58:56","slug":"zgorzelec-2017-01-10-pl","status":"publish","type":"page","link":"https:\/\/old-ssemp.sowiak.dev\/?page_id=10947","title":{"rendered":"Zgorzelec &#8211; 2017.01.10 [PL]"},"content":{"rendered":"<p style=\"text-align: center;\"><strong>Og\u0142oszenie<\/strong><br \/>\n<strong>Specjalna Strefa Ekonomiczna Ma\u0142ej Przedsi\u0119biorczo\u015bci S.A.<\/strong><br \/>\n<strong>z siedzib\u0105 w Kamiennej G\u00f3rze<\/strong><br \/>\n<strong>58-400 Kamienna G\u00f3ra, ul. Papie\u017ca Jana Paw\u0142a II 11 a<\/strong><br \/>\n<strong>tel.: (+48 75) 645 20 30, fax: (+48 75) 645 20 33<\/strong><\/p>\n<p style=\"text-align: justify;\">jako Zarz\u0105dzaj\u0105cy Specjaln\u0105 Stref\u0105 Ekonomiczn\u0105 Ma\u0142ej Przedsi\u0119biorczo\u015bci S.A. w Kamiennej G\u00f3rze oraz dzia\u0142aj\u0105c na zlecenie Gminy Miejskiej Zgorzelec oraz na podstawie rozporz\u0105dzenia Ministra Gospodarki i Pracy z dnia 15 listopada 2004r. w sprawie przetarg\u00f3w i\u00a0rokowa\u0144 oraz kryteri\u00f3w oceny zamierze\u0144 co do przedsi\u0119wzi\u0119\u0107 gospodarczych, kt\u00f3re maj\u0105 by\u0107 podj\u0119te przez przedsi\u0119biorc\u00f3w na terenie Kamiennog\u00f3rskiej Specjalnej Strefy Ekonomicznej Ma\u0142ej Przedsi\u0119biorczo\u015bci (Dz. U. 2015.1730 j.t.) oraz Rozporz\u0105dzenia Ministra Gospodarki z\u00a0dnia 2 lipca 2009 r. w sprawie powierzenia Specjalnej Strefie Ekonomicznej Ma\u0142ej Przedsi\u0119biorczo\u015bci S.A. udzielania zezwole\u0144 na prowadzenie dzia\u0142alno\u015bci gospodarczej na terenie Kamiennog\u00f3rskiej Specjalnej Strefy Ekonomicznej Ma\u0142ej Przedsi\u0119biorczo\u015bci oraz wykonywania kontroli realizacji warunk\u00f3w zezwolenia<\/p>\n<p style=\"text-align: center;\"><strong>zaprasza do uczestnictwa w przetargu pisemnym \u0142\u0105cznym<\/strong><\/p>\n<p style=\"text-align: justify;\">maj\u0105cym na celu wy\u0142onienie przedsi\u0119biorcy, kt\u00f3ry uzyska zezwolenie na prowadzenie dzia\u0142alno\u015bci gospodarczej na terenie Kamiennog\u00f3rskiej Specjalnej Strefy Ekonomicznej Ma\u0142ej Przedsi\u0119biorczo\u015bci uprawniaj\u0105ce do korzystania z\u00a0pomocy publicznej <strong><em>(\u201eZezwolenie\u201d<\/em>)<\/strong> oraz nab\u0119dzie prawo w\u0142asno\u015bci nieruchomo\u015bci opisanej w punkcie 2\u00a0poni\u017cej, na kt\u00f3rej b\u0119dzie prowadzona dzia\u0142alno\u015b\u0107 gospodarcza(\u201e<strong><em>Nieruchomo\u015b\u0107\u201d<\/em><\/strong>).<\/p>\n<ol style=\"text-align: justify;\">\n<li>W przetargu mog\u0105 uczestniczy\u0107 wy\u0142\u0105cznie przedsi\u0119biorcy zamierzaj\u0105cy podj\u0105\u0107 na terenie Kamiennog\u00f3rskiej Specjalnej Strefy Ekonomicznej Ma\u0142ej Przedsi\u0119biorczo\u015bci dzia\u0142alno\u015b\u0107 gospodarcz\u0105 na podstawie Zezwolenia, spe\u0142niaj\u0105cy wymogi okre\u015blone w\u00a0ustawie z\u00a0dnia 20.10.1994r. o\u00a0specjalnych strefach ekonomicznych (tekst jednolity Dz. U. z 2015 poz. 282), w\u00a0rozporz\u0105dzeniu Rady Ministr\u00f3w z dnia 10.12.2008 r. w sprawie pomocy publicznej udzielanej przedsi\u0119biorcom dzia\u0142aj\u0105cym na podstawie zezwolenia na prowadzenie dzia\u0142alno\u015bci gospodarczej na terenach specjalnych stref ekonomicznych (Dz. U. z 2015 r. poz. 465 j.t.) oraz w Koncepcji rozwoju specjalnych stref ekonomicznych, dokumentu przyj\u0119tego przez Rad\u0119 Ministr\u00f3w dnia 27 stycznia 2009 r.<\/li>\n<li>W sk\u0142ad mienia obj\u0119tego przetargiem wchodzi prawo w\u0142asno\u015bci nieruchomo\u015bci (niezabudowanej) o\u00a0 powierzchni<strong> 0,7376 ha, <\/strong>po\u0142o\u017conej w\u00a0wojew\u00f3dztwie dolno\u015bl\u0105skim, powiecie zgorzeleckim, miejscowo\u015bci Zgorzelec, w Podstrefie Zgorzelec Kamiennog\u00f3rskiej Specjalnej Strefy Ekonomicznej Ma\u0142ej Przedsi\u0119biorczo\u015bci, <strong>b\u0119d\u0105cej w\u0142asno\u015bci\u0105 Gminy Miejskiej Zgorzelec, <\/strong>oznaczonej geodezyjnie jako dzia\u0142ka Nr 4\/7 ksi\u0119ga wieczysta JG1Z\/00015507\/3. Prawo w\u0142asno\u015bci Nieruchomo\u015bci b\u0119dzie zbywane w\u00a0drodze przetargu zgodnie z ustaw\u0105 z dnia 21.08.1997 r. o gospodarce nieruchomo\u015bciami (t.j. Dz.U. z 2016 r. poz.2147) Nieruchomo\u015b\u0107 jest wolna od wszelkich obci\u0105\u017ce\u0144 i zobowi\u0105za\u0144 na rzecz os\u00f3b trzecich.<\/li>\n<li>Cen\u0119 wywo\u0142awcz\u0105 Nieruchomo\u015bci okre\u015blono na kwot\u0119 <strong>562.000,00 PLN<\/strong> (s\u0142ownie: pi\u0119\u0107set sze\u015b\u0107dziesi\u0105t dwa tysi\u0105ce z\u0142otych). Podana cena jest cen\u0105 brutto ( w tym podatek VAT).<\/li>\n<li><strong>Minimalne post\u0105pienie wynosi: <\/strong>1% ceny wywo\u0142awczej nieruchomo\u015bci w zaokr\u0105gleniu w g\u00f3r\u0119 do pe\u0142nych dziesi\u0105tek z\u0142otych.<\/li>\n<li>Warunkiem udzia\u0142u w przetargu jest:<\/li>\n<\/ol>\n<p style=\"text-align: justify;\"><strong>\u00a0\u00a0\u00a0\u00a0\u00a0\u00a0\u00a0 &#8211;<\/strong> wykupienie od Specjalnej Strefy Ekonomicznej Specyfikacji Istotnych Warunk\u00f3w Przetargu \u0141\u0105cznego (Specyfikacji)<\/p>\n<p style=\"text-align: justify;\"><strong>\u00a0\u00a0\u00a0\u00a0\u00a0\u00a0\u00a0 &#8211;<\/strong> wp\u0142acenie wadium<\/p>\n<p style=\"text-align: justify;\"><strong>\u00a0\u00a0\u00a0\u00a0\u00a0\u00a0\u00a0 &#8211;<\/strong> z\u0142o\u017cenie pisemnej oferty wraz z warunkami planowanego na terenie strefy przedsi\u0119wzi\u0119cia<\/p>\n<ol style=\"text-align: justify;\" start=\"6\">\n<li>Wadium w pieni\u0105dzu wynosi 10 % ceny wywo\u0142awczej Nieruchomo\u015bci tj. <strong>56.200,00 PLN <\/strong>(s\u0142ownie: pi\u0119\u0107dziesi\u0105t sze\u015b\u0107 tysi\u0119cy dwie\u015bcie z\u0142otych ) i\u00a0p\u0142atne jest do dnia <strong>10 marca 2017r.<\/strong> na rachunek bankowy Specjalnej Strefy Ekonomicznej Ma\u0142ej Przedsi\u0119biorczo\u015bci S.A. Szczeg\u00f3\u0142y na temat wysoko\u015bci, formy i\u00a0termin wnoszenia wadium oraz przes\u0142anki jego przepadku okre\u015bla \u201eSpecyfikacja Istotnych Warunk\u00f3w Przetargu \u0141\u0105cznego\u201d.<\/li>\n<li>Specyfikacj\u0119, kt\u00f3ra zawiera szczeg\u00f3\u0142owe warunki przetargu mo\u017cna otrzyma\u0107 codziennie \u2013 opr\u00f3cz sob\u00f3t, niedziel i\u00a0\u015bwi\u0105t \u2013 w\u00a0godzinach <strong>8<sup>00 <\/sup><\/strong>\u2013 <strong>15<sup>30<\/sup><\/strong> w siedzibie Specjalnej Strefy Ekonomicznej Ma\u0142ej Przedsi\u0119biorczo\u015bci S.A. w Kamiennej G\u00f3rze, po wp\u0142aceniu kwoty <strong>10.000,00 <\/strong>z\u0142 (s\u0142ownie: dziesi\u0119\u0107 tysi\u0119cy z\u0142otych) netto plus podatek VAT wg przepis\u00f3w obowi\u0105zuj\u0105cych \u2013 na rachunek bankowy Specjalnej Strefy Ekonomicznej Ma\u0142ej Przedsi\u0119biorczo\u015bci S.A. <strong>nr\u00a002 1090 1942 0000 0005 1800 9564 w BZ WBK S.A<\/strong>. O\/Kamienna G\u00f3ra. Nie przewiduje si\u0119 dodatkowych warunk\u00f3w przetargu, poza opisanymi w\u00a0niniejszym zaproszeniu i\u00a0w\u00a0Specyfikacji.<\/li>\n<\/ol>\n<ol start=\"8\">\n<li style=\"text-align: justify;\">Opis Nieruchomo\u015bci: nieruchomo\u015b\u0107 niezabudowana po\u0142o\u017cona w Zgorzelcu przy ulicy Sulikowskiej. Nieruchomo\u015b\u0107 obj\u0119ta granicami Kamiennog\u00f3rskiej Specjalnej Strefy Ekonomicznej Ma\u0142ej Przedsi\u0119biorczo\u015bci- Podstrefa Zgorzelec. Dojazd do nieruchomo\u015bci planowan\u0105 drog\u0105 3DK od ulicy Sulikowskiej. Aktualnie dojazd nie jest urz\u0105dzony. Teren nieuzbrojony, z\u00a0opcj\u0105 uzbrojenia we wszystkie lokalne media. Dzia\u0142ka po\u0142o\u017cona jest na obszarze oznaczonym w planie zagospodarowania przestrzennego symbolem 2PU- tereny zabudowy produkcyjno-us\u0142ugowej.<\/li>\n<li style=\"text-align: justify;\">Oferty i przedstawione w nich przedsi\u0119wzi\u0119cia gospodarcze podlegaj\u0105 ocenie w oparciu o kryteria zawarte w\u00a0\u201eSpecyfikacji Istotnych Warunk\u00f3w Przetargu \u0141\u0105cznego\u201d, rozporz\u0105dzeniu Ministra Gospodarki i Pracy z dnia 15.11.2004 r. w sprawie przetarg\u00f3w i rokowa\u0144 oraz kryteri\u00f3w oceny zamierze\u0144, co do przedsi\u0119wzi\u0119\u0107 gospodarczych, kt\u00f3re maj\u0105 by\u0107 podj\u0119te przez przedsi\u0119biorc\u00f3w na terenie Kamiennog\u00f3rskiej Specjalnej Strefy Ekonomicznej Ma\u0142ej Przedsi\u0119biorczo\u015bci (Dz. U. 2015.1730 j.t.) oraz w oparciu o kryteria zawarte w Koncepcji rozwoju specjalnych stref ekonomicznych \u2013dokument przyj\u0119ty przez Rad\u0119 Ministr\u00f3w dnia 27 stycznia 2009 r.<\/li>\n<li style=\"text-align: justify;\">Oferty pisemne nale\u017cy sk\u0142ada\u0107 w zamkni\u0119tych kopertach w siedzibie Specjalnej Strefy Ekonomicznej Ma\u0142ej Przedsi\u0119biorczo\u015bci S.A. (w\u00a0Sekretariacie),58-400 Kamienna G\u00f3ra, ul. Papie\u017ca Jana Paw\u0142a II 11 A w\u00a0terminie do <strong>dnia 10 marca 2017r.<\/strong> do godz. <strong>15<sup>00<\/sup><\/strong>. Spos\u00f3b przygotowania oferty okre\u015bla Specyfikacja.<\/li>\n<li style=\"text-align: justify;\">Otwarcie ofert nast\u0105pi w siedzibie Specjalnej Strefy Ekonomicznej Ma\u0142ej Przedsi\u0119biorczo\u015bci S.A. w dniu <strong>16 marca 2017<\/strong><strong>r. o\u00a0godz. 12.00<\/strong>.<\/li>\n<li style=\"text-align: justify;\">W przypadku uchylenia si\u0119 przez przedsi\u0119biorc\u0119 wy\u0142onionego w trakcie przetargu od zawarcia umowy sprzeda\u017cy, wadium nie podlega zwrotowi.<\/li>\n<li style=\"text-align: justify;\">Zarz\u0105dzaj\u0105cy Kamiennog\u00f3rsk\u0105 Specjaln\u0105 Stref\u0105 Ekonomiczn\u0105 Ma\u0142ej Przedsi\u0119biorczo\u015bci lub Burmistrz Miasta Zgorzelec mog\u0105 zamkn\u0105\u0107 przetarg bez wybrania kt\u00f3rejkolwiek z ofert lub odwo\u0142a\u0107 og\u0142oszony przetarg jedynie z wa\u017cnych powod\u00f3w. W\u00a0takim przypadku stosowna informacja zostanie podana do publicznej wiadomo\u015bci ze wskazaniem przyczyny odwo\u0142ania przetargu. W takim przypadku wadium podlega zwrotowi.<\/li>\n<li style=\"text-align: justify;\">Zarz\u0105dzaj\u0105cy Kamiennog\u00f3rsk\u0105 Specjaln\u0105 Stref\u0105 Ekonomiczn\u0105 Ma\u0142ej Przedsi\u0119biorczo\u015bci mo\u017ce uniewa\u017cni\u0107 przetarg w\u00a0przypadku, gdy wyst\u0105pi istotna zmiana okoliczno\u015bci powoduj\u0105ca, \u017ce prowadzenie post\u0119powania nie le\u017cy w\u00a0interesie publicznym, czego nie mo\u017cna by\u0142o wcze\u015bniej przewidzie\u0107 lub\/i gdy post\u0119powanie obarczone b\u0119dzie wad\u0105 uniemo\u017cliwiaj\u0105c\u0105 wydanie Zezwolenia lub zawarcie wa\u017cnej umowy sprzeda\u017cy Nieruchomo\u015bci. O\u00a0uniewa\u017cnieniu post\u0119powania Zarz\u0105dzaj\u0105cy zawiadomi pisemnie r\u00f3wnocze\u015bnie wszystkich oferent\u00f3w podaj\u0105c uzasadnienie faktyczne i prawne.<\/li>\n<li style=\"text-align: justify;\">Nabywca przejmuje nieruchomo\u015b\u0107 w stanie istniej\u0105cym.<\/li>\n<li style=\"text-align: justify;\">Cena dzia\u0142ki nie zawiera wznowienia znak\u00f3w granicznych. W przypadku ewentualnej potrzeby okazania granic nabywca ustali warunki tego okazania z wybranym przez siebie geodet\u0105. Okazanie granic nast\u0105pi na koszt nabywcy.<\/li>\n<li style=\"text-align: justify;\">The content of the following invitation in English version has been published on the website of the Special Economic Zone for Medium Business PLC. (SSEMP S.A.).: <a href=\"https:\/\/old-ssemp.sowiak.dev\/\">www.ssemp.pl<\/a><\/li>\n<\/ol>\n<p style=\"text-align: left;\"><em>tre\u015b\u0107 oryginalnego og\u0142oszenia:\u00a0<a href=\"https:\/\/old-ssemp.sowiak.dev\/wordpress\/wp-content\/uploads\/2017\/01\/ZGORZELEC-2017.01.10-PDF.pdf\">zgorzelec-2017-01-10-pdf<\/a><\/em><\/p>\n","protected":false},"excerpt":{"rendered":"<p>Og\u0142oszenie Specjalna Strefa Ekonomiczna Ma\u0142ej Przedsi\u0119biorczo\u015bci S.A. z siedzib\u0105 w Kamiennej G\u00f3rze 58-400 Kamienna G\u00f3ra, ul. Papie\u017ca Jana Paw\u0142a II 11 a tel.: (+48 75) 645 20 30, fax: (+48 75) 645 20 33 jako Zarz\u0105dzaj\u0105cy Specjaln\u0105 Stref\u0105 Ekonomiczn\u0105 Ma\u0142ej Przedsi\u0119biorczo\u015bci S.A. w Kamiennej G\u00f3rze oraz dzia\u0142aj\u0105c na zlecenie Gminy Miejskiej Zgorzelec oraz na podstawie [&hellip;]<\/p>\n","protected":false},"author":1,"featured_media":0,"parent":0,"menu_order":0,"comment_status":"closed","ping_status":"closed","template":"","meta":{"footnotes":""},"class_list":["post-10947","page","type-page","status-publish","hentry"],"_links":{"self":[{"href":"https:\/\/old-ssemp.sowiak.dev\/index.php?rest_route=\/wp\/v2\/pages\/10947","targetHints":{"allow":["GET"]}}],"collection":[{"href":"https:\/\/old-ssemp.sowiak.dev\/index.php?rest_route=\/wp\/v2\/pages"}],"about":[{"href":"https:\/\/old-ssemp.sowiak.dev\/index.php?rest_route=\/wp\/v2\/types\/page"}],"author":[{"embeddable":true,"href":"https:\/\/old-ssemp.sowiak.dev\/index.php?rest_route=\/wp\/v2\/users\/1"}],"replies":[{"embeddable":true,"href":"https:\/\/old-ssemp.sowiak.dev\/index.php?rest_route=%2Fwp%2Fv2%2Fcomments&post=10947"}],"version-history":[{"count":8,"href":"https:\/\/old-ssemp.sowiak.dev\/index.php?rest_route=\/wp\/v2\/pages\/10947\/revisions"}],"predecessor-version":[{"id":10967,"href":"https:\/\/old-ssemp.sowiak.dev\/index.php?rest_route=\/wp\/v2\/pages\/10947\/revisions\/10967"}],"wp:attachment":[{"href":"https:\/\/old-ssemp.sowiak.dev\/index.php?rest_route=%2Fwp%2Fv2%2Fmedia&parent=10947"}],"curies":[{"name":"wp","href":"https:\/\/api.w.org\/{rel}","templated":true}]}}