{"id":10911,"date":"2016-12-01T15:31:21","date_gmt":"2016-12-01T14:31:21","guid":{"rendered":"http:\/\/ssemp.pl\/?page_id=10911"},"modified":"2016-12-01T15:31:21","modified_gmt":"2016-12-01T14:31:21","slug":"informacja-o-wyborze-oferty-najkorzystniejszej-zimowe-utrzymanie-drogi-dojazdowej-do-kamiennogorskiej-ssemp-w-wykrotach","status":"publish","type":"page","link":"https:\/\/old-ssemp.sowiak.dev\/?page_id=10911","title":{"rendered":"Informacja o wyborze oferty najkorzystniejszej &#8211; zimowe utrzymanie drogi dojazdowej do Kamiennog\u00f3rskiej SSEMP w Wykrotach"},"content":{"rendered":"<p style=\"text-align: center;\"><strong>Kamienna G\u00f3ra, dnia 01.12.2016 r.<\/strong><\/p>\n<p style=\"text-align: center;\"><strong>\u00a0<\/strong><\/p>\n<p style=\"text-align: center;\"><strong>INFORMACJA<\/strong> <strong>O<\/strong><strong> WYBORZE OFERTY NAJKORZYSTNIEJSZEJ<\/strong><\/p>\n<p style=\"text-align: center;\">dotycz\u0105ca post\u0119powania o udzielenie zam\u00f3wienia przeprowadzonego<\/p>\n<p style=\"text-align: center;\">w trybie zapytania ofertowego o cen\u0119 zimowego utrzymania drogi dojazdowej do\u00a0Kamiennog\u00f3rskiej SSEMP w\u00a0Wykrotach<\/p>\n<p style=\"text-align: center;\">w sezonie zimowym 2016\/2017.<\/p>\n<p>&nbsp;<\/p>\n<p>&nbsp;<\/p>\n<p>Specjalna Strefa Ekonomiczna Ma\u0142ej Przedsi\u0119biorczo\u015bci S.A. z siedzib\u0105 przy ul. Papie\u017ca Jana Paw\u0142a II 11A w Kamiennej G\u00f3rze informuje, \u017ce za najkorzystniejsz\u0105 uznano ofert\u0119 z\u0142o\u017con\u0105 przez:<\/p>\n<p>&nbsp;<\/p>\n<p><strong>GARDEN \u2013 MIX <\/strong><strong>Latkowski Piotr<\/strong><\/p>\n<p>&nbsp;<\/p>\n<p>i firma zosta\u0142a wybrana do realizacji zam\u00f3wienia.<\/p>\n<p>Oferta jest najkorzystniejsza z punktu widzenia kryterium wyboru okre\u015blonego w zapytaniu ofertowym o cen\u0119 z dnia 24.11.2016 r.<\/p>\n<p>&nbsp;<\/p>\n<p>Cena brutto wybranej oferty: <strong>1.200,00 z\u0142<\/strong>\/ 1 m-c zimowego utrzymania drogi.<\/p>\n<p>(s\u0142ownie: jeden tysi\u0105c dwie\u015bcie z\u0142otych i 00\/100).<\/p>\n<p>&nbsp;<\/p>\n<p>Jednocze\u015bnie informujemy, \u017ce w niniejszym post\u0119powaniu z\u0142o\u017cono dwie oferty. Oferty otrzyma\u0142y nast\u0119puj\u0105c\u0105 liczb\u0119 punkt\u00f3w w kryterium oceny ofert:<\/p>\n<table width=\"643\">\n<tbody>\n<tr>\n<td width=\"76\">Nr oferty<\/td>\n<td width=\"435\">Wykonawca<\/td>\n<td width=\"132\">Liczba przyznanych pkt w\u00a0kryterium cena<\/td>\n<\/tr>\n<tr>\n<td width=\"76\">1.<\/td>\n<td width=\"435\">\u201eHydro-Tech\u201d Sp\u00f3\u0142ka z o.o.<\/p>\n<p>z siedzib\u0105 w Nowogrod\u017acu.<\/td>\n<td width=\"132\">69,44<\/td>\n<\/tr>\n<tr>\n<td width=\"76\">2.<\/td>\n<td width=\"435\">GARDEN \u2013 MIX Latkowski Piotr<\/p>\n<p>z siedzib\u0105 w Pisaczowie<\/td>\n<td width=\"132\">100,00<\/td>\n<\/tr>\n<\/tbody>\n<\/table>\n<p>&nbsp;<\/p>\n<p>Zarz\u0105d SSEMP S.A.<\/p>\n","protected":false},"excerpt":{"rendered":"<p>Kamienna G\u00f3ra, dnia 01.12.2016 r. \u00a0 INFORMACJA O WYBORZE OFERTY NAJKORZYSTNIEJSZEJ dotycz\u0105ca post\u0119powania o udzielenie zam\u00f3wienia przeprowadzonego w trybie zapytania ofertowego o cen\u0119 zimowego utrzymania drogi dojazdowej do\u00a0Kamiennog\u00f3rskiej SSEMP w\u00a0Wykrotach w sezonie zimowym 2016\/2017. &nbsp; &nbsp; Specjalna Strefa Ekonomiczna Ma\u0142ej Przedsi\u0119biorczo\u015bci S.A. z siedzib\u0105 przy ul. Papie\u017ca Jana Paw\u0142a II 11A w Kamiennej G\u00f3rze informuje, [&hellip;]<\/p>\n","protected":false},"author":1,"featured_media":0,"parent":0,"menu_order":0,"comment_status":"closed","ping_status":"closed","template":"","meta":{"footnotes":""},"class_list":["post-10911","page","type-page","status-publish","hentry"],"_links":{"self":[{"href":"https:\/\/old-ssemp.sowiak.dev\/index.php?rest_route=\/wp\/v2\/pages\/10911","targetHints":{"allow":["GET"]}}],"collection":[{"href":"https:\/\/old-ssemp.sowiak.dev\/index.php?rest_route=\/wp\/v2\/pages"}],"about":[{"href":"https:\/\/old-ssemp.sowiak.dev\/index.php?rest_route=\/wp\/v2\/types\/page"}],"author":[{"embeddable":true,"href":"https:\/\/old-ssemp.sowiak.dev\/index.php?rest_route=\/wp\/v2\/users\/1"}],"replies":[{"embeddable":true,"href":"https:\/\/old-ssemp.sowiak.dev\/index.php?rest_route=%2Fwp%2Fv2%2Fcomments&post=10911"}],"version-history":[{"count":1,"href":"https:\/\/old-ssemp.sowiak.dev\/index.php?rest_route=\/wp\/v2\/pages\/10911\/revisions"}],"predecessor-version":[{"id":10912,"href":"https:\/\/old-ssemp.sowiak.dev\/index.php?rest_route=\/wp\/v2\/pages\/10911\/revisions\/10912"}],"wp:attachment":[{"href":"https:\/\/old-ssemp.sowiak.dev\/index.php?rest_route=%2Fwp%2Fv2%2Fmedia&parent=10911"}],"curies":[{"name":"wp","href":"https:\/\/api.w.org\/{rel}","templated":true}]}}