{"id":10905,"date":"2016-12-01T15:23:32","date_gmt":"2016-12-01T14:23:32","guid":{"rendered":"http:\/\/ssemp.pl\/?page_id=10905"},"modified":"2016-12-01T15:23:32","modified_gmt":"2016-12-01T14:23:32","slug":"informacja-o-wyborze-oferty-najkorzystniejszej-zimowe-utrzymanie-drog-na-terenie-kssemp-w-kamiennej-gorze","status":"publish","type":"page","link":"https:\/\/old-ssemp.sowiak.dev\/?page_id=10905","title":{"rendered":"Informacja o wyborze oferty najkorzystniejszej &#8211; zimowe utrzymanie dr\u00f3g na terenie KSSEMP w Kamiennej G\u00f3rze"},"content":{"rendered":"<p style=\"text-align: center;\"><strong>Kamienna G\u00f3ra, dnia 01.12.2016 r.<\/strong><\/p>\n<p style=\"text-align: center;\"><strong>\u00a0<\/strong><\/p>\n<p style=\"text-align: center;\"><strong>INFORMACJA<\/strong> <strong>O<\/strong><strong> WYBORZE OFERTY NAJKORZYSTNIEJSZEJ<\/strong><\/p>\n<p style=\"text-align: center;\">dotycz\u0105ca post\u0119powania o udzielenie zam\u00f3wienia przeprowadzonego<\/p>\n<p style=\"text-align: center;\">w trybie zapytania ofertowego o cen\u0119 zimowego utrzymania<\/p>\n<p style=\"text-align: center;\">dr\u00f3g na terenie KSSEMP w Kamiennej G\u00f3rze<\/p>\n<p style=\"text-align: center;\">w sezonie zimowym 2016\/2017.<\/p>\n<p>&nbsp;<\/p>\n<p>&nbsp;<\/p>\n<p>Specjalna Strefa Ekonomiczna Ma\u0142ej Przedsi\u0119biorczo\u015bci S.A. z siedzib\u0105 przy ul. Papie\u017ca Jana Paw\u0142a II 11A w Kamiennej G\u00f3rze informuje, \u017ce za najkorzystniejsz\u0105 uznano ofert\u0119 z\u0142o\u017con\u0105 przez:<\/p>\n<p>&nbsp;<\/p>\n<p><strong>PHU \u201eDENDREX\u201d Grzegorz Exner<\/strong><\/p>\n<p>&nbsp;<\/p>\n<p>i firma zosta\u0142a wybrana do realizacji zam\u00f3wienia.<\/p>\n<p>Oferta jest najkorzystniejsza z punktu widzenia kryterium wyboru okre\u015blonego w zapytaniu ofertowym o cen\u0119 z dnia 24.11.2016 r.<\/p>\n<p>&nbsp;<\/p>\n<p>Cena brutto wybranej oferty: <strong>214,92 z\u0142<\/strong>\/ 1 r-g od\u015bnie\u017cania.<\/p>\n<p>(s\u0142ownie: dwie\u015bcie czterna\u015bcie z\u0142otych i 92\/100).<\/p>\n<p>&nbsp;<\/p>\n<p>Jednocze\u015bnie informujemy, \u017ce w niniejszym post\u0119powaniu z\u0142o\u017cono trzy oferty. Oferty otrzyma\u0142y nast\u0119puj\u0105c\u0105 liczb\u0119 punkt\u00f3w w kryterium oceny ofert:<\/p>\n<p>&nbsp;<\/p>\n<table width=\"643\">\n<tbody>\n<tr>\n<td width=\"76\">Nr oferty<\/td>\n<td width=\"435\">Wykonawca<\/td>\n<td width=\"132\">Liczba przyznanych pkt w\u00a0kryterium cena<\/td>\n<\/tr>\n<tr>\n<td width=\"76\">1.<\/td>\n<td width=\"435\">Zak\u0142ad Us\u0142ug Porz\u0105dkowych i Komunalnych Grzegorz Ko\u0142cz<\/p>\n<p>z siedzib\u0105 w Gniechowicach.<\/td>\n<td width=\"132\">89,92<\/td>\n<\/tr>\n<tr>\n<td width=\"76\">2.<\/td>\n<td width=\"435\">Sp\u00f3\u0142ka Mieszkaniowa Sp\u00f3\u0142ka z o.o.<\/p>\n<p>z siedzib\u0105 w Kamiennej G\u00f3rze.<\/td>\n<td width=\"132\">67,16<\/td>\n<\/tr>\n<tr>\n<td width=\"76\">3.<\/td>\n<td width=\"435\">PHU \u201eDENDREX\u201d Grzegorz Exner<\/p>\n<p>z siedzib\u0105 w Przedwojowie.<\/td>\n<td width=\"132\">100,00<\/td>\n<\/tr>\n<\/tbody>\n<\/table>\n<p>&nbsp;<\/p>\n<p>Zarz\u0105d SSEMP S.A.<\/p>\n","protected":false},"excerpt":{"rendered":"<p>Kamienna G\u00f3ra, dnia 01.12.2016 r. \u00a0 INFORMACJA O WYBORZE OFERTY NAJKORZYSTNIEJSZEJ dotycz\u0105ca post\u0119powania o udzielenie zam\u00f3wienia przeprowadzonego w trybie zapytania ofertowego o cen\u0119 zimowego utrzymania dr\u00f3g na terenie KSSEMP w Kamiennej G\u00f3rze w sezonie zimowym 2016\/2017. &nbsp; &nbsp; Specjalna Strefa Ekonomiczna Ma\u0142ej Przedsi\u0119biorczo\u015bci S.A. z siedzib\u0105 przy ul. Papie\u017ca Jana Paw\u0142a II 11A w Kamiennej [&hellip;]<\/p>\n","protected":false},"author":1,"featured_media":0,"parent":0,"menu_order":0,"comment_status":"closed","ping_status":"closed","template":"","meta":{"footnotes":""},"class_list":["post-10905","page","type-page","status-publish","hentry"],"_links":{"self":[{"href":"https:\/\/old-ssemp.sowiak.dev\/index.php?rest_route=\/wp\/v2\/pages\/10905","targetHints":{"allow":["GET"]}}],"collection":[{"href":"https:\/\/old-ssemp.sowiak.dev\/index.php?rest_route=\/wp\/v2\/pages"}],"about":[{"href":"https:\/\/old-ssemp.sowiak.dev\/index.php?rest_route=\/wp\/v2\/types\/page"}],"author":[{"embeddable":true,"href":"https:\/\/old-ssemp.sowiak.dev\/index.php?rest_route=\/wp\/v2\/users\/1"}],"replies":[{"embeddable":true,"href":"https:\/\/old-ssemp.sowiak.dev\/index.php?rest_route=%2Fwp%2Fv2%2Fcomments&post=10905"}],"version-history":[{"count":1,"href":"https:\/\/old-ssemp.sowiak.dev\/index.php?rest_route=\/wp\/v2\/pages\/10905\/revisions"}],"predecessor-version":[{"id":10906,"href":"https:\/\/old-ssemp.sowiak.dev\/index.php?rest_route=\/wp\/v2\/pages\/10905\/revisions\/10906"}],"wp:attachment":[{"href":"https:\/\/old-ssemp.sowiak.dev\/index.php?rest_route=%2Fwp%2Fv2%2Fmedia&parent=10905"}],"curies":[{"name":"wp","href":"https:\/\/api.w.org\/{rel}","templated":true}]}}