{"id":10862,"date":"2016-11-24T15:09:28","date_gmt":"2016-11-24T14:09:28","guid":{"rendered":"http:\/\/ssemp.pl\/?page_id=10862"},"modified":"2016-11-24T22:12:15","modified_gmt":"2016-11-24T21:12:15","slug":"zapytanie-ofertowe-o-cene-zimowego-utrzymania-drogi-dojazdowej-do-kamiennogorskiej-ssemp-w-wykrotach-w-sezonie-zimowym-20162017-24-11-2016","status":"publish","type":"page","link":"https:\/\/old-ssemp.sowiak.dev\/?page_id=10862","title":{"rendered":"ZAPYTANIE OFERTOWE O CEN\u0118 zimowego utrzymania drogi dojazdowej do Kamiennog\u00f3rskiej SSEMP w Wykrotach w sezonie zimowym 20162017 &#8211; 24-11-2016"},"content":{"rendered":"<p>&nbsp;<\/p>\n<p>&nbsp;<\/p>\n<p style=\"text-align: center;\">Kamienna G\u00f3ra, 24 listopada 2016 r.<\/p>\n<p style=\"text-align: center;\">\n<p style=\"text-align: center;\"><strong>\u00a0<\/strong><\/p>\n<p style=\"text-align: center;\"><strong>\u00a0<\/strong><\/p>\n<p style=\"text-align: center;\"><strong>ZAPYTANIE OFERTOWE O CEN\u0118<\/strong><\/p>\n<p style=\"text-align: center;\">zimowego utrzymania drogi dojazdowej do Kamiennog\u00f3rskiej SSEMP w Wykrotach<\/p>\n<p style=\"text-align: center;\">w sezonie zimowym 2016\/2017<\/p>\n<p style=\"text-align: center;\"><strong>\u00a0<\/strong><\/p>\n<p style=\"text-align: center;\">\n<p style=\"text-align: center;\">Specjalna Strefa Ekonomiczna Ma\u0142ej Przedsi\u0119biorczo\u015bci S.A.<\/p>\n<p style=\"text-align: center;\">z siedzib\u0105 ul. Papie\u017ca Jana Paw\u0142a II 11A, 58-400 Kamienna G\u00f3ra<\/p>\n<p style=\"text-align: center;\">NIP: 614-14-72-974, Regon: 230820274<\/p>\n<p style=\"text-align: center;\">Strona www: <u>www.ssemp.pl<\/u><\/p>\n<p style=\"text-align: center;\">e-mail: l.slawinski@ssemp.pl<\/p>\n<p style=\"text-align: center;\">tel.\u00a0\u00a0 75\/ 645 20 30, fax 75\/ 645 20 33<\/p>\n<p style=\"text-align: center;\">\n<p style=\"text-align: center;\">\n<p style=\"text-align: center;\">zwraca si\u0119 z zapytaniem ofertowym o cen\u0119<\/p>\n<p style=\"text-align: center;\">zimowego utrzymania drogi dojazdowej do Kamiennog\u00f3rskiej SSEMP w Wykrotach<\/p>\n<p style=\"text-align: center;\">w sezonie zimowym <strong>2016\/2017<\/strong>.<\/p>\n<p>&nbsp;<\/p>\n<p>&nbsp;<\/p>\n<ol>\n<li>Przedmiot zam\u00f3wienia obejmuje:<\/li>\n<\/ol>\n<p>&nbsp;<\/p>\n<ol>\n<li>a) od\u015bnie\u017canie drogi dojazdowej <strong><u>na odcinku o d\u0142ugo\u015bci oko\u0142o 650 m <\/u><\/strong>(za\u0142\u0105cznik nr 3) obejmuj\u0105ce usuwanie \u015bniegu z ca\u0142ej szeroko\u015bci roboczej jezdni, zapewniaj\u0105ce sta\u0142e utrzymywanie przejezdno\u015bci,<\/li>\n<li>b) sta\u0142e zwalczanie i usuwanie go\u0142oledzi, \u015blisko\u015bci oraz zapewnienie materia\u0142\u00f3w do tego potrzebnych (\u015brodki niechemiczne <strong>piasek<\/strong> <strong>o<\/strong> <strong>\u015brednicy<\/strong> <strong>cz\u0105stek<\/strong> <strong>od<\/strong> <strong>0,1<\/strong> <strong>do<\/strong> <strong>1<\/strong> <strong>mm<\/strong>, <strong>kruszywo<\/strong> <strong>naturalne<\/strong> <strong>lub<\/strong> <strong>sztuczne<\/strong> <strong>o<\/strong> <strong>uziarnieniu<\/strong> <strong>do<\/strong> <strong>4<\/strong> <strong>mm<\/strong> i \u015brodki chemiczne wymienione w Rozporz\u0105dzeniu Ministra \u015arodowiska z dnia 27 pa\u017adziernika 2005 r. w\u00a0sprawie rodzaj\u00f3w i warunk\u00f3w stosowania \u015brodk\u00f3w, jakie mog\u0105 by\u0107 u\u017cywane na drogach publicznych oraz ulicach i placach, Dz. U. z 2005 r., Nr 230, poz. 1960), (piasek, s\u00f3l),<\/li>\n<li>c) zapewnienie maszyn i sprz\u0119tu do od\u015bnie\u017cania a tak\u017ce utrzymanie ich w gotowo\u015bci,<\/li>\n<li>d) bie\u017c\u0105ce spychanie zwa\u0142\u00f3w \u015bniegu i lodu na pobocza przy u\u017cyciu w\u0142asnych \u015brodk\u00f3w technicznych Wykonawcy,<\/li>\n<li>e) usuwanie zwa\u0142\u00f3w \u015bniegowych z terenu w przypadku znacznego ich nagromadzenia,<\/li>\n<li>f) usuni\u0119cie z drogi, po zako\u0144czeniu sezonu zimowego, materia\u0142\u00f3w niezb\u0119dnych do usuwania go\u0142oledzi i \u015blisko\u015bci drogowej.<\/li>\n<\/ol>\n<p>&nbsp;<\/p>\n<ol start=\"2\">\n<li>O udzielenie zam\u00f3wienia mog\u0105 ubiega\u0107 si\u0119 Wykonawcy, kt\u00f3rzy:<\/li>\n<\/ol>\n<p>&nbsp;<\/p>\n<ol>\n<li>a) posiadaj\u0105 niezb\u0119dn\u0105 wiedz\u0119 i do\u015bwiadczenie oraz dysponuj\u0105 potencja\u0142em technicznym i\u00a0osobami zdolnymi do wykonania przedmiotu zam\u00f3wienia,<\/li>\n<li>b) znajduj\u0105 si\u0119 w sytuacji ekonomicznej i finansowej zapewniaj\u0105cej wykonanie zam\u00f3wienia.<\/li>\n<\/ol>\n<p>&nbsp;<\/p>\n<ol start=\"3\">\n<li>Termin wykonania zam\u00f3wienia: od dnia <strong>01.12.2016 r. <\/strong>do <strong>28.02.2017 r<\/strong>. (<u>termin<\/u> <u>mo\u017ce<\/u> <u>ulec<\/u> <u>wyd\u0142u\u017ceniu<\/u> <u>do<\/u> <u>czasu<\/u> <u>utrzymywania<\/u> <u>si\u0119<\/u> <u>warunk\u00f3w<\/u> <u>zimowych.<\/u>)<\/li>\n<\/ol>\n<p>&nbsp;<\/p>\n<ol start=\"4\">\n<li>Zapytania o przedmiot zam\u00f3wienia:<\/li>\n<\/ol>\n<p>&nbsp;<\/p>\n<p>Wszelkich informacji udziela \u0141ukasz S\u0142awi\u0144ski, tel. 75\/ 645 20 30, kom. 602\u00a0853 881<\/p>\n<p>&nbsp;<\/p>\n<ol start=\"5\">\n<li>Termin zwi\u0105zania ofert\u0105:<\/li>\n<\/ol>\n<p>Sk\u0142adaj\u0105cy ofert\u0119 pozostaje ni\u0105 zwi\u0105zany przez okres 30 dni. Bieg terminu zwi\u0105zania ofert\u0105 rozpoczyna si\u0119 wraz z up\u0142ywem terminu sk\u0142adania ofert.<\/p>\n<p>&nbsp;<\/p>\n<ol start=\"6\">\n<li>Spos\u00f3b przygotowania oferty:<\/li>\n<\/ol>\n<p>&nbsp;<\/p>\n<p>Nale\u017cy wype\u0142ni\u0107 formularz ofertowy \/za\u0142\u0105cznik nr 1\/ oraz o\u015bwiadczenie \/za\u0142\u0105cznik nr 2\/, kt\u00f3re sk\u0142adaj\u0105 si\u0119 na ofert\u0119.<\/p>\n<p>Ka\u017cdy z wy\u017cej wymienionych za\u0142\u0105cznik\u00f3w powinien by\u0107 podpisany przez osob\u0119 uprawnion\u0105 do reprezentowania Wykonawcy.<\/p>\n<p>&nbsp;<\/p>\n<ol start=\"7\">\n<li>Kryteria i spos\u00f3b oceny ofert:<\/li>\n<\/ol>\n<p>&nbsp;<\/p>\n<p>Kryterium ceny: najni\u017csza cena rycza\u0142towa brutto \/ m-c zimowego utrzymania drogi\u00a0\u00a0 &#8211; 100%<\/p>\n<p>&nbsp;<\/p>\n<p>Za ofert\u0119 najkorzystniejsz\u0105 zostanie uznana oferta z najni\u017csz\u0105 cen\u0105 rycza\u0142tow\u0105 brutto\u00a0za\u00a0jeden miesi\u0105c zimowego utrzymania odcinka drogi, uwzgl\u0119dniaj\u0105ca wszystkie koszty, w tym koszt pracy ludzi, sprz\u0119tu oraz koszt materia\u0142\u00f3w do usuwania go\u0142oledzi i\u00a0\u015blisko\u015bci.<\/p>\n<p>&nbsp;<\/p>\n<ol start=\"8\">\n<li>Warunki p\u0142atno\u015bci:<\/li>\n<\/ol>\n<p>&nbsp;<\/p>\n<p>Rozliczenie kompleksowo wykonanej us\u0142ugi b\u0119dzie nast\u0119powa\u0142o w cyklach miesi\u0119cznych, w\u00a0oparciu o zaoferowany <u>rycza\u0142t miesi\u0119czny<\/u>, kt\u00f3rego wysoko\u015b\u0107 jest sta\u0142a i niezale\u017cna od\u00a0panuj\u0105cych warunk\u00f3w atmosferycznych. Wynagrodzenie rycza\u0142towe b\u0119dzie p\u0142atne przelewem na wskazany w formularzu ofertowym rachunek bankowy, w terminie 14 dni, licz\u0105c od dnia dostarczenia prawid\u0142owo wystawionego przez Wykonawc\u0119 rachunku b\u0105d\u017a faktury VAT. Rachunek b\u0105d\u017a faktura VAT winny by\u0107 wystawione po zako\u0144czeniu miesi\u0105ca kalendarzowego, jednak nie p\u00f3\u017aniej ni\u017c do 10-go dnia nast\u0119pnego miesi\u0105ca. Za dzie\u0144 zap\u0142aty rozumie si\u0119 dzie\u0144 obci\u0105\u017cenia rachunku Specjalnej Strefy Ekonomicznej Ma\u0142ej Przedsi\u0119biorczo\u015bci S.A.<\/p>\n<p><strong>\u00a0<\/strong><\/p>\n<ol start=\"9\">\n<li>Termin i miejsce sk\u0142adania ofert:<\/li>\n<\/ol>\n<p>&nbsp;<\/p>\n<p>Ofert\u0119 nale\u017cy z\u0142o\u017cy\u0107 do dnia <strong>30.11.2016 r.<\/strong> \/\u015broda\/ do godziny 14<u><sup>00<\/sup><\/u> w sekretariacie SSEMP\u00a0S.A. (I pi\u0119tro) ul. Papie\u017ca Jana Paw\u0142a II 11A, 58-400 Kamienna G\u00f3ra lub przes\u0142a\u0107 faxem na nr 75\/ 645 20 33 lub e-mailem: l.slawinski@ssemp.pl<\/p>\n<p>&nbsp;<\/p>\n<p><u>Zaleca si\u0119 przed przyst\u0105pieniem do sporz\u0105dzenia oferty dokonanie wizji lokalnej miejsca realizacji przedmiotu zam\u00f3wienia<\/u>.<\/p>\n<p>Zaniechanie przeprowadzenia przez Wykonawc\u0119 wizji nast\u0119puje na jego ryzyko i\u00a0odpowiedzialno\u015b\u0107.<\/p>\n<p>&nbsp;<\/p>\n<p><strong>Zamawiaj\u0105cy zastrzega sobie prawo do zamkni\u0119cia procedury wy\u0142onienia Wykonawcy bez wybrania kt\u00f3rejkolwiek z ofert, bez podania przyczyny, na\u00a0ka\u017cdym etapie post\u0119powania.<\/strong><\/p>\n<p><img loading=\"lazy\" decoding=\"async\" class=\"size-full wp-image-10879 aligncenter\" src=\"https:\/\/old-ssemp.sowiak.dev\/wordpress\/wp-content\/uploads\/2016\/11\/Za\u0142\u0105cznik-nr-3.jpg\" alt=\"zalacznik-nr-3\" width=\"1661\" height=\"825\" srcset=\"https:\/\/old-ssemp.sowiak.dev\/wp-content\/uploads\/2016\/11\/Za\u0142\u0105cznik-nr-3.jpg 1661w, https:\/\/old-ssemp.sowiak.dev\/wp-content\/uploads\/2016\/11\/Za\u0142\u0105cznik-nr-3-300x149.jpg 300w, https:\/\/old-ssemp.sowiak.dev\/wp-content\/uploads\/2016\/11\/Za\u0142\u0105cznik-nr-3-768x381.jpg 768w, https:\/\/old-ssemp.sowiak.dev\/wp-content\/uploads\/2016\/11\/Za\u0142\u0105cznik-nr-3-1024x509.jpg 1024w\" sizes=\"auto, (max-width: 1661px) 100vw, 1661px\" \/><\/p>\n<p>Za\u0142\u0105czniki:<\/p>\n<p><a href=\"https:\/\/old-ssemp.sowiak.dev\/wordpress\/wp-content\/uploads\/2016\/11\/Formularz-oferty-w.pdf\">formularz-oferty-w<\/a><\/p>\n<p><a href=\"https:\/\/old-ssemp.sowiak.dev\/wordpress\/wp-content\/uploads\/2016\/11\/O\u015bwiadczenie-w.pdf\">oswiadczenie-w<\/a><\/p>\n","protected":false},"excerpt":{"rendered":"<p>&nbsp; &nbsp; Kamienna G\u00f3ra, 24 listopada 2016 r. \u00a0 \u00a0 ZAPYTANIE OFERTOWE O CEN\u0118 zimowego utrzymania drogi dojazdowej do Kamiennog\u00f3rskiej SSEMP w Wykrotach w sezonie zimowym 2016\/2017 \u00a0 Specjalna Strefa Ekonomiczna Ma\u0142ej Przedsi\u0119biorczo\u015bci S.A. z siedzib\u0105 ul. Papie\u017ca Jana Paw\u0142a II 11A, 58-400 Kamienna G\u00f3ra NIP: 614-14-72-974, Regon: 230820274 Strona www: www.ssemp.pl e-mail: l.slawinski@ssemp.pl tel.\u00a0\u00a0 [&hellip;]<\/p>\n","protected":false},"author":1,"featured_media":0,"parent":0,"menu_order":0,"comment_status":"closed","ping_status":"closed","template":"","meta":{"footnotes":""},"class_list":["post-10862","page","type-page","status-publish","hentry"],"_links":{"self":[{"href":"https:\/\/old-ssemp.sowiak.dev\/index.php?rest_route=\/wp\/v2\/pages\/10862","targetHints":{"allow":["GET"]}}],"collection":[{"href":"https:\/\/old-ssemp.sowiak.dev\/index.php?rest_route=\/wp\/v2\/pages"}],"about":[{"href":"https:\/\/old-ssemp.sowiak.dev\/index.php?rest_route=\/wp\/v2\/types\/page"}],"author":[{"embeddable":true,"href":"https:\/\/old-ssemp.sowiak.dev\/index.php?rest_route=\/wp\/v2\/users\/1"}],"replies":[{"embeddable":true,"href":"https:\/\/old-ssemp.sowiak.dev\/index.php?rest_route=%2Fwp%2Fv2%2Fcomments&post=10862"}],"version-history":[{"count":3,"href":"https:\/\/old-ssemp.sowiak.dev\/index.php?rest_route=\/wp\/v2\/pages\/10862\/revisions"}],"predecessor-version":[{"id":10882,"href":"https:\/\/old-ssemp.sowiak.dev\/index.php?rest_route=\/wp\/v2\/pages\/10862\/revisions\/10882"}],"wp:attachment":[{"href":"https:\/\/old-ssemp.sowiak.dev\/index.php?rest_route=%2Fwp%2Fv2%2Fmedia&parent=10862"}],"curies":[{"name":"wp","href":"https:\/\/api.w.org\/{rel}","templated":true}]}}