{"id":10820,"date":"2016-11-09T13:18:42","date_gmt":"2016-11-09T12:18:42","guid":{"rendered":"http:\/\/ssemp.pl\/?page_id=10820"},"modified":"2016-11-09T13:18:42","modified_gmt":"2016-11-09T12:18:42","slug":"janowice-wielkie","status":"publish","type":"page","link":"https:\/\/old-ssemp.sowiak.dev\/?page_id=10820","title":{"rendered":"Janowice Wielkie"},"content":{"rendered":"<p>[vc_row][vc_column width=&#8221;1\/4&#8243;][\/vc_column][vc_column width=&#8221;1\/2&#8243;][vc_empty_space height=&#8221;40px&#8221;][vc_text_separator title=&#8221;Zapraszamy Pa\u0144stwa do Janowic Wielkich&#8221; border_width=&#8221;6&#8243;][vc_column_text]Janowice Wielkie to niewielka gmina, po\u0142o\u017cona mi\u0119dzy Rudawami Janowickimi a G\u00f3rami Kaczawskimi w Sudetach Zachodnich. Znajdziemy tutaj wspania\u0142\u0105 przyrod\u0119 chronion\u0105 Rudawskim Parkiem Krajobrazowym, idealne warunki do uprawiania wspinaczki ska\u0142kowej (swoje pierwsze kroki stawia\u0142a tu Wanda Rutkiewicz), jazdy na rowerze, turystyki konnej czy te\u017c kajakarstwa (przepi\u0119kny szlak kajakowy Bobrem). Rudawy Janowickie to miejsce zar\u00f3wno dla tych, kt\u00f3rzy ceni\u0105 sobie cisz\u0119, spok\u00f3j, mo\u017cliwo\u015b\u0107 obcowania z natur\u0105, jak i dla tych kt\u00f3rzy szukaj\u0105 mocnych wra\u017ce\u0144, kochaj\u0105 sporty ekstremalne i du\u017c\u0105 dawk\u0119 adrenaliny. Dobrze b\u0119d\u0105 si\u0119 tu czuli r\u00f3wnie\u017c mi\u0142o\u015bnicy tradycji, zabytk\u00f3w oraz historii, tak\u017ce tej najnowszej. Znajdziemy tutaj wspania\u0142e zabytki \u015bredniowiecza, np. ruiny Zamku Bolcz\u00f3w, wspania\u0142e pa\u0142ace, kt\u00f3rych na terenie gminy jest pi\u0119\u0107, zabytki architektury sakralnej czy te\u017c interesuj\u0105c\u0105 zabudow\u0119 \u015bwieck\u0105.[\/vc_column_text][vc_column_text]Gmina Janowice Wielkie to r\u00f3wnie\u017c \u015bredniowieczna legenda o Srebrnym Kuszniku, polskim Wilhelmie Tellu kt\u00f3ry stawa\u0142 w obronie uci\u015bnionych i poni\u017canych, to arcyciekawa i tajemnicza historia powojennego atomowego wy\u015bcigu zbroje\u0144, historia poszukiwa\u0144 przez ZSRR w Miedziance uranu, a tak\u017ce historia zag\u0142ady tego jak\u017ce pi\u0119knego niegdy\u015b miasteczka, kt\u00f3re za sw\u00f3j skarb zap\u0142aci\u0142o najwy\u017csz\u0105 cen\u0119.<\/p>\n<p>Zapraszamy o ka\u017cdej porze roku. Oferujemy bogat\u0105 i r\u00f3\u017cnorodn\u0105 baz\u0119 noclegow\u0105, baz\u0119 gastronomiczn\u0105, doskonale oznakowane szlaki, nie tylko do turystyki pieszej, ale r\u00f3wnie\u017c rowerowej oraz konnej, i co najwa\u017cniejsze, zapewniamy go\u015bcin\u0119 i \u017cyczliwo\u015b\u0107 wspania\u0142ych mieszka\u0144c\u00f3w naszej gminy, gwarantujemy pi\u0119kne widoki oraz czyst\u0105, nieska\u017con\u0105 przyrod\u0119. Taka w\u0142a\u015bnie jest Gmina Janowice Wielkie \u2013 wpisana w przyrod\u0119!<\/p>\n<p>&nbsp;<\/p>\n<p>&nbsp;<\/p>\n<p><a href=\"http:\/\/www.jawor.pl\/pl\/tresci-445.html\" target=\"_blank\">\u0179r\u00f3d\u0142o<\/a>[\/vc_column_text][vc_gallery interval=&#8221;3&#8243; images=&#8221;10822,10823,10824,10825,10826,10827,10828,10829&#8243; img_size=&#8221;large&#8221;][\/vc_column][vc_column width=&#8221;1\/4&#8243;][\/vc_column][\/vc_row]<\/p>\n","protected":false},"excerpt":{"rendered":"<p>[vc_row][vc_column width=&#8221;1\/4&#8243;][\/vc_column][vc_column width=&#8221;1\/2&#8243;][vc_empty_space height=&#8221;40px&#8221;][vc_text_separator title=&#8221;Zapraszamy Pa\u0144stwa do Janowic Wielkich&#8221; border_width=&#8221;6&#8243;][vc_column_text]Janowice Wielkie to niewielka gmina, po\u0142o\u017cona mi\u0119dzy Rudawami Janowickimi a G\u00f3rami Kaczawskimi w Sudetach Zachodnich. Znajdziemy tutaj wspania\u0142\u0105 przyrod\u0119 chronion\u0105 Rudawskim Parkiem Krajobrazowym, idealne warunki do uprawiania wspinaczki ska\u0142kowej (swoje pierwsze kroki stawia\u0142a tu Wanda Rutkiewicz), jazdy na rowerze, turystyki konnej czy te\u017c kajakarstwa (przepi\u0119kny szlak [&hellip;]<\/p>\n","protected":false},"author":1,"featured_media":0,"parent":0,"menu_order":0,"comment_status":"closed","ping_status":"closed","template":"page-templates\/front-page.php","meta":{"footnotes":""},"class_list":["post-10820","page","type-page","status-publish","hentry"],"_links":{"self":[{"href":"https:\/\/old-ssemp.sowiak.dev\/index.php?rest_route=\/wp\/v2\/pages\/10820","targetHints":{"allow":["GET"]}}],"collection":[{"href":"https:\/\/old-ssemp.sowiak.dev\/index.php?rest_route=\/wp\/v2\/pages"}],"about":[{"href":"https:\/\/old-ssemp.sowiak.dev\/index.php?rest_route=\/wp\/v2\/types\/page"}],"author":[{"embeddable":true,"href":"https:\/\/old-ssemp.sowiak.dev\/index.php?rest_route=\/wp\/v2\/users\/1"}],"replies":[{"embeddable":true,"href":"https:\/\/old-ssemp.sowiak.dev\/index.php?rest_route=%2Fwp%2Fv2%2Fcomments&post=10820"}],"version-history":[{"count":2,"href":"https:\/\/old-ssemp.sowiak.dev\/index.php?rest_route=\/wp\/v2\/pages\/10820\/revisions"}],"predecessor-version":[{"id":10830,"href":"https:\/\/old-ssemp.sowiak.dev\/index.php?rest_route=\/wp\/v2\/pages\/10820\/revisions\/10830"}],"wp:attachment":[{"href":"https:\/\/old-ssemp.sowiak.dev\/index.php?rest_route=%2Fwp%2Fv2%2Fmedia&parent=10820"}],"curies":[{"name":"wp","href":"https:\/\/api.w.org\/{rel}","templated":true}]}}