{"id":10735,"date":"2016-08-05T15:05:09","date_gmt":"2016-08-05T13:05:09","guid":{"rendered":"http:\/\/ssemp.pl\/?page_id=10735"},"modified":"2016-08-05T15:05:10","modified_gmt":"2016-08-05T13:05:10","slug":"05-08-2016-informacja-o-wyborze-trips","status":"publish","type":"page","link":"https:\/\/old-ssemp.sowiak.dev\/?page_id=10735","title":{"rendered":"05.08.2016 &#8211; informacja o wyborze TRIPS"},"content":{"rendered":"<p style=\"text-align: center;\"><strong>INFORMACJA O WYBORZE OFERTY<\/strong><\/p>\n<p style=\"text-align: center;\"><strong>z dnia 5 sierpnia 2016 roku<\/strong><\/p>\n<p style=\"text-align: center;\">(dotyczy zaproszenia do rokowa\u0144 og\u0142oszonego dnia 11 lipca 2016 r.)<\/p>\n<p style=\"text-align: center;\">Zgodnie z \u00a7 8, pkt. 1 Rozporz\u0105dzenie Ministra Gospodarki i Pracy z dnia 15 listopada 2004 r. w sprawie przetarg\u00f3w i rokowa\u0144 oraz kryteri\u00f3w oceny zamierze\u0144 co do przedsi\u0119wzi\u0119\u0107 gospodarczych, kt\u00f3re maj\u0105 by\u0107 podj\u0119te przez przedsi\u0119biorc\u00f3w na terenie Kamiennog\u00f3rskiej Specjalnej Strefy Ekonomicznej Ma\u0142ej Przedsi\u0119biorczo\u015bci (t.j. Dz. U. z 2015 r. poz. 1730).<\/p>\n<p style=\"text-align: center;\">Zarz\u0105dzaj\u0105cy Kamiennog\u00f3rsk\u0105 Specjaln\u0105 Stref\u0105 Ekonomiczn\u0105 Ma\u0142ej Przedsi\u0119biorczo\u015bci informuje,\u00a0\u017ce w wyniku rokowa\u0144 maj\u0105cych na celu ustalenie przedsi\u0119biorcy, kt\u00f3ry uzyska Zezwolenie na prowadzenie dzia\u0142alno\u015bci gospodarczej na terenie\u00a0Podstrefy Nowogrodziec\u00a0wybrano ofert\u0119 przedsi\u0119biorcy:<\/p>\n<p style=\"text-align: center;\"><strong>TRIPS Automatyka Polska Sp. z o.o. Sp. k.<\/strong><br \/>\n<strong>ul. Wyzwolenia 30, Wykroty<\/strong><br \/>\n<strong>59-730 Nowogrodziec<\/strong><\/p>\n<p>Przewodnicz\u0105ca Komisji Rokowa\u0144<br \/>\nKarolina Podlasek<\/p>\n","protected":false},"excerpt":{"rendered":"<p>INFORMACJA O WYBORZE OFERTY z dnia 5 sierpnia 2016 roku (dotyczy zaproszenia do rokowa\u0144 og\u0142oszonego dnia 11 lipca 2016 r.) Zgodnie z \u00a7 8, pkt. 1 Rozporz\u0105dzenie Ministra Gospodarki i Pracy z dnia 15 listopada 2004 r. w sprawie przetarg\u00f3w i rokowa\u0144 oraz kryteri\u00f3w oceny zamierze\u0144 co do przedsi\u0119wzi\u0119\u0107 gospodarczych, kt\u00f3re maj\u0105 by\u0107 podj\u0119te przez [&hellip;]<\/p>\n","protected":false},"author":1,"featured_media":0,"parent":0,"menu_order":0,"comment_status":"closed","ping_status":"closed","template":"","meta":{"footnotes":""},"class_list":["post-10735","page","type-page","status-publish","hentry"],"_links":{"self":[{"href":"https:\/\/old-ssemp.sowiak.dev\/index.php?rest_route=\/wp\/v2\/pages\/10735","targetHints":{"allow":["GET"]}}],"collection":[{"href":"https:\/\/old-ssemp.sowiak.dev\/index.php?rest_route=\/wp\/v2\/pages"}],"about":[{"href":"https:\/\/old-ssemp.sowiak.dev\/index.php?rest_route=\/wp\/v2\/types\/page"}],"author":[{"embeddable":true,"href":"https:\/\/old-ssemp.sowiak.dev\/index.php?rest_route=\/wp\/v2\/users\/1"}],"replies":[{"embeddable":true,"href":"https:\/\/old-ssemp.sowiak.dev\/index.php?rest_route=%2Fwp%2Fv2%2Fcomments&post=10735"}],"version-history":[{"count":1,"href":"https:\/\/old-ssemp.sowiak.dev\/index.php?rest_route=\/wp\/v2\/pages\/10735\/revisions"}],"predecessor-version":[{"id":10736,"href":"https:\/\/old-ssemp.sowiak.dev\/index.php?rest_route=\/wp\/v2\/pages\/10735\/revisions\/10736"}],"wp:attachment":[{"href":"https:\/\/old-ssemp.sowiak.dev\/index.php?rest_route=%2Fwp%2Fv2%2Fmedia&parent=10735"}],"curies":[{"name":"wp","href":"https:\/\/api.w.org\/{rel}","templated":true}]}}