{"id":10623,"date":"2016-07-31T19:17:56","date_gmt":"2016-07-31T17:17:56","guid":{"rendered":"http:\/\/ssemp.pl\/?page_id=10623"},"modified":"2017-07-06T13:38:52","modified_gmt":"2017-07-06T11:38:52","slug":"pliki-do-pobrania-gryfow-slaski","status":"publish","type":"page","link":"https:\/\/old-ssemp.sowiak.dev\/?page_id=10623","title":{"rendered":"Pliki do pobrania &#8211; Gryf\u00f3w \u015al\u0105ski"},"content":{"rendered":"<p>[vc_row][vc_column][vc_empty_space height=&#8221;40px&#8221;][\/vc_column][\/vc_row][vc_row][vc_column width=&#8221;1\/4&#8243;][\/vc_column][vc_column width=&#8221;1\/4&#8243;][vc_column_text]<\/p>\n<p style=\"text-align: center;\"><a href=\"https:\/\/old-ssemp.sowiak.dev\/wordpress\/wp-content\/uploads\/2016\/05\/gmina_gryfow_slaski.pdf\"><img loading=\"lazy\" decoding=\"async\" class=\"alignnone size-full wp-image-10586\" src=\"https:\/\/old-ssemp.sowiak.dev\/wordpress\/wp-content\/uploads\/2016\/07\/ikona-download.png\" alt=\"ikona-download\" width=\"75\" height=\"75\" \/><\/a><\/p>\n<p style=\"text-align: center;\"><a href=\"https:\/\/old-ssemp.sowiak.dev\/wordpress\/wp-content\/uploads\/2016\/05\/gmina_gryfow_slaski.pdf\">GUS Gmina Gryf\u00f3w \u015al\u0105ski<\/a><\/p>\n<p>[\/vc_column_text][\/vc_column][vc_column width=&#8221;1\/4&#8243;][vc_column_text]<\/p>\n<p style=\"text-align: center;\"><a href=\"https:\/\/old-ssemp.sowiak.dev\/wordpress\/wp-content\/uploads\/2016\/05\/KSSEMP_-_Podstrefa_Gryfow_Sl._-_Informacje.pdf\"><img loading=\"lazy\" decoding=\"async\" class=\"alignnone size-full wp-image-10586\" src=\"https:\/\/old-ssemp.sowiak.dev\/wordpress\/wp-content\/uploads\/2016\/07\/ikona-download.png\" alt=\"ikona-download\" width=\"75\" height=\"75\" \/><\/a><\/p>\n<p style=\"text-align: center;\"><a href=\"https:\/\/old-ssemp.sowiak.dev\/wordpress\/wp-content\/uploads\/2016\/07\/Lower-Silesia_KSSEMP_Gyf\u00f3w_\u015al\u0105ski_greenfield-1.pdf\" target=\"_blank\">Oferta Gryf\u00f3w \u015al\u0105ski<\/a><\/p>\n<p>[\/vc_column_text][\/vc_column][vc_column width=&#8221;1\/4&#8243;][\/vc_column][\/vc_row][vc_row][vc_column][vc_empty_space height=&#8221;200px&#8221;][\/vc_column][\/vc_row]<\/p>\n","protected":false},"excerpt":{"rendered":"<p>[vc_row][vc_column][vc_empty_space height=&#8221;40px&#8221;][\/vc_column][\/vc_row][vc_row][vc_column width=&#8221;1\/4&#8243;][\/vc_column][vc_column width=&#8221;1\/4&#8243;][vc_column_text] GUS Gmina Gryf\u00f3w \u015al\u0105ski [\/vc_column_text][\/vc_column][vc_column width=&#8221;1\/4&#8243;][vc_column_text] Oferta Gryf\u00f3w \u015al\u0105ski [\/vc_column_text][\/vc_column][vc_column width=&#8221;1\/4&#8243;][\/vc_column][\/vc_row][vc_row][vc_column][vc_empty_space height=&#8221;200px&#8221;][\/vc_column][\/vc_row]<\/p>\n","protected":false},"author":1,"featured_media":0,"parent":0,"menu_order":0,"comment_status":"closed","ping_status":"closed","template":"page-templates\/front-page.php","meta":{"footnotes":""},"class_list":["post-10623","page","type-page","status-publish","hentry"],"_links":{"self":[{"href":"https:\/\/old-ssemp.sowiak.dev\/index.php?rest_route=\/wp\/v2\/pages\/10623","targetHints":{"allow":["GET"]}}],"collection":[{"href":"https:\/\/old-ssemp.sowiak.dev\/index.php?rest_route=\/wp\/v2\/pages"}],"about":[{"href":"https:\/\/old-ssemp.sowiak.dev\/index.php?rest_route=\/wp\/v2\/types\/page"}],"author":[{"embeddable":true,"href":"https:\/\/old-ssemp.sowiak.dev\/index.php?rest_route=\/wp\/v2\/users\/1"}],"replies":[{"embeddable":true,"href":"https:\/\/old-ssemp.sowiak.dev\/index.php?rest_route=%2Fwp%2Fv2%2Fcomments&post=10623"}],"version-history":[{"count":4,"href":"https:\/\/old-ssemp.sowiak.dev\/index.php?rest_route=\/wp\/v2\/pages\/10623\/revisions"}],"predecessor-version":[{"id":11393,"href":"https:\/\/old-ssemp.sowiak.dev\/index.php?rest_route=\/wp\/v2\/pages\/10623\/revisions\/11393"}],"wp:attachment":[{"href":"https:\/\/old-ssemp.sowiak.dev\/index.php?rest_route=%2Fwp%2Fv2%2Fmedia&parent=10623"}],"curies":[{"name":"wp","href":"https:\/\/api.w.org\/{rel}","templated":true}]}}