{"id":10552,"date":"2016-07-31T16:04:26","date_gmt":"2016-07-31T14:04:26","guid":{"rendered":"http:\/\/ssemp.pl\/?page_id=10552"},"modified":"2016-08-01T11:54:52","modified_gmt":"2016-08-01T09:54:52","slug":"piechowice","status":"publish","type":"page","link":"https:\/\/old-ssemp.sowiak.dev\/?page_id=10552","title":{"rendered":"Piechowice"},"content":{"rendered":"<p>[vc_row][vc_column width=&#8221;1\/4&#8243;][\/vc_column][vc_column width=&#8221;1\/2&#8243;][vc_empty_space height=&#8221;40px&#8221;][vc_text_separator title=&#8221;Zapraszamy Pa\u0144stwa do Piechowic&#8221; border_width=&#8221;6&#8243;][vc_column_text css_animation=&#8221;appear&#8221;]<a href=\"https:\/\/old-ssemp.sowiak.dev\/wordpress\/wp-content\/uploads\/2016\/08\/piechowice_plan-003.pdf\" target=\"_blank\"><img loading=\"lazy\" decoding=\"async\" class=\"alignnone size-full wp-image-10704\" src=\"https:\/\/old-ssemp.sowiak.dev\/wordpress\/wp-content\/uploads\/2016\/07\/mapa-piechowice.jpg\" alt=\"mapa-piechowice\" width=\"734\" height=\"467\" srcset=\"https:\/\/old-ssemp.sowiak.dev\/wp-content\/uploads\/2016\/07\/mapa-piechowice.jpg 734w, https:\/\/old-ssemp.sowiak.dev\/wp-content\/uploads\/2016\/07\/mapa-piechowice-300x191.jpg 300w\" sizes=\"auto, (max-width: 734px) 100vw, 734px\" \/><\/a>[\/vc_column_text][vc_column_text]<strong>\u015anie\u017cne Kot\u0142y<\/strong><br \/>\n\u015anie\u017cne Kot\u0142y po\u0142o\u017cone s\u0105 w zachodniej cz\u0119\u015bci Karkonoszy (\u015al\u0105ski Grzbiet) mi\u0119dzy Wielkim Szyszakiem (1509 m n.p.m.) a\u00a0\u0141abskim Szczytem (1471 m n.p.m.). W ca\u0142o\u015bci le\u017c\u0105 w Gminie Miejskiej Piechowice. S\u0105 one doskona\u0142ym punktem widokowym, z kt\u00f3rego mo\u017cna podziwia\u0107 panoram\u0119 Karkonoszy, G\u00f3r Izerskich, G\u00f3r Kaczawskich, Rudaw Janowickich i Kotliny Jeleniog\u00f3rskiej. Przy dobrej pogodzie wida\u0107 \u015al\u0119\u017c\u0119 na Przedg\u00f3rzu Sudeckim.<br \/>\n\u015anie\u017cne kot\u0142y to dwa najlepiej wykszta\u0142cone kot\u0142y polodowcowe w\u00a0Karkonoszach, z dobrze zachowanymi formami glacjalnymi. Jest to jedno z pi\u0119kniejszych miejsc w\u00a0regionie. S\u0105 one rozdzielone w\u0105sk\u0105 skaln\u0105 grz\u0119d\u0105, wci\u015bni\u0119te w p\u00f3\u0142nocne zbocza g\u0142\u00f3wnego grzbietu Karkonoszy mi\u0119dzy \u0141abskim Szczytem, a Wielkim Szyszakiem. Pionowe \u015bciany skalne dochodz\u0105 do oko\u0142o 200 m wysoko\u015bci, g\u00f3rna kraw\u0119d\u017a Du\u017cego Kot\u0142a po\u0142o\u017cona jest na wysoko\u015bci 1490 m n.p.m. W Wielkim Kotle znajduj\u0105 si\u0119 dwa ma\u0142e \u015anie\u017cne Stawy &#8211; 2 p\u0142ytkie i niedu\u017ce zbiorniki o nadzwyczaj czystej wodzie. Dnem \u015anie\u017cnych Kot\u0142\u00f3w biegnie zielony szlak turystyczny, prowadz\u0105cy \u015acie\u017ck\u0105 nad Reglami z\u00a0okolicy schroniska pod \u0141abskim Szczytem przez Czarny Kocio\u0142 Jagni\u0105tkowski do Prze\u0142\u0119czy Karkonoskiej. G\u00f3rn\u0105 kraw\u0119dzi\u0105 kot\u0142\u00f3w prowadzi szlak czerwony, fragment G\u0142\u00f3wnego Szlaku Sudeckiego ze Szklarskiej Por\u0119by do Karpacza przez \u015al\u0105ski Grzbiet.<br \/>\n\u015anie\u017cne Kot\u0142y to doskona\u0142y przyk\u0142ad wyst\u0119powania alpejskiego krajobrazu w Karkonoszach \u2013 \u015bnieg na dole kot\u0142\u00f3w zalega notorycznie do po\u0142owy lata. Ogromnie interesuj\u0105ca jest te\u017c tutejsza flora. Wyst\u0119puje tutaj skalnica \u015bnie\u017cna \u2013 gatunek endemiczny \u2013 jedyne miejsce w tej cz\u0119\u015bci Europy. Kolejny gatunek, jaki w Polsce wyst\u0119puje jedynie tutaj i w Tatrach, to papro\u0107 rozrzutka alpejska. Jest to te\u017c jedyne na \u015bwiecie znane miejsce wyst\u0119powania skalnicy darniowej, tzw. bazaltowej. Poza tymi nies\u0142ychanie unikalnymi gatunkami wyst\u0119puj\u0105 tu gatunki flory alpejskiej oraz arktycznej, np: sasanka alpejska, wawrzynek wilcze\u0142yko, pierwiosnka male\u0144ka, tojad mocny, modrzyk g\u00f3rski, r\u00f3\u017ca alpejska, zimozi\u00f3\u0142 p\u00f3\u0142nocny (pozosta\u0142o\u015b\u0107 epoki lodowcowej).<\/p>\n<p><em><strong>Wodospad Szklarki<\/strong> <\/em><br \/>\nWodospad Szklarki \u2013 pod wzgl\u0119dem wysoko\u015bci to drugi, po Kamie\u0144czyku, wodospad w polskich Karkonoszach \u2013 wysoko\u015b\u0107 13,3 metra. Wodospad le\u017cy jeszcze w obr\u0119bie Piechowic, cho\u0107 wi\u0119kszo\u015b\u0107 turyst\u00f3w jest przekonanych, \u017ce to ju\u017c Szklarska Por\u0119ba.<br \/>\nMalowniczo po\u0142o\u017cony na terenie Enklawy Karkonoskiego Parku Narodowego, obejmuj\u0105cej przepi\u0119kny prze\u0142omowy odcinek potoku Szklarka tzw. W\u0105w\u00f3z Szklarki. Wodospad znajduje si\u0119 na skalnym progu na wysoko\u015bci 520 m n.p.m., spada w d\u00f3\u0142 kaskad\u0105 zw\u0119\u017caj\u0105c\u0105 si\u0119 u do\u0142u i skr\u0119caj\u0105c\u0105 spiralnie.\u00a0Strumie\u0144 wody wodospadu ma wysoko\u015b\u0107 13,3 m. Na lewym brzegu skalnego progu znajduj\u0105 si\u0119 okaza\u0142e marmity (przeg\u0142\u0119bienia w dnie strumienia lub rzeki powsta\u0142e w wyniku eworsji u podn\u00f3\u017ca wodospadu lub progu skalnego). Pierwsze wzmianki o Wodospadzie Szklarki pochodz\u0105 ju\u017c ze \u015bredniowiecza. Przez wszystkie stulecia wodospad by\u0142 uwieczniany w opisach, rycinach i\u00a0obrazach, bowiem uwa\u017cano to miejsce za szczeg\u00f3lnie romantyczne i pi\u0119kne. W 1868 roku przy wodospadzie wybudowano gospod\u0119, kt\u00f3ra z czasem przekszta\u0142cona zosta\u0142a w dzisiejsze\u00a0Schronisko \u201eKochan\u00f3wka\u201d.<\/p>\n<p><em><strong>Wielki Szyszak<\/strong> <\/em><br \/>\nWielki Szyszak (1509 m. n.p.m.) po\u0142o\u017cony jest na obszarze Karkonoskiego Parku Narodowego na granicy z\u00a0Czechami.\u00a0Zbudowany jest\u00a0z granitu karkonoskiego. Le\u017cy na wysoko\u015bci 1509 m n.p.m. i jest ciekawym punktem widokowym na ca\u0142e Karkonosze. To drugi, bior\u0105c pod uwag\u0119 wysoko\u015b\u0107, zaraz po \u015anie\u017cce (1602 m n.p.m.) \u2013 po naszej stronie Karkonoszy i czwarty po wzgl\u0119dem wysoko\u015bci szczyt Karkonoszy i ca\u0142ych Sudet\u00f3w. Wielki Szyszak po\u0142o\u017cony jest w zachodniej cz\u0119\u015bci \u015al\u0105skiego Grzbietu, niedaleko \u015anie\u017cnych Kot\u0142\u00f3w, \u015amielca oraz \u0141abskiego Szczytu. Przez szczyt przebiega granica Polski z Czechami. Jest ona r\u00f3wnocze\u015bnie granic\u0105 administracyjn\u0105 Miasta Piechowice.<br \/>\nNazwa Wielki Szyszak, pojawi\u0142a si\u0119 po zako\u0144czeniu II Wojny \u015awiatowej. Jego poprzednia nazwa to Wielkie Ko\u0142o, a\u00a0Wielkim Szyszakiem nazywany by\u0142 szczyt wsp\u00f3\u0142cze\u015bnie nazywany \u015amielec (1424 m n.p.m.). Zar\u00f3wno Czeskie jak i\u00a0niemieckie nazwy wierzcho\u0142k\u00f3w nie zosta\u0142y zmienione \u2013 odpowiednio: \u015amielec to niemiecki Gro\u00dfe Sturmhaube, czeski Velky \u0160i\u0161ak, a Wielki Szyszak to niemiecki Hohe Rand, czeskie Vysok\u00e9 Kolo. Wierzcho\u0142ek zbudowany jest z\u00a0karkonoskiego granitu i pokrywa go go\u0142oborze. Wprawdzie, nie wiedzie na niego \u017caden szlak turystyczny, ale mimo to mo\u017cna do niego doj\u015b\u0107 od wschodniej strony po drodze wykonanej z kamiennych p\u0142yt. Drog\u0119 t\u0119 ufundowa\u0142 w XIX wieku r\u00f3d Schaffgotsch\u00f3w. W 1888 r., aby upami\u0119tni\u0107 zjednoczenie kraj\u00f3w niemieckich, na szczycie ustawiono pomnik cesarza Niemiec Wilhelma I \u2013 kamienna piramida z wyryt\u0105 liter\u0105 W i pos\u0105g or\u0142a. Niestety, obecnie monument ten jest zrujnowany.<\/p>\n<p>&nbsp;<\/p>\n<p><a href=\"http:\/\/www.piechowice.pl\/atrakcje-turystyczne\" target=\"_blank\">\u017br\u00f3d\u0142o<\/a><\/p>\n<p>[\/vc_column_text][\/vc_column][vc_column width=&#8221;1\/4&#8243;][\/vc_column][\/vc_row]<\/p>\n","protected":false},"excerpt":{"rendered":"<p>[vc_row][vc_column width=&#8221;1\/4&#8243;][\/vc_column][vc_column width=&#8221;1\/2&#8243;][vc_empty_space height=&#8221;40px&#8221;][vc_text_separator title=&#8221;Zapraszamy Pa\u0144stwa do Piechowic&#8221; border_width=&#8221;6&#8243;][vc_column_text css_animation=&#8221;appear&#8221;][\/vc_column_text][vc_column_text]\u015anie\u017cne Kot\u0142y \u015anie\u017cne Kot\u0142y po\u0142o\u017cone s\u0105 w zachodniej cz\u0119\u015bci Karkonoszy (\u015al\u0105ski Grzbiet) mi\u0119dzy Wielkim Szyszakiem (1509 m n.p.m.) a\u00a0\u0141abskim Szczytem (1471 m n.p.m.). W ca\u0142o\u015bci le\u017c\u0105 w Gminie Miejskiej Piechowice. S\u0105 one doskona\u0142ym punktem widokowym, z kt\u00f3rego mo\u017cna podziwia\u0107 panoram\u0119 Karkonoszy, G\u00f3r Izerskich, G\u00f3r Kaczawskich, Rudaw [&hellip;]<\/p>\n","protected":false},"author":1,"featured_media":0,"parent":0,"menu_order":0,"comment_status":"closed","ping_status":"closed","template":"page-templates\/front-page.php","meta":{"footnotes":""},"class_list":["post-10552","page","type-page","status-publish","hentry"],"_links":{"self":[{"href":"https:\/\/old-ssemp.sowiak.dev\/index.php?rest_route=\/wp\/v2\/pages\/10552","targetHints":{"allow":["GET"]}}],"collection":[{"href":"https:\/\/old-ssemp.sowiak.dev\/index.php?rest_route=\/wp\/v2\/pages"}],"about":[{"href":"https:\/\/old-ssemp.sowiak.dev\/index.php?rest_route=\/wp\/v2\/types\/page"}],"author":[{"embeddable":true,"href":"https:\/\/old-ssemp.sowiak.dev\/index.php?rest_route=\/wp\/v2\/users\/1"}],"replies":[{"embeddable":true,"href":"https:\/\/old-ssemp.sowiak.dev\/index.php?rest_route=%2Fwp%2Fv2%2Fcomments&post=10552"}],"version-history":[{"count":6,"href":"https:\/\/old-ssemp.sowiak.dev\/index.php?rest_route=\/wp\/v2\/pages\/10552\/revisions"}],"predecessor-version":[{"id":10707,"href":"https:\/\/old-ssemp.sowiak.dev\/index.php?rest_route=\/wp\/v2\/pages\/10552\/revisions\/10707"}],"wp:attachment":[{"href":"https:\/\/old-ssemp.sowiak.dev\/index.php?rest_route=%2Fwp%2Fv2%2Fmedia&parent=10552"}],"curies":[{"name":"wp","href":"https:\/\/api.w.org\/{rel}","templated":true}]}}