{"id":10533,"date":"2016-07-31T15:43:38","date_gmt":"2016-07-31T13:43:38","guid":{"rendered":"http:\/\/ssemp.pl\/?page_id=10533"},"modified":"2016-08-01T11:46:22","modified_gmt":"2016-08-01T09:46:22","slug":"ostrow-wielkopolski","status":"publish","type":"page","link":"https:\/\/old-ssemp.sowiak.dev\/?page_id=10533","title":{"rendered":"Ostr\u00f3w Wielkopolski"},"content":{"rendered":"<p>[vc_row][vc_column width=&#8221;1\/4&#8243;][\/vc_column][vc_column width=&#8221;1\/2&#8243;][vc_empty_space height=&#8221;40px&#8221;][vc_text_separator title=&#8221;Zapraszamy Pa\u0144stwa do Ostrowa&#8221; border_width=&#8221;6&#8243;][vc_column_text]Zakochajcie si\u0119 w kulturalnym Ostrowie!<\/p>\n<p>&#8230;narodow\u0105 histori\u0119, tradycj\u0119 wielkopolsk\u0105, naturalno\u015b\u0107 prowincjonalnego miasta \u201ena kolejowej trasie\u201d \u2013 odnajdujemy w\u0142a\u015bnie w Ostrowie Wielkopolskim. W przytulnych uliczkach, w rynku i kamienicach mo\u017cna odnale\u017a\u0107 ukryte ambicje artystyczne, ch\u0119\u0107 bycia czym\u015b wi\u0119cej ni\u017c miastem \u015bredniej wielko\u015bci&#8230;<\/p>\n<p style=\"text-align: justify;\">Ostr\u00f3w Wielkopolski jest znacz\u0105cym o\u015brodkiem kultury i sztuki w po\u0142udniowej Wielkopolsce. Oferta miasta obejmuje propozycje artystyczne o zasi\u0119gu regionalnym, krajowym i mi\u0119dzynarodowym. Na \u017cycie kulturalne ma niew\u0105tpliwy wp\u0142yw tradycja miasta obywatelskiego, skupiaj\u0105ca si\u0119 w licznych stowarzyszeniach spo\u0142eczno-artystycznych. Do dzi\u015b dzia\u0142aj\u0105 &#8211; b\u0119d\u0105ce \u201eod zawsze\u201d chlub\u0105 miasta &#8211; ch\u00f3ry i orkiestry d\u0119te, aktywne Stowarzyszenia: Wielkopolskie Centrum Chopinowskie \u2013 Antonin, Towarzystwo im. Fryderyka Chopina, Polski Zwi\u0105zek Ch\u00f3r\u00f3w i Orkiestr, Jazz w Muzeum, Strefa Kultury, Gwiazda, Pracownia Teatralna, Amabile, Bractwo Kurkowe, zwi\u0105zki filatelist\u00f3w, historyk\u00f3w, Ostrowskie Towarzystwo Genealogiczne, Ostrowskie Towarzystwo Naukowe i inne hobbystyczne.<\/p>\n<p>&nbsp;<\/p>\n<p align=\"justify\">Istotnym czynnikiem inspiruj\u0105cym tw\u00f3rc\u00f3w jest samo miasto, z jego histori\u0105 i specyficzn\u0105 atmosfer\u0105. Lecz my &#8211; ostrowianie, szukamy te\u017c obok wspania\u0142ych dokona\u0144 naszych ojc\u00f3w &#8211; wsp\u00f3\u0142czesnych dokona\u0144 zwi\u0105zanych z kultur\u0105, ze sztuk\u0105. W niej w\u0142a\u015bnie tkwi\u0105 korzenie \u2013 zasady i warto\u015bci, kt\u00f3re okre\u015blaj\u0105 etos narodu, podstawy \u017cycia spo\u0142ecznego. Kultura czyni cz\u0142owieka jeszcze bardziej cz\u0142owiekiem, jeszcze bardziej ludzkim.<\/p>\n<p align=\"justify\">Wszystko to &#8211; narodow\u0105 histori\u0119, tradycj\u0119 wielkopolsk\u0105, naturalno\u015b\u0107 prowincjonalnego miasta \u201ena trasie\u201d &#8211; odnajdujemy w\u0142a\u015bnie w Ostrowie Wielkopolskim. W przytulnych uliczkach, w Rynku, kamienicach, licznych parkach &#8211; powsta\u0142ych przed ponad stu, dwustu laty, mo\u017cna odnale\u017a\u0107 ukryte ambicje artystyczne, ch\u0119\u0107 bycia czym\u015b wi\u0119cej ni\u017c miastem \u015bredniej wielko\u015bci. To w\u0142a\u015bnie jego uroda i atmosfera dzia\u0142a jak wyzwanie. Wielu podj\u0119\u0142o to wyzwanie i od lat po dzie\u0144 dzisiejszy wzbogacaj\u0105 ofert\u0119 kulturaln\u0105 Ostrowa Wielkopolskiego. S\u0105 w\u015br\u00f3d nich na pewno: w ch\u00f3ralistyce Irena Stodolna, kt\u00f3ra przez 33 lata z wielkimi sukcesami prowadzi\u0142a Ch\u00f3r M\u0119ski \u201eEcho\u201d OCK (obecnie zespo\u0142em tym kieruje Jan Szkudlarz), Jerzy Wojtaszek prowadz\u0105cy Ch\u00f3r Nauczycielski im. Stanis\u0142awa Wiechowicza i Ch\u00f3r IV LO, Jadwiga Smok Ch\u00f3r \u201eLira\u201d, Magda Nowicka i jej trzy ch\u00f3ry (na pewno nasze miasto to ch\u00f3ralne \u201ezag\u0142\u0119bie\u201d \u2013 ponad 20 zespo\u0142\u00f3w ch\u00f3ralnych); w orkiestrach d\u0119tych \u2013 Marian Sikorski \u2013 Ostrowska Orkiestra Koncertowa OCK, Robert Matuszewski \u2013 i jego Big Band Powiatu Ostrowskiego oraz Saxodeon\u00a0 (wsp\u00f3lnie z Piotrem S\u0142oci\u0144skim); w Ostrowie mieszkaj\u0105 czo\u0142owi muzycy polskiego rocka: Jacek J\u0119drzejak, Jaros\u0142aw Lis i Roman Lechowicz z zespo\u0142\u00f3w \u201eBig Cyc\u201d i \u201eCzarno Czarni\u201d oraz Maciej Balcar wokalista zespo\u0142u \u201eD\u017cem\u201d, w teatrach \u2013 Piotr Szczepaniak \u2013 scena dramatyczna OCK, Paulina Gawro\u0144ska \u2013 teatr ruchu i pantomimy OCK, Dariusz K\u0119pi\u0144ski \u2013 teatr lalkowy MDK ; w plastyce \u2013 prof. Tadeusz Gaworzewski, Czes\u0142aw Wo\u015b, Jerzy Wi\u015bniewski, Helena Sawicka, Maria Podskarbi, J\u00f3zef Bendziecha, Piotr \u0141opatka, Maria Szel\u0105g, Agnieszka Lisiak Sk\u00f3rka, Krzysztof Ryfa, Barbara Zab\u0142ocka, Antoni Szwed, Anna Wik\u0142o, Paulina Dobrzy\u0144ska; w literaturze &#8211; Wojciech Gaw\u0142owski, dr Tomasz Gruchot, Aleksandra Kie\u0142b \u2013 Szawu\u0142a, Witold Banach, dr Jan Galant, Pawe\u0142 Berkowski; w fotografii \u2013 Cezary Janiszewski, Saturnina i Artur Homanowie, Jaros\u0142aw Grabarek, Jan J\u0119drzejak, Andrzej Staszok; w ta\u0144cu &#8211; Alina Janikowska ze s\u0142ynnym ju\u017c w \u015bwiecie zespo\u0142em tanecznym \u201eGwiazda\u201d MDK, Katarzyna Zaremba, Marika Wojtowicz-Puchalska.<\/p>\n<p align=\"justify\"><a href=\"http:\/\/www.umostrow.pl\/kultura-sport-turystyka\/kultura\/97-kultura-sport-turystyka\/kultura\/117-zakochajcie-sie-w-kulturalnym-ostrowie\" target=\"_blank\">\u0179r\u00f3d\u0142o<\/a><\/p>\n<p>[\/vc_column_text][vc_gallery interval=&#8221;3&#8243; images=&#8221;10534,10535&#8243; img_size=&#8221;large&#8221;][\/vc_column][vc_column width=&#8221;1\/4&#8243;][\/vc_column][\/vc_row]<\/p>\n","protected":false},"excerpt":{"rendered":"<p>[vc_row][vc_column width=&#8221;1\/4&#8243;][\/vc_column][vc_column width=&#8221;1\/2&#8243;][vc_empty_space height=&#8221;40px&#8221;][vc_text_separator title=&#8221;Zapraszamy Pa\u0144stwa do Ostrowa&#8221; border_width=&#8221;6&#8243;][vc_column_text]Zakochajcie si\u0119 w kulturalnym Ostrowie! &#8230;narodow\u0105 histori\u0119, tradycj\u0119 wielkopolsk\u0105, naturalno\u015b\u0107 prowincjonalnego miasta \u201ena kolejowej trasie\u201d \u2013 odnajdujemy w\u0142a\u015bnie w Ostrowie Wielkopolskim. W przytulnych uliczkach, w rynku i kamienicach mo\u017cna odnale\u017a\u0107 ukryte ambicje artystyczne, ch\u0119\u0107 bycia czym\u015b wi\u0119cej ni\u017c miastem \u015bredniej wielko\u015bci&#8230; Ostr\u00f3w Wielkopolski jest znacz\u0105cym o\u015brodkiem kultury [&hellip;]<\/p>\n","protected":false},"author":1,"featured_media":0,"parent":0,"menu_order":0,"comment_status":"closed","ping_status":"closed","template":"page-templates\/front-page.php","meta":{"footnotes":""},"class_list":["post-10533","page","type-page","status-publish","hentry"],"_links":{"self":[{"href":"https:\/\/old-ssemp.sowiak.dev\/index.php?rest_route=\/wp\/v2\/pages\/10533","targetHints":{"allow":["GET"]}}],"collection":[{"href":"https:\/\/old-ssemp.sowiak.dev\/index.php?rest_route=\/wp\/v2\/pages"}],"about":[{"href":"https:\/\/old-ssemp.sowiak.dev\/index.php?rest_route=\/wp\/v2\/types\/page"}],"author":[{"embeddable":true,"href":"https:\/\/old-ssemp.sowiak.dev\/index.php?rest_route=\/wp\/v2\/users\/1"}],"replies":[{"embeddable":true,"href":"https:\/\/old-ssemp.sowiak.dev\/index.php?rest_route=%2Fwp%2Fv2%2Fcomments&post=10533"}],"version-history":[{"count":7,"href":"https:\/\/old-ssemp.sowiak.dev\/index.php?rest_route=\/wp\/v2\/pages\/10533\/revisions"}],"predecessor-version":[{"id":10701,"href":"https:\/\/old-ssemp.sowiak.dev\/index.php?rest_route=\/wp\/v2\/pages\/10533\/revisions\/10701"}],"wp:attachment":[{"href":"https:\/\/old-ssemp.sowiak.dev\/index.php?rest_route=%2Fwp%2Fv2%2Fmedia&parent=10533"}],"curies":[{"name":"wp","href":"https:\/\/api.w.org\/{rel}","templated":true}]}}