{"id":10514,"date":"2016-07-31T15:09:05","date_gmt":"2016-07-31T13:09:05","guid":{"rendered":"http:\/\/ssemp.pl\/?page_id=10514"},"modified":"2016-07-31T15:36:35","modified_gmt":"2016-07-31T13:36:35","slug":"mirsk","status":"publish","type":"page","link":"https:\/\/old-ssemp.sowiak.dev\/?page_id=10514","title":{"rendered":"Mirsk"},"content":{"rendered":"<p style=\"text-align: justify; line-height: 11.15pt; background: white;\">[vc_row][vc_column width=&#8221;1\/4&#8243;][\/vc_column][vc_column width=&#8221;1\/2&#8243;][vc_empty_space height=&#8221;40px&#8221;][vc_text_separator title=&#8221;Zapraszamy pa\u0144stwa do Mirska&#8221; border_width=&#8221;6&#8243;][vc_column_text]Gmina Mirsk po\u0142o\u017cona jest w\u00a0 po\u0142udniowo-zachodniej cz\u0119\u015bci wojew\u00f3dztwa dolno\u015bl\u0105skiego przy granicy z Czechami. W sk\u0142ad gminy wchodzi 17 so\u0142ectw oraz miasto Mirsk. Powierzchnia gminy wynosi ok. 187 km2, w tym miasta Mirsk 14,85 km2. Obszar gminy Mirsk nale\u017cy do jednego z najatrakcyjniejszych turystycznie obszar\u00f3w wojew\u00f3dztwa dolno\u015bl\u0105skiego, a jej najwi\u0119kszym atutem jest po\u0142o\u017cenie w G\u00f3rach i na Pog\u00f3rzu Izerskim. Na ca\u0142ym terenie gminy znajduje si\u0119 ok. 500 obiekt\u00f3w posiadaj\u0105cych warto\u015b\u0107 turystyczno-krajoznawcz\u0105. W\u015br\u00f3d nich znajduj\u0105 si\u0119 pomniki przyrody, rezerwaty, parki miejskie i podworskie, zabytki architektury, zbiorniki wodne, \u017ar\u00f3d\u0142a, punkty widokowe oraz widokowe odcinki dr\u00f3g. Na terenie gminy Mirsk znajduj\u0105 si\u0119 r\u00f3wnie\u017c obszary chronione sieci Natura 2000: \u201eTorfowisko G\u00f3r Izerskich&#8221;, &#8221; \u0141\u0105ki G\u00f3r i Pog\u00f3rza Izerskiego&#8221;, &#8222;G\u00f3ry Izerskie&#8221; oraz pomniki i rezerwaty przyrody m. in. szpaler d\u0119b\u00f3w czerwonych mi\u0119dzy Mirskiem a R\u0119biszowem.<\/p>\n<p>\u00a0\u00a0\u00a0\u00a0\u00a0 G\u00f3ry Izerskie przyci\u0105gaj\u0105 mi\u0142o\u015bnik\u00f3w zar\u00f3wno turystyki pieszej, jak i rowerowej, czy narciarskiej. Mi\u0119dzy innymi dla amator\u00f3w sport\u00f3w zimowych w 2009 r. zosta\u0142a otwarta kolej gondolowa na St\u00f3g Izerski. Jej g\u00f3rna stacja oraz wi\u0119ksza cz\u0119\u015b\u0107 nartostrady usytuowana jest w granicach administracyjnych gminy Mirsk. D\u0142ugo\u015b\u0107 o\u015bwietlonej trasy narciarskiej to 2500 m. 71 nowoczesnych o\u015bmioosobowych gondoli w ci\u0105gu godziny jest w stanie przewie\u017a\u0107 2400 os\u00f3b. Podr\u00f3\u017c na g\u00f3rn\u0105 stacj\u0119 trwa ok.12 min. Wagoniki s\u0105 przystosowane do przewozu rower\u00f3w w sezonie letnim. Inwestycja ta jest niew\u0105tpliwie atrakcj\u0105 przyci\u0105gaj\u0105c\u0105 turyst\u00f3w w G\u00f3ry Izerskie przez ca\u0142y rok. Dodatkowo dla odwiedzaj\u0105cych ten rejon gmina przygotowa\u0142a r\u00f3wnie\u017c prawidziw\u0105 per\u0142\u0119 turystycz\u0105: \u015bcie\u017ck\u0119 &#8222;Geopark &#8211; \u015aladami dawnego g\u00f3rnictwa kruszc\u00f3w&#8221;. Obiekty dawnej dzia\u0142alno\u015bci g\u00f3rniczej m.in. kopalnie rud cyny i kobaltu zosta\u0142y oczyszczone i zabezpieczone, a zesp\u00f3\u0142 wyrobisk kopalni \u015bw. Jana z okresu XVI &#8211; XIX w. mo\u017cna zwiedza\u0107. \u015acie\u017cka dydaktyczno-turystyczna obejmuje 13 stanowisk (19 r\u00f3\u017cnych obiekt\u00f3w) oraz zlokalizowane mi\u0119dzy nimi punkty widokowe. Ca\u0142o\u015b\u0107 rozci\u0105ga si\u0119 od Krobicy przez Kotlin\u0119, Gierczyn do Przecznicy. Punktem wej\u015bciowym, a zarazem pierwszym stanowiskiem \u015bcie\u017cki, jest podziemna trasa turystyczna &#8222;Kopalnia \u015aw. Jan&#8221; w Krobicy, utworzona w oparciu o zesp\u00f3\u0142 historycznych wyrobisk g\u00f3rniczych XVI-wiecznej kopalni \u015aw. Jan i wykonanej w wieku XVIII sztolni \u015aw. Leopold. D\u0142ugo\u015b\u0107 udost\u0119pnionych do zwiedzania wyrobisk to oko\u0142o 350 m. Rozpoczynaj\u0105ca si\u0119 przy &#8222;Kopalni \u015aw. Jan&#8221; trasa \u015bcie\u017cki turystycznej wiedzie dalej na wsch\u00f3d w kierunku dawnej kopalni Hans Reichelt, spi\u0119trzenia w\u00f3d technologicznych i kopalni &#8222;\u015aw. Maria-Anna&#8221; w Przecznicy.<\/p>\n<p>Kolejn\u0105 atarkcj\u0105 turystycz\u0105 przyci\u0105gaj\u0105c\u0105 turyst\u00f3w jest niew\u0105tpliwie wie\u017ca widokowa w Mirsku. Znajduje si\u0119 w po\u0142udniowo-zachodniej cz\u0119\u015bci miasta. Powsta\u0142a w wyniku adaptacji wie\u017cy ci\u015bnie\u0144, kt\u00f3ra funkcjonowa\u0142a w Mirsku do ko\u0144ca lat 70-tych XX wieku. Mirski obiekt zosta\u0142 zaprojektowany na rzucie o\u015bmioboku i mierzy 37,5 m od poziomu terenu, dodatkowo jest podpiwniczony. Wie\u017ca zosta\u0142a wykonana w latach 1887-1890. Konieczno\u015bc jej postawienia pojawi\u0142a si\u0119 po zanieczyszczeniu dotychczasowych w\u00f3d pitnych przez zak\u0142ady w Krobicy i Skarbkowie. W miejscu dawnego zbiornika, na ostatniej kondygnacji, wykonano taras widokowy z 4 lunetami. Z wie\u017cy mo\u017cna podziwia\u0107 pasmo G\u00f3r Izerskich, Pog\u00f3rze Izerskie oraz pobliskie so\u0142ectwa tj. Giebu\u0142t\u00f3w i Kamie\u0144 oraz s\u0105siaduj\u0105ce z Mirskiem miejscowo\u015bci m. in. Gryf\u00f3w \u015al\u0105ski. Przy sprzyjaj\u0105cych warunkach atmosferycznych mo\u017cna ogl\u0105da\u0107 St\u00f3g Izerski, Smrek, T\u0142oczyn\u0119 oraz inne punkty widokowe.<\/p>\n<p>[\/vc_column_text][vc_gallery interval=&#8221;3&#8243; images=&#8221;10515,10516,10517,10518,10519,10520,10521,10522,10523,10524&#8243; img_size=&#8221;large&#8221;][\/vc_column][vc_column width=&#8221;1\/4&#8243;][\/vc_column][\/vc_row]<\/p>\n","protected":false},"excerpt":{"rendered":"<p>[vc_row][vc_column width=&#8221;1\/4&#8243;][\/vc_column][vc_column width=&#8221;1\/2&#8243;][vc_empty_space height=&#8221;40px&#8221;][vc_text_separator title=&#8221;Zapraszamy pa\u0144stwa do Mirska&#8221; border_width=&#8221;6&#8243;][vc_column_text]Gmina Mirsk po\u0142o\u017cona jest w\u00a0 po\u0142udniowo-zachodniej cz\u0119\u015bci wojew\u00f3dztwa dolno\u015bl\u0105skiego przy granicy z Czechami. W sk\u0142ad gminy wchodzi 17 so\u0142ectw oraz miasto Mirsk. Powierzchnia gminy wynosi ok. 187 km2, w tym miasta Mirsk 14,85 km2. Obszar gminy Mirsk nale\u017cy do jednego z najatrakcyjniejszych turystycznie obszar\u00f3w wojew\u00f3dztwa dolno\u015bl\u0105skiego, a [&hellip;]<\/p>\n","protected":false},"author":1,"featured_media":0,"parent":0,"menu_order":0,"comment_status":"closed","ping_status":"closed","template":"page-templates\/front-page.php","meta":{"footnotes":""},"class_list":["post-10514","page","type-page","status-publish","hentry"],"_links":{"self":[{"href":"https:\/\/old-ssemp.sowiak.dev\/index.php?rest_route=\/wp\/v2\/pages\/10514","targetHints":{"allow":["GET"]}}],"collection":[{"href":"https:\/\/old-ssemp.sowiak.dev\/index.php?rest_route=\/wp\/v2\/pages"}],"about":[{"href":"https:\/\/old-ssemp.sowiak.dev\/index.php?rest_route=\/wp\/v2\/types\/page"}],"author":[{"embeddable":true,"href":"https:\/\/old-ssemp.sowiak.dev\/index.php?rest_route=\/wp\/v2\/users\/1"}],"replies":[{"embeddable":true,"href":"https:\/\/old-ssemp.sowiak.dev\/index.php?rest_route=%2Fwp%2Fv2%2Fcomments&post=10514"}],"version-history":[{"count":6,"href":"https:\/\/old-ssemp.sowiak.dev\/index.php?rest_route=\/wp\/v2\/pages\/10514\/revisions"}],"predecessor-version":[{"id":10532,"href":"https:\/\/old-ssemp.sowiak.dev\/index.php?rest_route=\/wp\/v2\/pages\/10514\/revisions\/10532"}],"wp:attachment":[{"href":"https:\/\/old-ssemp.sowiak.dev\/index.php?rest_route=%2Fwp%2Fv2%2Fmedia&parent=10514"}],"curies":[{"name":"wp","href":"https:\/\/api.w.org\/{rel}","templated":true}]}}