{"id":10501,"date":"2016-07-31T14:50:26","date_gmt":"2016-07-31T12:50:26","guid":{"rendered":"http:\/\/ssemp.pl\/?page_id=10501"},"modified":"2016-08-01T11:40:38","modified_gmt":"2016-08-01T09:40:38","slug":"luban","status":"publish","type":"page","link":"https:\/\/old-ssemp.sowiak.dev\/?page_id=10501","title":{"rendered":"Luba\u0144"},"content":{"rendered":"<p>[vc_row][vc_column width=&#8221;1\/4&#8243;][\/vc_column][vc_column width=&#8221;1\/2&#8243;][vc_empty_space height=&#8221;40px&#8221;][vc_text_separator title=&#8221;Zapraszamy Pa\u0144stwa do Lubania&#8221; border_width=&#8221;6&#8243;][vc_column_text]Luba\u0144\u00a0 znajduje si\u0119\u00a0 w po\u0142udniowo-zachodniej cz\u0119\u015bci Polski w dolinie rzeki Kwisy, na pograniczu dw\u00f3ch historycznych krain: G\u00f3rnych \u0141u\u017cyc\u00a0 i Dolnego \u015al\u0105ska. Administracyjnie nale\u017cy do wojew\u00f3dztwa dolno\u015bl\u0105skiego. Przej\u015bcia graniczne z Niemcami w Zgorzelcu i J\u0119drzychowicach oddalone s\u0105 od miasta o 20 i 22 km, a z Czechami w Mi\u0142oszowie i Zawidowie o 15 i 22 km.<\/p>\n<p>Powierzchnia miasta wynosi 16,12 km kw. Zamieszkuje go\u00a0 21.178 os\u00f3b (stan na dzie\u0144 25.08.2015 r.). Ze wzgl\u0119du na po\u0142o\u017cenie Luba\u0144 jest wa\u017cnym w\u0119z\u0142em turystyczno-handlowym. Przez miasto przebiegaj\u0105 wa\u017cne szlaki komunikacyjne: droga krajowa nr 30 w kierunku Zgorzelca (granica z Niemcami) i Jeleniej G\u00f3ry, droga wojew\u00f3dzka nr 357 w kierunku Sulikowa i Zawidowa (granica z Czechami) oraz droga wojew\u00f3dzka nr 393 do Le\u015bnej (przej\u015bcie graniczne w Mi\u0142oszowie do Czech). Droga wojew\u00f3dzka nr 357 prowadzi w kierunku Boles\u0142awca\u00a0 i Wroc\u0142awia, a droga wojew\u00f3dzka nr 296 w kierunku do Zielonej G\u00f3ry.<\/p>\n<p>&nbsp;<\/p>\n<p><a href=\"http:\/\/luban.pl\/1175\" target=\"_blank\">\u0179r\u00f3d\u0142o<\/a>[\/vc_column_text][vc_gallery interval=&#8221;3&#8243; images=&#8221;10502,10503,10504,10505,10506,10507,10508&#8243; img_size=&#8221;large&#8221;][\/vc_column][vc_column width=&#8221;1\/4&#8243;][\/vc_column][\/vc_row]<\/p>\n","protected":false},"excerpt":{"rendered":"<p>[vc_row][vc_column width=&#8221;1\/4&#8243;][\/vc_column][vc_column width=&#8221;1\/2&#8243;][vc_empty_space height=&#8221;40px&#8221;][vc_text_separator title=&#8221;Zapraszamy Pa\u0144stwa do Lubania&#8221; border_width=&#8221;6&#8243;][vc_column_text]Luba\u0144\u00a0 znajduje si\u0119\u00a0 w po\u0142udniowo-zachodniej cz\u0119\u015bci Polski w dolinie rzeki Kwisy, na pograniczu dw\u00f3ch historycznych krain: G\u00f3rnych \u0141u\u017cyc\u00a0 i Dolnego \u015al\u0105ska. Administracyjnie nale\u017cy do wojew\u00f3dztwa dolno\u015bl\u0105skiego. Przej\u015bcia graniczne z Niemcami w Zgorzelcu i J\u0119drzychowicach oddalone s\u0105 od miasta o 20 i 22 km, a z Czechami w [&hellip;]<\/p>\n","protected":false},"author":1,"featured_media":0,"parent":0,"menu_order":0,"comment_status":"closed","ping_status":"closed","template":"page-templates\/front-page.php","meta":{"footnotes":""},"class_list":["post-10501","page","type-page","status-publish","hentry"],"_links":{"self":[{"href":"https:\/\/old-ssemp.sowiak.dev\/index.php?rest_route=\/wp\/v2\/pages\/10501","targetHints":{"allow":["GET"]}}],"collection":[{"href":"https:\/\/old-ssemp.sowiak.dev\/index.php?rest_route=\/wp\/v2\/pages"}],"about":[{"href":"https:\/\/old-ssemp.sowiak.dev\/index.php?rest_route=\/wp\/v2\/types\/page"}],"author":[{"embeddable":true,"href":"https:\/\/old-ssemp.sowiak.dev\/index.php?rest_route=\/wp\/v2\/users\/1"}],"replies":[{"embeddable":true,"href":"https:\/\/old-ssemp.sowiak.dev\/index.php?rest_route=%2Fwp%2Fv2%2Fcomments&post=10501"}],"version-history":[{"count":4,"href":"https:\/\/old-ssemp.sowiak.dev\/index.php?rest_route=\/wp\/v2\/pages\/10501\/revisions"}],"predecessor-version":[{"id":10698,"href":"https:\/\/old-ssemp.sowiak.dev\/index.php?rest_route=\/wp\/v2\/pages\/10501\/revisions\/10698"}],"wp:attachment":[{"href":"https:\/\/old-ssemp.sowiak.dev\/index.php?rest_route=%2Fwp%2Fv2%2Fmedia&parent=10501"}],"curies":[{"name":"wp","href":"https:\/\/api.w.org\/{rel}","templated":true}]}}