{"id":10398,"date":"2016-07-27T11:07:00","date_gmt":"2016-07-27T09:07:00","guid":{"rendered":"http:\/\/ssemp.pl\/?page_id=10398"},"modified":"2023-11-06T12:58:18","modified_gmt":"2023-11-06T11:58:18","slug":"wynajem-biur-2","status":"publish","type":"page","link":"https:\/\/old-ssemp.sowiak.dev\/?page_id=10398","title":{"rendered":"Wynajem biur"},"content":{"rendered":"<p>[vc_row][vc_column width=&#8221;1\/4&#8243;][\/vc_column][vc_column width=&#8221;1\/2&#8243;][vc_column_text]Uprzejmie informujemy, \u017ce Specjalna Strefa Ekonomiczna Ma\u0142ej Przedsi\u0119biorczo\u015bci S.A. posiada wolne pomieszczenie biurowe o powierzchni:<strong>\u00a041,5 m\u00b2<\/strong>\u00a0w budynku administracyjnym SSEMP S.A. przy ulicy Papie\u017ca Jana Paw\u0142a II 11A. Cena za\u00a0<strong>1m\u00b2<\/strong>\u00a0wynosi\u00a0<strong>43,56 z\u0142 netto.<\/strong><\/p>\n<p>Zainteresowanych prosimy o kontakt telefoniczny lub email.<\/p>\n<blockquote><p>SSEMP S.A.<\/p>\n<p>ul. Papie\u017ca Jana Paw\u0142a II 11 A<\/p>\n<p>58-400 Kamienna G\u00f3ra<\/p>\n<p><strong>tel. 75 645 20 30<\/strong><\/p>\n<p><strong>e-mail: strefa@ssemp.pl<\/strong><\/p><\/blockquote>\n<p>&nbsp;<\/p>\n<p>&nbsp;<\/p>\n<div id=\"gallery-1\" class=\"gallery galleryid-16948 gallery-columns-2 gallery-size-large\">\n<figure class=\"gallery-item\">\n<div class=\"gallery-icon landscape\"><a href=\"https:\/\/old-ssemp.sowiak.dev\/wordpress\/wp-content\/uploads\/2022\/03\/20220316_121631.jpg\"><img loading=\"lazy\" decoding=\"async\" class=\"attachment-large size-large\" src=\"https:\/\/old-ssemp.sowiak.dev\/wordpress\/wp-content\/uploads\/2022\/03\/20220316_121631-1024x768.jpg\" sizes=\"auto, (max-width: 960px) 100vw, 960px\" srcset=\"https:\/\/old-ssemp.sowiak.dev\/wordpress\/wp-content\/uploads\/2022\/03\/20220316_121631-1024x768.jpg 1024w, https:\/\/old-ssemp.sowiak.dev\/wordpress\/wp-content\/uploads\/2022\/03\/20220316_121631-300x225.jpg 300w, https:\/\/old-ssemp.sowiak.dev\/wordpress\/wp-content\/uploads\/2022\/03\/20220316_121631-768x576.jpg 768w\" alt=\"20220316_121631\" width=\"960\" height=\"720\" \/><\/a><\/div>\n<\/figure>\n<figure class=\"gallery-item\">\n<div class=\"gallery-icon landscape\"><a href=\"https:\/\/old-ssemp.sowiak.dev\/wordpress\/wp-content\/uploads\/2022\/03\/20220316_121639.jpg\"><img loading=\"lazy\" decoding=\"async\" class=\"attachment-large size-large\" src=\"https:\/\/old-ssemp.sowiak.dev\/wordpress\/wp-content\/uploads\/2022\/03\/20220316_121639-1024x768.jpg\" sizes=\"auto, (max-width: 960px) 100vw, 960px\" srcset=\"https:\/\/old-ssemp.sowiak.dev\/wordpress\/wp-content\/uploads\/2022\/03\/20220316_121639-1024x768.jpg 1024w, https:\/\/old-ssemp.sowiak.dev\/wordpress\/wp-content\/uploads\/2022\/03\/20220316_121639-300x225.jpg 300w, https:\/\/old-ssemp.sowiak.dev\/wordpress\/wp-content\/uploads\/2022\/03\/20220316_121639-768x576.jpg 768w\" alt=\"20220316_121639\" width=\"960\" height=\"720\" \/><\/a><\/div>\n<\/figure>\n<\/div>\n<p>[\/vc_column_text][\/vc_column][vc_column width=&#8221;1\/4&#8243;][\/vc_column][\/vc_row][vc_row][vc_column width=&#8221;1\/3&#8243;][\/vc_column][vc_column width=&#8221;1\/3&#8243;][\/vc_column][vc_column width=&#8221;1\/3&#8243;][\/vc_column][\/vc_row]<\/p>\n","protected":false},"excerpt":{"rendered":"<p>[vc_row][vc_column width=&#8221;1\/4&#8243;][\/vc_column][vc_column width=&#8221;1\/2&#8243;][vc_column_text]Uprzejmie informujemy, \u017ce Specjalna Strefa Ekonomiczna Ma\u0142ej Przedsi\u0119biorczo\u015bci S.A. posiada wolne pomieszczenie biurowe o powierzchni:\u00a041,5 m\u00b2\u00a0w budynku administracyjnym SSEMP S.A. przy ulicy Papie\u017ca Jana Paw\u0142a II 11A. Cena za\u00a01m\u00b2\u00a0wynosi\u00a043,56 z\u0142 netto. Zainteresowanych prosimy o kontakt telefoniczny lub email. SSEMP S.A. ul. Papie\u017ca Jana Paw\u0142a II 11 A 58-400 Kamienna G\u00f3ra tel. 75 645 [&hellip;]<\/p>\n","protected":false},"author":1,"featured_media":0,"parent":0,"menu_order":0,"comment_status":"closed","ping_status":"closed","template":"page-templates\/front-page.php","meta":{"footnotes":""},"class_list":["post-10398","page","type-page","status-publish","hentry"],"_links":{"self":[{"href":"https:\/\/old-ssemp.sowiak.dev\/index.php?rest_route=\/wp\/v2\/pages\/10398","targetHints":{"allow":["GET"]}}],"collection":[{"href":"https:\/\/old-ssemp.sowiak.dev\/index.php?rest_route=\/wp\/v2\/pages"}],"about":[{"href":"https:\/\/old-ssemp.sowiak.dev\/index.php?rest_route=\/wp\/v2\/types\/page"}],"author":[{"embeddable":true,"href":"https:\/\/old-ssemp.sowiak.dev\/index.php?rest_route=\/wp\/v2\/users\/1"}],"replies":[{"embeddable":true,"href":"https:\/\/old-ssemp.sowiak.dev\/index.php?rest_route=%2Fwp%2Fv2%2Fcomments&post=10398"}],"version-history":[{"count":17,"href":"https:\/\/old-ssemp.sowiak.dev\/index.php?rest_route=\/wp\/v2\/pages\/10398\/revisions"}],"predecessor-version":[{"id":18980,"href":"https:\/\/old-ssemp.sowiak.dev\/index.php?rest_route=\/wp\/v2\/pages\/10398\/revisions\/18980"}],"wp:attachment":[{"href":"https:\/\/old-ssemp.sowiak.dev\/index.php?rest_route=%2Fwp%2Fv2%2Fmedia&parent=10398"}],"curies":[{"name":"wp","href":"https:\/\/api.w.org\/{rel}","templated":true}]}}