{"id":10369,"date":"2016-07-24T14:25:05","date_gmt":"2016-07-24T12:25:05","guid":{"rendered":"http:\/\/ssemp.pl\/?page_id=10369"},"modified":"2018-12-19T11:06:10","modified_gmt":"2018-12-19T10:06:10","slug":"jelenia-gora","status":"publish","type":"page","link":"https:\/\/old-ssemp.sowiak.dev\/?page_id=10369","title":{"rendered":"Jelenia G\u00f3ra"},"content":{"rendered":"<p>[vc_row][vc_column width=&#8221;1\/6&#8243;][\/vc_column][vc_column width=&#8221;2\/3&#8243;][vc_empty_space height=&#8221;40px&#8221;][vc_text_separator title=&#8221;Zapraszamy Pa\u0144stwa do Jeleniej G\u00f3ry&#8221; border_width=&#8221;6&#8243;][vc_column_text]Kotlina Jeleniog\u00f3rska nale\u017cy do najciekawszych i najstarszych krajobraz\u00f3w kulturowych Europy. W miejscowo\u015bciach malowniczo rozrzuconych w\u015br\u00f3d wzg\u00f3rz i staw\u00f3w napotkacie Pa\u0144stwo obronne ko\u015bci\u00f3\u0142ki, krzy\u017ce pokutne, stare chaty sudeckie, \u015bredniowieczne warownie i otoczone romantycznymi parkami pa\u0142ace. Wi\u0119kszo\u015b\u0107 szlak\u00f3w turystycznych prowadzi przez obszary\u00a0Karkonoskiego Parku Narodowego,\u00a0Rudawskiego Parku Krajobrazowego\u00a0i\u00a0Parku Krajobrazowego Doliny Bobru.\u00a0O uroku malowniczego po\u0142o\u017cenia Jeleniej G\u00f3ry nie trzeba przekonywa\u0107 chyba nikogo, kto cho\u0107 raz zobaczy\u0142 panoram\u0119 Starego Miasta na tle Karkonoszy. Warto jednak wspomnie\u0107, \u017ce miasto mo\u017ce poszczyci\u0107 si\u0119 nie tylko pi\u0119knymi widokami, ale r\u00f3wnie\u017c d\u0142ug\u0105 i niezwykle\u00a0ciekaw\u0105\u00a0histori\u0105.[\/vc_column_text][vc_video link=&#8221;https:\/\/www.youtube.com\/watch?v=xoGf7xW6J6M&#8221; el_width=&#8221;90&#8243; align=&#8221;center&#8221;][vc_column_text]Zapraszaj\u0105c Pa\u0144stwa do Jeleniej G\u00f3ry pragniemy pokaza\u0107 nie tylko miasto o dziewi\u0119\u0107setletniej historii,\u00a0licznych zabytkach i atrakcjach turystycznych, chcemy zach\u0119ci\u0107 tak\u017ce do spacer\u00f3w po najbli\u017cszej okolicy i w\u0119dr\u00f3wek po g\u00f3rach.\u00a0Zapraszamy Pa\u0144stwa do zobaczenia miejsc niezwyk\u0142ych, magicznych, kt\u00f3re tworz\u0105 klimat miasta. Niech b\u0119dzie to namiastk\u0105 tego czego mo\u017cecie spodziewa\u0107 si\u0119 podczas wizyty w Jeleniej G\u00f3rze.<\/p>\n<p>&nbsp;<\/p>\n<p><a href=\"http:\/\/www.jeleniagora.pl\/\" target=\"_blank\">\u0179r\u00f3d\u0142o<\/a>[\/vc_column_text][\/vc_column][vc_column width=&#8221;1\/6&#8243;][\/vc_column][\/vc_row][vc_row][vc_column width=&#8221;1\/4&#8243;][\/vc_column][vc_column width=&#8221;1\/2&#8243;][vc_gallery interval=&#8221;3&#8243; images=&#8221;10368,10367,10366,10365,10364,10363,10362,10361,10360,10359&#8243; img_size=&#8221;large&#8221;][\/vc_column][vc_column width=&#8221;1\/4&#8243;][\/vc_column][\/vc_row]<\/p>\n","protected":false},"excerpt":{"rendered":"<p>[vc_row][vc_column width=&#8221;1\/6&#8243;][\/vc_column][vc_column width=&#8221;2\/3&#8243;][vc_empty_space height=&#8221;40px&#8221;][vc_text_separator title=&#8221;Zapraszamy Pa\u0144stwa do Jeleniej G\u00f3ry&#8221; border_width=&#8221;6&#8243;][vc_column_text]Kotlina Jeleniog\u00f3rska nale\u017cy do najciekawszych i najstarszych krajobraz\u00f3w kulturowych Europy. W miejscowo\u015bciach malowniczo rozrzuconych w\u015br\u00f3d wzg\u00f3rz i staw\u00f3w napotkacie Pa\u0144stwo obronne ko\u015bci\u00f3\u0142ki, krzy\u017ce pokutne, stare chaty sudeckie, \u015bredniowieczne warownie i otoczone romantycznymi parkami pa\u0142ace. Wi\u0119kszo\u015b\u0107 szlak\u00f3w turystycznych prowadzi przez obszary\u00a0Karkonoskiego Parku Narodowego,\u00a0Rudawskiego Parku Krajobrazowego\u00a0i\u00a0Parku Krajobrazowego Doliny [&hellip;]<\/p>\n","protected":false},"author":1,"featured_media":0,"parent":0,"menu_order":0,"comment_status":"closed","ping_status":"closed","template":"page-templates\/front-page.php","meta":{"footnotes":""},"class_list":["post-10369","page","type-page","status-publish","hentry"],"_links":{"self":[{"href":"https:\/\/old-ssemp.sowiak.dev\/index.php?rest_route=\/wp\/v2\/pages\/10369","targetHints":{"allow":["GET"]}}],"collection":[{"href":"https:\/\/old-ssemp.sowiak.dev\/index.php?rest_route=\/wp\/v2\/pages"}],"about":[{"href":"https:\/\/old-ssemp.sowiak.dev\/index.php?rest_route=\/wp\/v2\/types\/page"}],"author":[{"embeddable":true,"href":"https:\/\/old-ssemp.sowiak.dev\/index.php?rest_route=\/wp\/v2\/users\/1"}],"replies":[{"embeddable":true,"href":"https:\/\/old-ssemp.sowiak.dev\/index.php?rest_route=%2Fwp%2Fv2%2Fcomments&post=10369"}],"version-history":[{"count":11,"href":"https:\/\/old-ssemp.sowiak.dev\/index.php?rest_route=\/wp\/v2\/pages\/10369\/revisions"}],"predecessor-version":[{"id":10697,"href":"https:\/\/old-ssemp.sowiak.dev\/index.php?rest_route=\/wp\/v2\/pages\/10369\/revisions\/10697"}],"wp:attachment":[{"href":"https:\/\/old-ssemp.sowiak.dev\/index.php?rest_route=%2Fwp%2Fv2%2Fmedia&parent=10369"}],"curies":[{"name":"wp","href":"https:\/\/api.w.org\/{rel}","templated":true}]}}