{"id":10281,"date":"2016-07-22T15:32:33","date_gmt":"2016-07-22T13:32:33","guid":{"rendered":"http:\/\/ssemp.pl\/?page_id=10281"},"modified":"2016-07-22T15:32:33","modified_gmt":"2016-07-22T13:32:33","slug":"zmiana-tresci-siwz-dla-zadania-pn-termomodernizacja","status":"publish","type":"page","link":"https:\/\/old-ssemp.sowiak.dev\/?page_id=10281","title":{"rendered":"Zmiana tre\u015bci SIWZ dla zadania pn. Termomodernizacja"},"content":{"rendered":"<p>Kamienna G\u00f3ra, dnia 09.09.2015 r.<\/p>\n<p>&nbsp;<\/p>\n<p>INFORMACJA O ZMIANIE TRE\u015aCI SIWZ<br \/>\ndotycz\u0105ca post\u0119powania o udzielenie zam\u00f3wienia na wykonanie zadania pn.<br \/>\n<strong>\u201eTermomodernizacja budynku administracyjnego SSEMP S.A.<br \/>\nprzy ul. Papie\u017ca Jana Paw\u0142a II 11A w Kamiennej G\u00f3rze.\u201d<\/strong><\/p>\n<p><strong>Wykonawcy ubiegaj\u0105cy si\u0119 o udzielenie zam\u00f3wienia<\/strong><br \/>\nZamawiaj\u0105cy niniejszym informuje, \u017ce dokonuje zmiany tre\u015bci specyfikacji istotnych warunk\u00f3w zam\u00f3wienia:<\/p>\n<ol>\n<li>W\u00a0<strong>pkt 5 SIWZ Termin wykonania zam\u00f3wienia oraz w \u00a7 2 pkt 1 projektu umowy o wykonanie rob\u00f3t budowlanych<\/strong>dopisuje si\u0119 nast\u0119puj\u0105c\u0105 tre\u015b\u0107:<br \/>\nW przypadku wyst\u0105pienia okoliczno\u015bci niezale\u017cnych od Wykonawcy uniemo\u017cliwiaj\u0105cych b\u0105d\u017a znacznie utrudniaj\u0105cych wykonanie zgodnie z zasadami sztuki budowlanej przedmiotu zam\u00f3wienia takich jak np. niekorzystne warunki atmosferyczne, dopuszcza si\u0119 mo\u017cliwo\u015b\u0107 odpowiedniego wyd\u0142u\u017cenia terminu wykonania zam\u00f3wienia.<\/li>\n<li>W zwi\u0105zku z konieczno\u015bci\u0105 uzupe\u0142nienia przedmiotu zam\u00f3wienia w zakresie mi\u0119dzy innymi budowy systemu przeciwoblodzeniowego dachu, wymiany instalacji odgromowej obiektu, wykonania instalacji teletechnicznej, dostawy i monta\u017cu przed budynkiem strefy s\u0142upa og\u0142oszeniowo informacyjnego wraz z jego pod\u015bwietleniem przedk\u0142ada si\u0119 zaktualizowany przedmiar rob\u00f3t.<\/li>\n<\/ol>\n<p><strong>Wykonawca jest zobowi\u0105zany do uwzgl\u0119dnienia w kosztorysie ofertowym, opracowanym metod\u0105 kalkulacji szczeg\u00f3\u0142owej, o kt\u00f3rym mowa w pkt 14 ppkt 14.4. lit. c) SIWZ, i ofercie wszystkich pozycji zaktualizowanego przedmiaru.<\/strong><br \/>\nZmiana stanowi uzupe\u0142nienie Specyfikacji Istotnych Warunk\u00f3w Zam\u00f3wienia i jest wi\u0105\u017c\u0105ca dla Stron.<br \/>\nZarz\u0105d SSEMP S.A.<\/p>\n","protected":false},"excerpt":{"rendered":"<p>Kamienna G\u00f3ra, dnia 09.09.2015 r. &nbsp; INFORMACJA O ZMIANIE TRE\u015aCI SIWZ dotycz\u0105ca post\u0119powania o udzielenie zam\u00f3wienia na wykonanie zadania pn. \u201eTermomodernizacja budynku administracyjnego SSEMP S.A. przy ul. Papie\u017ca Jana Paw\u0142a II 11A w Kamiennej G\u00f3rze.\u201d Wykonawcy ubiegaj\u0105cy si\u0119 o udzielenie zam\u00f3wienia Zamawiaj\u0105cy niniejszym informuje, \u017ce dokonuje zmiany tre\u015bci specyfikacji istotnych warunk\u00f3w zam\u00f3wienia: W\u00a0pkt 5 SIWZ [&hellip;]<\/p>\n","protected":false},"author":1,"featured_media":0,"parent":0,"menu_order":0,"comment_status":"closed","ping_status":"closed","template":"","meta":{"footnotes":""},"class_list":["post-10281","page","type-page","status-publish","hentry"],"_links":{"self":[{"href":"https:\/\/old-ssemp.sowiak.dev\/index.php?rest_route=\/wp\/v2\/pages\/10281","targetHints":{"allow":["GET"]}}],"collection":[{"href":"https:\/\/old-ssemp.sowiak.dev\/index.php?rest_route=\/wp\/v2\/pages"}],"about":[{"href":"https:\/\/old-ssemp.sowiak.dev\/index.php?rest_route=\/wp\/v2\/types\/page"}],"author":[{"embeddable":true,"href":"https:\/\/old-ssemp.sowiak.dev\/index.php?rest_route=\/wp\/v2\/users\/1"}],"replies":[{"embeddable":true,"href":"https:\/\/old-ssemp.sowiak.dev\/index.php?rest_route=%2Fwp%2Fv2%2Fcomments&post=10281"}],"version-history":[{"count":1,"href":"https:\/\/old-ssemp.sowiak.dev\/index.php?rest_route=\/wp\/v2\/pages\/10281\/revisions"}],"predecessor-version":[{"id":10286,"href":"https:\/\/old-ssemp.sowiak.dev\/index.php?rest_route=\/wp\/v2\/pages\/10281\/revisions\/10286"}],"wp:attachment":[{"href":"https:\/\/old-ssemp.sowiak.dev\/index.php?rest_route=%2Fwp%2Fv2%2Fmedia&parent=10281"}],"curies":[{"name":"wp","href":"https:\/\/api.w.org\/{rel}","templated":true}]}}