{"id":10267,"date":"2016-07-22T15:29:08","date_gmt":"2016-07-22T13:29:08","guid":{"rendered":"http:\/\/ssemp.pl\/?page_id=10267"},"modified":"2016-07-22T15:29:08","modified_gmt":"2016-07-22T13:29:08","slug":"termomodernizacja-budynku-administracyjnego-ssemp-s-a-przy-ul-papieza-jana","status":"publish","type":"page","link":"https:\/\/old-ssemp.sowiak.dev\/?page_id=10267","title":{"rendered":"Termomodernizacja budynku administracyjnego SSEMP S.A. przy ul. Papie\u017ca Jana"},"content":{"rendered":"<p>31-08-2105<\/p>\n<p><strong>OG\u0141OSZENIE O PRZETARGU<\/strong><\/p>\n<p>dla zadania pn.<br \/>\n<strong>\u201eTermomodernizacja budynku administracyjnego SSEMP S.A. przy ul. Papie\u017ca Jana Paw\u0142a II 11A w Kamiennej G\u00f3rze \u201d<\/strong><br \/>\nData zamieszczenia: 31.08.2015 r.<br \/>\nSEKCJA I: ZAMAWIAJ\u0104CY<br \/>\n<strong>I. 1) NAZWA I ADRES:<\/strong>\u00a0Specjalna Strefa Ekonomiczna Ma\u0142ej Przedsi\u0119biorczo\u015bci S.A., ul. Papie\u017ca Jana Paw\u0142a II 11A, 58-400 Kamienna G\u00f3ra, woj. dolno\u015bl\u0105skie,<br \/>\ntel. 75\/ 645 20 30, faks 75\/ 645 20 33, e &#8211; mail: strefa@ssemp.pl<\/p>\n<ol>\n<li><strong> 2) RODZAJ ZAMAWIAJ\u0104CEGO:<\/strong>Sp\u00f3\u0142ka prawa handlowego.<\/li>\n<\/ol>\n<ul>\n<li><strong>Adres strony internetowej Zamawiaj\u0105cego:<\/strong>www.ssemp.pl<\/li>\n<\/ul>\n<p>SEKCJA II: PRZEDMIOT ZAM\u00d3WIENIA<\/p>\n<ol>\n<li><strong> 1) OKRE\u015aLENIE PRZEDMIOTU ZAM\u00d3WIENIA<\/strong><\/li>\n<li><strong> 1.1) Nazwa nadana zam\u00f3wieniu przez Zamawiaj\u0105cego:<\/strong><\/li>\n<\/ol>\n<p><strong>\u201eTermomodernizacja budynku administracyjnego SSEMP S.A. przy ul. Papie\u017ca Jana Paw\u0142a II 11 A w Kamiennej G\u00f3rze\u201d<\/strong><\/p>\n<ol>\n<li><strong> 1.2) Rodzaj zam\u00f3wienia:<\/strong>Roboty budowlane.<br \/>\n<strong>II. 1.3) Okre\u015blenie przedmiotu oraz wielko\u015bci lub zakresu zam\u00f3wienia:<\/strong><br \/>\n1. Przedmiotem zam\u00f3wienia jest termomodernizacja budynku administracyjnego SSEMP S.A. posadowionego na dzia\u0142ce nr ew. 191, obr\u0119b III, przy ul. Papie\u017ca Jana Paw\u0142a II 11 A w Kamiennej G\u00f3rze.<br \/>\nZakres rzeczowy zam\u00f3wienia obejmuje mi\u0119dzy innymi:<br \/>\na) Roboty og\u00f3lnobudowlane i wyko\u0144czeniowe w zakresie obiekt\u00f3w budowlanych\/ docieplenie \u015bcian zewn\u0119trznych budynku, docieplenie stropodachu, wymiana istniej\u0105cej obr\u00f3bki blacharskiej, wymiana rynien dachowych i spustowych wraz z rozbudow\u0105 systemu przeciwoblodzeniowego rynien dachowych i spustowych, wymiana i monta\u017c stolarki okiennej i drzwiowej wraz z obr\u00f3bk\u0105 wewn\u0119trzn\u0105 i zewn\u0119trzn\u0105, wymiana o\u015bwietlenia zewn\u0119trznego parkingu na terenie obiektu oraz wykonanie iluminacji \u015bwietlnej budynku.<br \/>\nb) roboty porz\u0105dkowe \/usuwanie na bie\u017c\u0105co wszelkich odpad\u00f3w i zanieczyszcze\u0144 powsta\u0142ych<br \/>\nw toku realizacji prac budowlanych\/.<br \/>\n2. Wykonawca w ramach przedmiotu zam\u00f3wienia zobowi\u0105zany jest do: dostarczenia na stanowiska robocze materia\u0142\u00f3w niezb\u0119dnych do zrealizowania przedmiotu zam\u00f3wienia, wykonania rob\u00f3t budowlanych w zakresie okre\u015blonym w dokumentacji technicznej, specyfikacjach technicznych wykonania i odbioru rob\u00f3t budowlanych, przedmiarze rob\u00f3t, zgodnie z przepisami techniczno-budowlanymi, normami PN\/E, przepisami dotycz\u0105cymi samodzielnych funkcji technicznych w budownictwie, przepisami dotycz\u0105cymi wyrob\u00f3w budowlanych, wykonania wszelkich bada\u0144 i pr\u00f3b a tak\u017ce pomiar\u00f3w powykonawczych w zakresie koniecznym do odbioru ko\u0144cowego rob\u00f3t i przekazania obiektu do u\u017cytkowania, uporz\u0105dkowania miejsca rob\u00f3t budowlanych, wykonania powykonawczej dokumentacji technicznej i prawnej zgodnej z obowi\u0105zuj\u0105cymi wymogami w tym zakresie.<br \/>\n3. Szczeg\u00f3\u0142owy zakres przedmiotu zam\u00f3wienia oraz wymagania gwarancyjne Zamawiaj\u0105cego zosta\u0142y okre\u015blone w SIWZ i za\u0142\u0105cznikach do niej. Oferty nie zawieraj\u0105ce pe\u0142nego zakresu przedmiotu zam\u00f3wienia zostan\u0105 odrzucone.<br \/>\n4. Zamawiaj\u0105cy dopuszcza realizacj\u0119 przedmiotu zam\u00f3wienia przy pos\u0142u\u017ceniu si\u0119 podwykonawcami.<br \/>\n<strong>II.1.4) Wsp\u00f3lny S\u0142ownik Zam\u00f3wie\u0144 (CPV):<\/strong><br \/>\n45.00.00.00-7 Roboty budowlane.<br \/>\n45.21.00.00-2 Roboty budowlane w zakresie budynk\u00f3w.<br \/>\n45.30.00.00-0 Roboty instalacyjne w budynkach.<br \/>\n45.31.00.00-3 Roboty instalacyjne elektryczne.<br \/>\n45.40.00.00-1 Roboty wyko\u0144czeniowe w zakresie obiekt\u00f3w budowlanych.<br \/>\n45.42.10.00-4 Roboty w zakresie stolarki budowlanej.<br \/>\n45.44.21.00-8 Roboty malarskie.<br \/>\n<strong>II. 1.5) Czy dopuszcza si\u0119 z\u0142o\u017cenie oferty cz\u0119\u015bciowej:<\/strong>\u00a0nie<br \/>\n<strong>II. 1.6) Czy dopuszcza si\u0119 z\u0142o\u017cenie oferty wariantowej:<\/strong>\u00a0nie<br \/>\n<strong>II. 2) CZAS TRWANIA ZAM\u00d3WIENIA LUB TERMIN WYKONANIA:<\/strong><br \/>\nZam\u00f3wienie nale\u017cy wykona\u0107 w terminie\u00a0<strong>12 tygodni<\/strong>\u00a0od daty podpisania umowy o wykonanie rob\u00f3t budowlanych.<br \/>\nSEKCJA III: INFORMACJE O CHARAKTERZE PRAWNYM, EKONOMICZNYM, FINANSOWYM I TECHNICZNYM<br \/>\n<strong>III. 1) WARUNKI DOTYCZ\u0104CE ZAM\u00d3WIENIA\u00a0<\/strong><br \/>\n<strong>Informacja na temat wadium:<\/strong>\u00a0Zamawiaj\u0105cy wymaga wniesienia wadium w wysoko\u015bci 10.000,00 PLN (s\u0142ownie z\u0142otych: dziesi\u0119\u0107 tysi\u0119cy i 00\/100) przed up\u0142ywem terminu sk\u0142adania ofert. Wymagania dotycz\u0105ce wadium zosta\u0142y okre\u015blone w SIWZ.<br \/>\n<strong>III.1.1.) Inne szczeg\u00f3lne warunki, kt\u00f3rym podlega realizacja zam\u00f3wienia:<\/strong>\u00a0tak<br \/>\nZam\u00f3wienie b\u0119dzie realizowane zgodnie z prawem polskim, w szczeg\u00f3lno\u015bci z ustaw\u0105 z dnia 7 lipca 1994 r. &#8211; Prawo budowlane (t.j. Dz. U. z 2013 r. , poz. 1409 z p\u00f3\u017an. zm.) Wykonawca rob\u00f3t musi zapewni\u0107 wykonanie rob\u00f3t zgodnie z przepisami techniczno budowlanymi i warunkami BHP i p.po\u017c., obowi\u0105zuj\u0105cymi przepisami i normami PN\/E, przepisami dotycz\u0105cymi samodzielnych funkcji technicznych w budownictwie, przepisami dotycz\u0105cymi wyrob\u00f3w budowlanych.<br \/>\n<strong>III. 2) WARUNKI UDZIA\u0141U\u00a0<\/strong><br \/>\n<strong>\u25cf Opis warunk\u00f3w udzia\u0142u w post\u0119powaniu oraz opis sposobu dokonywania oceny spe\u0142nienia tych warunk\u00f3w:<br \/>\nO udzielenie zam\u00f3wienia mog\u0105 ubiega\u0107 si\u0119 Wykonawcy, kt\u00f3rzy:\u00a0<\/strong><br \/>\n1. Spe\u0142niaj\u0105 nast\u0119puj\u0105ce wymagania:<br \/>\n1.1 Posiadaj\u0105 uprawnienia do wykonywania dzia\u0142alno\u015bci lub czynno\u015bci w zakresie odpowiadaj\u0105cym przedmiotowi zam\u00f3wienia oraz wyka\u017c\u0105 aktualn\u0105, na dzie\u0144 sk\u0142adania ofert, polis\u0119, a w przypadku jej braku innego dokumentu potwierdzaj\u0105cego, \u017ce Wykonawca jest ubezpieczony od odpowiedzialno\u015bci cywilnej w zakresie prowadzonej dzia\u0142alno\u015bci gospodarczej.<br \/>\n1.2. Posiadaj\u0105 niezb\u0119dn\u0105 wiedz\u0119 i do\u015bwiadczenie, dysponuj\u0105 potencja\u0142em technicznym i osobami zdolnymi do wykonania przedmiotu zam\u00f3wienia lub przedstawi\u0105 pisemne zobowi\u0105zanie innych podmiot\u00f3w do udost\u0119pnienia potencja\u0142u technicznego i os\u00f3b zdolnych do wykonania przedmiotu zam\u00f3wienia (Wykonawca musi mie\u0107 do dyspozycji przy wykonaniu niniejszego zam\u00f3wienia osoby posiadaj\u0105ce do\u015bwiadczenie oraz kwalifikacje odpowiednie do stanowisk, jakie zostan\u0105 tym osobom powierzone)tj.:<br \/>\na) wyka\u017c\u0105, \u017ce dysponuj\u0105 lub b\u0119d\u0105 dysponowa\u0107 osobami zdolnymi do wykonania zam\u00f3wienia, a w szczeg\u00f3lno\u015bci Wykonawca winien wykaza\u0107, \u017ce dysponuje:<br \/>\n&#8211; kierownikiem budowy, kt\u00f3ry posiada uprawnienia budowlane do kierowania robotami budowlanymi w specjalno\u015bci konstrukcyjno-budowlanej (podstawa prawna art. 14 ustawy Prawo budowlane z dnia 7 lipca 1994 r. \u2013 (tekst jednolity Dz. U. z 2013 r., poz. 1409 z p\u00f3\u017an. zm.) lub odpowiadaj\u0105ce im wa\u017cne uprawnienia budowlane, kt\u00f3re zosta\u0142y wydane na podstawie wcze\u015bniej obowi\u0105zuj\u0105cych przepis\u00f3w w tym zakresie oraz aktualne za\u015bwiadczenie (przynajmniej na dzie\u0144 sk\u0142adania ofert) o przynale\u017cno\u015bci do w\u0142a\u015bciwej izby samorz\u0105du zawodowego,<br \/>\nb) wyka\u017c\u0105 nale\u017cyte wykonanie (zgodnie z obowi\u0105zuj\u0105cymi normami i zasadami sztuki budowlanej) co najmniej dw\u00f3ch rob\u00f3t budowlanych na obiektach kubaturowych, odpowiadaj\u0105cych przedmiotowi zam\u00f3wienia, potwierdzonych referencjami, zrealizowanych w okresie ostatnich pi\u0119ciu lat przed dniem wszcz\u0119cia niniejszego post\u0119powania o udzielenie zam\u00f3wienia, a je\u015bli okres prowadzonej dzia\u0142alno\u015bci jest kr\u00f3tszy \u2013 w tym okresie.<br \/>\n1.3. Znajduj\u0105 si\u0119 w sytuacji ekonomicznej i finansowej zapewniaj\u0105cej wykonanie zam\u00f3wienia.<br \/>\n2. Ocena spe\u0142nienia przez Wykonawc\u00f3w warunk\u00f3w udzia\u0142u w post\u0119powaniu b\u0119dzie przeprowadzona w oparciu o kompletno\u015b\u0107 i prawid\u0142owo\u015b\u0107 przed\u0142o\u017conych wraz z ofert\u0105 o\u015bwiadcze\u0144 i dokument\u00f3w, jakich \u017c\u0105da Zamawiaj\u0105cy i zostanie dokonana na podstawie tre\u015bci tych dokument\u00f3w wg formu\u0142y spe\u0142nia\/nie spe\u0142nia.<br \/>\n<strong>SEKCJA IV: PROCEDURA\u00a0<\/strong><br \/>\n<strong>IV. 1) TRYB UDZIELENIA ZAM\u00d3WIENIA\u00a0<\/strong><br \/>\n<strong>IV.1.1.)Tryb udzielenia zam\u00f3wienia:<\/strong>\u00a0przetarg nieograniczony.<br \/>\n<strong>IV. 2) KRYTERIA OCENY OFERT<\/strong><br \/>\n<strong>IV. 2.1.) Kryteria oceny ofert:<\/strong>\u00a0najni\u017csza cena (100%).<br \/>\nSpos\u00f3b dokonywania oceny ofert i przydzielania punkt\u00f3w zosta\u0142 okre\u015blony w SIWZ.<br \/>\n<strong>IV. 2.2.) Wykorzystana b\u0119dzie aukcja elektroniczna:<\/strong>\u00a0nie.<br \/>\n<strong>IV. 3) INFORMACJE ADMINISTRACYJNE\u00a0<\/strong><br \/>\n<strong>Informacja o o\u015bwiadczeniach i dokumentach, jakie maj\u0105 dostarczy\u0107 Wykonawcy w celu potwierdzenia spe\u0142nienia warunk\u00f3w udzia\u0142u w post\u0119powaniu<\/strong><br \/>\nSzczeg\u00f3\u0142owy wykaz wymaganych o\u015bwiadcze\u0144 i dokument\u00f3w zosta\u0142 zamieszczony w pkt 10 Specyfikacji Istotnych Warunk\u00f3w Zam\u00f3wienia ( SIWZ).<br \/>\n<strong>IV. 3.1.) Adres strony internetowej, na kt\u00f3rej dost\u0119pna jest specyfikacja istotnych warunk\u00f3w zam\u00f3wienia:<\/strong>\u00a0www.ssemp.pl (zak\u0142adka Przetargi na roboty budowlane).<\/li>\n<\/ol>\n<p><strong>Specyfikacj\u0119 istotnych warunk\u00f3w zam\u00f3wienia mo\u017cna uzyska\u0107 pod adresem:<\/strong>\u00a0pok. nr 105 Dzia\u0142 Inwestycji (I pi\u0119tro budynku administracyjnego SSEMP S.A. przy ul. Papie\u017ca Jana Paw\u0142a II 11A w Kamiennej G\u00f3rze).<br \/>\n<strong>IV. 3.2.)\u00a0<\/strong>Termin sk\u0142adania ofert:\u00a0<strong>11.09.2015 r.<\/strong>\u00a0do godziny\u00a0<strong>12:00<\/strong>, miejsce: Siedziba Zamawiaj\u0105cego \/Sekretariat \u2013 I pi\u0119tro\/.<br \/>\n<strong>IV. 3.3.<\/strong>\u00a0Otwarcie ofert:\u00a0<strong>11.09.2015 r.<\/strong>\u00a0o godz.\u00a0<strong>12:15<\/strong>, miejsce: Siedziba Zamawiaj\u0105cego.<br \/>\n<strong>IV. 3.4.)\u00a0<\/strong>Termin zwi\u0105zania ofert\u0105: okres w dniach:\u00a0<strong>90<\/strong>\u00a0(od ostatecznego terminu sk\u0142adania ofert).<br \/>\n<strong>IV. 3.5.) Informacje dodatkowe:\u00a0<\/strong><br \/>\n1. Zamawiaj\u0105cy dopuszcza przekazywanie korespondencji tj. o\u015bwiadcze\u0144, wniosk\u00f3w, zawiadomie\u0144 oraz informacji pisemnie lub faksem \u2013 na numer faksu 75\/ 645-20-33 z zastrze\u017ceniem pkt 3.<br \/>\n2. Zamawiaj\u0105cy dopuszcza porozumiewanie si\u0119 drog\u0105 elektroniczn\u0105.<br \/>\n3. Z\u0142o\u017cenie oferty, jej wycofanie i zmiana mo\u017ce nast\u0105pi\u0107 jedynie w formie pisemnej. Z\u0142o\u017cenie tych pism w innej formie nie wywo\u0142uje jakichkolwiek skutk\u00f3w prawnych.<br \/>\n4. Zamawiaj\u0105cy zastrzega sobie prawo do zamkni\u0119cia przetargu bez wybrania kt\u00f3rejkolwiek z ofert, bez podania przyczyny, na ka\u017cdym etapie post\u0119powania. W tym przypadku oferentom nie przys\u0142uguj\u0105 jakiekolwiek roszczenia, za wyj\u0105tkiem zwrotu wadium.<br \/>\n5. Zamawiaj\u0105cy zastrzega sobie prawo wykluczenia z przetargu i odrzucenia z przyczyn formalnych w kolejnych przetargach tych oferent\u00f3w, kt\u00f3rzy z\u0142o\u017c\u0105 o\u015bwiadczenia lub podadz\u0105 informacje niezgodne ze stanem faktycznym.<br \/>\n6. Osobami do kontaktu s\u0105:<br \/>\nMarek Bodziony, pok\u00f3j nr 105 w siedzibie Zamawiaj\u0105cego tel. 75\/ 645-20-30, kom 660 691 561,<br \/>\nfaks 75\/ 645 20 33, e mail: m.bodziony@ssemp.pl,<br \/>\n\u0141ukasz S\u0142awi\u0144ski, pok\u00f3j nr 105 w siedzibie Zamawiaj\u0105cego tel. 75\/ 645-20-30, kom 602 853 881, faks 75\/ 645 20 33, e mail: l.slawinski@ssemp.pl.<\/p>\n<p><strong>Zaleca si\u0119, aby Wykonawca dokona\u0142 wizji lokalnej miejsca, gdzie b\u0119d\u0105 prowadzone prace obj\u0119te przedmiotem zam\u00f3wienia i zapozna\u0142 si\u0119 w spos\u00f3b szczeg\u00f3\u0142owy ze stanem istniej\u0105cym. Powy\u017csze umo\u017cliwi zdobycie wszelkich dodatkowych informacji, kt\u00f3re mog\u0105 by\u0107 konieczne do przygotowania oferty oraz zawarcia umowy i wykonania zam\u00f3wienia. W\u0105tpliwo\u015bci wynikaj\u0105ce z wizji lokalnej, Wykonawca musi wyja\u015bni\u0107 z Zamawiaj\u0105cym przed z\u0142o\u017ceniem oferty. Zaniechanie przeprowadzenia przez Wykonawc\u0119 wizji lokalnej nast\u0119puje na jego ryzyko i odpowiedzialno\u015b\u0107.<\/strong><\/p>\n<p><strong>UWAGA !<br \/>\nPrace budowlane b\u0119d\u0105 prowadzone w czynnym obiekcie. Wykonawca (z pomoc\u0105 Zamawiaj\u0105cego) b\u0119dzie odpowiedzialny za tak\u0105 organizacj\u0119 swoich rob\u00f3t, aby w jak najmniejszym stopniu by\u0142y one uci\u0105\u017cliwe dla u\u017cytkownik\u00f3w pozosta\u0142ych lokali u\u017cytkowych obiektu. Prowadzone prace nie mog\u0105 narusza\u0107 ci\u0105g\u0142o\u015bci funkcjonowania budynku.<\/strong><\/p>\n","protected":false},"excerpt":{"rendered":"<p>31-08-2105 OG\u0141OSZENIE O PRZETARGU dla zadania pn. \u201eTermomodernizacja budynku administracyjnego SSEMP S.A. przy ul. Papie\u017ca Jana Paw\u0142a II 11A w Kamiennej G\u00f3rze \u201d Data zamieszczenia: 31.08.2015 r. SEKCJA I: ZAMAWIAJ\u0104CY I. 1) NAZWA I ADRES:\u00a0Specjalna Strefa Ekonomiczna Ma\u0142ej Przedsi\u0119biorczo\u015bci S.A., ul. Papie\u017ca Jana Paw\u0142a II 11A, 58-400 Kamienna G\u00f3ra, woj. dolno\u015bl\u0105skie, tel. 75\/ 645 20 [&hellip;]<\/p>\n","protected":false},"author":1,"featured_media":0,"parent":0,"menu_order":0,"comment_status":"closed","ping_status":"closed","template":"","meta":{"footnotes":""},"class_list":["post-10267","page","type-page","status-publish","hentry"],"_links":{"self":[{"href":"https:\/\/old-ssemp.sowiak.dev\/index.php?rest_route=\/wp\/v2\/pages\/10267","targetHints":{"allow":["GET"]}}],"collection":[{"href":"https:\/\/old-ssemp.sowiak.dev\/index.php?rest_route=\/wp\/v2\/pages"}],"about":[{"href":"https:\/\/old-ssemp.sowiak.dev\/index.php?rest_route=\/wp\/v2\/types\/page"}],"author":[{"embeddable":true,"href":"https:\/\/old-ssemp.sowiak.dev\/index.php?rest_route=\/wp\/v2\/users\/1"}],"replies":[{"embeddable":true,"href":"https:\/\/old-ssemp.sowiak.dev\/index.php?rest_route=%2Fwp%2Fv2%2Fcomments&post=10267"}],"version-history":[{"count":1,"href":"https:\/\/old-ssemp.sowiak.dev\/index.php?rest_route=\/wp\/v2\/pages\/10267\/revisions"}],"predecessor-version":[{"id":10278,"href":"https:\/\/old-ssemp.sowiak.dev\/index.php?rest_route=\/wp\/v2\/pages\/10267\/revisions\/10278"}],"wp:attachment":[{"href":"https:\/\/old-ssemp.sowiak.dev\/index.php?rest_route=%2Fwp%2Fv2%2Fmedia&parent=10267"}],"curies":[{"name":"wp","href":"https:\/\/api.w.org\/{rel}","templated":true}]}}