{"id":10266,"date":"2016-07-22T15:27:45","date_gmt":"2016-07-22T13:27:45","guid":{"rendered":"http:\/\/ssemp.pl\/?page_id=10266"},"modified":"2016-07-22T15:28:09","modified_gmt":"2016-07-22T13:28:09","slug":"zapytanie-ofertowe-o-cene","status":"publish","type":"page","link":"https:\/\/old-ssemp.sowiak.dev\/?page_id=10266","title":{"rendered":"Zapytanie ofertowe o cen\u0119 wykonania prac dla zadania pn Sala pod patronatem SSEMP S.A. w Lubaniu 30.07.2015 r"},"content":{"rendered":"<p>Kamienna G\u00f3ra 30.07.2015 r.<\/p>\n<p><strong>ZAPYTANIE OFERTOWE O CEN\u0118<\/strong><\/p>\n<p>Specjalna Strefa Ekonomiczna Ma\u0142ej Przedsi\u0119biorczo\u015bci S.A.<br \/>\nz siedzib\u0105 ul. Papie\u017c Jana Paw\u0142a II 11A, 58-400 Kamienna G\u00f3ra<br \/>\nNIP: 614-14-72-974, REGON 230820274<br \/>\nStrona : www.ssemp.pl<br \/>\ntel. 75\/ 645 20 30, fax 75\/ 645 20 33<\/p>\n<p>zwraca si\u0119 z zapytaniem ofertowym o cen\u0119 wykonania prac<br \/>\nw ramach realizacji zadania pn:<\/p>\n<p>\u201eSala pod patronatem SSEMP S.A. w Lubaniu w Zespole Szk\u00f3\u0142 Ponadgimnazjalnych nr 2 dla zawod\u00f3w: technik mechanik oraz operator obrabiarek skrawaj\u0105cych<br \/>\nw ramach Strefowego Klastra Edukacyjnego.\u201d<\/p>\n<ol>\n<li>Przedmiotem zam\u00f3wienia jest kompleksowe wykonanie prac polegaj\u0105cych na modernizacji pomieszczenia o \u0142\u0105cznej powierzchni oko\u0142o 60 m2, zlokalizowanego na parterze budynku Zespo\u0142u Szk\u00f3\u0142 Ponadgimnazjalnych nr 2 w Lubaniu przy ulicy Le\u015bnej 8, wraz z wypoza\u017ceniem pracowni w niezb\u0119dne narz\u0119dzia i sprz\u0119t okre\u015blone\u00a0<strong>w za\u0142\u0105czniku nr 3<\/strong>.<br \/>\n2. Szczeg\u00f3\u0142owy zakres rzeczowy prac obejmuje:<br \/>\na) skucie posadzki betonowej w ca\u0142ym pomieszczeniu, wykonanie izolacji przeciwwilgociowej z folii PCW, wykonanie izolacji cieplnej z p\u0142yt styropianowych, wykonanie nowej posadzki betonowej w ca\u0142ym pomieszczeniu, malowanie posadzki farb\u0105 epoksydow\u0105, antypo\u015blizgow\u0105, wymalowanie cokolik\u00f3w farb\u0105 przy posadzce o szeroko\u015bci 15 cm,<br \/>\nb) demonta\u017c grzejnik\u00f3w \u017celiwnych 2 sztuki o d\u0142ugo\u015bci 2 metr\u00f3w,<br \/>\nc) monta\u017c stalowych grzejnik\u00f3w p\u0142ytowych typu: Compact 2 szt. o wymiarach 200 mm x 600 mm,<br \/>\nd) wykonanie i monta\u017c \u015bcianki dzia\u0142owej z p\u0142yt gipsowo-kartonowych,<br \/>\ne) wykonanie sufitu podwieszanego z p\u0142yt gipsowo-kartonowych na profilach aluminiowych wraz ze szpachlowaniem \u0142\u0105cze\u0144, szlifowaniem zgrubie\u0144, gruntowaniem oraz dwukrotnym malowaniem farb\u0105 akrylow\u0105,<br \/>\nf) wykonanie g\u0142adzi na \u015bcianach wraz z gruntowaniem oraz dwukrotnym malowaniem farb\u0105 akrylow\u0105, wg kolorystyki uwzgl\u0119dnionej z Zamawiaj\u0105cym,<br \/>\ng) wymiana instalacji elektrycznej o\u015bwietlenia sufitowego wraz z monta\u017cem opraw o\u015bwieleniowych typu raster 4 x 18 W (natynkowa) &#8211; 8 sztuk,<br \/>\nh) wykonanie i monta\u017c dw\u00f3ch tabliczek z dibondu oraz folii o wymiarach 50 cm x 90 cm, wed\u0142ug opisu i kolorystyki uzgodnionej z Zamawiaj\u0105cym,<br \/>\ni) wymiana i monta\u017c osprz\u0119tu elektrycznego \/w\u0142\u0105cznik\u00f3w, gniazd w pomieszczeniu,<br \/>\nj) usuwanie na bie\u017c\u0105co wszelkich odpad\u00f3w i zanieczyszcze\u0144 powsta\u0142ych w toku realizacji prac.<br \/>\n3. Zakres zam\u00f3wienia musi zawiera\u0107 wszelkie elementy, kt\u00f3re w spos\u00f3b oczywisty s\u0105 potrzebne do tego, aby przedmiot zam\u00f3wienia osi\u0105gn\u0105\u0142 wymagane cele, nawet je\u017celi elementy takie nie s\u0105 wyra\u017anie wyszczeg\u00f3lnione w zapytaniu.<br \/>\n4. Zamawiaj\u0105cy wymaga, aby wszystkie u\u017cyte i zastosowane do wykonania prac wyroby i materia\u0142y, b\u0119d\u0105ce przedmiotem zam\u00f3wienia, by\u0142y fabrycznie nowe, z produkcji bie\u017c\u0105cej , posiada\u0142y odpowiednie aprobaty techniczne i deklaracje zgodno\u015bci, stosowne oznaczenia \u015bwiadcz\u0105ce o dopuszczeniu ich do stosowania w budownictwie oraz inne dokumenty.<br \/>\n5. Wszelkie koszty zwi\u0105zane z wykonaniem przedmiotu zam\u00f3wienia w tym: transport materia\u0142\u00f3w, materia\u0142y, koszty pracy pracownik\u00f3w, urz\u0105dze\u0144, sprz\u0119tu, transport i utylizacja odpad\u00f3w powsta\u0142ych w trakcie realizacji rob\u00f3t, ponosi Wykonawca.<br \/>\n6. W przypadku zniszczenia lub uszkodzenia mienia b\u0119d\u0105cego w posiadaniu Zamawiaj\u0105cego lub os\u00f3b trzecich, Wykonawca poniesie koszty naprawy i doprowadzenie do stanu pierwotnego.<br \/>\n7. Wykonawca jest zobowi\u0105zany do:<br \/>\na) konsultowania z Zamawiaj\u0105cym jakichkolwiek w\u0105tpliwo\u015bci wynik\u0142ych podczas realizacji prac,<br \/>\nb) powiadomienia Zamawiaj\u0105cego o zastosowanych i u\u017cytych materia\u0142ach, niezb\u0119dnych do przeprowadzenia prac.<br \/>\n8. O udzielenie zam\u00f3wienia mog\u0105 ubiega\u0107 si\u0119 Wykonawcy, kt\u00f3rzy spe\u0142niaj\u0105 nast\u0119puj\u0105ce wymagania:<br \/>\na) posiadaj\u0105 niezb\u0119dn\u0105 wiedz\u0119 i do\u015bwiadczenie, dysponuj\u0105 potencja\u0142em technicznym i osobami zdolnymi do wykonania przedmiotu zam\u00f3wienia,<br \/>\nb) znajduj\u0105 si\u0119 w sytuacji ekonomicznej i finansowej zapewniaj\u0105cej wykonanie zam\u00f3wienia.<br \/>\n9. Przedmiot zam\u00f3wienia nale\u017cy wykona\u0107 zgodnie z obowi\u0105zuj\u0105cymi przepisami w szczeg\u00f3lno\u015bci z:<br \/>\n&#8211; ustaw\u0105 z dnia 07.07.1994 r. Prawo budowlane (t.j. Dz. U. z 2010 r. Nr 243, poz. 1623 z p\u00f3\u017an. zm.),<br \/>\n&#8211; obowi\u0105zuj\u0105cymi normami i zasadami wiedzy technicznej, a tak\u017ce z uwzgl\u0119dnieniem bran\u017cowych warunk\u00f3w technicznych i uzgodnie\u0144 roboczych z Zamawiaj\u0105cym.<br \/>\n10. Zapytania o przedmiot zam\u00f3wienia: Wszelkich informacji udziela Marek Bodziony, tel. 75\/645-20-30, kom. 660-691-561; lub e-mail: m.bodziony@ssemp.pl. Adres strony internetowej, na kt\u00f3rej dost\u0119pne jest zapytanie ofertowe www.ssemp.pl ( zak\u0142adka Przetargi na roboty budowlane).<br \/>\n11. Termin zwi\u0105zania ofert\u0105:<br \/>\nSk\u0142adaj\u0105cy ofert\u0119 pozostaje ni\u0105 zwi\u0105zany przez okres 30 dni. Bieg terminu zwi\u0105zania ofert\u0105 rozpoczyna si\u0119 wraz z up\u0142ywem terminu sk\u0142adania ofert.<br \/>\n12. Termin wykonania zam\u00f3wienia:<br \/>\nWykonawca przyst\u0105pi do realizacji zam\u00f3wienia niezw\u0142ocznie po podpisaniu umowy b\u0105d\u017a zlecenia na wykonanie prac b\u0119d\u0105cych przedmiotem zam\u00f3wienia, za\u015b wykonanie zam\u00f3wienia zako\u0144czy w terminie do\u00a0<strong>30.09.2015 roku<\/strong>.<br \/>\n13. Wykaz dokument\u00f3w, jakie nale\u017cy dostarczy\u0107 w celu potwierdzenia spe\u0142nienia warunk\u00f3w udzia\u0142u w post\u0119powaniu:<br \/>\na) nale\u017cy wype\u0142ni\u0107 formularz oferty ( za\u0142\u0105cznik nr 1 do zapytania),<br \/>\nb) o\u015bwiadczenie wykonawcy (za\u0142\u0105cznik nr 2 do zapytania)<br \/>\nc) do formularza oferty nale\u017cy do\u0142\u0105czy\u0107 aktualny odpis z w\u0142a\u015bciwego rejestru albo aktualne za\u015bwiadczenie o wpisie do ewidencji dzia\u0142alno\u015bci gospodarczej, je\u017celi odr\u0119bne przepisy wymagaj\u0105 wpisu do rejestru lub zg\u0142oszenia do ewidencji dzia\u0142alno\u015bci gospodarczej \u2013 wystawione\/ wygenerowane nie wcze\u015bniej ni\u017c 6 miesi\u0119cy przed up\u0142ywem terminu sk\u0142adania ofert,<br \/>\nd) aktualne za\u015bwiadczenie w\u0142a\u015bciwego naczelnika Urz\u0119du Skarbowego, oraz w\u0142a\u015bciwego oddzia\u0142u Zak\u0142adu Ubezpiecze\u0144 Spo\u0142ecznych lub Kasy Rolniczego Ubezpieczenia Spo\u0142ecznego potwierdzaj\u0105ce odpowiednio, \u017ce Wykonawca nie zalega z op\u0142aceniem podatk\u00f3w,op\u0142at oraz sk\u0142adek na ubezpieczenie zdrowotne i spo\u0142eczne, lub za\u015bwiadczenie \u017ce uzyska\u0142 przewidziane prawem zwolnienie, odroczenie lub roz\u0142o\u017cenie na raty zaleg\u0142ych p\u0142atno\u015bci lub wstrzymania w ca\u0142o\u015bci wykonania decyzji w\u0142a\u015bciwego organu. Powy\u017csze za\u015bwiadczenia musz\u0105 by\u0107 wystawione\/wygenerowane nie wcze\u015bniej ni\u017c 3 miesi\u0105ce przed up\u0142ywem terminu sk\u0142adania ofert.<br \/>\n14. Warunki p\u0142atno\u015bci:<br \/>\nStrony ustalaj\u0105, \u017ce rozliczenie za wykonanie przedmiotu zam\u00f3wienia nast\u0105pi jednorazowo po protokolarnym odbiorze wykonanych prac oraz po braku wniesienia uwag<br \/>\ni zastrze\u017ce\u0144 ze strony Zamawiaj\u0105cego, w sprawie wykonania zakresu prac obj\u0119tych zapytaniem ofertowym.<\/li>\n<li>Realizacja p\u0142atno\u015bci:<br \/>\na) \u017c\u0105dania p\u0142atno\u015bci powinny by\u0107 adresowane na Zamawiaj\u0105cego,<br \/>\nb) zap\u0142ata wynagrodzenia b\u0119dzie dokonana przelewem, na rachunek Wykonawcy wskazany na fakturze ko\u0144cowej, w terminie 14 dni od daty z\u0142o\u017cenia faktury Vat w siedzibie Zamawiaj\u0105cego,<br \/>\nc) za dzie\u0144 zap\u0142aty wynagrodzenia przyjmuje si\u0119 dzie\u0144 obci\u0105\u017cenia rachunku Zamawiaj\u0105cego.<br \/>\nJe\u017celi dzie\u0144 p\u0142atno\u015bci przypada w sobot\u0119 lub dzie\u0144 ustawowo wolny od pracy, za termin p\u0142atno\u015bci uwa\u017ca si\u0119 pierwszy dzie\u0144 roboczy nast\u0119puj\u0105cy po takim dniu.<br \/>\n16. Kryteria oceny ofert:<br \/>\nPrzy wyborze oferty najkorzystniejszej SSEMP S.A. b\u0119dzie kierowa\u0107 si\u0119 jedynym kryterium cena oferty brutto \u2013 100%.<br \/>\nTermin i miejsce sk\u0142adania ofert:<br \/>\nOfert\u0119 nale\u017cy z\u0142o\u017cy\u0107 do dnia\u00a0<strong>07.08.2015 r.<\/strong>\/pi\u0105tek\/ do godziny 12:00 w sekretariacie SSEMP S.A.<br \/>\n(I pi\u0119tro), ul. Papie\u017ca Jana Paw\u0142a II 11A, 58-400 Kamienna G\u00f3ra, lub przes\u0142a\u0107 faksem na nr 75\/ 645-20-33 lub e-mailem: m.bodziony@ssemp.pl<\/li>\n<\/ol>\n<p><strong>Zaleca si\u0119 przed przyst\u0105pieniem do sporz\u0105dzenia oferty dokonanie wizji lokalnej miejsca realizacji przedmiotu zam\u00f3wienia wraz z dokonaniem niezb\u0119dnych obmiar\u00f3w.<\/strong><br \/>\nPowy\u017csze umo\u017cliwi zdobycie dodatkowych informacji, kt\u00f3re mog\u0105 by\u0107 konieczne do przygotowania oferty, zawarcia umowy i wykonania zam\u00f3wienia. W\u0105tpliwo\u015bci wynikaj\u0105ce z wizji lokalnej, Wykonawca musi wyja\u015bni\u0107 z Zamawiaj\u0105cym przed z\u0142o\u017ceniem oferty.<br \/>\nZaniechanie przeprowadzenia przez Wykonawc\u0119 wizji nast\u0119puje na jego ryzyko oraz jego odpowiedzialno\u015b\u0107.<\/p>\n<p>Zamawiaj\u0105cy zastrzega sobie prawo do zamkni\u0119cia post\u0119powania bez wybrania kt\u00f3rejkolwiek z ofert, bez podania przyczyny, na ka\u017cdym etapie post\u0119powania. W tym przypadku oferentom nie przys\u0142uguj\u0105 jakiekolwiek roszczenia.<\/p>\n","protected":false},"excerpt":{"rendered":"<p>Kamienna G\u00f3ra 30.07.2015 r. ZAPYTANIE OFERTOWE O CEN\u0118 Specjalna Strefa Ekonomiczna Ma\u0142ej Przedsi\u0119biorczo\u015bci S.A. z siedzib\u0105 ul. Papie\u017c Jana Paw\u0142a II 11A, 58-400 Kamienna G\u00f3ra NIP: 614-14-72-974, REGON 230820274 Strona : www.ssemp.pl tel. 75\/ 645 20 30, fax 75\/ 645 20 33 zwraca si\u0119 z zapytaniem ofertowym o cen\u0119 wykonania prac w ramach realizacji zadania [&hellip;]<\/p>\n","protected":false},"author":1,"featured_media":0,"parent":0,"menu_order":0,"comment_status":"closed","ping_status":"closed","template":"","meta":{"footnotes":""},"class_list":["post-10266","page","type-page","status-publish","hentry"],"_links":{"self":[{"href":"https:\/\/old-ssemp.sowiak.dev\/index.php?rest_route=\/wp\/v2\/pages\/10266","targetHints":{"allow":["GET"]}}],"collection":[{"href":"https:\/\/old-ssemp.sowiak.dev\/index.php?rest_route=\/wp\/v2\/pages"}],"about":[{"href":"https:\/\/old-ssemp.sowiak.dev\/index.php?rest_route=\/wp\/v2\/types\/page"}],"author":[{"embeddable":true,"href":"https:\/\/old-ssemp.sowiak.dev\/index.php?rest_route=\/wp\/v2\/users\/1"}],"replies":[{"embeddable":true,"href":"https:\/\/old-ssemp.sowiak.dev\/index.php?rest_route=%2Fwp%2Fv2%2Fcomments&post=10266"}],"version-history":[{"count":2,"href":"https:\/\/old-ssemp.sowiak.dev\/index.php?rest_route=\/wp\/v2\/pages\/10266\/revisions"}],"predecessor-version":[{"id":10277,"href":"https:\/\/old-ssemp.sowiak.dev\/index.php?rest_route=\/wp\/v2\/pages\/10266\/revisions\/10277"}],"wp:attachment":[{"href":"https:\/\/old-ssemp.sowiak.dev\/index.php?rest_route=%2Fwp%2Fv2%2Fmedia&parent=10266"}],"curies":[{"name":"wp","href":"https:\/\/api.w.org\/{rel}","templated":true}]}}