{"id":10265,"date":"2016-07-22T15:26:38","date_gmt":"2016-07-22T13:26:38","guid":{"rendered":"http:\/\/ssemp.pl\/?page_id=10265"},"modified":"2016-07-22T15:26:39","modified_gmt":"2016-07-22T13:26:39","slug":"ogloszenie-o-przetargu-jelenia-gora-dostawa-sprzetu-oraz-pomocy-dydaktycznych-24-07-2015","status":"publish","type":"page","link":"https:\/\/old-ssemp.sowiak.dev\/?page_id=10265","title":{"rendered":"Og\u0142oszenie o przetargu Jelenia G\u00f3ra -Dostawa sprz\u0119tu oraz pomocy dydaktycznych &#8211; 24-07-2015"},"content":{"rendered":"<p><strong>OG\u0141OSZENIE O PRZETARGU<\/strong><\/p>\n<p>Dostawa sprz\u0119tu oraz pomocy dydaktycznych<br \/>\nna potrzeby pracowni dla zadania pn.<br \/>\n<strong>\u201eWarsztaty szkolenia praktycznego dla zawodu technik urz\u0105dze\u0144 i system\u00f3w energetyki odnawialnej w Zespole Szk\u00f3\u0142 Technicznych \u201eMechanik\u201d w Jeleniej G\u00f3rze w ramach Strefowego Klastra Edukacyjnego.\u201d<\/strong><br \/>\nData zamieszczenia: 24.07.2015 r.<\/p>\n<p>SEKCJA I: ZAMAWIAJ\u0104CY<br \/>\n<strong>I. 1) NAZWA I ADRES:\u00a0<\/strong>Specjalna Strefa Ekonomiczna Ma\u0142ej Przedsi\u0119biorczo\u015bci S.A., ul. Papie\u017ca Jana Paw\u0142a II 11A, 58-400 Kamienna G\u00f3ra, woj. dolno\u015bl\u0105skie,<br \/>\ntel. 75\/ 645 20 30, faks 75\/ 645 20 33, e &#8211; mail: strefa@ssemp.pl<\/p>\n<ol>\n<li><strong> 2) RODZAJ ZAMAWIAJ\u0104CEGO:<\/strong>Sp\u00f3\u0142ka prawa handlowego.<\/li>\n<\/ol>\n<ul>\n<li><strong>Adres strony internetowej Zamawiaj\u0105cego:<\/strong>www.ssemp.pl<\/li>\n<\/ul>\n<p>SEKCJA II: PRZEDMIOT ZAM\u00d3WIENIA<\/p>\n<ol>\n<li><strong> 1) OKRE\u015aLENIE PRZEDMIOTU ZAM\u00d3WIENIA<\/strong><\/li>\n<li><strong> 1.1) Nazwa nadana zam\u00f3wieniu przez Zamawiaj\u0105cego:<\/strong><\/li>\n<\/ol>\n<p><strong>\u201eWarsztaty szkolenia praktycznego dla zawodu technik urz\u0105dze\u0144 i system\u00f3w energetyki odnawialnej w Zespole Szk\u00f3\u0142 Technicznych \u201eMechanik\u201d w Jeleniej G\u00f3rze<br \/>\nw ramach Strefowego Klastra Edukacyjnego.\u201d<\/strong><\/p>\n<ol>\n<li><strong> 1.2) Rodzaj zam\u00f3wienia:<\/strong>dostawy.<br \/>\n<strong>II. 1.3) Okre\u015blenie przedmiotu oraz wielko\u015bci lub zakresu zam\u00f3wienia:<\/strong><br \/>\n1. Przedmiotem zam\u00f3wienia jest wyposa\u017cenie pracowni szkolnej w stanowiska dydaktyczne wraz z dostaw\u0105, monta\u017cem oraz uruchomieniem sprz\u0119tu dla potrzeb pracowni do nauki zawodu: technik urz\u0105dze\u0144 i system\u00f3w energetyki odnawialnej, realizowanej w ramach Strefowego Klastra Edukacyjnego w Jeleniej G\u00f3rze. Zam\u00f3wienie obejmuje kompleksowe wyposa\u017cenie pracowni w stanowiska badawczo-u\u017cytkowe oraz stanowiska demonstracyjne wraz z pracami instalatorskimi, wykonanie i wdro\u017cenie systemu informatycznego SCADA wsp\u00f3\u0142pracuj\u0105cego ze stanowiskami badawczo-u\u017cytkowymi oraz stanowiskami demonstracyjnymi.<br \/>\n2. Szczeg\u00f3\u0142owy zakres zam\u00f3wienia zosta\u0142 okre\u015blony w SIWZ.<br \/>\n3. Zamawiaj\u0105cy dopuszcza realizacj\u0119 przedmiotowego zam\u00f3wienia przy pos\u0142u\u017ceniu si\u0119 podwykonawcami.<br \/>\n<strong>II. 1.4) Wsp\u00f3lny S\u0142ownik Zam\u00f3wie\u0144 (CPV):<\/strong><\/li>\n<\/ol>\n<p>30.21.33.00-8 Komputer biurkowy<br \/>\n30.23.13.00-0 Monitory ekranowe<br \/>\n30.23.60.00-2 R\u00f3\u017cny sprz\u0119t komputerowy<br \/>\n30.23.72.80-5 Akcesoria zasilaj\u0105ce<br \/>\n38.65.21.10-1 Projektory<br \/>\n<strong>II. 1.5) Czy dopuszcza si\u0119 z\u0142o\u017cenie oferty cz\u0119\u015bciowej<\/strong>: nie<br \/>\n<strong>II. 1.6) Czy dopuszcza si\u0119 z\u0142o\u017cenie oferty wariantowej:\u00a0<\/strong>nie<br \/>\n<strong>II. 2) CZAS TRWANIA ZAM\u00d3WIENIA LUB TERMIN WYKONANIA:<\/strong><br \/>\nZam\u00f3wienie nale\u017cy wykona\u0107 w terminie<strong>\u00a05 tygodni<\/strong>\u00a0od daty podpisania umowy na dostaw\u0119 sprz\u0119tu oraz pomocy dydaktycznych.<br \/>\nSEKCJA III: INFORMACJE O CHARAKTERZE PRAWNYM, EKONOMICZNYM, FINANSOWYM I TECHNICZNYM<br \/>\n<strong>III. 1) WADIUM<br \/>\nInformacja na temat wadium:<\/strong>\u00a0Zamawiaj\u0105cy nie przewiduje obowi\u0105zku wniesienia wadium.<br \/>\n<strong>III. 2) ZALICZKI<br \/>\nIII. 3) WARUNKI UDZIA\u0141U W POST\u0118POWANIU ORAZ OPIS SPOSOBU DOKONYWANIA OCENY SPE\u0141NIANIA TYCH WARUNK\u00d3W<\/strong><br \/>\n<strong>III.3.1) Uprawnienia do wykonywania okre\u015blonej dzia\u0142alno\u015bci lub czynno\u015bci, je\u017celi przepisy prawa nak\u0142adaj\u0105 obowi\u0105zek ich posiadania<\/strong><br \/>\nOpis sposobu dokonywania oceny spe\u0142niania tego warunku: nie dotyczy.<br \/>\n<strong>III.3.2) Wiedza i do\u015bwiadczenie<\/strong><br \/>\nOpis sposobu dokonywania oceny spe\u0142niania tego warunku nie dotyczy.<br \/>\n<strong>III.3.3) Potencja\u0142 techniczny\u00a0<\/strong><br \/>\nOpis sposobu dokonywania oceny spe\u0142niania tego warunku: nie dotyczy.<br \/>\n<strong>III.3.4) Osoby zdolne do wykonania zam\u00f3wienia\u00a0<\/strong><br \/>\nOpis sposobu dokonywania oceny spe\u0142niania tego warunku: nie dotyczy.<br \/>\n<strong>III.3.5) Sytuacja ekonomiczna i finansowa\u00a0<\/strong><br \/>\nOpis sposobu dokonywania oceny spe\u0142niania tego warunku nie dotyczy.<br \/>\n<strong>III.4) INFORMACJA O O\u015aWIADCZENIACH LUB DOKUMENTACH, JAKIE MAJ\u0104 DOSTARCZY\u0106 WYKONAWCY W CELU POTWIERDZENIA SPE\u0141NIANIA WARUNK\u00d3W UDZIA\u0141U W POST\u0118POWANIU ORAZ NIEPODLEGANIA WYKLUCZENIU, O KT\u00d3RYCH MOWA W ROZDZIALE VII PKT 2 I 3 SIWZ<\/strong><br \/>\nIII.4.1) W zakresie wykazania spe\u0142niania przez Wykonawc\u0119 warunk\u00f3w, o kt\u00f3rych mowa w Rozdziale VII pkt 1 SIWZ, opr\u00f3cz o\u015bwiadczenia o spe\u0142nieniu warunk\u00f3w udzia\u0142u w post\u0119powaniu, nale\u017cy przed\u0142o\u017cy\u0107.<br \/>\n<strong>III.4.2) W zakresie potwierdzenia braku podstaw do wykluczenia Wykonawcy z powodu niespe\u0142nienia warunk\u00f3w, o kt\u00f3rych mowa w Rozdziale VII pkt 2 i 3 SIWZ, nale\u017cy przed\u0142o\u017cy\u0107:<\/strong><br \/>\n\u2022 o\u015bwiadczenie o braku podstaw do wykluczenia z post\u0119powania,<br \/>\n\u2022 aktualny odpis z w\u0142a\u015bciwego rejestru lub z centralnej ewidencji i informacji o dzia\u0142alno\u015bci gospodarczej, je\u017celi odr\u0119bne przepisy wymagaj\u0105 wpisu do rejestru lub ewidencji, w celu wykazania braku podstaw do wykluczenia, o kt\u00f3rych mowa w Rozdziale VII pkt 2 lit. c) SIWZ, wystawiony nie wcze\u015bniej ni\u017c 6 miesi\u0119cy przed up\u0142ywem terminu sk\u0142adania ofert.<br \/>\n<strong>III.4.3) Dokumenty podmiot\u00f3w zagranicznych<\/strong><br \/>\nJe\u017celi Wykonawca ma siedzib\u0119 lub miejsce zamieszkania poza terytorium Rzeczypospolitej Polskiej, przedk\u0142ada:<br \/>\n<strong>III.4.3.1) dokument wystawiony w kraju, w kt\u00f3rym ma siedzib\u0119 lub miejsce zamieszkania potwierdzaj\u0105cy, \u017ce:<\/strong><br \/>\n\u2022 nie otwarto likwidacji ani nie og\u0142oszono upad\u0142o\u015bci &#8211; wystawiony nie wcze\u015bniej ni\u017c 6 miesi\u0119cy<br \/>\n\u2022 przed up\u0142ywem terminu sk\u0142adania ofert.<br \/>\n<strong>III.4.4) Dokumenty dotycz\u0105ce przynale\u017cno\u015bci do tej samej grupy kapita\u0142owej<\/strong><br \/>\n\u2022 lista podmiot\u00f3w nale\u017c\u0105cych do tej samej grupy kapita\u0142owej, w rozumieniu ustawy z dnia 16 lutego 2007 r. o ochronie konkurencji i konsument\u00f3w (Dz. U. Nr 50, poz. 331, z p\u00f3\u017an. zm.) albo informacji o tym, \u017ce Wykonawca nie nale\u017cy do grupy kapita\u0142owej.<br \/>\n<strong>III.5) Inne dokumenty<\/strong><br \/>\nInne dokumenty niewymienione w pkt III. 4)<br \/>\n1. O\u015bwiadczenie o spe\u0142nianiu warunk\u00f3w, o kt\u00f3rych mowa w Rozdziale VII pkt 1 SIWZ,<br \/>\n2. Pisemne zobowi\u0105zanie podmiot\u00f3w do oddania do dyspozycji niezb\u0119dnych zasob\u00f3w na okres korzystania z nich przy wykonywaniu zam\u00f3wienia, w przypadku je\u017celi Wykonawca polega na wiedzy i do\u015bwiadczeniu, potencjale technicznym, osobach zdolnych do wykonania zam\u00f3wienia lub zdolno\u015bciach finansowych innych podmiot\u00f3w, o kt\u00f3rym mowa w Rozdziale VIII pkt 3 SIWZ (je\u017celi dotyczy).<br \/>\nSEKCJA IV: PROCEDURA<br \/>\n<strong>IV.1) TRYB UDZIELENIA ZAM\u00d3WIENIA\u00a0<\/strong><br \/>\n<strong>IV.1.1) Tryb udzielenia zam\u00f3wienia:\u00a0<\/strong>przetarg nieograniczony, bez stosowania przepis\u00f3w ustawy z dnia 29 stycznia 2004 r. \u2013 Prawo zam\u00f3wie\u0144 publicznych (tj. Dz. U. z 2013 r. poz. 907 z p\u00f3\u017an. zm.).<br \/>\n<strong>IV.2) KRYTERIA OCENY OFERT<br \/>\nIV.2.1) Kryteria oceny ofert: najni\u017csza cena 100%.<br \/>\nIV.2.2) Czy przeprowadzona b\u0119dzie aukcja elektroniczna:\u00a0<\/strong>nie<br \/>\n<strong>IV.3) INFORMACJE ADMINISTRACYJNE<\/strong><br \/>\n<strong>IV.3.1) Adres strony internetowej na kt\u00f3rej dost\u0119pna jest Specyfikacja Istotnych Warunk\u00f3w Zam\u00f3wienia:<\/strong>\u00a0www.ssemp.pl (zak\u0142adka Przetargi na roboty budowlane)<br \/>\n<strong>Specyfikacj\u0119 Istotnych Warunk\u00f3w Zam\u00f3wienia mo\u017cna uzyska\u0107 pod adresem:<\/strong><br \/>\nDzia\u0142 Inwestycji &#8211; pok. nr 105 (I pi\u0119tro), ul. Papie\u017ca Jana Paw\u0142a II 11A, 58-400 Kamienna G\u00f3ra.<br \/>\n<strong>IV.3.2) Termin sk\u0142adania ofert:<\/strong>\u00a031.07.2015 r. godzina\u00a0<strong>12:00,<\/strong><br \/>\nmiejsce: siedziba Zamawiaj\u0105cego \/Sekretariat \u2013 I pi\u0119tro\/, pok. nr 102<br \/>\nul. Papie\u017ca Jana Paw\u0142a II 11A, 58-400 Kamienna G\u00f3ra<br \/>\n<strong>IV.3.3) Otwarcie ofert: 31.07.2015 r.<\/strong>\u00a0o godz.\u00a0<strong>12:15,<\/strong>\u00a0miejsce: siedziba Zamawiaj\u0105cego<br \/>\npok. nr 112, sala konferencyjna, (I pi\u0119tro)<br \/>\nul. Papie\u017ca Jana Paw\u0142a II 11A, 58-400 Kamienna G\u00f3ra<br \/>\n<strong>IV.3.4) Termin zwi\u0105zania ofert\u0105:<\/strong>\u00a0okres w dniach:\u00a0<strong>30<\/strong>\u00a0(od ostatecznego terminu sk\u0142adania ofert).<br \/>\n<strong>IV 3.5) Informacje dodatkowe:<\/strong><br \/>\n1. Zamawiaj\u0105cy zastrzega sobie prawo do zamkni\u0119cia przetargu bez wybrania kt\u00f3rejkolwiek z ofert, bez podania przyczyny, na ka\u017cdym etapie post\u0119powania. W tym przypadku oferentom nie przys\u0142uguj\u0105 jakiekolwiek roszczenia.<br \/>\n2. Osobami upowa\u017cnionymi do kontaktu s\u0105:<br \/>\nMarek Bodziony, pok\u00f3j nr 105 w siedzibie Zamawiaj\u0105cego Zamawiaj\u0105cego tel. 75\/ 645-20-30, kom 660 691 561, faks 75\/ 645 20 33, e mail: m.bodziony@ssemp.pl,<br \/>\n\u0141ukasz S\u0142awi\u0144ski, pok\u00f3j nr 105 w siedzibie Zamawiaj\u0105cego Zamawiaj\u0105cego tel. 75\/ 645-20-30, kom 602 853 881, faks 75\/ 645 20 33, e mail: l.slawinski@ssemp.pl.<\/p>\n","protected":false},"excerpt":{"rendered":"<p>OG\u0141OSZENIE O PRZETARGU Dostawa sprz\u0119tu oraz pomocy dydaktycznych na potrzeby pracowni dla zadania pn. \u201eWarsztaty szkolenia praktycznego dla zawodu technik urz\u0105dze\u0144 i system\u00f3w energetyki odnawialnej w Zespole Szk\u00f3\u0142 Technicznych \u201eMechanik\u201d w Jeleniej G\u00f3rze w ramach Strefowego Klastra Edukacyjnego.\u201d Data zamieszczenia: 24.07.2015 r. SEKCJA I: ZAMAWIAJ\u0104CY I. 1) NAZWA I ADRES:\u00a0Specjalna Strefa Ekonomiczna Ma\u0142ej Przedsi\u0119biorczo\u015bci S.A., [&hellip;]<\/p>\n","protected":false},"author":1,"featured_media":0,"parent":0,"menu_order":0,"comment_status":"closed","ping_status":"closed","template":"","meta":{"footnotes":""},"class_list":["post-10265","page","type-page","status-publish","hentry"],"_links":{"self":[{"href":"https:\/\/old-ssemp.sowiak.dev\/index.php?rest_route=\/wp\/v2\/pages\/10265","targetHints":{"allow":["GET"]}}],"collection":[{"href":"https:\/\/old-ssemp.sowiak.dev\/index.php?rest_route=\/wp\/v2\/pages"}],"about":[{"href":"https:\/\/old-ssemp.sowiak.dev\/index.php?rest_route=\/wp\/v2\/types\/page"}],"author":[{"embeddable":true,"href":"https:\/\/old-ssemp.sowiak.dev\/index.php?rest_route=\/wp\/v2\/users\/1"}],"replies":[{"embeddable":true,"href":"https:\/\/old-ssemp.sowiak.dev\/index.php?rest_route=%2Fwp%2Fv2%2Fcomments&post=10265"}],"version-history":[{"count":1,"href":"https:\/\/old-ssemp.sowiak.dev\/index.php?rest_route=\/wp\/v2\/pages\/10265\/revisions"}],"predecessor-version":[{"id":10275,"href":"https:\/\/old-ssemp.sowiak.dev\/index.php?rest_route=\/wp\/v2\/pages\/10265\/revisions\/10275"}],"wp:attachment":[{"href":"https:\/\/old-ssemp.sowiak.dev\/index.php?rest_route=%2Fwp%2Fv2%2Fmedia&parent=10265"}],"curies":[{"name":"wp","href":"https:\/\/api.w.org\/{rel}","templated":true}]}}