{"id":10261,"date":"2016-07-22T15:23:11","date_gmt":"2016-07-22T13:23:11","guid":{"rendered":"http:\/\/ssemp.pl\/?page_id=10261"},"modified":"2016-07-22T15:23:11","modified_gmt":"2016-07-22T13:23:11","slug":"budowa-nawierzchni-drogowej-na-terenie-podstrefy-luban-18-06-2015","status":"publish","type":"page","link":"https:\/\/old-ssemp.sowiak.dev\/?page_id=10261","title":{"rendered":"Budowa nawierzchni drogowej na terenie Podstrefy Luba\u0144 &#8211; 18-06-2015"},"content":{"rendered":"<p>OG\u0141OSZENIE O PRZETARGU<\/p>\n<p>WYKONAJ ROBOTY BUDOWLANE:<br \/>\n<strong>\u201eBudowa nawierzchni drogowej na terenie Podstrefy Luba\u0144.&#8221;<\/strong><br \/>\nCPV: 45.00.00.00-7, 45.10.00.00-8, 45.11.13.00-1, 45.20.00.00-9, 45.23.00.00-8,<br \/>\n45.23.30.00-9, 45.23.31.20-6.<\/p>\n<p>Data zamieszczenia 18.06.2015 r.<br \/>\n<strong>I. 1) NAZWA I ADRES<\/strong>: Specjalna Strefa Ekonomiczna Ma\u0142ej Przedsi\u0119biorczo\u015bci S.A., ul. Papie\u017ca Jana Paw\u0142a II 11A, 58-400 Kamienna G\u00f3ra, woj. dolno\u015bl\u0105skie, tel. 75\/ 645 20 30, faks 75\/ 645 20 33, e-mail: strefa@ssemp.pl<br \/>\n<strong>I. 2) Rodzaj zamawiaj\u0105cego:<\/strong>\u00a0Sp\u00f3\u0142ka prawa handlowego.<br \/>\n<strong>\u25cf Adres strony internetowej zamawiaj\u0105cego<\/strong>: www.ssemp.pl<br \/>\n<strong>SEKCJA II: PRZEDMIOT ZAM\u00d3WIENIA<br \/>\nII. 1) OKRE\u015aLENIE PRZEDMIOTU ZAM\u00d3WIENIA\u00a0<\/strong><br \/>\nII. 1.1.) Nazwa nadana zam\u00f3wieniu przez Zamawiaj\u0105cego:<br \/>\nBudowa nawierzchni drogowej na terenie Podstrefy Luba\u0144.<br \/>\n<strong>II. 1.2.) Rodzaj zam\u00f3wienia: roboty budowlane.<br \/>\nII. 1.3.) Okre\u015blenie przedmiotu oraz wielko\u015bci lub zakresu zam\u00f3wienia\u00a0<\/strong><br \/>\nPrzedmiotem zam\u00f3wienia jest przebudowa nawierzchni drogowej na odcinku o d\u0142ugo\u015bci oko\u0142o 135,00 mb, w granicach wewn\u0119trznego uk\u0142adu komunikacyjnego na terenie Podstrefy Luba\u0144, w obr\u0119bie dzia\u0142ek nr ew. 2\/37, AM 9 i 16\/44, AM 8, przy ul. Gazowej w Lubaniu.<br \/>\nDroga na odcinku obj\u0119tym zam\u00f3wieniem charakteryzuje si\u0119 licznymi ubytkami i sp\u0119kaniami, wymagaj\u0105cymi podj\u0119cia przebudowy nawierzchni drogowej \/droga obci\u0105\u017cona transportem ci\u0119\u017ckim, obs\u0142uguj\u0105ca komunikacyjnie mi\u0119dzy innymi w\u0119ze\u0142 betoniarski\/.<br \/>\nZakres rzeczowy zam\u00f3wienia obejmuje mi\u0119dzy innymi:<br \/>\na) roboty przygotowawcze \/pomiary geodezyjne, oznakowanie miejsca wykonywania rob\u00f3t\/,<br \/>\nb) roboty ziemne \/rozplantowanie ziemi na terenie pobocza w ci\u0105gu drogi wewn\u0119trznej, na powierzchni oko\u0142o 200 m2, z obrobieniem na czysto i usuni\u0119ciem z niego zanieczyszcze\u0144 obcych\/,<br \/>\nc) roboty w zakresie nawierzchni \/wykonanie frezowania istniej\u0105cej warstwy \u015bcieralnej, wykonanie warstwy wi\u0105\u017c\u0105co-wyr\u00f3wnawczej z mieszanki AC 11W, wykonanie warstwy \u015bcieralnej z mieszanki mineralno asfaltowej AC 11S (11 mm) o grubo\u015bci 5 cm\/,<br \/>\nd) roboty porz\u0105dkowe \/wywiezienie nawierzchni asfaltowej i gruzu budowlanego z rob\u00f3t rozbi\u00f3rkowych a tak\u017ce pozosta\u0142ych zanieczyszcze\u0144, odpad\u00f3w powsta\u0142ych w toku realizacji rob\u00f3t budowlano drogowych i ich utylizacja\/,<br \/>\ne) wykonanie powykonawczej dokumentacji technicznej i prawnej.<\/p>\n<p>Szczeg\u00f3\u0142owy zakres przedmiotu zam\u00f3wienia oraz wymagania gwarancyjne Zamawiaj\u0105cego zosta\u0142y okre\u015blone w SIWZ i za\u0142\u0105cznikach do niej. Oferty nie zawieraj\u0105ce pe\u0142nego zakresu przedmiotu zam\u00f3wienia zostan\u0105 odrzucone.<\/p>\n<p>Wykonawca w ramach przedmiotu zam\u00f3wienia jest zobowi\u0105zany do: zapewnienia obs\u0142ugi geodezyjnej prowadzonych rob\u00f3t, oznakowania miejsca prowadzonych rob\u00f3t przed rozpocz\u0119ciem prac, wykonania prac budowlanych w zakresie okre\u015blonym w dokumentacji przetargowej, zgodnie z przepisami techniczno-budowlanymi, normami PN\/E, przepisami dotycz\u0105cymi samodzielnych funkcji technicznych w budownictwie, przepisami dotycz\u0105cymi wyrob\u00f3w budowlanych, wykonania wszelkich bada\u0144 i pr\u00f3b a tak\u017ce pomiar\u00f3w powykonawczych w zakresie koniecznym do odbioru ko\u0144cowego rob\u00f3t i przekazania obiektu do u\u017cytkowania, uporz\u0105dkowania miejsca rob\u00f3t budowlano-drogowych, wykonania powykonawczej dokumentacji technicznej i prawnej zgodnej z obowi\u0105zuj\u0105cymi wymogami w tym zakresie.<\/p>\n<ol>\n<li><strong> 1.4.) Wsp\u00f3lny S\u0142ownik Zam\u00f3wie\u0144 (CPV)\u00a0<\/strong><br \/>\n45.00.00.00-7 Roboty budowlane.<br \/>\n45.10.00.00-8 Przygotowanie terenu pod budow\u0119.<br \/>\n45.11.13.00-1 Roboty rozbi\u00f3rkowe.<br \/>\n45.20.00.00-9 Roboty budowlane w zakresie wznoszenia kompletnych obiekt\u00f3w budowlanych lub ich cz\u0119\u015bci oraz roboty w zakresie in\u017cynierii l\u0105dowej i wodnej.<br \/>\n45.23.00.00-8 Roboty budowlane w zakresie budowy ruroci\u0105g\u00f3w, linii komunikacyjnych i elektroenergetycznych, autostrad, dr\u00f3g, lotnisk i kolei; wyr\u00f3wnanie terenu.<br \/>\n45.23.30.00-9 Roboty w zakresie konstruowania, fundamentowania oraz wykonywania nawierzchni autostrad, dr\u00f3g.<br \/>\n45.23.31.20-6 Roboty w zakresie budowy dr\u00f3g.<br \/>\n<strong>II. 1.5.) Czy dopuszcza si\u0119 z\u0142o\u017cenie oferty cz\u0119\u015bciowej:\u00a0<\/strong>nie.<br \/>\n<strong>II. 1.6.) Czy dopuszcza si\u0119 z\u0142o\u017cenie oferty wariantowej<\/strong>: nie.<br \/>\n<strong>II. 1.7.) Czy przewiduje si\u0119 udzielenie zam\u00f3wie\u0144 uzupe\u0142niaj\u0105cych:<\/strong>nie.<br \/>\n<strong>II. 2) CZAS TRWANIA ZAM\u00d3WIENIA LUB TERMIN WYKONANIA:\u00a0<\/strong><br \/>\nZam\u00f3wienie nale\u017cy wykona\u0107 w terminie 6 tygodni od daty podpisania umowy o wykonanie rob\u00f3t budowlanych.<br \/>\nSEKCJA III: INFORMACJE O CHARAKTERZE PRAWNYM, EKONOMICZNYM, FINANSOWYM I TECHNICZNYM<br \/>\n<strong>III. 1) WARUNKI DOTYCZ\u0104CE ZAM\u00d3WIENIA\u00a0<\/strong><br \/>\n<strong>Informacja na temat wadium:<\/strong>Zamawiaj\u0105cy wymaga wniesienia wadium w wysoko\u015bci 5.000,00 PLN (s\u0142ownie z\u0142otych: pi\u0119\u0107 tysi\u0119cy i 00\/100) przed up\u0142ywem terminu sk\u0142adania ofert.<br \/>\n<strong>II. 1.1.) Inne szczeg\u00f3lne warunki, kt\u00f3rym podlega realizacja zam\u00f3wienia:<\/strong>\u00a0tak<br \/>\nZam\u00f3wienie b\u0119dzie realizowane zgodnie z prawem polskim, w szczeg\u00f3lno\u015bci z ustaw\u0105 Prawo budowlane z dnia 7 lipca 1994 r. (t.j. Dz. U. z 2013 r., poz. 1409 z p\u00f3\u017an. zm.) Wykonawca rob\u00f3t musi zapewni\u0107 wykonanie rob\u00f3t zgodnie z przepisami techniczno-budowlanymi i warunkami BHP i p.po\u017c., obowi\u0105zuj\u0105cymi przepisami i normami PN\/E, przepisami dotycz\u0105cymi samodzielnych funkcji technicznych w budownictwie, przepisami dotycz\u0105cymi wyrob\u00f3w budowlanych.<br \/>\n<strong>III. 2) WARUNKI UDZIA\u0141U<br \/>\n\u25cf Opis warunk\u00f3w udzia\u0142u w post\u0119powaniu oraz opis sposobu dokonywania oceny spe\u0142nienia tych warunk\u00f3w<br \/>\nO udzielenie zam\u00f3wienia mog\u0105 ubiega\u0107 si\u0119 Wykonawcy, kt\u00f3rzy:\u00a0<\/strong><br \/>\n1. Spe\u0142niaj\u0105 nast\u0119puj\u0105ce wymagania:<br \/>\n1.1. Posiadaj\u0105 uprawnienia do wykonywania dzia\u0142alno\u015bci lub czynno\u015bci w zakresie odpowiadaj\u0105cym przedmiotowi zam\u00f3wienia oraz wyka\u017c\u0105 aktualn\u0105, na dzie\u0144 sk\u0142adania ofert polis\u0119, a w przypadku jej braku innego dokumentu potwierdzaj\u0105cego, \u017ce Wykonawca jest ubezpieczony od odpowiedzialno\u015bci cywilnej w zakresie prowadzonej dzia\u0142alno\u015bci gospodarczej.<br \/>\n1.2. Posiadaj\u0105 niezb\u0119dn\u0105 wiedz\u0119 i do\u015bwiadczenie, dysponuj\u0105 potencja\u0142em technicznym i osobami zdolnymi do wykonania przedmiotu zam\u00f3wienia lub przedstawi\u0105 pisemne zobowi\u0105zanie innych podmiot\u00f3w do udost\u0119pnienia potencja\u0142u technicznego i os\u00f3b zdolnych do wykonania przedmiotu zam\u00f3wienia (Wykonawca musi mie\u0107 do dyspozycji przy wykonaniu niniejszego zam\u00f3wienia osoby posiadaj\u0105ce do\u015bwiadczenie oraz kwalifikacje odpowiednie do stanowisk, jakie zostan\u0105 tym osobom powierzone) tj.<\/li>\n<li>a) wyka\u017c\u0105, \u017ce dysponuj\u0105 lub b\u0119d\u0105 dysponowa\u0107 osobami zdolnymi do wykonania zam\u00f3wienia, a w szczeg\u00f3lno\u015bci Wykonawca winien wykaza\u0107, \u017ce dysponuje:<br \/>\n&#8211; kierownikiem budowy, kt\u00f3ry posiada uprawnienia budowlane do kierowania robotami budowlanymi w specjalno\u015bci drogowej (podstawa prawna art. 14 ustawy Prawo budowlane z dnia 7 lipca 1994 r. \u2013 (t.j. Dz. U. z 2013 r., poz. 1409 z p\u00f3\u017an. zm.) lub odpowiadaj\u0105ce im wa\u017cne uprawnienia budowlane, kt\u00f3re zosta\u0142y wydane na podstawie wcze\u015bniej obowi\u0105zuj\u0105cych przepis\u00f3w w tym zakresie oraz aktualne za\u015bwiadczenie (przynajmniej na dzie\u0144 sk\u0142adania ofert) o przynale\u017cno\u015bci do w\u0142a\u015bciwej izby samorz\u0105du zawodowego,<\/li>\n<li>b) wyka\u017c\u0105 nale\u017cyte wykonanie (zgodnie z zasadami sztuki budowlanej) co najmniej dw\u00f3ch rob\u00f3t w budownictwie drogowym, odpowiadaj\u0105cych przedmiotowi zam\u00f3wienia, potwierdzonych referencjami, zrealizowanych w okresie ostatnich pi\u0119ciu lat przed dniem wszcz\u0119cia niniejszego post\u0119powania o udzielenie zam\u00f3wienia, a je\u015bli okres prowadzonej dzia\u0142alno\u015bci jest kr\u00f3tszy \u2013 w tym okresie,<br \/>\n3. Znajduj\u0105 si\u0119 w sytuacji ekonomicznej i finansowej zapewniaj\u0105cej wykonanie zam\u00f3wienia.<\/li>\n<li>Ocena spe\u0142niania przez Wykonawc\u00f3w warunk\u00f3w udzia\u0142u w post\u0119powaniu b\u0119dzie przeprowadzona w oparciu o kompletno\u015b\u0107 i prawid\u0142owo\u015b\u0107 z\u0142o\u017conych wraz z ofert\u0105 o\u015bwiadcze\u0144 i dokument\u00f3w, jakich \u017c\u0105da Zamawiaj\u0105cy i zostanie dokonana na podstawie tre\u015bci tych dokument\u00f3w wg formu\u0142y \u201espe\u0142nia\/nie spe\u0142nia\u201d.<br \/>\n<strong>SEKCJA IV: PROCEDURA<br \/>\nIV. 1) TRYB UDZIELENIA ZAM\u00d3WIENIA\u00a0<\/strong><br \/>\n<strong>IV. 1.1.) Tryb udzielenia zam\u00f3wienia:<\/strong>przetarg nieograniczony.<br \/>\n<strong>IV. 2) KRYTERIA OCENY OFERT<\/strong><br \/>\n<strong>IV. 2.1.) Kryteria oceny ofert:<\/strong>\u00a0najni\u017csza cena (100%).<br \/>\n<strong>IV. 2.2.) Wykorzystana b\u0119dzie aukcja elektroniczna:<\/strong>\u00a0nie.<br \/>\n<strong>IV. 3) INFORMACJE ADMINISTRACYJNE\u00a0<\/strong><br \/>\n<strong>Informacja o o\u015bwiadczeniach i dokumentach, jakie maj\u0105 dostarczy\u0107 Wykonawcy w celu potwierdzenia spe\u0142niania warunk\u00f3w udzia\u0142u w post\u0119powaniu:\u00a0<\/strong><br \/>\nSzczeg\u00f3\u0142owy wykaz wymaganych o\u015bwiadcze\u0144 i dokument\u00f3w zosta\u0142 zamieszczony w pkt 10 Specyfikacji Istotnych Warunk\u00f3w Zam\u00f3wienia (SIWZ).<br \/>\nSpecyfikacj\u0119 Istotnych Warunk\u00f3w Zam\u00f3wienia wraz z za\u0142\u0105cznikami mo\u017cna uzyska\u0107 pod adresem, Specjalna Strefa Ekonomiczna Ma\u0142ej Przedsi\u0119biorczo\u015bci S.A., ul. Papie\u017ca Jana Paw\u0142a II 11A, 58 400 Kamienna G\u00f3ra pok. nr 105 (klatka schodowa \u201eB\u201d, I pi\u0119tro budynku administracyjnego).<br \/>\n<strong>IV. 3.1.) Adres strony internetowej, na kt\u00f3rej dost\u0119pna jest specyfikacja istotnych warunk\u00f3w zam\u00f3wienia: www.ssemp.pl (zak\u0142adka Przetargi na roboty budowlane)\u00a0<\/strong><br \/>\n<strong>IV. 3.2.)<\/strong> Termin sk\u0142adania ofert:\u00a0<strong>02.07.2015 r.<\/strong>\u00a0do godziny\u00a0<strong>12:00<\/strong>, miejsce: Siedziba Zamawiaj\u0105cego \/Sekretariat \u2013 I pi\u0119tro\/.<br \/>\n<strong>IV. 3.3.)<\/strong> Termin otwarcia ofert:\u00a0<strong>02.07.2015 r.<\/strong>\u00a0o godz.\u00a0<strong>12:15<\/strong>\u00a0w siedzibie Zamawiaj\u0105cego.<br \/>\n<strong>IV. 3.4.) Termin zwi\u0105zania ofert\u0105:<\/strong>\u00a0okres w dniach:\u00a0<strong>90<\/strong>\u00a0(od ostatecznego terminu sk\u0142adania ofert).<br \/>\n<strong>IV. 3.5.) Informacje dodatkowe:\u00a0<\/strong><br \/>\n1. Zamawiaj\u0105cy dopuszcza przekazywanie korespondencji tj. o\u015bwiadcze\u0144, wniosk\u00f3w, zawiadomie\u0144 oraz informacji pisemnie lub faksem \u2013 na numer faksu 75\/ 645 20 33 z zastrze\u017ceniem pkt 3.<br \/>\n2. Zamawiaj\u0105cy dopuszcza porozumiewanie si\u0119 drog\u0105 elektroniczn\u0105.<br \/>\n3. Z\u0142o\u017cenie oferty, jej wycofanie i zmiana mo\u017ce nast\u0105pi\u0107 jedynie w formie pisemnej. Z\u0142o\u017cenie tych pism w innej formie nie wywo\u0142uje jakichkolwiek skutk\u00f3w prawnych.<br \/>\n4. Zamawiaj\u0105cy zastrzega sobie prawo do zamkni\u0119cia przetargu bez wybrania kt\u00f3rejkolwiek z ofert, bez podania przyczyny, na ka\u017cdym etapie post\u0119powania. W tym przypadku oferentom nie przys\u0142uguj\u0105 jakiekolwiek roszczenia, za wyj\u0105tkiem zwrotu wadium.<br \/>\n5. Zamawiaj\u0105cy zastrzega sobie prawo wykluczenia z przetargu i odrzucenia z przyczyn formalnych w kolejnych przetargach tych oferent\u00f3w, kt\u00f3rzy z\u0142o\u017c\u0105 o\u015bwiadczenia lub podadz\u0105 informacje niezgodne ze stanem faktycznym.<br \/>\n6. Osobami upowa\u017cnionymi do kontaktu ze strony Zamawiaj\u0105cego s\u0105:<br \/>\n\u0141ukasz S\u0142awi\u0144ski, pok\u00f3j nr 105 w siedzibie Zamawiaj\u0105cego tel. 75\/ 645 20 30,<br \/>\nkom 602 853 881, faks , 75\/ 645 20 33 e mail: l.slawinski@ssemp.pl.,<\/li>\n<\/ol>\n<p>Marek Bodziony, pok\u00f3j nr 105 w siedzibie Zamawiaj\u0105cego tel. 75\/ 645 20 30, kom 660 691 561, faks 75\/ 645 20 33 e-mail: m.bodziony@ssemp.pl.<\/p>\n<p><strong>UWAGA<\/strong><\/p>\n<p><strong>Roboty drogowe zwi\u0105zane z realizacj\u0105 przedmiotowego zadania nale\u017cy przeprowadzi\u0107 metod\u0105 po\u0142\u00f3wkow\u0105, celem zapewnienia dojazdu do Inwestor\u00f3w prowadz\u0105cych dzia\u0142alno\u015b\u0107 gospodarcz\u0105 na terenie Kamiennog\u00f3rskiej SSEMP.<br \/>\nPodczas wykonania prac ruch drogowy powinien odbywa\u0107 si\u0119 zatem w spos\u00f3b wahad\u0142owy.<\/strong><\/p>\n","protected":false},"excerpt":{"rendered":"<p>OG\u0141OSZENIE O PRZETARGU WYKONAJ ROBOTY BUDOWLANE: \u201eBudowa nawierzchni drogowej na terenie Podstrefy Luba\u0144.&#8221; CPV: 45.00.00.00-7, 45.10.00.00-8, 45.11.13.00-1, 45.20.00.00-9, 45.23.00.00-8, 45.23.30.00-9, 45.23.31.20-6. Data zamieszczenia 18.06.2015 r. I. 1) NAZWA I ADRES: Specjalna Strefa Ekonomiczna Ma\u0142ej Przedsi\u0119biorczo\u015bci S.A., ul. Papie\u017ca Jana Paw\u0142a II 11A, 58-400 Kamienna G\u00f3ra, woj. dolno\u015bl\u0105skie, tel. 75\/ 645 20 30, faks 75\/ 645 [&hellip;]<\/p>\n","protected":false},"author":1,"featured_media":0,"parent":0,"menu_order":0,"comment_status":"closed","ping_status":"closed","template":"","meta":{"footnotes":""},"class_list":["post-10261","page","type-page","status-publish","hentry"],"_links":{"self":[{"href":"https:\/\/old-ssemp.sowiak.dev\/index.php?rest_route=\/wp\/v2\/pages\/10261","targetHints":{"allow":["GET"]}}],"collection":[{"href":"https:\/\/old-ssemp.sowiak.dev\/index.php?rest_route=\/wp\/v2\/pages"}],"about":[{"href":"https:\/\/old-ssemp.sowiak.dev\/index.php?rest_route=\/wp\/v2\/types\/page"}],"author":[{"embeddable":true,"href":"https:\/\/old-ssemp.sowiak.dev\/index.php?rest_route=\/wp\/v2\/users\/1"}],"replies":[{"embeddable":true,"href":"https:\/\/old-ssemp.sowiak.dev\/index.php?rest_route=%2Fwp%2Fv2%2Fcomments&post=10261"}],"version-history":[{"count":1,"href":"https:\/\/old-ssemp.sowiak.dev\/index.php?rest_route=\/wp\/v2\/pages\/10261\/revisions"}],"predecessor-version":[{"id":10271,"href":"https:\/\/old-ssemp.sowiak.dev\/index.php?rest_route=\/wp\/v2\/pages\/10261\/revisions\/10271"}],"wp:attachment":[{"href":"https:\/\/old-ssemp.sowiak.dev\/index.php?rest_route=%2Fwp%2Fv2%2Fmedia&parent=10261"}],"curies":[{"name":"wp","href":"https:\/\/api.w.org\/{rel}","templated":true}]}}