{"id":10259,"date":"2016-07-22T15:20:39","date_gmt":"2016-07-22T13:20:39","guid":{"rendered":"http:\/\/ssemp.pl\/?page_id=10259"},"modified":"2016-07-22T15:20:40","modified_gmt":"2016-07-22T13:20:40","slug":"ogloszenie-o-przetargu-odwodnienie-drogi-w-wykrotach-17-04-2015-17-04-2015","status":"publish","type":"page","link":"https:\/\/old-ssemp.sowiak.dev\/?page_id=10259","title":{"rendered":"Og\u0142oszenie o przetargu &#8211; odwodnienie drogi w Wykrotach &#8211; 17.04.2015 &#8211; 17-04-2015"},"content":{"rendered":"<p>OG\u0141OSZENIE O PRZETARGU<\/p>\n<p>WYKONAJ ROBOTY BUDOWLANE:<\/p>\n<p><strong>\u201eWykonanie pod\u0142\u0105czenia odwodnienia drogi na dzia\u0142ce 1091\/25 do drena\u017cu podziemnego na terenie Kamiennog\u00f3rskiej SSEMP W Wykrotach.\u201d<\/strong><br \/>\nw ramach<br \/>\nRozwi\u0105zania gospodarki w\u00f3d deszczowych pochodz\u0105cych z odwodnie\u0144<br \/>\nterenu strefy ekonomicznej w Wykrotach.<\/p>\n<p>Data zamieszczenia 17.04.2015 r.<br \/>\n<strong>I. 1) NAZWA I ADRES:\u00a0<\/strong>Specjalna Strefa Ekonomiczna Ma\u0142ej Przedsi\u0119biorczo\u015bci S.A., ul. Papie\u017ca Jana Paw\u0142a II 11A, 58-400 Kamienna G\u00f3ra, woj. dolno\u015bl\u0105skie, tel. 75\/ 645 20 30, faks 75\/ 645 20 33, e-mail: strefa@ssemp.pl<br \/>\n<strong>I. 2) Rodzaj zamawiaj\u0105cego:<\/strong>\u00a0Sp\u00f3\u0142ka prawa handlowego.<br \/>\n<strong>\u25cf Adres strony internetowej zamawiaj\u0105cego:<\/strong>\u00a0www.ssemp.pl<br \/>\nSEKCJA II: PRZEDMIOT ZAM\u00d3WIENIA<br \/>\n<strong>II. 1) OKRE\u015aLENIE PRZEDMIOTU ZAM\u00d3WIENIA<br \/>\nII. 1.1.) Nazwa nadana zam\u00f3wieniu przez zamawiaj\u0105cego:\u00a0<\/strong><br \/>\nWykonanie pod\u0142\u0105czenia odwodnienia drogi na dzia\u0142ce 1091\/25 do drena\u017cu podziemnego na terenie Kamiennog\u00f3rskiej SSEMP w Wykrotach.<br \/>\n<strong>II. 1.2.) Rodzaj zam\u00f3wienia:<\/strong>\u00a0roboty budowlane.<br \/>\n<strong>II. 1.3.) Okre\u015blenie przedmiotu oraz wielko\u015bci lub zakresu zam\u00f3wienia\u00a0<\/strong><br \/>\nPrzedmiotem zam\u00f3wienia jest wykonanie pod\u0142\u0105czenia odwodnienia drogi zlokalizowanego w pasie dzia\u0142ki nr 1091\/25 do istniej\u0105cego kana\u0142u \u00d8 1000, zlokalizowanego na dzia\u0142ce 1091\/6 obr\u0119b 0009 Wykroty, gm. Nowogrodziec, przy u\u017cyciu rur g\u0142adko\u015bciennych PCV-U-SN 8, \u0142\u0105czonych kielichowo o \u015brednicy \u00d8 315 mm, oraz rur ze \u015bciank\u0105 profilowan\u0105 PE-HD, \u0142\u0105czonych metod\u0105 spawania o \u015brednicy \u00d8 300 mm na odcinku o \u0142\u0105cznej d\u0142ugo\u015bci oko\u0142o 22 m, wraz z dostaw\u0105 i monta\u017cem separatora typu H-1900 NG 50 jednej sztuki, oraz monta\u017c dw\u00f3ch studni o \u015brednicy 1000 mm z kr\u0119g\u00f3w prefabrykowanych, \u0142\u0105czonych na uszczelki i zabezpieczonych w\u0142azami \u017celiwnymklasa D 400.<br \/>\nWykonawca w ramach przedmiotu zam\u00f3wienia zobowi\u0105zany jest do: zapewnienia obs\u0142ugi geodezyjnej prowadzonych rob\u00f3t, pokrycia koszt\u00f3w zwi\u0105zanych z zaj\u0119ciem pasa drogowego, oznakowania na czas prowadzonych rob\u00f3t i uiszczenia op\u0142at, wykonania prac budowlanych w zakresie okre\u015blonym w dokumentacji projektowej, specyfikacjach technicznych wykonania i odbioru rob\u00f3t, przedmiarze rob\u00f3t, zgodnie z warunkami pozwolenia na budow\u0119, Decyzja nr 156 z dnia 19.03.2015 r., przepisami techniczno-budowlanymi, normami PN\/E, przepisami dotycz\u0105cymi samodzielnych funkcji technicznych w budownictwie,przepisami dotycz\u0105cymi wyrob\u00f3w budowlanych, wykonania wszelkich bada\u0144 i pr\u00f3b a tak\u017ce pomiar\u00f3w powykonawczych w zakresie koniecznym do odbioru ko\u0144cowego rob\u00f3t i przekazania obiektu do u\u017cytkowania, przywr\u00f3cenia terenu i nawierzchni do stanupierwotnego, wykonania powykonawczej dokumentacji technicznej i prawnej zgodnej z obowi\u0105zuj\u0105cymi wymogami w tym zakresie.<br \/>\nSzczeg\u00f3\u0142owy zakres przedmiotu zam\u00f3wienia oraz wymagania gwarancyjne Zamawiaj\u0105cego okre\u015blone zosta\u0142y w SIWZ i za\u0142\u0105cznikach do niej. Oferty nie zawieraj\u0105ce pe\u0142nego zakresu przedmiotu zam\u00f3wienia zostan\u0105 odrzucone.<\/p>\n<ol>\n<li><strong> 1.4.) Wsp\u00f3lny S\u0142ownik Zam\u00f3wie\u0144 (CPV)\u00a0<\/strong><br \/>\n<strong>45.00.00.00-7<\/strong> Roboty budowlane.<br \/>\n<strong>45.10.00.00-8<\/strong> Przygotowanie terenu pod budow\u0119.<br \/>\n<strong>45.20.00.00-9<\/strong> Roboty budowlane w zakresie wznoszenia kompletnych obiekt\u00f3w budowlanych lub ich cz\u0119\u015bci oraz roboty w zakresie in\u017cynierii l\u0105dowej i wodnej.<br \/>\n<strong>45.23.00.00-8<\/strong> Roboty budowlane w zakresie budowy ruroci\u0105g\u00f3w, linii komunikacyjnych i elektroenergetycznych, autostrad, dr\u00f3g, lotnisk i kolei; wyr\u00f3wnywanie terenu.<br \/>\n<strong>45.23.11.10-9<\/strong> K\u0142adzenie ruroci\u0105g\u00f3w.<br \/>\n<strong>45.23.11.11-6 <\/strong>Podnoszenie i poziomowanie ruroci\u0105g\u00f3w.<br \/>\n<strong>45.23.13.00-8<\/strong> Roboty budowlane w zakresie budowy wodoci\u0105g\u00f3w i ruroci\u0105g\u00f3w do odprowadzania \u015bciek\u00f3w.<br \/>\n<strong>II. 1.5.) Czy dopuszcza si\u0119 z\u0142o\u017cenie oferty cz\u0119\u015bciowej:\u00a0<\/strong>nie.<br \/>\n<strong>II. 1.6.) Czy dopuszcza si\u0119 z\u0142o\u017cenie oferty wariantowej:<\/strong>nie.<br \/>\n<strong>II. 1.7.) Czy przewiduje si\u0119 udzielenie zam\u00f3wie\u0144 uzupe\u0142niaj\u0105cych:<\/strong>nie.<br \/>\n<strong>II. 2) CZAS TRWANIA ZAM\u00d3WIENIA LUB TERMIN WYKONANIA:<\/strong>\u00a030.06.2015 r.<\/li>\n<\/ol>\n<p>SEKCJA III: INFORMACJE O CHARAKTERZE PRAWNYM, EKONOMICZNYM, FINANSOWYM I TECHNICZNYM<br \/>\n<strong>III. 1) WARUNKI DOTYCZ\u0104CE ZAM\u00d3WIENIA<\/strong><br \/>\n<strong>Informacja na temat wadium:<\/strong>\u00a0Zamawiaj\u0105cy wymaga wniesienia wadium w wysoko\u015bci 5.000,00 PLN (s\u0142ownie z\u0142otych: pi\u0119\u0107 tysi\u0119cy i 00\/100) przed up\u0142ywem terminu sk\u0142adania ofert.<br \/>\n<strong>II. 1.1.) Inne szczeg\u00f3lne warunki, kt\u00f3rym podlega realizacja zam\u00f3wienia:<\/strong>\u00a0tak<br \/>\nZam\u00f3wienie b\u0119dzie realizowane zgodnie z prawem polskim, w szczeg\u00f3lno\u015bci z ustaw\u0105 Prawo budowlane z dnia 7 lipca 1994 r. (t.j. Dz. U. z 2013 r., poz. 1409 z p\u00f3\u017an. zm.) Wykonawca rob\u00f3t musi zapewni\u0107 wykonanie rob\u00f3t zgodnie z przepisami techniczno-budowlanymi i warunkami BHP i p.po\u017c., obowi\u0105zuj\u0105cymi przepisami i normami PN\/E, przepisami dotycz\u0105cymi samodzielnych funkcji technicznych w budownictwie, przepisami dotycz\u0105cymi wyrob\u00f3w budowlanych.<br \/>\n<strong>III. 2) WARUNKI UDZIA\u0141U<\/strong><br \/>\n<strong>\u25cf Opis warunk\u00f3w udzia\u0142u w post\u0119powaniu oraz opis sposobu dokonywania oceny spe\u0142nienia tych warunk\u00f3w<br \/>\nO udzielenie zam\u00f3wienia mog\u0105 ubiega\u0107 si\u0119 Wykonawcy, kt\u00f3rzy:<\/strong><br \/>\n1. Spe\u0142niaj\u0105 nast\u0119puj\u0105ce wymagania:<br \/>\n1.1. Posiadaj\u0105 uprawnienia do wykonywania dzia\u0142alno\u015bci lub czynno\u015bci w zakresie odpowiadaj\u0105cym przedmiotowi zam\u00f3wienia oraz wyka\u017c\u0105 aktualn\u0105, na dzie\u0144 sk\u0142adania ofert polis\u0119, a w przypadku jej braku innego dokumentu potwierdzaj\u0105cego, \u017ce Wykonawca jest ubezpieczony od odpowiedzialno\u015bci cywilnej w zakresie prowadzonej dzia\u0142alno\u015bci gospodarczej.<br \/>\n1.2. Posiadaj\u0105 niezb\u0119dn\u0105 wiedz\u0119 i do\u015bwiadczenie, dysponuj\u0105 potencja\u0142em technicznym i osobami zdolnymi do wykonania przedmiotu zam\u00f3wienia lub przedstawi\u0105 pisemne zobowi\u0105zanie innych podmiot\u00f3w do udost\u0119pnienia potencja\u0142u technicznego i os\u00f3b zdolnych do wykonania przedmiotu zam\u00f3wienia (Wykonawca musi mie\u0107 do dyspozycji przy wykonaniu niniejszego zam\u00f3wienia osoby posiadaj\u0105ce do\u015bwiadczenie oraz kwalifikacje odpowiednie do stanowisk, jakie zostan\u0105 tym osobom powierzone) tj.<br \/>\na) wyka\u017c\u0105, \u017ce dysponuj\u0105 lub b\u0119d\u0105 dysponowa\u0107 osobami zdolnymi do wykonania zam\u00f3wienia, a w szczeg\u00f3lno\u015bci Wykonawca winien wykaza\u0107, \u017ce dysponuje:<br \/>\n&#8211; kierownikiem budowy, kt\u00f3ry posiada uprawnienia budowlane do kierowania robotami budowlanymi bez ogranicze\u0144 w specjalno\u015bci instalacyjnej w zakresie sieci, instalacji i urz\u0105dze\u0144 wodoci\u0105gowych i kanalizacyjnych (podstawa prawna art. 14 ustawy Prawo budowlane z dnia 7 lipca 1994 r. \u2013 (tekst jednolity Dz. U. z 2013 r., poz. 1409 z p\u00f3\u017an. zm.) lub odpowiadaj\u0105ce im wa\u017cne uprawnienia budowlane, kt\u00f3re zosta\u0142y wydane na podstawie wcze\u015bniej obowi\u0105zuj\u0105cych przepis\u00f3w w tym zakresie oraz aktualne za\u015bwiadczenie (przynajmniej na dzie\u0144 sk\u0142adania ofert) o przynale\u017cno\u015bci do w\u0142a\u015bciwej izby samorz\u0105du zawodowego,<br \/>\nb) wyka\u017c\u0105 nale\u017cyte wykonanie minimum 3 rob\u00f3t w zakresie budowy lub przebudowy sieci wodoci\u0105gowych lub kanalizacyjnych (sanitarnych b\u0105d\u017a deszczowych) o warto\u015bci nie mniejszej ni\u017c 50.000,00 z\u0142 brutto ka\u017cda, w okresie ostatnich pi\u0119ciu lat przed dniem wszcz\u0119cia niniejszego post\u0119powania o udzielenie zam\u00f3wienia, a je\u015bli okres prowadzonej dzia\u0142alno\u015bci jest kr\u00f3tszy \u2013 w tym okresie,<br \/>\n1.3. Znajduj\u0105 si\u0119 w sytuacji ekonomicznej i finansowej zapewniaj\u0105cej wykonanie zam\u00f3wienia.<\/p>\n<ol start=\"2\">\n<li>Ocena spe\u0142nienia przez Wykonawc\u00f3w warunk\u00f3w udzia\u0142u w post\u0119powaniu b\u0119dzie przeprowadzona w oparciu o kompletno\u015b\u0107 i prawid\u0142owo\u015b\u0107 przed\u0142o\u017conych wraz z ofert\u0105 o\u015bwiadcze\u0144 i dokument\u00f3w, jakich \u017c\u0105da Zamawiaj\u0105cy i zostanie dokonana na podstawie tre\u015bci tych dokument\u00f3w wg formu\u0142y \u201espe\u0142nia\/nie spe\u0142nia\u201d.<\/li>\n<\/ol>\n<p><strong>SEKCJA IV: PROCEDURA<\/strong><br \/>\n<strong>IV. 1) TRYB UDZIELENIA ZAM\u00d3WIENIA<\/strong><br \/>\n<strong>IV. 1.1.) Tryb udzielenia zam\u00f3wienia:\u00a0<\/strong>przetarg nieograniczony.<br \/>\n<strong>IV. 2) KRYTERIA OCENY OFERT<\/strong><br \/>\n<strong>IV. 2.1.) Kryteria oceny ofert:<\/strong>\u00a0najni\u017csza cena (100%).<br \/>\n<strong>IV. 2.2.) Wykorzystana b\u0119dzie aukcja elektroniczna:<\/strong>\u00a0nie.<br \/>\n<strong>IV. 3) INFORMACJE ADMINISTRACYJNE<\/strong><br \/>\n<strong>Informacja o o\u015bwiadczeniach i dokumentach, jakie maj\u0105 dostarczy\u0107 wykonawcy w celu potwierdzenia spe\u0142niania warunk\u00f3w udzia\u0142u w post\u0119powaniu:\u00a0<\/strong><br \/>\nOferta winna spe\u0142nia\u0107 warunki okre\u015blone w Specyfikacji Istotnych Warunk\u00f3w Zam\u00f3wienia ( SIWZ).<br \/>\nSpecyfikacj\u0119 Istotnych Warunk\u00f3w Zam\u00f3wienia wraz z za\u0142\u0105cznikami mo\u017cna uzyska\u0107 pod adresem, Specjalna Strefa Ekonomiczna Ma\u0142ej Przedsi\u0119biorczo\u015bci S.A., ul. Papie\u017ca Jana Paw\u0142a II 11A, 58-400 Kamienna G\u00f3ra pok. nr 105 (klatka schodowa \u201eB\u201d, I pi\u0119tro budynku administracyjnego).<br \/>\n<strong>IV. 3.1.) Adres strony internetowej, na kt\u00f3rej dost\u0119pna jest specyfikacja istotnych warunk\u00f3w zam\u00f3wienia: www.ssemp.pl (zak\u0142adka Przetargi na roboty budowlane)\u00a0<\/strong><br \/>\n<strong>IV. 3.2.) Termin sk\u0142adania ofert: 30.04.2015 r.<\/strong>\u00a0do godziny\u00a0<strong>12:00<\/strong>, miejsce: Siedziba Zamawiaj\u0105cego \/Sekretariat \u2013 I pi\u0119tro\/.<br \/>\n<strong>IV. 3.3.) Termin zwi\u0105zania ofert\u0105:\u00a0<\/strong>okres w dniach:<strong>\u00a090<\/strong>\u00a0(od ostatecznego terminu sk\u0142adania ofert).<br \/>\n<strong>IV. 3.4.) Informacje dodatkowe:\u00a0<\/strong><br \/>\n1. Zamawiaj\u0105cy dopuszcza przekazywanie korespondencji tj. o\u015bwiadcze\u0144, wniosk\u00f3w, zawiadomie\u0144 oraz informacji pisemnie lub faksem \u2013 na numer faksu 75\/ 645 20 33 z zastrze\u017ceniem pkt 3.<br \/>\n2. Zamawiaj\u0105cy dopuszcza porozumiewanie si\u0119 drog\u0105 elektroniczn\u0105.<br \/>\n3. Z\u0142o\u017cenie oferty, jej wycofanie i zmiana mo\u017ce nast\u0105pi\u0107 jedynie w formie pisemnej. Z\u0142o\u017cenie tych pism w innej formie nie wywo\u0142uje jakichkolwiek skutk\u00f3w prawnych.<br \/>\n4. Zamawiaj\u0105cy zastrzega sobie prawo do zamkni\u0119cia przetargu bez wybrania kt\u00f3rejkolwiek z ofert, bez podania przyczyny, na ka\u017cdym etapie post\u0119powania. W tym przypadku oferentom nie przys\u0142uguj\u0105 jakiekolwiek roszczenia, za wyj\u0105tkiem zwrotu wadium.<br \/>\n5. Zamawiaj\u0105cy zastrzega sobie prawo wykluczenia z przetargu i odrzucenia z przyczyn formalnych w kolejnych przetargach tych oferent\u00f3w, kt\u00f3rzy z\u0142o\u017c\u0105 o\u015bwiadczenia lub podadz\u0105 informacje niezgodne ze stanem faktycznym.<br \/>\n6. Osobami upowa\u017cnionymi do kontaktu ze strony Zamawiaj\u0105cego s\u0105:<br \/>\n\u0141ukasz S\u0142awi\u0144ski, pok\u00f3j nr 105 w siedzibie Zamawiaj\u0105cego tel. 75\/ 645 20 30, kom 602 853 881, faks , 75\/ 645 20 33 e mail: l.slawinski@ssemp.pl.,<br \/>\nMarek Bodziony, pok\u00f3j nr 105 w siedzibie Zamawiaj\u0105cego tel. 75\/ 645 20 30, kom 660 691 561, faks 75\/ 645-20-33 e-mail: m.bodziony@ssemp.pl.<\/p>\n","protected":false},"excerpt":{"rendered":"<p>OG\u0141OSZENIE O PRZETARGU WYKONAJ ROBOTY BUDOWLANE: \u201eWykonanie pod\u0142\u0105czenia odwodnienia drogi na dzia\u0142ce 1091\/25 do drena\u017cu podziemnego na terenie Kamiennog\u00f3rskiej SSEMP W Wykrotach.\u201d w ramach Rozwi\u0105zania gospodarki w\u00f3d deszczowych pochodz\u0105cych z odwodnie\u0144 terenu strefy ekonomicznej w Wykrotach. Data zamieszczenia 17.04.2015 r. I. 1) NAZWA I ADRES:\u00a0Specjalna Strefa Ekonomiczna Ma\u0142ej Przedsi\u0119biorczo\u015bci S.A., ul. Papie\u017ca Jana Paw\u0142a II [&hellip;]<\/p>\n","protected":false},"author":1,"featured_media":0,"parent":0,"menu_order":0,"comment_status":"closed","ping_status":"closed","template":"","meta":{"footnotes":""},"class_list":["post-10259","page","type-page","status-publish","hentry"],"_links":{"self":[{"href":"https:\/\/old-ssemp.sowiak.dev\/index.php?rest_route=\/wp\/v2\/pages\/10259","targetHints":{"allow":["GET"]}}],"collection":[{"href":"https:\/\/old-ssemp.sowiak.dev\/index.php?rest_route=\/wp\/v2\/pages"}],"about":[{"href":"https:\/\/old-ssemp.sowiak.dev\/index.php?rest_route=\/wp\/v2\/types\/page"}],"author":[{"embeddable":true,"href":"https:\/\/old-ssemp.sowiak.dev\/index.php?rest_route=\/wp\/v2\/users\/1"}],"replies":[{"embeddable":true,"href":"https:\/\/old-ssemp.sowiak.dev\/index.php?rest_route=%2Fwp%2Fv2%2Fcomments&post=10259"}],"version-history":[{"count":1,"href":"https:\/\/old-ssemp.sowiak.dev\/index.php?rest_route=\/wp\/v2\/pages\/10259\/revisions"}],"predecessor-version":[{"id":10269,"href":"https:\/\/old-ssemp.sowiak.dev\/index.php?rest_route=\/wp\/v2\/pages\/10259\/revisions\/10269"}],"wp:attachment":[{"href":"https:\/\/old-ssemp.sowiak.dev\/index.php?rest_route=%2Fwp%2Fv2%2Fmedia&parent=10259"}],"curies":[{"name":"wp","href":"https:\/\/api.w.org\/{rel}","templated":true}]}}