{"id":10250,"date":"2016-07-22T15:16:17","date_gmt":"2016-07-22T13:16:17","guid":{"rendered":"http:\/\/ssemp.pl\/?page_id=10250"},"modified":"2016-07-22T15:16:17","modified_gmt":"2016-07-22T13:16:17","slug":"zapytania-i-wyjasnienia-dot-parawozowni-wachlarzowej-03-09-2014","status":"publish","type":"page","link":"https:\/\/old-ssemp.sowiak.dev\/?page_id=10250","title":{"rendered":"Zapytania i wyja\u015bnienia dot. Parawozowni wachlarzowej &#8211; 03-09-2014"},"content":{"rendered":"<p style=\"line-height: 14.65pt; background: #B5ADB1; margin: 0cm 0cm 18.0pt 0cm;\"><span style=\"font-size: 10.0pt; font-family: 'Trebuchet MS','sans-serif'; color: #222222;\">Kamienna G\u00f3ra, 03.09.2014 r.<\/span><\/p>\n<p style=\"line-height: 14.65pt; background: #B5ADB1; margin: 0cm 0cm 18.0pt 0cm;\"><strong><span style=\"font-size: 10.0pt; font-family: 'Trebuchet MS','sans-serif'; color: #222222;\">Wykonawcy ubiegaj\u0105cy si\u0119 o udzielenie zam\u00f3wienia<\/span><\/strong><\/p>\n<p style=\"line-height: 14.65pt; background: #B5ADB1; margin: 0cm 0cm 18.0pt 0cm;\"><span style=\"font-size: 10.0pt; font-family: 'Trebuchet MS','sans-serif'; color: #222222;\">Dotyczy: Post\u0119powania prowadzonego w trybie pisemnego przetargu nieograniczonego o udzielenie zam\u00f3wienia na opracowanie dokumentacji projektowo kosztorysowej w ramach zadania \u201eParowozownia wachlarzowa w Lubaniu.\u201d<\/span><\/p>\n<p style=\"line-height: 14.65pt; background: #B5ADB1; margin: 0cm 0cm 18.0pt 0cm;\"><span style=\"font-size: 10.0pt; font-family: 'Trebuchet MS','sans-serif'; color: #222222;\"><br \/>\n<strong><span style=\"font-family: 'Trebuchet MS','sans-serif';\">Zagadnienie nr 1<\/span><\/strong><\/span><\/p>\n<p style=\"line-height: 14.65pt; background: #B5ADB1; margin: 0cm 0cm 18.0pt 0cm;\"><span style=\"font-size: 10.0pt; font-family: 'Trebuchet MS','sans-serif'; color: #222222;\">Czy zakres dokumentacji obejmuje tylko sam obiekt (w jego obr\u0119bie), czy te\u017c powinien uwzgl\u0119dnia\u0107 zagospodarowanie i uzbrojenie terenu na dzia\u0142ce 16\/8, obr\u0119b IV, AM-8 ?<\/span><\/p>\n<p style=\"line-height: 14.65pt; background: #B5ADB1; margin: 0cm 0cm 18.0pt 0cm;\"><strong><span style=\"font-size: 10.0pt; font-family: 'Trebuchet MS','sans-serif'; color: #222222;\">Odpowied\u017a<\/span><\/strong><\/p>\n<p style=\"line-height: 14.65pt; background: #B5ADB1; margin: 0cm 0cm 18.0pt 0cm;\"><span style=\"font-size: 10.0pt; font-family: 'Trebuchet MS','sans-serif'; color: #222222;\">Zakres dokumentacji powinien uwzgl\u0119dnia\u0107 zagospodarowanie i uzbrojenie terenu na dzia\u0142ce nr ew. 16\/8, Obr. IV, AM 8, na kt\u00f3rej obiekt jest posadowiony.<\/span><\/p>\n<p style=\"line-height: 14.65pt; background: #B5ADB1; margin: 0cm 0cm 18.0pt 0cm;\"><span style=\"font-size: 10.0pt; font-family: 'Trebuchet MS','sans-serif'; color: #222222;\">Ponadto SIWZ zostaje uzupe\u0142niony dodatkowo o map\u0119 sytuacyjno-wysoko\u015bciow\u0105 w skali 1:500, w zakresie obejmuj\u0105cym parowozowni\u0119 wachlarzow\u0105 oraz dzia\u0142k\u0119 gruntu nr ew. 16\/8, na kt\u00f3rej obiekt jest posadowiony.<\/span><\/p>\n","protected":false},"excerpt":{"rendered":"<p>Kamienna G\u00f3ra, 03.09.2014 r. Wykonawcy ubiegaj\u0105cy si\u0119 o udzielenie zam\u00f3wienia Dotyczy: Post\u0119powania prowadzonego w trybie pisemnego przetargu nieograniczonego o udzielenie zam\u00f3wienia na opracowanie dokumentacji projektowo kosztorysowej w ramach zadania \u201eParowozownia wachlarzowa w Lubaniu.\u201d Zagadnienie nr 1 Czy zakres dokumentacji obejmuje tylko sam obiekt (w jego obr\u0119bie), czy te\u017c powinien uwzgl\u0119dnia\u0107 zagospodarowanie i uzbrojenie terenu na [&hellip;]<\/p>\n","protected":false},"author":1,"featured_media":0,"parent":0,"menu_order":0,"comment_status":"closed","ping_status":"closed","template":"","meta":{"footnotes":""},"class_list":["post-10250","page","type-page","status-publish","hentry"],"_links":{"self":[{"href":"https:\/\/old-ssemp.sowiak.dev\/index.php?rest_route=\/wp\/v2\/pages\/10250","targetHints":{"allow":["GET"]}}],"collection":[{"href":"https:\/\/old-ssemp.sowiak.dev\/index.php?rest_route=\/wp\/v2\/pages"}],"about":[{"href":"https:\/\/old-ssemp.sowiak.dev\/index.php?rest_route=\/wp\/v2\/types\/page"}],"author":[{"embeddable":true,"href":"https:\/\/old-ssemp.sowiak.dev\/index.php?rest_route=\/wp\/v2\/users\/1"}],"replies":[{"embeddable":true,"href":"https:\/\/old-ssemp.sowiak.dev\/index.php?rest_route=%2Fwp%2Fv2%2Fcomments&post=10250"}],"version-history":[{"count":1,"href":"https:\/\/old-ssemp.sowiak.dev\/index.php?rest_route=\/wp\/v2\/pages\/10250\/revisions"}],"predecessor-version":[{"id":10256,"href":"https:\/\/old-ssemp.sowiak.dev\/index.php?rest_route=\/wp\/v2\/pages\/10250\/revisions\/10256"}],"wp:attachment":[{"href":"https:\/\/old-ssemp.sowiak.dev\/index.php?rest_route=%2Fwp%2Fv2%2Fmedia&parent=10250"}],"curies":[{"name":"wp","href":"https:\/\/api.w.org\/{rel}","templated":true}]}}