{"id":10249,"date":"2016-07-22T15:15:26","date_gmt":"2016-07-22T13:15:26","guid":{"rendered":"http:\/\/ssemp.pl\/?page_id=10249"},"modified":"2016-07-22T15:15:26","modified_gmt":"2016-07-22T13:15:26","slug":"informacja-dotyszaca-siwz-i-ogloszenia-o-przetargu-z-dnia-26-08-2014-r-02-09-2014","status":"publish","type":"page","link":"https:\/\/old-ssemp.sowiak.dev\/?page_id=10249","title":{"rendered":"Informacja dotysz\u0105ca SIWZ i og\u0142oszenia o przetargu z dnia 26.08.2014 r. &#8211; 02-09-2014"},"content":{"rendered":"<p>Kamienna G\u00f3ra, dnia 02.09.2014 r.<\/p>\n<p>&nbsp;<\/p>\n<p><strong>INFORMACJA\u00a0<\/strong><br \/>\ndotycz\u0105ca post\u0119powania o udzielenie zam\u00f3wienia na:<br \/>\n<strong>Opracowanie dokumentacji projektowo-kosztorysowej w ramach zadania pn:<br \/>\n\u201eParowozownia wachlarzowa w Lubaniu\u201d<\/strong><br \/>\nZamawiaj\u0105cy informuje, \u017ce w zwi\u0105zku z pojawieniem si\u0119 pyta\u0144 ze strony Wykonawc\u00f3w zainteresowanych przyst\u0105pieniem do wy\u017cej wymienionego zadania, udzielamy odpowiedzi na zadawane pytania, oraz uzupe\u0142niamy SIWZ o map\u0119 ewidencyjn\u0105 objektu parowozowni wachlarzowej po\u0142o\u017conej w Lubaniu, zdj\u0119cie obiektu i rzuty.<br \/>\n<strong>Wykonawcy ubiegaj\u0105cy si\u0119 o udzielenie zam\u00f3wienia<\/strong><br \/>\nDotyczy: Post\u0119powania prowadzonego w trybie pisemnego przetargu nieograniczonego o udzielenie zam\u00f3wienia na opracowanie dokumentacji projektowo-kosztorysowej w ramach zadania \u201eParowozownia wachlarzowa w Lubaniu.\u201d<br \/>\n<strong>Zagadnienie nr 1<\/strong><\/p>\n<p>Czy Inwestor dysponuje danymi dotycz\u0105cymi powierzchni i kubatury parowozowni oraz powierzchni dzia\u0142ki do zagospodarowania ?<\/p>\n<p><strong>Odpowied\u017a<\/strong><br \/>\nParowozownia wachlarzowa obejmuje hal\u0119 produkcyjn\u0105 i magazyn o \u0142\u0105cznej pow. u\u017cytkowej 2.449 m2. Obiekt jest posadowiony na dzia\u0142ce nr ew. 16\/8 o powierzchni 9002 m2.<br \/>\nDane techniczne hali produkcyjnej parowozowni:<br \/>\npowierzchnia zabudowy &#8211; 1.744 m2<br \/>\npowierzchnia u\u017cytkowa (z galeriami) &#8211; 1.526 m2<br \/>\nkubatura &#8211; 12.310 m3<br \/>\nrok budowy &#8211; 1909<\/p>\n<p>Dane techniczne cz\u0119\u015bci magazynowej parowozowni:<br \/>\npowierzchnia zabudowy &#8211; 1.054,9 m2<br \/>\npowierzchnia u\u017cytkowa &#8211; 923 m2<br \/>\nkubatura &#8211; 7.643 m3<br \/>\nrok budowy &#8211; 1909<\/p>\n<p><strong>Zagadnienie nr 2<\/strong><br \/>\nCzy Zamawiaj\u0105cy posiada kt\u00f3re\u015b z wymienionych opracowa\u0144, a je\u015bli nie, czy przewiduje dodatkowy czas na ich opracowanie ?<br \/>\n&#8211; inwentaryzacja budowlano \u2013 konserwatorska,<br \/>\n&#8211; koncepcja programowo &#8211; przestrzenna obiektu wraz z zagospodarowaniem terenu oraz jej uzgodnienie z Inwestorem i WKZ,<br \/>\n&#8211; ekspertyza techniczna stanu konstrukcyjnego obiektu.<\/p>\n<p><strong>Odpowied\u017a<\/strong><br \/>\nZamawiaj\u0105cy nie posiada \u017cadnych z wymienionych opracowa\u0144. Zgodnie z Rozdzia\u0142em IV pkt 5 SIWZ Wykonawca zobowi\u0105zany jest do wykonania na w\u0142asny koszt niezb\u0119dnych ekspertyz, bada\u0144, opinii i innych dokument\u00f3w, kt\u00f3re s\u0105 niezb\u0119dne do prac projektowych oraz do uzyskania decyzji o warunkach zabudowy lub decyzji lokalizacji inwestycji celu publicznego (je\u015bli s\u0105 wymagane) realizacji przedmiotu zam\u00f3wienia oraz uzyskanie decyzji zatwierdzaj\u0105cej projekt budowlany i udzielaj\u0105cej pozwolenia na budow\u0119.<br \/>\nZamawiaj\u0105cy nie przewiduje dodatkowego czasu na ich opracowanie, przy czym przewidziany termin wykonania zam\u00f3wienia nie obejmuje okresu 65 dni niezb\u0119dnego do uzyskania decyzji pozwolenia na budow\u0119.<br \/>\nZatem zako\u0144czenie prac obejmuje przekazanie Zamawiaj\u0105cemu sporz\u0105dzonej dokumentacji projektowo-kosztorysowej oraz z\u0142o\u017cenie wniosku o pozwolenie na budow\u0119 we w\u0142a\u015bciwym organie administracji architektoniczno-budowlanej.<\/p>\n<p><strong>Zagadnienie nr 3<\/strong><br \/>\nCzy Inwestor mo\u017ce wyd\u0142u\u017cy\u0107 \u017c\u0105dany termin wykonania prac lub te\u017c rozbi\u0107 opracowanie na nast\u0119puj\u0105ce etapy ?<br \/>\nI. Wykonanie opracowa\u0144 przedprojektowych (inwentaryzacja, ekspertyza, koncepcja programowo \u2013 przestrzenna wraz z opiniami Inwestora i WKZ, wystapienie i uzyskanie warunk\u00f3w zasilania i odbioru medi\u00f3w, badania geologiczne i wykonanie mapy dla cel\u00f3w projektowych (proponowany termin do 10 tygodni).<br \/>\nII. Opracowanie projektu budowlanego i wykonawczego z niezb\u0119dnymi uzgodnieniami i z pozwoleniem konserwatorskim (proponowane 17 tygodni).<br \/>\nIII. Uzyskanie pozwolenia na budow\u0119, z godnie z KPA (do 65 dni).<\/p>\n<p><strong>Odpowied\u017a<\/strong><br \/>\nZamawiaj\u0105cy nie przewiduje prolongaty terminu wykonania zam\u00f3wienia a tak\u017ce rozbicia opracowania na wy\u017cej wymienione etapy.<br \/>\nZgodnie z Rozdzia\u0142em IV pkt 2 lit. i) Wykonana dokumentacja musi by\u0107 kompletna z punktu widzenia celu, kt\u00f3remu ma s\u0142u\u017cy\u0107.<\/p>\n<p>&nbsp;<\/p>\n<p><strong>Zagadnienie nr 4\u00a0<\/strong><br \/>\nCzy dzia\u0142ka jest w\u0142asno\u015bci\u0105 koleii, miasta lub SSEMP Kamienna G\u00f3ra ?<br \/>\n<strong>Odpowied\u017a<\/strong>\u00a0Dzia\u0142ka gruntu nr 16\/8 jest w u\u017cytkowaniu wieczystym SSEMP S.A., wraz z w\u0142asno\u015bci\u0105 zabudowy istniej\u0105c\u0105 na gruncie.<\/p>\n<p><strong>Zagadnienie nr 5\u00a0<\/strong><br \/>\nCzy obszar parowozowni obj\u0119ty jest miejscowym planem zagospodarowania?<\/p>\n<p><strong>Odpowied\u017a<\/strong><br \/>\nObszar obj\u0119ty jest miejscowym planem zagospodarowania przestrzennego Miasta Luba\u0144 (Uchwa\u0142a nr XXXVIII\/284\/2005 z 27.09.2005 oznaczony symbolem 1AG tj : tereny aktywno\u015bci gospodarczych.<\/p>\n<p><strong>Zagadnienie nr 6\u00a0<\/strong><br \/>\nCzy Zamawiaj\u0105cy posiada wytyczne konserwatorskie wydane przez Konserwatora Zabytk\u00f3w?<\/p>\n<p><strong>Odpowied\u017a<\/strong><br \/>\nZamawiaj\u0105cy nie posiada wytycznych wydanych przez Konserwatora Zabytk\u00f3w, jedynie decyzj\u0119 o wpisie obiektu do rejestru zabytk\u00f3w wojew\u00f3dztwa dolno\u015bl\u0105skiego.<\/p>\n","protected":false},"excerpt":{"rendered":"<p>Kamienna G\u00f3ra, dnia 02.09.2014 r. &nbsp; INFORMACJA\u00a0 dotycz\u0105ca post\u0119powania o udzielenie zam\u00f3wienia na: Opracowanie dokumentacji projektowo-kosztorysowej w ramach zadania pn: \u201eParowozownia wachlarzowa w Lubaniu\u201d Zamawiaj\u0105cy informuje, \u017ce w zwi\u0105zku z pojawieniem si\u0119 pyta\u0144 ze strony Wykonawc\u00f3w zainteresowanych przyst\u0105pieniem do wy\u017cej wymienionego zadania, udzielamy odpowiedzi na zadawane pytania, oraz uzupe\u0142niamy SIWZ o map\u0119 ewidencyjn\u0105 objektu parowozowni [&hellip;]<\/p>\n","protected":false},"author":1,"featured_media":0,"parent":0,"menu_order":0,"comment_status":"closed","ping_status":"closed","template":"","meta":{"footnotes":""},"class_list":["post-10249","page","type-page","status-publish","hentry"],"_links":{"self":[{"href":"https:\/\/old-ssemp.sowiak.dev\/index.php?rest_route=\/wp\/v2\/pages\/10249","targetHints":{"allow":["GET"]}}],"collection":[{"href":"https:\/\/old-ssemp.sowiak.dev\/index.php?rest_route=\/wp\/v2\/pages"}],"about":[{"href":"https:\/\/old-ssemp.sowiak.dev\/index.php?rest_route=\/wp\/v2\/types\/page"}],"author":[{"embeddable":true,"href":"https:\/\/old-ssemp.sowiak.dev\/index.php?rest_route=\/wp\/v2\/users\/1"}],"replies":[{"embeddable":true,"href":"https:\/\/old-ssemp.sowiak.dev\/index.php?rest_route=%2Fwp%2Fv2%2Fcomments&post=10249"}],"version-history":[{"count":1,"href":"https:\/\/old-ssemp.sowiak.dev\/index.php?rest_route=\/wp\/v2\/pages\/10249\/revisions"}],"predecessor-version":[{"id":10255,"href":"https:\/\/old-ssemp.sowiak.dev\/index.php?rest_route=\/wp\/v2\/pages\/10249\/revisions\/10255"}],"wp:attachment":[{"href":"https:\/\/old-ssemp.sowiak.dev\/index.php?rest_route=%2Fwp%2Fv2%2Fmedia&parent=10249"}],"curies":[{"name":"wp","href":"https:\/\/api.w.org\/{rel}","templated":true}]}}