{"id":10248,"date":"2016-07-22T15:14:37","date_gmt":"2016-07-22T13:14:37","guid":{"rendered":"http:\/\/ssemp.pl\/?page_id=10248"},"modified":"2016-07-22T15:14:37","modified_gmt":"2016-07-22T13:14:37","slug":"ogloszenie-o-przetargu-parowozownia-26-08-2014","status":"publish","type":"page","link":"https:\/\/old-ssemp.sowiak.dev\/?page_id=10248","title":{"rendered":"Og\u0142oszenie o przetargu Parowozownia &#8211; 26-08-2014"},"content":{"rendered":"<p><strong>OG\u0141OSZENIE O PRZETARGU<\/strong><\/p>\n<p>Opracowanie dokumentacji projektowo-kosztorysowej w ramach zadania pn:<br \/>\n\u201eParowozownia wachlarzowa w Lubaniu\u201d<\/p>\n<p>Data zamieszczenia: 26.08.2014 r.<br \/>\nSEKCJA I: ZAMAWIAJ\u0104CY<br \/>\n<strong>I. 1) NAZWA I ADRES:<\/strong>\u00a0Specjalna Strefa Ekonomiczna Ma\u0142ej Przedsi\u0119biorczo\u015bci S.A., ul. Papie\u017ca Jana Paw\u0142a II 11A, 58-400 Kamienna G\u00f3ra, woj. dolno\u015bl\u0105skie, tel. 75\/ 645 20 30,<br \/>\nfaks 75\/ 645 20 33, 75\/ 744 20 17, e- mail: strefa@ssemp.pl<\/p>\n<ol>\n<li><strong> 2) RODZAJ zamawiaj\u0105cego:<\/strong>Sp\u00f3\u0142ka prawa handlowego.<\/li>\n<\/ol>\n<ul>\n<li><strong> Adres strony internetowej zamawiaj\u0105cego:<\/strong>www.ssemp.pl<\/li>\n<\/ul>\n<p>SEKCJA II: PRZEDMIOT ZAM\u00d3WIENIA<\/p>\n<ol>\n<li><strong> 1) OKRE\u015aLENIE PRZEDMIOTU ZAM\u00d3WIENIA<\/strong><\/li>\n<li><strong> 1.1) Nazwa nadana zam\u00f3wieniu przez zamawiaj\u0105cego:<\/strong><\/li>\n<\/ol>\n<p>Opracowanie dokumentacji projektowo-kosztorysowej dotycz\u0105cej zadania pn:<br \/>\n\u201eParowozownia wachlarzowa w Lubaniu\u201d<br \/>\n<strong>II. 1.2) Rodzaj zam\u00f3wienia:\u00a0<\/strong>us\u0142ugi.<br \/>\n<strong>II. 1.3) Okre\u015blenie przedmiotu oraz wielko\u015b\u0107 lub zakres zam\u00f3wienia<\/strong><\/p>\n<ol>\n<li>Przedmiotem zam\u00f3wienia jest sporz\u0105dzenie dokumentacji projektowo-kosztorysowej obiektu parowozowni wachlarzowej, posadowionej na dzia\u0142ce gruntu nr ew. 16\/8, obr\u0119b IV, AM 8 na terenie Kamiennog\u00f3rskiej SSE w Lubaniu przy ulicy Gazowej. Decyzj\u0105 Dolno\u015bl\u0105skiego Wojew\u00f3dzkiego Konserwatora Zabytk\u00f3w nr WRiD.5230.04.11.JK z dnia 19.01.2012 r. obiekt zosta\u0142 wpisany do rejestru zabytk\u00f3w wojew\u00f3dztwa dolno\u015bl\u0105skiego. Celem opracowania dokumentacji projektowej jest ustalenie zakresu niezb\u0119dnych rob\u00f3t budowlanych ca\u0142ego obiektu oraz w jego obr\u0119bie, okre\u015blaj\u0105cy stan zachowania parowozowni wachlarzowej, uwzgl\u0119dniaj\u0105cy mo\u017cliwo\u015b\u0107 jej adaptacji do wsp\u00f3\u0142czesnych funkcji us\u0142ugowo-biurowych z uwzgl\u0119dnieniem sali konferencyjnej, maj\u0105c na uwadze walory historyczne, funkcje i warto\u015b\u0107 ca\u0142ego obiektu.<\/li>\n<li>Szczeg\u00f3\u0142owy zakres zam\u00f3wienia okre\u015blony zosta\u0142 w SIWZ.<\/li>\n<li>Zamawiaj\u0105cy dopuszcza realizacj\u0119 przedmiotowego zam\u00f3wienia przy pos\u0142u\u017ceniu si\u0119 podwykonawcami.<\/li>\n<\/ol>\n<p><strong>II.1.4) Czy dopuszcza si\u0119 z\u0142o\u017cenie oferty cz\u0119\u015bciowej:<\/strong>\u00a0nie<br \/>\n<strong>II.1.5) Czy dopuszcza si\u0119 z\u0142o\u017cenie oferty wariantowej:<\/strong>nie<br \/>\n<strong>II.2) CZAS TRWANIA ZAM\u00d3WIENIA LUB TERMIN WYKONANIA:\u00a0<\/strong><br \/>\nZam\u00f3wienie nale\u017cy wykona\u0107 w terminie\u00a0<strong>17 tygodni<\/strong>\u00a0od daty podpisania umowy na opracowanie dokumentacji projektowej.<br \/>\nSEKCJA III: INFORMACJE O CHARAKTERZE PRAWNYM, EKONOMICZNYM, FINANSOWYM I TECHNICZNYM<br \/>\n<strong>III.1) WADIUM<br \/>\nInformacja na temat wadium:<\/strong>\u00a0Zamawiaj\u0105cy nie przewiduje obowi\u0105zku wniesienia wadium.<br \/>\nIII.2) ZALICZKI<br \/>\n<strong>III.3) WARUNKI UDZIA\u0141U W POST\u0118POWANIU ORAZ OPIS SPOSOBU DOKONYWANIA OCENY SPE\u0141NIANIA TYCH WARUNK\u00d3W<\/strong><br \/>\n<strong>III.3.1) Uprawnienia do wykonywania okre\u015blonej dzia\u0142alno\u015bci lub czynno\u015bci, je\u017celi przepisy prawa nak\u0142adaj\u0105 obowi\u0105zek ich posiadania\u00a0<\/strong><br \/>\nOpis spe\u0142nienia warunku okre\u015bla SIWZ (rozdzia\u0142 VIII)<br \/>\n<strong>III.3.2) Wiedza i do\u015bwiadczenie\u00a0<\/strong><br \/>\nOpis spe\u0142nienia warunku okre\u015bla SIWZ (rozdzia\u0142 VIII ppkt b)<br \/>\n<strong>III.3.3) Potencja\u0142 techniczny\u00a0<\/strong><br \/>\nOpis spe\u0142nienia warunku okre\u015bla SIWZ ( rozdzia\u0142 VIII ppkt c)<br \/>\n<strong>III.3.4) Osoby zdolne do wykonania zam\u00f3wienia\u00a0<\/strong><br \/>\nOpis spe\u0142nienia warunku okre\u015bla SIWZ (rozdzia\u0142 VIII ppkt c 1,2)<br \/>\n<strong>III.3.5) Sytuacja ekonomiczna i finansowa\u00a0<\/strong><br \/>\nOpis spe\u0142nienia warunku okre\u015bla SIWZ (rozdzia\u0142 VIII ppkt d)<br \/>\n<strong>III.4) INFORMACJA O O\u015aWIADCZENIACH LUB DOKUMENTACH, JAKIE MAJ\u0104 DOSTARCZY\u0106 WYKONAWCY W CELU POTWIERDZENIA SPE\u0141NIANIA WARUNK\u00d3W UDZIA\u0141U W POST\u0118POWANIU ORAZ NIEPODLEGANIA WYKLUCZENIU<\/strong><br \/>\nDokumenty o kt\u00f3rych mowa zawarte s\u0105 w SIWZ ( rozdzia\u0142 IX )<br \/>\n<strong>III.4.1) Dokumenty podmiot\u00f3w zagranicznych\u00a0<\/strong><br \/>\nJe\u017celi wykonawca ma siedzib\u0119 lub miejsce zamieszkania poza terytorium Rzeczypospolitej, przedk\u0142ada:<br \/>\n<strong>III.4.2.) dokument wystawiony w kraju, w kt\u00f3rym ma siedzib\u0119 lub miejsce zamieszkania potwierdzaj\u0105cy, \u017ce:\u00a0<\/strong><br \/>\nnie otwarto likwidacji ani nie og\u0142oszono upad\u0142o\u015bci &#8211; wystawiony nie wcze\u015bniej ni\u017c 6 miesi\u0119cy<br \/>\nprzed up\u0142ywem terminu sk\u0142adania wniosk\u00f3w o dopuszczenie do udzia\u0142u w post\u0119powaniu o udzielenie zam\u00f3wienia albo sk\u0142adania ofert;<br \/>\n<strong>III.4.3) Dokumenty dotycz\u0105ce przynale\u017cno\u015bci do tej samej grupy kapita\u0142owej\u00a0<\/strong><br \/>\nlista podmiot\u00f3w nale\u017c\u0105cych do tej samej grupy kapita\u0142owej w rozumieniu ustawy z dnia 16 lutego 2007 r. o ochronie konkurencji i konsument\u00f3w albo informacji o tym, \u017ce nie nale\u017cy do grupy kapita\u0142owej;<br \/>\nSEKCJA IV: PROCEDURA<br \/>\n<strong>IV.1) TRYB UDZIELENIA ZAM\u00d3WIENIA\u00a0<\/strong><br \/>\n<strong>IV.1.1) Tryb udzielenia zam\u00f3wienia:<\/strong>\u00a0pisemny przetarg nieograniczony\/ bez stosowania ustawy z dnia 29 stycznia 2004 r. \u2013 Prawo zam\u00f3wie\u0144 publicznych (tj. Dz. U. z 2013 r. poz. 907 z p\u00f3\u017an. zm.).<br \/>\n<strong>IV.2) KRYTERIA OCENY OFERT<br \/>\nIV.2.1) Kryteria oceny ofert<\/strong>: najni\u017csza cena 100%<br \/>\n<strong>IV.2.2) Czy przeprowadzona b\u0119dzie aukcja elektroniczna:<\/strong>\u00a0nie<br \/>\n<strong>IV.3) ZMIANA UMOWY\u00a0<\/strong><br \/>\n<strong>Dopuszczalne zmiany postanowie\u0144 umowy oraz okre\u015blenie warunk\u00f3w zmian:\u00a0<\/strong><br \/>\nZamawiaj\u0105cy dopuszcza wprowadzenie do umowy zmian w drodze aneksu, poprzedzonych pisemnym umotywowanym wnioskiem strony zainteresowanej wprowadzeniem wnioskowanych zmian. Dopuszczalna jest zmiana wynagrodzenia Wykonawcy w przypadku zmiany w okresie obowi\u0105zywania umowy stawki podatku VAT, wynagrodzenie brutto ulegnie zmianie stosownie do zmiany tej stawki, przy czym wynagrodzenie netto pozostaje bez zmian. Strony mog\u0105 wnioskowa\u0107 o dokonanie zmiany osoby posiadaj\u0105cej stosowne uprawnienia w nast\u0119puj\u0105cych przypadkach: \u015bmierci, choroby lub innego zdarzenia losowego uniemo\u017cliwiaj\u0105cego pe\u0142nienie funkcji; nie wywi\u0105zania si\u0119 tej osoby z obowi\u0105zk\u00f3w wynikaj\u0105cych z umowy lub w spos\u00f3b nale\u017cyty. W przypadku zmiany okre\u015blonej wy\u017cej nowa osoba musi spe\u0142nia\u0107 wymagania okre\u015blone w Specyfikacji Istotnych Warunk\u00f3w Zam\u00f3wienia. Nie stanowi zmiany umowy, zmiana danych zwi\u0105zanych z obs\u0142ug\u0105 administracyjno-organizacyjn\u0105 umowy, zmiana danych teleadresowych, zmiany os\u00f3b wskazanych do kontakt\u00f3w mi\u0119dzy stronami, zmiana numeru rachunku bankowego.<br \/>\n<strong>IV.4) INFORMACJE ADMINISTRACYJNE<\/strong><br \/>\n<strong>IV.4.1) Adres strony internetowej na kt\u00f3rej dost\u0119pna jest specyfikacja istotnych warunk\u00f3w zam\u00f3wienia:\u00a0<\/strong>www.ssemp.pl ( zak\u0142adka Przetargi na roboty budowlane)<br \/>\n<strong>Specyfikacj\u0119 istotnych warunk\u00f3w zam\u00f3wienia mo\u017cna uzyska\u0107 pod adresem:\u00a0<\/strong><br \/>\npok. nr 105 Dzia\u0142 Inwestycji ( I pi\u0119tro budynku administracyjnego SSEMP S.A. przy ul. Papie\u017ca Jana Paw\u0142a II 11A w Kamiennej G\u00f3rze).<br \/>\n<strong>IV.4.2) Termin sk\u0142adania ofert: 05.09.2014 r.<\/strong>\u00a0do godz.\u00a0<strong>12:00<\/strong>\u00a0, miejsce: Siedziba Zamawiaj\u0105cego \/Sekretariat \u2013 I pi\u0119tro\/.<br \/>\n<strong>IV.4.3) Otwarcie ofert: 05.09.2014 r.<\/strong>\u00a0o godz.\u00a0<strong>12:15<\/strong>\u00a0, miejsce: Siedziba Zamawiaj\u0105cego \/ pok. nr 112, sala konferencyjna, ( I pi\u0119tro).<br \/>\n<strong>IV.4.4) Termin zwi\u0105zania ofert\u0105:<\/strong>\u00a0okres w dniach:\u00a0<strong>30<\/strong>\u00a0( od ostatecznego terminu sk\u0142adania ofert).<br \/>\n<strong>IV 4.5) Informacje dodatkowe:\u00a0<\/strong><br \/>\n1. Zamawiaj\u0105cy zastrzega sobie prawo do zamkni\u0119cia przetargu bez wybrania kt\u00f3rejkolwiek z ofert, bez podania przyczyny , na ka\u017cdym etapie post\u0119powania. W tym przypadku oferentom nie przys\u0142uguj\u0105 jakiekolwiek roszczenia.<br \/>\n2. Osobami upowa\u017cnionymi do kontaktu s\u0105: \u0141ukasz S\u0142awi\u0144ski, e-mail: l.slawi\u0144ski@ssemp.pl, tel. 75\/645-20-30, 602-853-881, faks 75\/645-20-33, Marek Bodziony, e-mail:m.bodziony@ssemp.pl tel. 75\/645-20-30, 660-691-561, faks 75\/645-20-33, pok\u00f3j nr 105 w siedzibie Zamawiaj\u0105cego.<\/p>\n","protected":false},"excerpt":{"rendered":"<p>OG\u0141OSZENIE O PRZETARGU Opracowanie dokumentacji projektowo-kosztorysowej w ramach zadania pn: \u201eParowozownia wachlarzowa w Lubaniu\u201d Data zamieszczenia: 26.08.2014 r. SEKCJA I: ZAMAWIAJ\u0104CY I. 1) NAZWA I ADRES:\u00a0Specjalna Strefa Ekonomiczna Ma\u0142ej Przedsi\u0119biorczo\u015bci S.A., ul. Papie\u017ca Jana Paw\u0142a II 11A, 58-400 Kamienna G\u00f3ra, woj. dolno\u015bl\u0105skie, tel. 75\/ 645 20 30, faks 75\/ 645 20 33, 75\/ 744 20 [&hellip;]<\/p>\n","protected":false},"author":1,"featured_media":0,"parent":0,"menu_order":0,"comment_status":"closed","ping_status":"closed","template":"","meta":{"footnotes":""},"class_list":["post-10248","page","type-page","status-publish","hentry"],"_links":{"self":[{"href":"https:\/\/old-ssemp.sowiak.dev\/index.php?rest_route=\/wp\/v2\/pages\/10248","targetHints":{"allow":["GET"]}}],"collection":[{"href":"https:\/\/old-ssemp.sowiak.dev\/index.php?rest_route=\/wp\/v2\/pages"}],"about":[{"href":"https:\/\/old-ssemp.sowiak.dev\/index.php?rest_route=\/wp\/v2\/types\/page"}],"author":[{"embeddable":true,"href":"https:\/\/old-ssemp.sowiak.dev\/index.php?rest_route=\/wp\/v2\/users\/1"}],"replies":[{"embeddable":true,"href":"https:\/\/old-ssemp.sowiak.dev\/index.php?rest_route=%2Fwp%2Fv2%2Fcomments&post=10248"}],"version-history":[{"count":1,"href":"https:\/\/old-ssemp.sowiak.dev\/index.php?rest_route=\/wp\/v2\/pages\/10248\/revisions"}],"predecessor-version":[{"id":10254,"href":"https:\/\/old-ssemp.sowiak.dev\/index.php?rest_route=\/wp\/v2\/pages\/10248\/revisions\/10254"}],"wp:attachment":[{"href":"https:\/\/old-ssemp.sowiak.dev\/index.php?rest_route=%2Fwp%2Fv2%2Fmedia&parent=10248"}],"curies":[{"name":"wp","href":"https:\/\/api.w.org\/{rel}","templated":true}]}}