{"id":10247,"date":"2016-07-22T15:13:36","date_gmt":"2016-07-22T13:13:36","guid":{"rendered":"http:\/\/ssemp.pl\/?page_id=10247"},"modified":"2016-07-22T15:13:36","modified_gmt":"2016-07-22T13:13:36","slug":"opracowanie-dokumentacji-projektowej-i-kosztorysowej-11-08-2014","status":"publish","type":"page","link":"https:\/\/old-ssemp.sowiak.dev\/?page_id=10247","title":{"rendered":"Opracowanie dokumentacji projektowej i kosztorysowej. &#8211; 11-08-2014"},"content":{"rendered":"<p><strong>OG\u0141OSZENIE O PRZETARGU<\/strong><\/p>\n<p>Opracowanie dokumentacji projektowej i kosztorysowej dla zadania pn.<br \/>\n<strong>\u201eBudowa drogi dojazdowej do terenu SSE w Krzeszowie.\u201d<\/strong><\/p>\n<p>CPV: 71.24.20.00-6, 71.32.00.00-7, 71.32.20.00-1.<\/p>\n<p>Data zamieszczenia: 11.08.2014 r.<\/p>\n<p>SEKCJA I: ZAMAWIAJ\u0104CY<br \/>\n<strong>I. 1) NAZWA I ADRES:<\/strong>\u00a0Specjalna Strefa Ekonomiczna Ma\u0142ej Przedsi\u0119biorczo\u015bci S.A., ul. Papie\u017ca Jana Paw\u0142a II 11A, 58-400 Kamienna G\u00f3ra, woj. dolno\u015bl\u0105skie,<br \/>\ntel. 75\/ 645 20 30, faks 75\/ 645 20 33, e- mail: l.slawinski@ssemp.pl<\/p>\n<ol>\n<li><strong> 2) RODZAJ ZAMAWIAJ\u0104CEGO<\/strong>: Sp\u00f3\u0142ka prawa handlowego.<\/li>\n<\/ol>\n<ul>\n<li><strong> Adres strony internetowej Zamawiaj\u0105cego:<\/strong>www.ssemp.pl<\/li>\n<\/ul>\n<p>SEKCJA II: PRZEDMIOT ZAM\u00d3WIENIA<\/p>\n<ol>\n<li><strong> 1) OKRE\u015aLENIE PRZEDMIOTU ZAM\u00d3WIENIA<\/strong><\/li>\n<li><strong> 1.1) Nazwa nadana zam\u00f3wieniu przez Zamawiaj\u0105cego:\u00a0<\/strong><br \/>\n\u201eBudowa drogi dojazdowej do terenu SSE w Krzeszowie.\u201d<\/li>\n<li><strong> 1.2) Rodzaj zam\u00f3wienia:<\/strong>us\u0142ugi.<br \/>\n<strong>II. 1.3) Okre\u015blenie przedmiotu oraz wielko\u015bci lub zakresu zam\u00f3wienia:\u00a0<\/strong><br \/>\n1. Przedmiotem zam\u00f3wienia jest opracowanie kompletnej dokumentacji projektowej i kosztorysowej budowy drogi lokalnej \u0142\u0105cz\u0105cej teren Kamiennog\u00f3rskiej Specjalnej Strefy Ekonomicznej Ma\u0142ej Przedsi\u0119biorczo\u015bci, oznaczony wg ewidencji grunt\u00f3w jako dzia\u0142ki nr ew. 960\/2, 961, 962 i 963, obr\u0119b Krzesz\u00f3w, z drog\u0105 powiatow\u0105 nr 12133 Kamienna G\u00f3ra Mierosz\u00f3w.<br \/>\n2. Szczeg\u00f3\u0142owy zakres zam\u00f3wienia zosta\u0142 okre\u015blony w SIWZ.<br \/>\n3. Zamawiaj\u0105cy dopuszcza realizacj\u0119 przedmiotowego zam\u00f3wienia przy pos\u0142u\u017ceniu si\u0119 podwykonawcami.\u00a0\u00a0<strong>II. 1.4) Wsp\u00f3lny S\u0142ownik Zam\u00f3wie\u0144 (CPV):\u00a0<\/strong>71.24.20.00-6 Przygotowanie przedsi\u0119wzi\u0119cia i projektu, oszacowanie koszt\u00f3w.<br \/>\n71.32.00.00-7 Us\u0142ugi in\u017cynieryjne w zakresie projektowania.<br \/>\n71.32.20.00-1 Us\u0142ugi in\u017cynierii projektowej w zakresie in\u017cynierii l\u0105dowej i wodnej.<br \/>\n<strong>II. 1.5) Czy dopuszcza si\u0119 z\u0142o\u017cenie oferty cz\u0119\u015bciowej:<\/strong>nie<br \/>\n<strong>II. 1.6) Czy dopuszcza si\u0119 z\u0142o\u017cenie oferty wariantowej:<\/strong>\u00a0nie<br \/>\n<strong>II. 2) CZAS TRWANIA ZAM\u00d3WIENIA LUB TERMIN WYKONANIA:\u00a0<\/strong><br \/>\nZam\u00f3wienie nale\u017cy wykona\u0107 w terminie\u00a0<strong>12 tygodni<\/strong>\u00a0od daty podpisania umowy o wykonanie prac projektowych.<br \/>\nSEKCJA III: INFORMACJE O CHARAKTERZE PRAWNYM, EKONOMICZNYM, FINANSOWYM I TECHNICZNYM<br \/>\n<strong>III. 1) WADIUM<br \/>\nInformacja na temat wadium:\u00a0<\/strong><br \/>\nZamawiaj\u0105cy nie przewiduje obowi\u0105zku wniesienia wadium.<br \/>\n<strong>III. 2) ZALICZKI<br \/>\nIII. 3) WARUNKI UDZIA\u0141U W POST\u0118POWANIU ORAZ OPIS SPOSOBU DOKONYWANIA OCENY SPE\u0141NIANIA TYCH WARUNK\u00d3W<br \/>\nIII.3.1) Uprawnienia do wykonywania okre\u015blonej dzia\u0142alno\u015bci lub czynno\u015bci, je\u017celi przepisy prawa nak\u0142adaj\u0105 obowi\u0105zek ich posiadania\u00a0<\/strong><br \/>\nOpis sposobu dokonywania oceny spe\u0142niania tego warunku.<br \/>\nO udzielenie zam\u00f3wienia mog\u0105 ubiega\u0107 si\u0119 Wykonawcy, kt\u00f3rzy spe\u0142niaj\u0105 warunki dotycz\u0105ce posiadania uprawnie\u0144 do wykonywania dzia\u0142alno\u015bci lub czynno\u015bci, je\u017celi przepisy prawa nak\u0142adaj\u0105 obowi\u0105zek ich posiadania.<br \/>\nZamawiaj\u0105cy nie precyzuje w tym zakresie \u017cadnych wymaga\u0144, kt\u00f3rych spe\u0142nienie Wykonawca zobowi\u0105zany jest wykaza\u0107 w spos\u00f3b szczeg\u00f3lny.<br \/>\n<strong>III.3.2) Wiedza i do\u015bwiadczenie\u00a0<\/strong><br \/>\nOpis sposobu dokonywania oceny spe\u0142niania tego warunku.<br \/>\nO udzielenie zam\u00f3wienia mog\u0105 ubiega\u0107 si\u0119 Wykonawcy, kt\u00f3rzy spe\u0142niaj\u0105 warunki dotycz\u0105ce posiadania wiedzy i do\u015bwiadczenia, a w szczeg\u00f3lno\u015bci Wykonawca winien wykaza\u0107, \u017ce w okresie ostatnich trzech lat przed up\u0142ywem terminu sk\u0142adania ofert, a je\u017celi okres prowadzonej dzia\u0142alno\u015bci jest kr\u00f3tszy &#8211; w tym okresie, wykona\u0142 nale\u017cycie co najmniej\u00a0<strong>dwa projekty budowlane na budow\u0119 lub przebudow\u0119 drogi klasy co najmniej \u201eZ\u201d, o nawierzchni z betonu asfaltowego i odcinku o d\u0142ugo\u015bci nie mniejszej ni\u017c 500 mb.<\/strong>\u00a0Zamawiaj\u0105cy, na podstawie z\u0142o\u017conych przez Wykonawc\u0119 dokument\u00f3w, dokona oceny spe\u0142niania warunk\u00f3w podmiotowych wed\u0142ug formu\u0142y spe\u0142nia &#8211; nie spe\u0142nia w oparciu o informacje zawarte w wymaganych dokumentach i o\u015bwiadczeniach, o kt\u00f3rych mowa w Specyfikacji Istotnych Warunk\u00f3w Zam\u00f3wienia. O\u015bwiadczenia i dokumenty oceniane b\u0119d\u0105 pod wzgl\u0119dem ich aktualno\u015bci i tre\u015bci odnosz\u0105cej si\u0119 do warunk\u00f3w udzia\u0142u w post\u0119powaniu. Nie spe\u0142nienie chocia\u017cby jednego warunku skutkowa\u0107 b\u0119dzie wykluczeniem Wykonawcy z post\u0119powania. Ofert\u0119 Wykonawcy wykluczonego z post\u0119powania uznaje si\u0119 za odrzucon\u0105.<br \/>\n<strong>III.3.3) Potencja\u0142 techniczny\u00a0<\/strong><br \/>\nOpis sposobu dokonywania oceny spe\u0142niania tego warunku.<br \/>\nO udzielenie zam\u00f3wienia mog\u0105 ubiega\u0107 si\u0119 Wykonawcy, kt\u00f3rzy spe\u0142niaj\u0105 warunki dotycz\u0105ce dysponowania odpowiednim potencja\u0142em technicznym do wykonania zam\u00f3wienia. Zamawiaj\u0105cy nie precyzuje w tym zakresie \u017cadnych wymaga\u0144, kt\u00f3rych spe\u0142nienie Wykonawca zobowi\u0105zany jest wykaza\u0107 w spos\u00f3b szczeg\u00f3lny.<br \/>\n<strong>III.3.4) Osoby zdolne do wykonania zam\u00f3wienia\u00a0<\/strong><br \/>\nOpis sposobu dokonywania oceny spe\u0142niania tego warunku.<br \/>\nO udzielenie zam\u00f3wienia mog\u0105 ubiega\u0107 si\u0119 Wykonawcy, kt\u00f3rzy spe\u0142niaj\u0105 warunki dotycz\u0105ce dysponowania osobami zdolnymi do wykonania zam\u00f3wienia, a w szczeg\u00f3lno\u015bci Wykonawca winien dysponowa\u0107\u00a0<strong>co najmniej po 1-ej osobie<\/strong>\u00a0z uprawnieniami do wykonywania samodzielnych funkcji technicznych w budownictwie, w rozumieniu ustawy Prawo budowlane, w specjalno\u015bci drogowej i instalacyjnej w zakresie sieci, instalacji i urz\u0105dze\u0144 kanalizacyjnych lub odpowiadaj\u0105ce im wa\u017cne uprawnienia budowlane wydane na podstawie wcze\u015bniej obowi\u0105zuj\u0105cych przepis\u00f3w. Zamawiaj\u0105cy, na podstawie z\u0142o\u017conych przez Wykonawc\u0119 dokument\u00f3w, dokona oceny spe\u0142niania warunk\u00f3w podmiotowych wed\u0142ug formu\u0142y spe\u0142nia \u2013 nie spe\u0142nia w oparciu o informacje zawarte w wymaganych dokumentach i o\u015bwiadczeniach, o kt\u00f3rych mowa w Specyfikacji Istotnych Warunk\u00f3w Zam\u00f3wienia. O\u015bwiadczenia i dokumenty oceniane b\u0119d\u0105 pod wzgl\u0119dem ich aktualno\u015bci i tre\u015bci odnosz\u0105cej si\u0119 do warunk\u00f3w udzia\u0142u w post\u0119powaniu. Nie spe\u0142nienie chocia\u017cby jednego warunku skutkowa\u0107 b\u0119dzie wykluczeniem Wykonawcy z post\u0119powania. Ofert\u0119 Wykonawcy wykluczonego z post\u0119powania uznaje si\u0119 za odrzucon\u0105.<br \/>\n<strong>III.3.5) Sytuacja ekonomiczna i finansowa\u00a0<\/strong><br \/>\nOpis sposobu dokonywania oceny spe\u0142niania tego warunku.<br \/>\nO udzielenie zam\u00f3wienia mog\u0105 ubiega\u0107 si\u0119 Wykonawcy, kt\u00f3rzy spe\u0142niaj\u0105 warunki dotycz\u0105ce znajdowania si\u0119 w sytuacji ekonomicznej i finansowej zapewniaj\u0105cej wykonanie zam\u00f3wienia, a w szczeg\u00f3lno\u015bci Wykonawca winien wykaza\u0107 op\u0142acon\u0105 i aktualn\u0105, na dzie\u0144 sk\u0142adania ofert, polis\u0119, a w przypadku jej braku, inny dokument potwierdzaj\u0105cy, \u017ce Wykonawca jest ubezpieczony od odpowiedzialno\u015bci cywilnej w zakresie prowadzonej dzia\u0142alno\u015bci zwi\u0105zanej z przedmiotem zam\u00f3wienia,\u00a0<strong>na kwot\u0119 nie mniejsz\u0105 ni\u017c 100.000 z\u0142<\/strong>\u00a0(s\u0142ownie: sto tysi\u0119cy z\u0142otych).<br \/>\nUbezpieczenie powinno obejmowa\u0107 odpowiedzialno\u015b\u0107 cywiln\u0105 wynikaj\u0105c\u0105 z dzia\u0142alno\u015bci zawodowej. Wykonawca przed\u0142o\u017cy umow\u0119 ubezpieczenia od odpowiedzialno\u015bci cywilnej, wynikaj\u0105cej z dzia\u0142alno\u015bci zawodowej, obejmuj\u0105c\u0105 przede wszystkim szkody osobowe, szkody rzeczowe i czyste straty finansowe (tj. straty, nie wynikaj\u0105ce ze szk\u00f3d osobowych i rzeczowych, jakie poni\u00f3s\u0142 Zamawiaj\u0105cy w zwi\u0105zku z wyst\u0105pieniem przerw w wykonywanych robotach budowlanych i w zwi\u0105zku z likwidacj\u0105 strat w wykonanych robotach budowlanych, obiektach budowlanych i urz\u0105dzeniach, je\u017celi przerwy te i straty<br \/>\npowsta\u0142y z powodu wad ujawnionych w opracowaniach projektowych wykonanych przez Wykonawc\u0119).<br \/>\n<strong>III.4) INFORMACJA O O\u015aWIADCZENIACH LUB DOKUMENTACH, JAKIE MAJ\u0104 DOSTARCZY\u0106 WYKONAWCY W CELU POTWIERDZENIA SPE\u0141NIANIA WARUNK\u00d3W UDZIA\u0141U W POST\u0118POWANIU ORAZ NIEPODLEGANIA WYKLUCZENIU, O KT\u00d3RYCH MOWA W ROZDZIALE VII PKT 3 I 4 SIWZ\u00a0<\/strong><br \/>\nIII.4.1) W zakresie wykazania spe\u0142niania przez Wykonawc\u0119 warunk\u00f3w, o kt\u00f3rych mowa w Rozdziale VII pkt 1 SIWZ, opr\u00f3cz o\u015bwiadczenia o spe\u0142nianiu warunk\u00f3w udzia\u0142u w post\u0119powaniu, nale\u017cy przed\u0142o\u017cy\u0107:<br \/>\na) wykaz us\u0142ug wykonanych, a w przypadku \u015bwiadcze\u0144 okresowych lub ci\u0105g\u0142ych r\u00f3wnie\u017c wykonywanych, w okresie ostatnich\u00a0<strong>trzech lat<\/strong>\u00a0przed up\u0142ywem terminu sk\u0142adania ofert albo wniosk\u00f3w o dopuszczenie do udzia\u0142u w post\u0119powaniu, a je\u017celi okres prowadzenia dzia\u0142alno\u015bci jest kr\u00f3tszy &#8211; w tym okresie, wraz z podaniem ich warto\u015bci, przedmiotu, dat wykonania i podmiot\u00f3w, na rzecz kt\u00f3rych us\u0142ugi zosta\u0142y wykonane, oraz za\u0142\u0105czeniem dowod\u00f3w, czy zosta\u0142y wykonane lub s\u0105 wykonywane nale\u017cycie,<br \/>\nb) dowody, potwierdzaj\u0105ce, \u017ce us\u0142ugi, o kt\u00f3rych mowa w lit. a) zosta\u0142y wykonane lub s\u0105 wykonywane w spos\u00f3b nale\u017cyty. Przez dowody Zamawiaj\u0105cy rozumie po\u015bwiadczenia, przy czym w odniesieniu do nadal wykonywanych us\u0142ug okresowych lub ci\u0105g\u0142ych po\u015bwiadczenie powinno by\u0107 wydane nie wcze\u015bniej ni\u017c na 3 miesi\u0105ce przed up\u0142ywem terminu sk\u0142adania ofert lub\u00a0<strong>o\u015bwiadczenia Wykonawcy<\/strong>, je\u017celi z uzasadnionych przyczyn o obiektywnym charakterze Wykonawca nie jest w stanie uzyska\u0107 po\u015bwiadczenia, o kt\u00f3rym mowa wy\u017cej,<br \/>\nc) wykaz os\u00f3b, kt\u00f3re b\u0119d\u0105 uczestniczy\u0107 w wykonaniu zam\u00f3wienia, w szczeg\u00f3lno\u015bci odpowiedzialnych za \u015bwiadczenie us\u0142ug, kontrol\u0119 jako\u015bci, wraz z informacjami na temat ich kwalifikacji zawodowych, niezb\u0119dnych do wykonania zam\u00f3wienia, a tak\u017ce zakresem wykonywanych przez nie czynno\u015bci oraz informacj\u0105 o podstawie do dysponowania tymi osobami wraz z o\u015bwiadczeniem, \u017ce osoby, kt\u00f3re b\u0119d\u0105 uczestniczy\u0107 w wykonaniu zam\u00f3wienia, posiadaj\u0105 wymagane uprawnienia, je\u017celi ustawy nak\u0142adaj\u0105 obowi\u0105zek posiadania takich uprawnie\u0144,<br \/>\nd) aktualna na dzie\u0144 sk\u0142adania ofert i op\u0142acona polisa, a w przypadku jej braku, inny dokument potwierdzaj\u0105cy, \u017ce Wykonawca jest ubezpieczony od odpowiedzialno\u015bci cywilnej w zakresie prowadzonej dzia\u0142alno\u015bci zwi\u0105zanej z przedmiotem zam\u00f3wienia.<br \/>\n<strong>III.4.2) W zakresie potwierdzenia braku podstaw do wykluczenia Wykonawcy z powodu niespe\u0142nienia warunk\u00f3w, o kt\u00f3rych mowa w Rozdziale VII pkt 2 i 3 SIWZ, nale\u017cy przed\u0142o\u017cy\u0107:\u00a0<\/strong><br \/>\na) o\u015bwiadczenie o braku podstaw do wykluczenia z post\u0119powania,<br \/>\nb) aktualny odpis z w\u0142a\u015bciwego rejestru lub z centralnej ewidencji i informacji o dzia\u0142alno\u015bci gospodarczej, je\u017celi odr\u0119bne przepisy wymagaj\u0105 wpisu do rejestru lub ewidencji, w celu wykazania braku podstaw do wykluczenia, o kt\u00f3rych mowa w Rozdziale VII pkt 3 lit. c) SIWZ, wystawiony nie wcze\u015bniej ni\u017c 6 miesi\u0119cy przed up\u0142ywem terminu sk\u0142adania ofert.<br \/>\n<strong>III.4.3) Dokumenty podmiot\u00f3w zagranicznych\u00a0<\/strong><br \/>\nJe\u017celi Wykonawca ma siedzib\u0119 lub miejsce zamieszkania poza terytorium Rzeczypospolitej Polskiej, przedk\u0142ada:<br \/>\n<strong>III.4.3.1) dokument wystawiony w kraju, w kt\u00f3rym ma siedzib\u0119 lub miejsce zamieszkania potwierdzaj\u0105cy, \u017ce:\u00a0<\/strong><br \/>\n\u2022 nie otwarto likwidacji ani nie og\u0142oszono upad\u0142o\u015bci &#8211; wystawiony nie wcze\u015bniej ni\u017c 6 miesi\u0119cy<br \/>\nprzed up\u0142ywem terminu sk\u0142adania ofert.<br \/>\n<strong>III.4.4) Dokumenty dotycz\u0105ce przynale\u017cno\u015bci do tej samej grupy kapita\u0142owej\u00a0<\/strong><br \/>\n\u2022 lista podmiot\u00f3w nale\u017c\u0105cych do tej samej grupy kapita\u0142owej, w rozumieniu ustawy z dnia 16 lutego 2007 r. o ochronie konkurencji i konsument\u00f3w (Dz. U. Nr 50, poz. 331, z p\u00f3\u017an. zm.) albo informacji o tym, \u017ce Wykonawca nie nale\u017cy do grupy kapita\u0142owej.<br \/>\n<strong>III.5) Inne dokumenty\u00a0<\/strong><br \/>\nInne dokumenty niewymienione w pkt III. 4)<br \/>\n1. Pisemne zobowi\u0105zanie podmiot\u00f3w do oddania do dyspozycji niezb\u0119dnych zasob\u00f3w na okres korzystania z nich przy wykonywaniu zam\u00f3wienia, w przypadku je\u017celi Wykonawca polega na wiedzy i do\u015bwiadczeniu, potencjale technicznym, osobach zdolnych do wykonania zam\u00f3wienia lub zdolno\u015bciach finansowych innych podmiot\u00f3w, o kt\u00f3rym mowa w Rozdziale VIII pkt 3 SIWZ (je\u017celi dotyczy).<br \/>\nSEKCJA IV: PROCEDURA<br \/>\n<strong>IV.1) TRYB UDZIELENIA ZAM\u00d3WIENIA<br \/>\nIV.1.1) Tryb udzielenia zam\u00f3wienia:<\/strong>\u00a0przetarg nieograniczony, bez stosowania przepis\u00f3w ustawy z dnia 29 stycznia 2004 r. \u2013 Prawo zam\u00f3wie\u0144 publicznych (tj. Dz. U. z 2013 r. poz. 907 z p\u00f3\u017an. zm.).<br \/>\n<strong>IV.2) KRYTERIA OCENY OFERT<br \/>\nIV.2.1) Kryteria oceny ofert:<\/strong>\u00a0najni\u017csza cena 100%.<br \/>\n<strong>IV.2.2) Czy przeprowadzona b\u0119dzie aukcja elektroniczna:<\/strong>\u00a0nie<br \/>\n<strong>IV.3) ZMIANA UMOWY\u00a0<\/strong><br \/>\n<strong>Dopuszczalne zmiany postanowie\u0144 umowy oraz okre\u015blenie warunk\u00f3w zmian\u00a0<\/strong><br \/>\nZamawiaj\u0105cy dopuszcza wprowadzenie do umowy zmian w drodze aneksu, poprzedzonych pisemnym umotywowanym wnioskiem strony zainteresowanej wprowadzeniem wnioskowanych zmian. Dopuszczalna jest zmiana wynagrodzenia Wykonawcy w przypadku zmiany w okresie obowi\u0105zywania umowy stawki podatku VAT, wynagrodzenie brutto ulegnie zmianie stosownie do zmiany tej stawki, przy czym wynagrodzenie netto pozostaje bez zmian. Strony mog\u0105 wnioskowa\u0107 o dokonanie zmiany osoby posiadaj\u0105cej stosowne uprawnienia w nast\u0119puj\u0105cych przypadkach: \u015bmierci, choroby lub innego zdarzenia losowego uniemo\u017cliwiaj\u0105cego pe\u0142nienie funkcji; nie wywi\u0105zywania si\u0119 tej osoby z obowi\u0105zk\u00f3w wynikaj\u0105cych z umowy lub w spos\u00f3b nale\u017cyty. W przypadku zmiany okre\u015blonej wy\u017cej nowa osoba musi spe\u0142nia\u0107 wymagania okre\u015blone w Specyfikacji Istotnych Warunk\u00f3w Zam\u00f3wienia. Nie stanowi zmiany umowy zmiana danych zwi\u0105zanych z obs\u0142ug\u0105 administracyjno \u2013 organizacyjn\u0105 umowy, zmiana danych teleadresowych, zmiany os\u00f3b wskazanych do kontakt\u00f3w mi\u0119dzy stronami, zmiana numeru rachunku bankowego.<br \/>\n<strong>IV.4) INFORMACJE ADMINISTRACYJNE\u00a0<\/strong><br \/>\n<strong>IV.4.1) Adres strony internetowej na kt\u00f3rej dost\u0119pna jest Specyfikacja Istotnych Warunk\u00f3w Zam\u00f3wienia:<\/strong>\u00a0<a href=\"http:\/\/st.ssemp.pl\/przetargi-na-roboty-budowlane\/przetargi\/opracowanie-dokumentacji-projektowej-i-kosztorysowej-\/www.ssemp.pl\">www.ssemp.pl<\/a>\u00a0(zak\u0142adka Przetargi na roboty budowlane)<br \/>\n<strong>Specyfikacj\u0119 Istotnych Warunk\u00f3w Zam\u00f3wienia mo\u017cna uzyska\u0107 pod adresem:\u00a0<\/strong><br \/>\nDzia\u0142 Inwestycji &#8211; pok. nr 105 (I pi\u0119tro), ul. Papie\u017ca Jana Paw\u0142a II 11A, 58-400 Kamienna G\u00f3ra.<br \/>\n<strong>IV.4.2) Termin sk\u0142adania ofert: 21.08.2014 r.\u00a0<\/strong>godzina\u00a0<strong>12:00,\u00a0<\/strong><br \/>\nmiejsce: siedziba Zamawiaj\u0105cego \/Sekretariat \u2013 I pi\u0119tro\/, pok. nr 102<br \/>\nul. Papie\u017ca Jana Paw\u0142a II 11A, 58-400 Kamienna G\u00f3ra<br \/>\n<strong>IV.4.3) Otwarcie ofert: 21.08.2014 r.<\/strong>\u00a0o godz.\u00a0<strong>12:15<\/strong>\u00a0, miejsce: siedziba Zamawiaj\u0105cego pok. nr 112, sala konferencyjna, (I pi\u0119tro) ul. Papie\u017ca Jana Paw\u0142a II 11A, 58-400 Kamienna G\u00f3ra<br \/>\n<strong>IV.4.4) Termin zwi\u0105zania ofert\u0105:<\/strong>\u00a0okres w dniach:\u00a0<strong>30<\/strong>\u00a0(od ostatecznego terminu sk\u0142adania ofert).<br \/>\n<strong>IV 4.5) Informacje dodatkowe:\u00a0<\/strong><br \/>\n1. Zamawiaj\u0105cy zastrzega sobie prawo do zamkni\u0119cia przetargu bez wybrania kt\u00f3rejkolwiekz ofert, bez podania przyczyny, na ka\u017cdym etapie post\u0119powania. W tym przypadku oferentom nie przys\u0142uguj\u0105 jakiekolwiek roszczenia.<br \/>\n2. Osob\u0105 upowa\u017cnion\u0105 do kontaktu jest p. \u0141ukasz S\u0142awi\u0144ski, pok\u00f3j nr 105 w siedzibie Zamawiaj\u0105cego tel. 75\/ 645-20-30, kom 602-853-881, faks 75\/ 645 20 33,<br \/>\ne mail:<a href=\"mailto:l.slawinski@ssemp.pl\">l.slawinski@ssemp.pl<\/a><\/li>\n<\/ol>\n","protected":false},"excerpt":{"rendered":"<p>OG\u0141OSZENIE O PRZETARGU Opracowanie dokumentacji projektowej i kosztorysowej dla zadania pn. \u201eBudowa drogi dojazdowej do terenu SSE w Krzeszowie.\u201d CPV: 71.24.20.00-6, 71.32.00.00-7, 71.32.20.00-1. Data zamieszczenia: 11.08.2014 r. SEKCJA I: ZAMAWIAJ\u0104CY I. 1) NAZWA I ADRES:\u00a0Specjalna Strefa Ekonomiczna Ma\u0142ej Przedsi\u0119biorczo\u015bci S.A., ul. Papie\u017ca Jana Paw\u0142a II 11A, 58-400 Kamienna G\u00f3ra, woj. dolno\u015bl\u0105skie, tel. 75\/ 645 20 [&hellip;]<\/p>\n","protected":false},"author":1,"featured_media":0,"parent":0,"menu_order":0,"comment_status":"closed","ping_status":"closed","template":"","meta":{"footnotes":""},"class_list":["post-10247","page","type-page","status-publish","hentry"],"_links":{"self":[{"href":"https:\/\/old-ssemp.sowiak.dev\/index.php?rest_route=\/wp\/v2\/pages\/10247","targetHints":{"allow":["GET"]}}],"collection":[{"href":"https:\/\/old-ssemp.sowiak.dev\/index.php?rest_route=\/wp\/v2\/pages"}],"about":[{"href":"https:\/\/old-ssemp.sowiak.dev\/index.php?rest_route=\/wp\/v2\/types\/page"}],"author":[{"embeddable":true,"href":"https:\/\/old-ssemp.sowiak.dev\/index.php?rest_route=\/wp\/v2\/users\/1"}],"replies":[{"embeddable":true,"href":"https:\/\/old-ssemp.sowiak.dev\/index.php?rest_route=%2Fwp%2Fv2%2Fcomments&post=10247"}],"version-history":[{"count":1,"href":"https:\/\/old-ssemp.sowiak.dev\/index.php?rest_route=\/wp\/v2\/pages\/10247\/revisions"}],"predecessor-version":[{"id":10253,"href":"https:\/\/old-ssemp.sowiak.dev\/index.php?rest_route=\/wp\/v2\/pages\/10247\/revisions\/10253"}],"wp:attachment":[{"href":"https:\/\/old-ssemp.sowiak.dev\/index.php?rest_route=%2Fwp%2Fv2%2Fmedia&parent=10247"}],"curies":[{"name":"wp","href":"https:\/\/api.w.org\/{rel}","templated":true}]}}