{"id":10228,"date":"2016-07-22T12:56:58","date_gmt":"2016-07-22T10:56:58","guid":{"rendered":"http:\/\/ssemp.pl\/?page_id=10228"},"modified":"2016-07-22T12:56:59","modified_gmt":"2016-07-22T10:56:59","slug":"ogloszenie-o-przetargu-z-dnia-19-09-2013r-19-09-2013","status":"publish","type":"page","link":"https:\/\/old-ssemp.sowiak.dev\/?page_id=10228","title":{"rendered":"Og\u0142oszenie o przetargu z dnia 19.09.2013r &#8211; 19-09-2013"},"content":{"rendered":"<p><strong>OG\u0141OSZENIE O PRZETARGU<\/strong><br \/>\nWYKONAJ ROBOTY BUDOWLANE:<\/p>\n<p><strong>\u201eModernizacja cz\u0119\u015bci socjalno-us\u0142ugowej budynku administracyjnego SSEMP S.A.<br \/>\nprzy ul. Papie\u017ca Jana Paw\u0142a II 11A w Kamiennej G\u00f3rze\u201d \u2013 Etap II.<\/strong><br \/>\nData zamieszczenia: 19.09.2013 r.<\/p>\n<p>SEKCJA I: ZAMAWIAJ\u0104CY<br \/>\n<strong>I. 1) NAZWA I ADRES:<\/strong>\u00a0Specjalna Strefa Ekonomiczna Ma\u0142ej Przedsi\u0119biorczo\u015bci S.A., ul. Papie\u017ca Jana Paw\u0142a II 11A, 58-400 Kamienna G\u00f3ra, woj. dolno\u015bl\u0105skie, tel. 75\/ 645 20 30, faks 75\/ 645 20 33, 75\/ 744 20 17, e-mail: strefa@ssemp.pl<br \/>\n<strong>I. 2) Rodzaj Zamawiaj\u0105cego:<\/strong>\u00a0Sp\u00f3\u0142ka prawa handlowego.<br \/>\n<strong>\u25cf Adres strony internetowej Zamawiaj\u0105cego:<\/strong>\u00a0www.ssemp.pl<br \/>\nSEKCJA II: PRZEDMIOT ZAM\u00d3WIENIA<br \/>\n<strong>II. 1) OKRE\u015aLENIE PRZEDMIOTU ZAM\u00d3WIENIA<\/strong><br \/>\n<strong>II. 1.1.) Nazwa nadana zam\u00f3wieniu przez Zamawiaj\u0105cego:\u00a0<\/strong><br \/>\nModernizacja cz\u0119\u015bci socjalno-us\u0142ugowej budynku administracyjnego SSEMP S.A. przy ul. Papie\u017ca Jana Paw\u0142a II 11A w Kamiennej G\u00f3rze \u2013 Etap II.<br \/>\n<strong>II. 1.2.) Rodzaj zam\u00f3wienia:<\/strong>\u00a0roboty budowlane.<br \/>\n<strong>II. 1.3.) Okre\u015blenie przedmiotu oraz wielko\u015bci lub zakresu zam\u00f3wienia:<\/strong>\u00a0Przedmiotem niniejszego zam\u00f3wienia jest modernizacja trzech pomieszcze\u0144 zlokalizowanych na I pi\u0119trze budynku administracyjnego SSEMP S.A. przy ul. Papie\u017c Jana Paw\u0142a II 11A w Kamiennej G\u00f3rze, o \u0142\u0105cznej powierzchni oko\u0142o 90 m2.<br \/>\nZakres rzeczowy zam\u00f3wienia obejmuje mi\u0119dzy innymi:<br \/>\na) roboty og\u00f3lnobudowlane i wyko\u0144czeniowe w zakresie obiekt\u00f3w budowlanych \/zabudowa przej\u015bcia na klatk\u0119 schodow\u0105, zabudowa pi\u0119trowej rozdzielni elektrycznej, roboty posadzkarskie i ok\u0142adziny pod\u0142ogowe \u2013 po\u0142o\u017cenie p\u0142ytek \u015bciennych z fugowaniem poprzedzone przygotowaniem projektu wystroju, po\u0142o\u017cenie paneli pod\u0142ogowych, p\u0142ytek pod\u0142ogowych, monta\u017c stolarki drzwiowej wraz z obr\u00f3bk\u0105, zewn\u0119trzna i wewn\u0119trzna obr\u00f3bka stolarki okiennej, malowanie wraz z gruntowaniem pomieszcze\u0144\/,<\/p>\n<ol>\n<li>b) roboty instalacyjne wodne i kanalizacyjne, elektryczne \/dostawa i monta\u017c kompletnej armatury sanitarnej: umywalki, baterie, muszle, instalacja osprz\u0119tu elektrycznego, gniazd instalacyjnych wtykowych, w\u0142\u0105cznik\u00f3w, opraw o\u015bwietleniowych w sufitach podwieszanych, dostawa i monta\u017c element\u00f3w wyposa\u017cenia wn\u0119trz\/,<\/li>\n<li>c) roboty porz\u0105dkowe \/usuwanie na bie\u017c\u0105co wszelkich odpad\u00f3w i zanieczyszcze\u0144 powsta\u0142ych w toku realizacji prac budowlanych\/.<\/li>\n<\/ol>\n<p>Wykonawca w ramach przedmiotu zam\u00f3wienia zobowi\u0105zany jest do: dostarczenia na stanowiska robocze materia\u0142\u00f3w niezb\u0119dnych do zrealizowania przedmiotu zam\u00f3wienia, wykonania rob\u00f3t budowlanych w zakresie okre\u015blonym w dokumentacji technicznej, specyfikacjach technicznych wykonania i odbioru rob\u00f3t budowlanych, przedmiarze rob\u00f3t, zgodnie z przepisami techniczno-budowlanymi, normami PN\/E, przepisami dotycz\u0105cymi samodzielnych funkcji technicznych w budownictwie, przepisami dotycz\u0105cymi wyrob\u00f3w budowlanych, wykonania wszelkich bada\u0144 i pr\u00f3b a tak\u017ce pomiar\u00f3w powykonawczych w zakresie koniecznym do odbioru ko\u0144cowego rob\u00f3t i przekazania obiektu do u\u017cytkowania, uporz\u0105dkowania miejsca rob\u00f3t budowlanych, wykonania powykonawczej dokumentacji technicznej i prawnej zgodnej z obowi\u0105zuj\u0105cymi wymogami w tym zakresie.<\/p>\n<p>Szczeg\u00f3\u0142owy zakres przedmiotu zam\u00f3wienia oraz wymagania gwarancyjne Zamawiaj\u0105cego zosta\u0142y okre\u015blone w SIWZ i za\u0142\u0105cznikach do niej. Oferty nie zawieraj\u0105ce pe\u0142nego zakresu przedmiotu zam\u00f3wienia zostan\u0105 odrzucone.<\/p>\n<ol>\n<li><strong> 1.4.) Wsp\u00f3lny S\u0142ownik Zam\u00f3wie\u0144 (CPV):<\/strong><\/li>\n<\/ol>\n<p>45.00.00.00-7 Roboty budowlane.<br \/>\n45.21.00.00-2 Roboty budowlane w zakresie budynk\u00f3w.<br \/>\n45.30.00.00-0 Roboty instalacyjne w budynkach.<br \/>\n45.31.00.00-3 Roboty instalacyjne elektryczne.<br \/>\n45.40.00.00-1 Roboty wyko\u0144czeniowe w zakresie obiekt\u00f3w budowlanych.<br \/>\n45.42.10.00-4 Roboty w zakresie stolarki budowlanej.<br \/>\n45.43.21.00-5 K\u0142adzenie i wyk\u0142adanie pod\u0142\u00f3g.<br \/>\n45.43.21.30-4 Pokrywanie pod\u0142\u00f3g.<br \/>\n45.44.21.00-8 Roboty malarskie.<\/p>\n<ol>\n<li><strong> 1.5.) Czy dopuszcza si\u0119 z\u0142o\u017cenie oferty cz\u0119\u015bciowej:\u00a0<\/strong>nie.<br \/>\n<strong>II. 1.6.) Czy dopuszcza si\u0119 z\u0142o\u017cenie oferty wariantowej:<\/strong>nie.<br \/>\n<strong>II. 1.7.) Czy przewiduje si\u0119 udzielenie zam\u00f3wie\u0144 uzupe\u0142niaj\u0105cych:<\/strong>nie.<br \/>\n<strong>II. 2) CZAS TRWANIA ZAM\u00d3WIENIA LUB TERMIN WYKONANIA:<\/strong><br \/>\nZam\u00f3wienie nale\u017cy wykona\u0107 w terminie 8 tygodni od daty podpisania umowy o wykonanie rob\u00f3t budowlanych.<br \/>\nSEKCJA III: INFORMACJE O CHARAKTERZE PRAWNYM, EKONOMICZNYM, FINANSOWYM I TECHNICZNYM<br \/>\n<strong>III. 1) WARUNKI DOTYCZ\u0104CE ZAM\u00d3WIENIA<\/strong><br \/>\n<strong>Informacja na temat wadium:<\/strong>\u00a0Zamawiaj\u0105cy wymaga wniesienia wadium w wysoko\u015bci 5.000,00 PLN (s\u0142ownie z\u0142otych: pi\u0119\u0107 tysi\u0119cy i 00\/100) przed up\u0142ywem terminu sk\u0142adania ofert. Wymagania dotycz\u0105ce wadium zosta\u0142y okre\u015blone w SIWZ.<br \/>\n<strong>III. 1.1.) Inne szczeg\u00f3lne warunki, kt\u00f3rym podlega realizacja zam\u00f3wienia:<\/strong>\u00a0tak<br \/>\nZam\u00f3wienie b\u0119dzie realizowane zgodnie z prawem polskim, w szczeg\u00f3lno\u015bci z ustaw\u0105 z dnia 7 lipca 1994 r. &#8211; Prawo budowlane (t.j. Dz. U. z 2010 r. Nr 243, poz. 1623 z p\u00f3\u017an. zm.) i Rozporz\u0105dzenia Ministra Infrastruktury z dnia 12.04.2002 r. w sprawie warunk\u00f3w technicznych, jakim powinny odpowiada\u0107 budynki i ich usytuowanie (Dz. U. z 2002 r. Nr 75, poz. 690 z p\u00f3\u017an. zm.), przy zastosowaniu materia\u0142\u00f3w dopuszczonych do obrotu i stosowania w budownictwie, posiadaj\u0105cych aprobaty techniczne, atesty, certyfikaty. Wykonawca rob\u00f3t musi zapewni\u0107 wykonanie rob\u00f3t zgodnie z przepisami techniczno budowlanymi i warunkami BHP i p.po\u017c., obowi\u0105zuj\u0105cymi przepisami i normami PN\/E, przepisami dotycz\u0105cymi samodzielnych funkcji technicznych w budownictwie, przepisami dotycz\u0105cymi wyrob\u00f3w budowlanych.<br \/>\n<strong>III. 2) WARUNKI UDZIA\u0141U<\/strong><br \/>\n<strong>\u25cf Opis warunk\u00f3w udzia\u0142u w post\u0119powaniu oraz opis sposobu dokonywania oceny spe\u0142nienia tych warunk\u00f3w:\u00a0<\/strong><br \/>\nO udzielenie zam\u00f3wienia mog\u0105 ubiega\u0107 si\u0119 Wykonawcy, kt\u00f3rzy:<br \/>\n1. Spe\u0142niaj\u0105 nast\u0119puj\u0105ce wymagania:<br \/>\n1.1. Posiadaj\u0105 uprawnienia do wykonywania dzia\u0142alno\u015bci lub czynno\u015bci w zakresie odpowiadaj\u0105cym przedmiotowi zam\u00f3wienia oraz wyka\u017c\u0105 aktualn\u0105, na dzie\u0144 sk\u0142adania ofert, polis\u0119, a w przypadku jej braku innego dokumentu potwierdzaj\u0105cego, \u017ce Wykonawca jest ubezpieczony od odpowiedzialno\u015bci cywilnej w zakresie prowadzonej dzia\u0142alno\u015bci gospodarczej.<br \/>\n1.2. Posiadaj\u0105 niezb\u0119dn\u0105 wiedz\u0119 i do\u015bwiadczenie, dysponuj\u0105 potencja\u0142em technicznym i osobami zdolnymi do wykonania przedmiotu zam\u00f3wienia lub przedstawi\u0105 pisemne zobowi\u0105zanie innych podmiot\u00f3w do udost\u0119pnienia potencja\u0142u technicznego i os\u00f3b zdolnych do wykonania przedmiotu zam\u00f3wienia (Wykonawca musi mie\u0107 do dyspozycji przy wykonaniu niniejszego zam\u00f3wienia osoby posiadaj\u0105ce do\u015bwiadczenie oraz kwalifikacje odpowiednie do stanowisk, jakie zostan\u0105 tym osobom powierzone) tj.:<br \/>\na) wyka\u017c\u0105, \u017ce dysponuj\u0105 lub b\u0119d\u0105 dysponowa\u0107 osobami zdolnymi do wykonania zam\u00f3wienia, a w szczeg\u00f3lno\u015bci Wykonawca winien wykaza\u0107, \u017ce dysponuje:<br \/>\n&#8211; kierownikiem budowy, kt\u00f3ry posiada uprawnienia budowlane do kierowania robotami budowlanymi w specjalno\u015bci konstrukcyjno-budowlanej (podstawa prawna art. 14 ustawy Prawo budowlane z dnia 7 lipca 1994 r. \u2013 (tekst jednolity Dz. U. z 2010 r. Nr 243, poz. 1623 z p\u00f3\u017an. zm.) lub odpowiadaj\u0105ce im wa\u017cne uprawnienia budowlane, kt\u00f3re zosta\u0142y wydane na podstawie wcze\u015bniej obowi\u0105zuj\u0105cych przepis\u00f3w w tym zakresie oraz aktualne za\u015bwiadczenie (przynajmniej na dzie\u0144 sk\u0142adania ofert) o przynale\u017cno\u015bci do w\u0142a\u015bciwej izby samorz\u0105du zawodowego,<br \/>\nb) wyka\u017c\u0105 nale\u017cyte wykonanie (zgodnie z obowi\u0105zuj\u0105cymi normami i zasadami sztuki budowlanej) co najmniej dw\u00f3ch rob\u00f3t budowlanych na obiektach kubaturowych, odpowiadaj\u0105cych przedmiotowi zam\u00f3wienia, potwierdzonych referencjami, zrealizowanych w okresie ostatnich pi\u0119ciu lat przed dniem wszcz\u0119cia niniejszego post\u0119powania o udzielenie zam\u00f3wienia, a je\u015bli okres prowadzonej dzia\u0142alno\u015bci jest kr\u00f3tszy \u2013 w tym okresie.<br \/>\n1.3. Znajduj\u0105 si\u0119 w sytuacji ekonomicznej i finansowej zapewniaj\u0105cej wykonanie zam\u00f3wienia.<br \/>\n2. Ocena spe\u0142nienia przez Wykonawc\u00f3w warunk\u00f3w udzia\u0142u w post\u0119powaniu b\u0119dzie przeprowadzona w oparciu o kompletno\u015b\u0107 i prawid\u0142owo\u015b\u0107 przed\u0142o\u017conych wraz z ofert\u0105 o\u015bwiadcze\u0144 i dokument\u00f3w, jakich \u017c\u0105da Zamawiaj\u0105cy i zostanie dokonana na podstawie tre\u015bci tych dokument\u00f3w wg formu\u0142y spe\u0142nia\/nie spe\u0142nia.<br \/>\n2.1. Ka\u017cdy z Wykonawc\u00f3w ubiegaj\u0105cych si\u0119 wsp\u00f3lnie o udzielenie zam\u00f3wienia (sk\u0142adaj\u0105cych ofert\u0119 wsp\u00f3lnie) musi samodzielnie spe\u0142ni\u0107 warunki, o kt\u00f3rych mowa w pkt 1.1. Pozosta\u0142e warunki i wymagania zawarte w pkt 1. mog\u0105 zosta\u0107 spe\u0142nione \u0142\u0105cznie przez Wykonawc\u00f3w ubiegaj\u0105cych si\u0119 wsp\u00f3lnie o udzielenie zam\u00f3wienia.<br \/>\n2.2. Oferty wykonawc\u00f3w, kt\u00f3rzy przed\u0142o\u017c\u0105 dokumenty i o\u015bwiadczenia potwierdzaj\u0105ce spe\u0142nianie wymaganych warunk\u00f3w zostan\u0105 dopuszczone do badania i oceny.<br \/>\n2.3. Wykonawcy, kt\u00f3rzy nie przed\u0142o\u017c\u0105 dokument\u00f3w i o\u015bwiadcze\u0144 potwierdzaj\u0105cych spe\u0142nianie wymaganych warunk\u00f3w zostan\u0105 wykluczeni z post\u0119powania.<br \/>\n<strong>Informacja o o\u015bwiadczeniach i dokumentach, jakie maj\u0105 dostarczy\u0107 wykonawcy w celu potwierdzenia spe\u0142niania warunk\u00f3w udzia\u0142u w post\u0119powaniu:<\/strong><br \/>\nWykonawcy zobowi\u0105zani s\u0105 do z\u0142o\u017cenia wraz z ofert\u0105, poni\u017cszych o\u015bwiadcze\u0144 i dokument\u00f3w:<br \/>\n1. O\u015bwiadczenie Wykonawcy o spe\u0142nieniu warunk\u00f3w udzia\u0142u w post\u0119powaniu.<br \/>\n2. Aktualny odpis z w\u0142a\u015bciwego rejestru albo aktualne za\u015bwiadczenie o wpisie do ewidencji dzia\u0142alno\u015bci gospodarczej, je\u017celi odr\u0119bne przepisy wymagaj\u0105 wpisu do rejestru lub zg\u0142oszenia do ewidencji dzia\u0142alno\u015bci gospodarczej \u2013 wystawione\/ wygenerowane\u00a0<strong>nie wcze\u015bniej ni\u017c 6 miesi\u0119cy<\/strong>\u00a0przed up\u0142ywem terminu sk\u0142adania ofert.<br \/>\n3. Aktualne za\u015bwiadczenie w\u0142a\u015bciwego naczelnika urz\u0119du skarbowego oraz w\u0142a\u015bciwego oddzia\u0142u Zak\u0142adu Ubezpiecze\u0144 Spo\u0142ecznych lub Kasy Rolniczego Ubezpieczenia Spo\u0142ecznego potwierdzaj\u0105ce odpowiednio, \u017ce Wykonawca nie zalega z op\u0142acaniem podatk\u00f3w, op\u0142at oraz sk\u0142adek na ubezpieczenie zdrowotne i spo\u0142eczne, lub za\u015bwiadczenia, \u017ce uzyska\u0142 przewidziane prawem zwolnienie, odroczenie lub roz\u0142o\u017cenie na raty zaleg\u0142ych p\u0142atno\u015bci lub wstrzymania w ca\u0142o\u015bci wykonania decyzji w\u0142a\u015bciwego organu. Powy\u017csze za\u015bwiadczenia musz\u0105 by\u0107 wystawione\u00a0<strong>nie wcze\u015bniej ni\u017c 3 miesi\u0105ce<\/strong>przed up\u0142ywem terminu sk\u0142adania ofert.<br \/>\n4. Wykaz os\u00f3b, kt\u00f3rymi dysponuje lub b\u0119dzie dysponowa\u0142 Wykonawca, w kt\u00f3rym wska\u017ce osob\u0119 pe\u0142ni\u0105c\u0105 funkcj\u0119 kierownika budowy wraz z informacjami na temat ich kwalifikacji zawodowych\/uprawnie\u0144 oraz informacj\u0105 o podstawie dysponowania tymi osobami (osoby spe\u0142niaj\u0105ce wymagania okre\u015blone w pkt 1.2. a) Opisu warunk\u00f3w udzia\u0142u w post\u0119powaniu).<br \/>\n5. Pisemne zobowi\u0105zanie innych podmiot\u00f3w do udost\u0119pnienia os\u00f3b wskazanych w wykazie, o kt\u00f3rych mowa w pkt 4. \u2013 w przypadku, gdy Wykonawca nie dysponuje takimi osobami.<br \/>\n6. Dokumenty potwierdzaj\u0105ce posiadanie przez osoby, o kt\u00f3rych mowa w pkt 4 kwalifikacji zawodowych\/uprawnie\u0144, a w przypadku kierownika budowy dodatkowo aktualne (przynajmniej na dzie\u0144 sk\u0142adania ofert) za\u015bwiadczenie o przynale\u017cno\u015bci do w\u0142a\u015bciwej izby samorz\u0105du zawodowego.<br \/>\n7. Wykazu wykonanych przez Wykonawc\u0119 rob\u00f3t budowlanych spe\u0142niaj\u0105cych warunki, o kt\u00f3rym mowa w pkt 1.2. b) Opisu warunk\u00f3w udzia\u0142u w post\u0119powaniu, odpowiadaj\u0105cych zakresowi zam\u00f3wienia, z podaniem ich warto\u015bci oraz daty i miejsca wykonania wraz z za\u0142\u0105czeniem dokument\u00f3w \/referencji\/ potwierdzaj\u0105cych, \u017ce powy\u017csze roboty zosta\u0142y wykonane nale\u017cycie, zgodnie z normami i zasadami sztuki budowlanej oraz prawid\u0142owo uko\u0144czone. Roboty wymienione w wykazie, a niepotwierdzone dokumentacj\u0105 o ich nale\u017cytym zrealizowaniu \/referencje\/, nie b\u0119d\u0105 uwzgl\u0119dnione przy ocenie ofert.<br \/>\n8. Aktualna na dzie\u0144 sk\u0142adania ofert polisa, o kt\u00f3rej mowa w pkt 1.1. Opisu warunk\u00f3w udzia\u0142u w post\u0119powaniu, a w przypadku jej braku innego dokumentu potwierdzaj\u0105cego, \u017ce Wykonawca jest ubezpieczony od odpowiedzialno\u015bci cywilnej w zakresie prowadzonej dzia\u0142alno\u015bci gospodarczej.<br \/>\n9. Sprawozdanie F-01 za ostatni kwarta\u0142 wraz z bilansem i rachunkiem zysk\u00f3w i strat za ubieg\u0142y rok obrachunkowy lub inny dokument potwierdzaj\u0105cy obroty, w przypadku przedsi\u0119biorc\u00f3w nie zobowi\u0105zanych do sporz\u0105dzania sprawozda\u0144 finansowych.<br \/>\n10. Dow\u00f3d wniesienia wadium.<br \/>\n11. Z tre\u015bci w\/w dokument\u00f3w musi jednoznacznie wynika\u0107, \u017ce Wykonawca spe\u0142nia warunki udzia\u0142u w post\u0119powaniu, o kt\u00f3rych mowa w pkt 1 Opisu warunk\u00f3w udzia\u0142u w post\u0119powaniu.<br \/>\n12. W przypadku wsp\u00f3lnego ubiegania si\u0119 o niniejsze zam\u00f3wienie przez dw\u00f3ch lub wi\u0119cej Wykonawc\u00f3w, ka\u017cdy z tych Wykonawc\u00f3w do\u0142\u0105cza do oferty dokumenty, o kt\u00f3rych mowa w pkt 2,3,8 dotycz\u0105ce ka\u017cdego z nich. Dokumenty, o kt\u00f3rych mowa w pkt 2,3,5,6,8,9 mog\u0105 by\u0107 przedstawione w formie orygina\u0142u lub kserokopii po\u015bwiadczonej za zgodno\u015b\u0107 z orygina\u0142em przez Wykonawc\u0119 (osob\u0119\/y uprawnion\u0105\/e do reprezentowania Wykonawcy), pozosta\u0142e dokumenty nale\u017cy z\u0142o\u017cy\u0107 w oryginale. Po\u015bwiadczenie za zgodno\u015b\u0107 z orygina\u0142em powinno by\u0107 sporz\u0105dzone w spos\u00f3b umo\u017cliwiaj\u0105cy identyfikacj\u0119 podpisu (np. wraz z imienn\u0105 piecz\u0105tk\u0105 osoby po\u015bwiadczaj\u0105cej kopi\u0119 dokumentu za zgodno\u015b\u0107 z orygina\u0142em).<br \/>\n13. Je\u017celi Wykonawca ma siedzib\u0119 lub miejsce zamieszkania poza terytorium Rzeczypospolitej Polskiej, do sk\u0142adania dokument\u00f3w, o kt\u00f3rych mowa wy\u017cej stosuje si\u0119 odpowiednio przepisy zawarte w \u00a7 4 Rozporz\u0105dzenia Prezesa Rady Ministr\u00f3w z dnia 19 lutego 2013 r. w sprawie rodzaj\u00f3w dokument\u00f3w, jakich mo\u017ce \u017c\u0105da\u0107 zamawiaj\u0105cy od wykonawcy, oraz form, w jakich te dokumenty mog\u0105 by\u0107 sk\u0142adane (Dz. U. z 2013 r. Nr 231).<br \/>\n<strong>Inne wymagane o\u015bwiadczenia i dokumenty, kt\u00f3re nale\u017cy do\u0142\u0105czy\u0107 do ofert:<\/strong><br \/>\n1. W przypadku, gdy Wykonawc\u0119 reprezentuje pe\u0142nomocnik \u2013 pe\u0142nomocnictwo okre\u015blaj\u0105ce jego zakres i podpisane przez osoby uprawnione do reprezentowania Wykonawcy.<br \/>\n2. W przypadku, gdy ofert\u0119 sk\u0142adaj\u0105 Wykonawcy ubiegaj\u0105cy si\u0119 wsp\u00f3lnie o udzielenie zam\u00f3wienia wymagane jest za\u0142\u0105czenie w oryginale albo kserokopii po\u015bwiadczonej przez notariusza za zgodno\u015b\u0107 z orygina\u0142em, dokumentu pe\u0142nomocnictwa okre\u015blaj\u0105cego zakres umocowania pe\u0142nomocnika ustanowionego do reprezentowania ich w post\u0119powaniu (ewentualnie umow\u0119 o wsp\u00f3\u0142dzia\u0142aniu, z kt\u00f3rej b\u0119dzie wynika\u0107 przedmiotowe pe\u0142nomocnictwo). Pe\u0142nomocnik mo\u017ce by\u0107 ustanowiony do reprezentowania Wykonawc\u00f3w w post\u0119powaniu albo reprezentowania w post\u0119powaniu i zawarcia umowy.<br \/>\nSEKCJA IV: PROCEDURA<br \/>\n<strong>IV. 1) TRYB UDZIELENIA ZAM\u00d3WIENIA<\/strong><br \/>\n<strong>IV. 1.1.) Tryb udzielenia zam\u00f3wienia:<\/strong>\u00a0pisemny przetarg nieograniczony \/bez stosowania ustawy z 29 stycznia 2004 r. \u2013 Prawo zam\u00f3wie\u0144 publicznych \/.<br \/>\n<strong>IV. 2) KRYTERIA OCENY OFERT<\/strong><br \/>\n<strong>IV. 2.1.) Kryteria oceny ofert:<\/strong>\u00a0najni\u017csza cena (100%).<br \/>\nSpos\u00f3b dokonywania oceny ofert i przydzielania punkt\u00f3w zosta\u0142 okre\u015blony w SIWZ.<br \/>\n<strong>IV. 2.2.) Wykorzystana b\u0119dzie aukcja elektroniczna:<\/strong>\u00a0nie.<br \/>\n<strong>IV. 3) INFORMACJE ADMINISTRACYJNE<br \/>\nIV. 3.1.) Adres strony internetowej, na kt\u00f3rej dost\u0119pna jest specyfikacja istotnych warunk\u00f3w zam\u00f3wienia:<\/strong>\u00a0www.ssemp.pl (zak\u0142adka Przetargi na roboty budowlane).<\/p>\n<p><strong>Specyfikacj\u0119 istotnych warunk\u00f3w zam\u00f3wienia mo\u017cna uzyska\u0107 pod adresem:<\/strong>\u00a0pok. nr 105 Dzia\u0142 Inwestycji (I pi\u0119tro budynku administracyjnego SSEMP S.A. przy ul. Papie\u017ca Jana Paw\u0142a II 11A w Kamiennej G\u00f3rze).<br \/>\n<strong>IV. 3.2.)\u00a0<\/strong>Termin sk\u0142adania ofert:\u00a0<strong>03.10.2013r.<\/strong>\u00a0do godziny\u00a0<strong>12:00<\/strong>, miejsce: Siedziba Zamawiaj\u0105cego \/Sekretariat \u2013 I pi\u0119tro\/.<br \/>\n<strong>IV. 3.3.<\/strong>\u00a0Otwarcie ofert:\u00a0<strong>03.10.2013r.<\/strong>\u00a0o godz.\u00a0<strong>12:15<\/strong>, miejsce: Siedziba Zamawiaj\u0105cego \/pok. nr 112, sala konferencyjna, (I pi\u0119tro).<br \/>\n<strong>IV. 3.4.) Termin zwi\u0105zania ofert\u0105:<\/strong>\u00a0okres w dniach:\u00a0<strong>90<\/strong>\u00a0(od ostatecznego terminu sk\u0142adania ofert).<br \/>\n<strong>IV. 3.5.) Informacje dodatkowe:\u00a0<\/strong><br \/>\n1. Zamawiaj\u0105cy dopuszcza przekazywanie korespondencji tj. o\u015bwiadcze\u0144, wniosk\u00f3w, zawiadomie\u0144 oraz informacji pisemnie lub faksem \u2013 na numer faksu 75\/ 645-20-33 lub 75\/ 744-20-17 z zastrze\u017ceniem pkt 3.<br \/>\n2. Zamawiaj\u0105cy dopuszcza porozumiewanie si\u0119 drog\u0105 elektroniczn\u0105.<br \/>\n3. Z\u0142o\u017cenie oferty, jej wycofanie i zmiana mo\u017ce nast\u0105pi\u0107 jedynie w formie pisemnej. Z\u0142o\u017cenie tych pism w innej formie nie wywo\u0142uje jakichkolwiek skutk\u00f3w prawnych.<br \/>\n4. Zamawiaj\u0105cy zastrzega sobie prawo do zamkni\u0119cia przetargu bez wybrania kt\u00f3rejkolwiek z ofert, bez podania przyczyny, na ka\u017cdym etapie post\u0119powania. W tym przypadku oferentom nie przys\u0142uguj\u0105 jakiekolwiek roszczenia, za wyj\u0105tkiem zwrotu wadium.<br \/>\n5. Zamawiaj\u0105cy zastrzega sobie prawo wykluczenia z przetargu i odrzucenia z przyczyn formalnych w kolejnych przetargach tych oferent\u00f3w, kt\u00f3rzy z\u0142o\u017c\u0105 o\u015bwiadczenia lub podadz\u0105 informacje niezgodne ze stanem faktycznym.<br \/>\n6. Osob\u0105 upowa\u017cnion\u0105 do kontaktu jest p. \u0141ukasz S\u0142awi\u0144ski, pok\u00f3j nr 105 w siedzibie Zamawiaj\u0105cego tel. 75\/ 645-20-30, kom 602-853-881, faks 75\/ 645 20 33, 75\/ 744-20-17 e mail: l.slawinski@ssemp.pl<br \/>\n7. U\u017cyte w dokumentacji nazwy producent\u00f3w, wyrob\u00f3w i znaki towarowe s\u0142u\u017c\u0105 wy\u0142\u0105cznie doprecyzowaniu przedmiotu zam\u00f3wienia i okre\u015bleniu oczekiwanych standard\u00f3w i parametr\u00f3w jako\u015bciowych, technicznych i funkcjonalnych zastosowanych materia\u0142\u00f3w. Nale\u017cy przyj\u0105\u0107 poziom standardu i jako\u015bci jako r\u00f3wnowa\u017cny lub wy\u017cszy.<\/li>\n<\/ol>\n<p><strong>UWAGA !<\/strong><\/p>\n<p><strong>Prace budowlane b\u0119d\u0105 prowadzone w czynnym obiekcie. Wykonawca (z pomoc\u0105 Zamawiaj\u0105cego) b\u0119dzie odpowiedzialny za tak\u0105 organizacj\u0119 swoich rob\u00f3t, aby w jak najmniejszym stopniu by\u0142y one uci\u0105\u017cliwe dla u\u017cytkownik\u00f3w pozosta\u0142ych lokali u\u017cytkowych obiektu.<br \/>\nProwadzone roboty budowlane nie mog\u0105 narusza\u0107 ci\u0105g\u0142o\u015bci funkcjonowania budynku.<\/strong><\/p>\n","protected":false},"excerpt":{"rendered":"<p>OG\u0141OSZENIE O PRZETARGU WYKONAJ ROBOTY BUDOWLANE: \u201eModernizacja cz\u0119\u015bci socjalno-us\u0142ugowej budynku administracyjnego SSEMP S.A. przy ul. Papie\u017ca Jana Paw\u0142a II 11A w Kamiennej G\u00f3rze\u201d \u2013 Etap II. Data zamieszczenia: 19.09.2013 r. SEKCJA I: ZAMAWIAJ\u0104CY I. 1) NAZWA I ADRES:\u00a0Specjalna Strefa Ekonomiczna Ma\u0142ej Przedsi\u0119biorczo\u015bci S.A., ul. Papie\u017ca Jana Paw\u0142a II 11A, 58-400 Kamienna G\u00f3ra, woj. dolno\u015bl\u0105skie, tel. [&hellip;]<\/p>\n","protected":false},"author":1,"featured_media":0,"parent":0,"menu_order":0,"comment_status":"closed","ping_status":"closed","template":"","meta":{"footnotes":""},"class_list":["post-10228","page","type-page","status-publish","hentry"],"_links":{"self":[{"href":"https:\/\/old-ssemp.sowiak.dev\/index.php?rest_route=\/wp\/v2\/pages\/10228","targetHints":{"allow":["GET"]}}],"collection":[{"href":"https:\/\/old-ssemp.sowiak.dev\/index.php?rest_route=\/wp\/v2\/pages"}],"about":[{"href":"https:\/\/old-ssemp.sowiak.dev\/index.php?rest_route=\/wp\/v2\/types\/page"}],"author":[{"embeddable":true,"href":"https:\/\/old-ssemp.sowiak.dev\/index.php?rest_route=\/wp\/v2\/users\/1"}],"replies":[{"embeddable":true,"href":"https:\/\/old-ssemp.sowiak.dev\/index.php?rest_route=%2Fwp%2Fv2%2Fcomments&post=10228"}],"version-history":[{"count":1,"href":"https:\/\/old-ssemp.sowiak.dev\/index.php?rest_route=\/wp\/v2\/pages\/10228\/revisions"}],"predecessor-version":[{"id":10236,"href":"https:\/\/old-ssemp.sowiak.dev\/index.php?rest_route=\/wp\/v2\/pages\/10228\/revisions\/10236"}],"wp:attachment":[{"href":"https:\/\/old-ssemp.sowiak.dev\/index.php?rest_route=%2Fwp%2Fv2%2Fmedia&parent=10228"}],"curies":[{"name":"wp","href":"https:\/\/api.w.org\/{rel}","templated":true}]}}