{"id":10227,"date":"2016-07-22T12:56:03","date_gmt":"2016-07-22T10:56:03","guid":{"rendered":"http:\/\/ssemp.pl\/?page_id=10227"},"modified":"2016-07-22T12:56:04","modified_gmt":"2016-07-22T10:56:04","slug":"zapytania-i-wyjasnienia-dot-przebudowy-drogi-zbiorczej-w-wykrotach-12-09-2013","status":"publish","type":"page","link":"https:\/\/old-ssemp.sowiak.dev\/?page_id=10227","title":{"rendered":"Zapytania i wyja\u015bnienia dot. Przebudowy drogi zbiorczej w Wykrotach. &#8211; 12-09-2013"},"content":{"rendered":"<p style=\"text-align: right; line-height: 14.65pt; background: #B5ADB1; margin: 0cm 0cm 18.0pt 0cm;\" align=\"right\"><span style=\"font-size: 10.0pt; font-family: 'Trebuchet MS','sans-serif'; color: #222222;\">Kamienna G\u00f3ra, 12.09.2013 r.<\/span><\/p>\n<p style=\"line-height: 14.65pt; background: #B5ADB1; margin: 0cm 0cm 18.0pt 0cm;\"><strong><span style=\"font-size: 10.0pt; font-family: 'Trebuchet MS','sans-serif'; color: #222222;\">Wykonawcy ubiegaj\u0105cy si\u0119 o udzielenie zam\u00f3wienia<\/span><\/strong><\/p>\n<p style=\"line-height: 14.65pt; background: #B5ADB1; margin: 0cm 0cm 18.0pt 0cm;\"><strong><span style=\"font-size: 10.0pt; font-family: 'Trebuchet MS','sans-serif'; color: #222222;\">Dotyczy:<\/span><\/strong><span style=\"font-size: 10.0pt; font-family: 'Trebuchet MS','sans-serif'; color: #222222;\"><br \/>\nPost\u0119powania prowadzonego w trybie pisemnego przetargu nieograniczonego o udzielenie zam\u00f3wienia na \u201ePrzebudow\u0119 drogi zbiorczej na odcinku od drogi krajowej nr 94 do firmy Rena Polska Sp. z o.o. droga komunikacyjna do Kamiennog\u00f3rskiej SSEMP w Wykrotach.\u201d<\/span><\/p>\n<p style=\"line-height: 14.65pt; background: #B5ADB1; margin: 0cm 0cm 18.0pt 0cm;\"><strong><span style=\"font-size: 10.0pt; font-family: 'Trebuchet MS','sans-serif'; color: #222222;\">Zagadnienie nr 1<\/span><\/strong><span class=\"apple-converted-space\"><b><span style=\"font-size: 10.0pt; font-family: 'Trebuchet MS','sans-serif'; color: #222222;\">\u00a0<\/span><\/b><\/span><span style=\"font-size: 10.0pt; font-family: 'Trebuchet MS','sans-serif'; color: #222222;\"><br \/>\nProsimy wyja\u015bni\u0107 rozbie\u017cno\u015bci dotycz\u0105ce konstrukcji nawierzchni: w przedmiarze rob\u00f3t i opisie technicznym jest umieszczona warstwa wi\u0105\u017c\u0105ca z betonu asfaltowego, natomiast na przekroju poprzecznym A-A i we wst\u0119pie do STWiORB jest umieszczona warstwa podbudowy z betonu asfaltowego.<span class=\"apple-converted-space\">\u00a0<\/span><\/p>\n<p><strong><span style=\"font-family: 'Trebuchet MS','sans-serif';\">Odpowied\u017a<\/span><\/strong><\/span><\/p>\n<p style=\"line-height: 14.65pt; background: #B5ADB1; margin: 0cm 0cm 18.0pt 0cm;\"><span style=\"font-size: 10.0pt; font-family: 'Trebuchet MS','sans-serif'; color: #222222;\">Warstwa wi\u0105\u017c\u0105ca \u2010 jest warstw\u0105 konstrukcyjn\u0105, s\u0142u\u017c\u0105c\u0105 do przekazywania napr\u0119\u017ce\u0144 na podbudow\u0119, w zale\u017cno\u015bci od konstrukcji warstwa ta mo\u017ce stanowi\u0107 warstw\u0119 podbudowy. Oznacza to, \u017ce warstw\u0119 wi\u0105\u017c\u0105c\u0105 mo\u017cna nazwa\u0107 warstw\u0105 podbudowy.<span class=\"apple-converted-space\">\u00a0<\/span><br \/>\nProsz\u0119 przyj\u0105\u0107 nazw\u0119 dla warstwy pod warstw\u0105 \u015bcieraln\u0105: &#8222;warstwa wi\u0105\u017c\u0105ca&#8221;.<\/span><\/p>\n<p style=\"line-height: 14.65pt; background: #B5ADB1; margin: 0cm 0cm 18.0pt 0cm;\"><strong><span style=\"font-size: 10.0pt; font-family: 'Trebuchet MS','sans-serif'; color: #222222;\">Zagadnienie nr 2<\/span><\/strong><span class=\"apple-converted-space\"><b><span style=\"font-size: 10.0pt; font-family: 'Trebuchet MS','sans-serif'; color: #222222;\">\u00a0<\/span><\/b><\/span><b><span style=\"font-size: 10.0pt; font-family: 'Trebuchet MS','sans-serif'; color: #222222;\"><br \/>\n<\/span><\/b><span style=\"font-size: 10.0pt; font-family: 'Trebuchet MS','sans-serif'; color: #222222;\">Prosimy udost\u0119pni\u0107 STWiORB na warstw\u0119 podbudowy z betonu asfaltowego.<\/span><\/p>\n<p style=\"line-height: 14.65pt; background: #B5ADB1; margin: 0cm 0cm 18.0pt 0cm;\"><strong><span style=\"font-size: 10.0pt; font-family: 'Trebuchet MS','sans-serif'; color: #222222;\">Odpowied\u017a<\/span><\/strong><\/p>\n<p style=\"line-height: 14.65pt; background: #B5ADB1; margin: 0cm 0cm 18.0pt 0cm;\"><span style=\"font-size: 10.0pt; font-family: 'Trebuchet MS','sans-serif'; color: #222222;\">Obowi\u0105zuj\u0105c\u0105 jest STWIORB dla warstwy wi\u0105\u017c\u0105cej.<\/span><\/p>\n<p style=\"line-height: 14.65pt; background: #B5ADB1; margin: 0cm 0cm 18.0pt 0cm;\"><strong><span style=\"font-size: 10.0pt; font-family: 'Trebuchet MS','sans-serif'; color: #222222;\">Zagadnienie nr 3<\/span><\/strong><span class=\"apple-converted-space\"><b><span style=\"font-size: 10.0pt; font-family: 'Trebuchet MS','sans-serif'; color: #222222;\">\u00a0<\/span><\/b><\/span><span style=\"font-size: 10.0pt; font-family: 'Trebuchet MS','sans-serif'; color: #222222;\"><br \/>\nProsimy wyja\u015bni\u0107 rozbie\u017cno\u015bci dotycz\u0105ce grubo\u015bci uzupe\u0142nianego pobocza: w przedmiarze rob\u00f3t jest podana grubo\u015b\u0107 15 cm, natomiast na przekroju poprzecznym A-A jest podana grubo\u015b\u0107 20 cm.<\/span><\/p>\n<p style=\"line-height: 14.65pt; background: #B5ADB1; margin: 0cm 0cm 18.0pt 0cm;\"><strong><span style=\"font-size: 10.0pt; font-family: 'Trebuchet MS','sans-serif'; color: #222222;\">Odpowied\u017a<\/span><\/strong><\/p>\n<p style=\"line-height: 14.65pt; background: #B5ADB1; margin: 0cm 0cm 18.0pt 0cm;\"><span style=\"font-size: 10.0pt; font-family: 'Trebuchet MS','sans-serif'; color: #222222;\">Do wyceny grubo\u015bci warstw z przedmiaru i opisu technicznego nale\u017cy przyj\u0105\u0107 15 cm mieszanki optymalnej na poboczu.<span class=\"apple-converted-space\">\u00a0<\/span><br \/>\nNa rysunku 2\\A przekr\u00f3j poprzeczny A-A grubo\u015b\u0107 pobocza utwardzonego powinna by\u0107 okre\u015blona na 15 cm.<\/span><\/p>\n<p style=\"line-height: 14.65pt; background: #B5ADB1; margin: 0cm 0cm 18.0pt 0cm;\"><strong><span style=\"font-size: 10.0pt; font-family: 'Trebuchet MS','sans-serif'; color: #222222;\">Zagadnienie nr 4<\/span><\/strong><span class=\"apple-converted-space\"><b><span style=\"font-size: 10.0pt; font-family: 'Trebuchet MS','sans-serif'; color: #222222;\">\u00a0<\/span><\/b><\/span><span style=\"font-size: 10.0pt; font-family: 'Trebuchet MS','sans-serif'; color: #222222;\"><br \/>\nProsimy o uzupe\u0142nienie przedmiaru rob\u00f3t o pozycj\u0119 zawieraj\u0105c\u0105 ponowne u\u0142o\u017cenie warstwy podbudowy z kruszywa grub. 30 cm. Poz. nr 10 zawiera rozbi\u00f3rk\u0119 podbudowy z kruszywa, poz. nr 11 zawiera profilowanie i zag\u0119szczanie pod\u0142o\u017ca a brakuje uk\u0142adania podbudowy z kruszywa uprzednio rozebranego.<span class=\"apple-converted-space\">\u00a0<\/span><\/p>\n<p><strong><span style=\"font-family: 'Trebuchet MS','sans-serif';\">Odpowied\u017a<\/span><\/strong><\/span><\/p>\n<p style=\"line-height: 14.65pt; background: #B5ADB1; margin: 0cm 0cm 18.0pt 0cm;\"><span style=\"font-size: 10.0pt; font-family: 'Trebuchet MS','sans-serif'; color: #222222;\">Ponowne u\u0142o\u017cenie kruszywa, uprzednio rozebranego na odk\u0142ad, prosz\u0119 uwzgl\u0119dni\u0107 w pozycji nr 11 przedmiaru rob\u00f3t. Zale\u017cy to od technologii prowadzenia rob\u00f3t &#8211; mo\u017ce zosta\u0107 wykonane kopark\u0105 lub spychark\u0105.<\/span><\/p>\n","protected":false},"excerpt":{"rendered":"<p>Kamienna G\u00f3ra, 12.09.2013 r. Wykonawcy ubiegaj\u0105cy si\u0119 o udzielenie zam\u00f3wienia Dotyczy: Post\u0119powania prowadzonego w trybie pisemnego przetargu nieograniczonego o udzielenie zam\u00f3wienia na \u201ePrzebudow\u0119 drogi zbiorczej na odcinku od drogi krajowej nr 94 do firmy Rena Polska Sp. z o.o. droga komunikacyjna do Kamiennog\u00f3rskiej SSEMP w Wykrotach.\u201d Zagadnienie nr 1\u00a0 Prosimy wyja\u015bni\u0107 rozbie\u017cno\u015bci dotycz\u0105ce konstrukcji nawierzchni: [&hellip;]<\/p>\n","protected":false},"author":1,"featured_media":0,"parent":0,"menu_order":0,"comment_status":"closed","ping_status":"closed","template":"","meta":{"footnotes":""},"class_list":["post-10227","page","type-page","status-publish","hentry"],"_links":{"self":[{"href":"https:\/\/old-ssemp.sowiak.dev\/index.php?rest_route=\/wp\/v2\/pages\/10227","targetHints":{"allow":["GET"]}}],"collection":[{"href":"https:\/\/old-ssemp.sowiak.dev\/index.php?rest_route=\/wp\/v2\/pages"}],"about":[{"href":"https:\/\/old-ssemp.sowiak.dev\/index.php?rest_route=\/wp\/v2\/types\/page"}],"author":[{"embeddable":true,"href":"https:\/\/old-ssemp.sowiak.dev\/index.php?rest_route=\/wp\/v2\/users\/1"}],"replies":[{"embeddable":true,"href":"https:\/\/old-ssemp.sowiak.dev\/index.php?rest_route=%2Fwp%2Fv2%2Fcomments&post=10227"}],"version-history":[{"count":1,"href":"https:\/\/old-ssemp.sowiak.dev\/index.php?rest_route=\/wp\/v2\/pages\/10227\/revisions"}],"predecessor-version":[{"id":10235,"href":"https:\/\/old-ssemp.sowiak.dev\/index.php?rest_route=\/wp\/v2\/pages\/10227\/revisions\/10235"}],"wp:attachment":[{"href":"https:\/\/old-ssemp.sowiak.dev\/index.php?rest_route=%2Fwp%2Fv2%2Fmedia&parent=10227"}],"curies":[{"name":"wp","href":"https:\/\/api.w.org\/{rel}","templated":true}]}}