{"id":10213,"date":"2016-07-22T12:53:24","date_gmt":"2016-07-22T10:53:24","guid":{"rendered":"http:\/\/ssemp.pl\/?page_id=10213"},"modified":"2016-07-22T12:53:24","modified_gmt":"2016-07-22T10:53:24","slug":"przebudowa-drogi-zbiorczej-w-wykrotach-30-08-2013","status":"publish","type":"page","link":"https:\/\/old-ssemp.sowiak.dev\/?page_id=10213","title":{"rendered":"Przebudowa drogi zbiorczej w Wykrotach &#8211; 30-08-2013"},"content":{"rendered":"<p>OG\u0141OSZENIE O PRZETARGU<\/p>\n<p>WYKONAJ ROBOTY BUDOWLANE:<br \/>\n\u201ePrzebudowa drogi zbiorczej na odcinku od drogi krajowej nr 94<br \/>\ndo firmy Rena Polska Sp. z o.o.<br \/>\n\u2013 droga komunikacyjna do Kamiennog\u00f3rskiej SSEMP w Wykrotach.\u201d<\/p>\n<p>Data zamieszczenia: 30.08.2013 r.<\/p>\n<p>SEKCJA I: ZAMAWIAJ\u0104CY<br \/>\nI. 1) NAZWA I ADRES: Specjalna Strefa Ekonomiczna Ma\u0142ej Przedsi\u0119biorczo\u015bci S.A., ul. Papie\u017ca Jana Paw\u0142a II 11A, 58 400 Kamienna G\u00f3ra, woj. dolno\u015bl\u0105skie, tel. 75\/ 645 20 30, faks 75\/ 645 20 33, 75\/ 744 20 17, e-mail: strefa@ssemp.pl<br \/>\nI. 2) Rodzaj zamawiaj\u0105cego: Sp\u00f3\u0142ka prawa handlowego.<br \/>\n\u25cf Adres strony internetowej Zamawiaj\u0105cego: www.ssemp.pl<br \/>\nSEKCJA II: PRZEDMIOT ZAM\u00d3WIENIA<br \/>\nII. 1) OKRE\u015aLENIE PRZEDMIOTU ZAM\u00d3WIENIA<br \/>\nII. 1.1.) Nazwa nadana zam\u00f3wieniu przez Zamawiaj\u0105cego:<br \/>\nPrzebudowa drogi zbiorczej na odcinku od drogi krajowej nr 94 do firmy Rena Polska Sp. z o.o. \u2013 droga komunikacyjna do Kamiennog\u00f3rskiej SSEMP w Wykrotach.<br \/>\nII. 1.2.) Rodzaj zam\u00f3wienia: roboty budowlane.<br \/>\nII. 1.3.) Okre\u015blenie przedmiotu oraz wielko\u015bci lub zakresu zam\u00f3wienia:<br \/>\nPrzedmiotem niniejszego zam\u00f3wienia jest przebudowa drogi zbiorczej na odcinku oko\u0142o 637,5 mb od drogi krajowej nr 94 do firmy Rena Polska Sp. z o.o.<br \/>\nPrzedmiotowa droga charakteryzuje si\u0119 zdegradowan\u0105 nawierzchni\u0105, w przypadku kt\u00f3rej powierzchniowe zamkni\u0119cie ubytk\u00f3w jest nieefektywne.<br \/>\nWykonane na etapie sporz\u0105dzenia dokumentacji projektowej badania wykaza\u0142y mi\u0119dzy innymi nieodpowiedni\u0105 no\u015bno\u015b\u0107 podbudowy z t\u0142ucznia a tak\u017ce nieodpowiedni\u0105 grubo\u015b\u0107 asfaltu dla kategorii ruchu KR2.<\/p>\n<p>Zakres rzeczowy zam\u00f3wienia obejmuje mi\u0119dzy innymi:<br \/>\na) roboty przygotowawcze, rozbi\u00f3rkowe \/pomiary geodezyjne, rozbi\u00f3rka istniej\u0105cej nawierzchni asfaltowej drogi, wykonanie bada\u0144 kontrolnych gruntu rodzimego w 6 miejscach na 2000 m2, poza \u015bladem ko\u0142a, nale\u017cy uzyska\u0107 wyniki: E2 &gt; 120 MPa i E2\/E1 &lt; 2,2.\/,<br \/>\nb) roboty ziemne \/korytowanie obustronne pod pobocze z kruszyw \u0142amanych\/,<br \/>\nc) roboty w zakresie podbudowy i nawierzchni \/roz\u0142o\u017cenie na ods\u0142oni\u0119tej istniej\u0105cej podbudowie dodatkowo niesortu kamiennego 0-31,5 mm, przemieszanie starej i nowej podbudowy wraz z zag\u0119szczeniem i pomiarami zag\u0119szczenia p\u0142yt\u0105 VSS do uzyskania E2 &gt; 140 MPa oraz E2\/E1 &lt; 2,1, wykonanie nawierzchni drogi z betonu asfaltowego o grubo\u015bci 9 + 5 cm po uzyskaniu wy\u017cej wymienionych wynik\u00f3w pomiar\u00f3w\/,<br \/>\nd) roboty porz\u0105dkowe \/wywiezienie nawierzchni asfaltowej z rob\u00f3t rozbi\u00f3rkowych a tak\u017ce pozosta\u0142ych zanieczyszcze\u0144, odpad\u00f3w powsta\u0142ych w toku realizacji rob\u00f3t drogowych i ich utylizacja\/,<br \/>\ne) wykonanie geodezyjnej inwentaryzacji powykonawczej.<br \/>\nUWAGA<br \/>\nJe\u017celi badania kontrolne, o kt\u00f3rych mowa w lit. a), nie potwierdz\u0105 oczekiwanych parametr\u00f3w gruntu rodzimego nale\u017cy uwzgl\u0119dni\u0107 w zakresie rob\u00f3t pkt 3 i 4 OPISU ROZWI\u0104ZA\u0143 PROJEKTOWYCH \u2013 patrz pkt 4.2. projektu budowlanego tj.:<br \/>\n&#8211; zdj\u0119cie podbudowy t\u0142uczniowej na odk\u0142ad na g\u0142\u0119boko\u015b\u0107 30 cm, zag\u0119szczenie gruntu rodzimego do uzyskania E2&gt;120 MPa i E2\/E1 &lt; 2,2<br \/>\n&#8211; odtworzenie zdj\u0119tej podbudowy z zag\u0119szczeniem i dalej jak w lit. b), c), d) i e).<\/p>\n<p>Wykonawca w ramach przedmiotu zam\u00f3wienia zobowi\u0105zany jest do: zapewnienia obs\u0142ugi geodezyjnej prowadzonych rob\u00f3t, oznakowania miejsca wykonywania rob\u00f3t, wprowadzenia organizacji ruchu na czas rob\u00f3t \/zgodnie z projektem tymczasowej organizacji ruchu\/, dostarczenia materia\u0142\u00f3w niezb\u0119dnych do zrealizowania przedmiotu zam\u00f3wienia na stanowiska robocze, wykonania rob\u00f3t budowlano-drogowych w zakresie okre\u015blonym w dokumentacji projektowej, szczeg\u00f3\u0142owych specyfikacjach technicznych wykonania i odbioru rob\u00f3t, zgodnie z przepisami techniczno-budowlanymi, normami PN\/E, przepisami dotycz\u0105cymi samodzielnych funkcji technicznych w budownictwie, przepisami dotycz\u0105cymi wyrob\u00f3w budowlanych, wykonania wszelkich bada\u0144 i pr\u00f3b a tak\u017ce pomiar\u00f3w powykonawczych w zakresie koniecznym do odbioru ko\u0144cowego rob\u00f3t i przekazania obiektu do u\u017cytkowania, uporz\u0105dkowania miejsca rob\u00f3t drogowych, wykonania powykonawczej dokumentacji technicznej i prawnej zgodnej z obowi\u0105zuj\u0105cymi wymogami w tym zakresie.<\/p>\n<p>Szczeg\u00f3\u0142owy zakres przedmiotu zam\u00f3wienia oraz wymagania gwarancyjne Zamawiaj\u0105cego zosta\u0142y okre\u015blone w SIWZ i za\u0142\u0105cznikach do niej. Oferty nie zawieraj\u0105ce pe\u0142nego zakresu przedmiotu zam\u00f3wienia zostan\u0105 odrzucone.<\/p>\n<ol>\n<li>1.4.) Wsp\u00f3lny S\u0142ownik Zam\u00f3wie\u0144 (CPV):<br \/>\n45.00.00.00-7 Roboty budowlane.<br \/>\n45.10.00.00-8 Przygotowanie terenu pod budow\u0119.<br \/>\n45.11.13.00-1 Roboty rozbi\u00f3rkowe.<br \/>\n45.20.00.00-9 Roboty budowlane w zakresie wznoszenia kompletnych obiekt\u00f3w budowlanych lub ich cz\u0119\u015bci oraz roboty w zakresie in\u017cynierii l\u0105dowej i wodnej.<br \/>\n45.23.00.00-8 Roboty budowlane w zakresie budowy ruroci\u0105g\u00f3w, linii komunikacyjnych i elektroenergetycznych, autostrad, dr\u00f3g, lotnisk i kolei; wyr\u00f3wnanie terenu.<br \/>\n45.23.30.00-9 Roboty w zakresie konstruowania, fundamentowania oraz wykonywania nawierzchni autostrad, dr\u00f3g.<br \/>\n45.23.31.20-6 Roboty w zakresie budowy dr\u00f3g.<\/li>\n<li>1.5.) Czy dopuszcza si\u0119 z\u0142o\u017cenie oferty cz\u0119\u015bciowej: nie.<br \/>\nII. 1.6.) Czy dopuszcza si\u0119 z\u0142o\u017cenie oferty wariantowej: nie.<br \/>\nII. 1.7.) Czy przewiduje si\u0119 udzielenie zam\u00f3wie\u0144 uzupe\u0142niaj\u0105cych: nie.<br \/>\nII. 2) CZAS TRWANIA ZAM\u00d3WIENIA LUB TERMIN WYKONANIA:<br \/>\nZam\u00f3wienie nale\u017cy wykona\u0107 w terminie 8 tygodni od daty podpisania umowy o wykonanie rob\u00f3t budowlanych.<br \/>\nSEKCJA III: INFORMACJE O CHARAKTERZE PRAWNYM, EKONOMICZNYM, FINANSOWYM I TECHNICZNYM<br \/>\nIII. 1) WARUNKI DOTYCZ\u0104CE ZAM\u00d3WIENIA<br \/>\nInformacja na temat wadium: Zamawiaj\u0105cy wymaga wniesienia wadium w wysoko\u015bci 10.000,00 PLN (s\u0142ownie z\u0142otych: dziesi\u0119\u0107 tysi\u0119cy i 00\/100) przed up\u0142ywem terminu sk\u0142adania ofert. Wymagania dotycz\u0105ce wadium zosta\u0142y okre\u015blone w SIWZ.<br \/>\nIII. 1.1.) Inne szczeg\u00f3lne warunki, kt\u00f3rym podlega realizacja zam\u00f3wienia: tak<br \/>\nZam\u00f3wienie b\u0119dzie realizowane zgodnie z prawem polskim, w szczeg\u00f3lno\u015bci z ustaw\u0105 Prawo budowlane z dnia 7 lipca 1994 r. (t.j. Dz. U. z 2010 r. Nr 243, poz. 1623 z p\u00f3\u017an. zm.) przy zastosowaniu materia\u0142\u00f3w dopuszczonych do obrotu i stosowania w budownictwie, posiadaj\u0105cych aprobaty techniczne, atesty, certyfikaty. Wykonawca rob\u00f3t musi zapewni\u0107 wykonanie rob\u00f3t zgodnie z przepisami techniczno-budowlanymi i warunkami BHP i p.po\u017c., obowi\u0105zuj\u0105cymi przepisami i normami PN\/E, przepisami dotycz\u0105cymi samodzielnych funkcji technicznych w budownictwie, przepisami dotycz\u0105cymi wyrob\u00f3w budowlanych.<br \/>\nIII. 2) WARUNKI UDZIA\u0141U<br \/>\n\u25cf Opis warunk\u00f3w udzia\u0142u w post\u0119powaniu oraz opis sposobu dokonywania oceny spe\u0142nienia tych warunk\u00f3w:<br \/>\nO udzielenie zam\u00f3wienia mog\u0105 ubiega\u0107 si\u0119 Wykonawcy, kt\u00f3rzy:<br \/>\n1. Spe\u0142niaj\u0105 nast\u0119puj\u0105ce wymagania:<br \/>\n1.1. Posiadaj\u0105 uprawnienia do wykonywania dzia\u0142alno\u015bci lub czynno\u015bci w zakresie odpowiadaj\u0105cym przedmiotowi zam\u00f3wienia oraz wyka\u017c\u0105 aktualn\u0105, na dzie\u0144 sk\u0142adania ofert, polis\u0119, a w przypadku jej braku innego dokumentu potwierdzaj\u0105cego, \u017ce Wykonawca jest ubezpieczony od odpowiedzialno\u015bci cywilnej w zakresie prowadzonej dzia\u0142alno\u015bci gospodarczej.<br \/>\n1.2. Posiadaj\u0105 niezb\u0119dn\u0105 wiedz\u0119 i do\u015bwiadczenie, dysponuj\u0105 potencja\u0142em technicznym i osobami zdolnymi do wykonania przedmiotu zam\u00f3wienia lub przedstawi\u0105 pisemne zobowi\u0105zanie innych podmiot\u00f3w do udost\u0119pnienia potencja\u0142u technicznego i os\u00f3b zdolnych do wykonania przedmiotu zam\u00f3wienia (Wykonawca musi mie\u0107 do dyspozycji przy wykonaniu niniejszego zam\u00f3wienia osoby posiadaj\u0105ce do\u015bwiadczenie oraz kwalifikacje odpowiednie do stanowisk, jakie zostan\u0105 tym osobom powierzone) tj.:<br \/>\na) wyka\u017c\u0105, \u017ce dysponuj\u0105 lub b\u0119d\u0105 dysponowa\u0107 osobami zdolnymi do wykonania zam\u00f3wienia, a w szczeg\u00f3lno\u015bci Wykonawca winien wykaza\u0107 , \u017ce dysponuje:<br \/>\n&#8211; kierownikiem budowy, kt\u00f3ry posiada uprawnienia budowlane do kierowania robotami budowlanymi w specjalno\u015bci drogowej (podstawa prawna art. 14 ustawy Prawo budowlane z dnia 7 lipca 1994 r. \u2013 (tekst jednolity Dz. U. z 2010 r. Nr 243, poz. 1623 z p\u00f3\u017an. zm.) lub odpowiadaj\u0105ce im wa\u017cne uprawnienia budowlane, kt\u00f3re zosta\u0142y wydane na podstawie wcze\u015bniej obowi\u0105zuj\u0105cych przepis\u00f3w w tym zakresie oraz aktualne za\u015bwiadczenie (przynajmniej na dzie\u0144 sk\u0142adania ofert) o przynale\u017cno\u015bci do w\u0142a\u015bciwej izby samorz\u0105du zawodowego,<br \/>\nb) wyka\u017c\u0105 nale\u017cyte wykonanie (zgodnie z zasadami sztuki budowlanej) co najmniej dw\u00f3ch rob\u00f3t w budownictwie drogowym, odpowiadaj\u0105cych przedmiotowi zam\u00f3wienia, potwierdzonych referencjami, zrealizowanych w okresie ostatnich pi\u0119ciu lat przed dniem wszcz\u0119cia niniejszego post\u0119powania o udzielenie zam\u00f3wienia, a je\u015bli okres prowadzonej dzia\u0142alno\u015bci jest kr\u00f3tszy \u2013 w tym okresie.<br \/>\n1.3. Znajduj\u0105 si\u0119 w sytuacji ekonomicznej i finansowej zapewniaj\u0105cej wykonanie zam\u00f3wienia.<br \/>\n2. Ocena spe\u0142nienia przez Wykonawc\u00f3w warunk\u00f3w udzia\u0142u w post\u0119powaniu b\u0119dzie przeprowadzona w oparciu o kompletno\u015b\u0107 i prawid\u0142owo\u015b\u0107 przed\u0142o\u017conych wraz z ofert\u0105 o\u015bwiadcze\u0144 i dokument\u00f3w, jakich \u017c\u0105da Zamawiaj\u0105cy i zostanie dokonana na podstawie tre\u015bci tych dokument\u00f3w wg formu\u0142y spe\u0142nia\/nie spe\u0142nia.<br \/>\n2.1. Ka\u017cdy z Wykonawc\u00f3w ubiegaj\u0105cych si\u0119 wsp\u00f3lnie o udzielenie zam\u00f3wienia (sk\u0142adaj\u0105cych ofert\u0119 wsp\u00f3lnie) musi samodzielnie spe\u0142ni\u0107 warunki, o kt\u00f3rych mowa w pkt 1.1. Pozosta\u0142e warunki i wymagania zawarte w pkt 1. mog\u0105 zosta\u0107 spe\u0142nione \u0142\u0105cznie przez Wykonawc\u00f3w ubiegaj\u0105cych si\u0119 wsp\u00f3lnie o udzielenie zam\u00f3wienia.<br \/>\n2.2. Oferty wykonawc\u00f3w, kt\u00f3rzy przed\u0142o\u017c\u0105 dokumenty i o\u015bwiadczenia potwierdzaj\u0105ce spe\u0142nianie wymaganych warunk\u00f3w zostan\u0105 dopuszczone do badania i oceny.<br \/>\n2.3. Wykonawcy, kt\u00f3rzy nie przed\u0142o\u017c\u0105 dokument\u00f3w i o\u015bwiadcze\u0144 potwierdzaj\u0105cych spe\u0142nianie wymaganych warunk\u00f3w zostan\u0105 wykluczeni z post\u0119powania.<br \/>\nInformacja o o\u015bwiadczeniach i dokumentach, jakie maj\u0105 dostarczy\u0107 wykonawcy w celu potwierdzenia spe\u0142niania warunk\u00f3w udzia\u0142u w post\u0119powaniu:<br \/>\nWykonawcy zobowi\u0105zani s\u0105 do z\u0142o\u017cenia wraz z ofert\u0105, poni\u017cszych o\u015bwiadcze\u0144 i dokument\u00f3w:<br \/>\n1. O\u015bwiadczenie Wykonawcy o spe\u0142nieniu warunk\u00f3w udzia\u0142u w post\u0119powaniu.<br \/>\n2. Aktualny odpis z w\u0142a\u015bciwego rejestru albo aktualne za\u015bwiadczenie o wpisie do ewidencji dzia\u0142alno\u015bci gospodarczej, je\u017celi odr\u0119bne przepisy wymagaj\u0105 wpisu do rejestru lub zg\u0142oszenia do ewidencji dzia\u0142alno\u015bci gospodarczej \u2013 wystawione\/ wygenerowane nie wcze\u015bniej ni\u017c 6 miesi\u0119cy przed up\u0142ywem terminu sk\u0142adania ofert.<br \/>\n3. Aktualne za\u015bwiadczenie w\u0142a\u015bciwego naczelnika urz\u0119du skarbowego oraz w\u0142a\u015bciwego oddzia\u0142u Zak\u0142adu Ubezpiecze\u0144 Spo\u0142ecznych lub Kasy Rolniczego Ubezpieczenia Spo\u0142ecznego potwierdzaj\u0105ce odpowiednio, \u017ce Wykonawca nie zalega z op\u0142acaniem podatk\u00f3w, op\u0142at oraz sk\u0142adek na ubezpieczenie zdrowotne i spo\u0142eczne, lub za\u015bwiadczenia, \u017ce uzyska\u0142 przewidziane prawem zwolnienie, odroczenie lub roz\u0142o\u017cenie na raty zaleg\u0142ych p\u0142atno\u015bci lub wstrzymania w ca\u0142o\u015bci wykonania decyzji w\u0142a\u015bciwego organu. Powy\u017csze za\u015bwiadczenia musz\u0105 by\u0107 wystawione nie wcze\u015bniej ni\u017c 3 miesi\u0105ce przed up\u0142ywem terminu sk\u0142adania ofert.<br \/>\n4. Wykaz os\u00f3b, kt\u00f3rymi dysponuje lub b\u0119dzie dysponowa\u0142 Wykonawca wraz z informacjami na temat ich kwalifikacji zawodowych\/uprawnie\u0144 oraz informacj\u0105 o podstawie dysponowania tymi osobami (osoby spe\u0142niaj\u0105ce wymagania okre\u015blone w pkt 1.2. a) Opisu warunk\u00f3w udzia\u0142u w post\u0119powaniu).<br \/>\n5. Pisemne zobowi\u0105zanie innych podmiot\u00f3w do udost\u0119pnienia os\u00f3b wskazanych w wykazie, o kt\u00f3rych mowa w pkt 4. \u2013 w przypadku, gdy Wykonawca nie dysponuje takimi osobami.<br \/>\n6. Dokumenty potwierdzaj\u0105ce posiadanie przez osoby, o kt\u00f3rych mowa w pkt 4. kwalifikacji zawodowych\/uprawnie\u0144, a w przypadku kierownika budowy dodatkowo aktualne (przynajmniej na dzie\u0144 sk\u0142adania ofert) za\u015bwiadczenie o przynale\u017cno\u015bci do w\u0142a\u015bciwej izby samorz\u0105du zawodowego.<br \/>\n7. Wykazu wykonanych przez Wykonawc\u0119 rob\u00f3t w budownictwie drogowym spe\u0142niaj\u0105cych warunki, o kt\u00f3rym mowa w pkt 1.2. b) Opisu warunk\u00f3w udzia\u0142u w post\u0119powaniu, odpowiadaj\u0105cych zakresowi zam\u00f3wienia, z podaniem ich warto\u015bci oraz daty i miejsca wykonania wraz z za\u0142\u0105czeniem dokument\u00f3w \/referencje\/ potwierdzaj\u0105cych, \u017ce powy\u017csze roboty zosta\u0142y wykonane nale\u017cycie, zgodnie z zasadami sztuki budowlanej i prawid\u0142owo uko\u0144czone. Roboty wymienione w wykazie, a niepotwierdzone dokumentacj\u0105 o ich nale\u017cytym zrealizowaniu \/referencje\/, nie b\u0119d\u0105 uwzgl\u0119dnione przy ocenie ofert.<br \/>\n8. Aktualna na dzie\u0144 sk\u0142adania ofert polisa, o kt\u00f3rej mowa w pkt 1.1. Opisu warunk\u00f3w udzia\u0142u w post\u0119powaniu, a w przypadku jej braku innego dokumentu potwierdzaj\u0105cego, \u017ce Wykonawca jest ubezpieczony od odpowiedzialno\u015bci cywilnej w zakresie prowadzonej dzia\u0142alno\u015bci gospodarczej.<br \/>\n9. Sprawozdanie F-01 za ostatni kwarta\u0142 wraz z bilansem i rachunkiem zysk\u00f3w i strat za ubieg\u0142y rok obrachunkowy lub inny dokument potwierdzaj\u0105cy obroty, w przypadku przedsi\u0119biorc\u00f3w nie zobowi\u0105zanych do sporz\u0105dzania sprawozda\u0144 finansowych.<br \/>\n10. Dow\u00f3d wniesienia wadium.<br \/>\n11. Z tre\u015bci w\/w dokument\u00f3w musi jednoznacznie wynika\u0107, \u017ce Wykonawca spe\u0142nia warunki udzia\u0142u w post\u0119powaniu, o kt\u00f3rych mowa w pkt 1 Opisu warunk\u00f3w udzia\u0142u w post\u0119powaniu.<br \/>\n12. W przypadku wsp\u00f3lnego ubiegania si\u0119 o niniejsze zam\u00f3wienie przez dw\u00f3ch lub wi\u0119cej Wykonawc\u00f3w, ka\u017cdy z tych Wykonawc\u00f3w do\u0142\u0105cza do oferty dokumenty, o kt\u00f3rych mowa w pkt 2,3,8 dotycz\u0105ce ka\u017cdego z nich. Dokumenty, o kt\u00f3rych mowa w pkt 2,3,5,6,8,9 mog\u0105 by\u0107 przedstawione w formie orygina\u0142u lub kserokopii po\u015bwiadczonej za zgodno\u015b\u0107 z orygina\u0142em przez Wykonawc\u0119 (osob\u0119\/y uprawnion\u0105\/e do reprezentowania Wykonawcy), pozosta\u0142e dokumenty nale\u017cy z\u0142o\u017cy\u0107 w oryginale. Po\u015bwiadczenie za zgodno\u015b\u0107 z orygina\u0142em powinno by\u0107 sporz\u0105dzone w spos\u00f3b umo\u017cliwiaj\u0105cy identyfikacj\u0119 podpisu (np. wraz z imienn\u0105 piecz\u0105tk\u0105 osoby po\u015bwiadczaj\u0105cej kopi\u0119 dokumentu za zgodno\u015b\u0107 z orygina\u0142em).<br \/>\n13. Je\u017celi Wykonawca ma siedzib\u0119 lub miejsce zamieszkania poza terytorium Rzeczypospolitej Polskiej, do sk\u0142adania dokument\u00f3w, o kt\u00f3rych mowa wy\u017cej stosuje si\u0119 odpowiednio przepisy zawarte w \u00a7 2 Rozporz\u0105dzenia Prezesa Rady Ministr\u00f3w z dnia 19 maja 2006 r. w sprawie rodzaj\u00f3w dokument\u00f3w potwierdzaj\u0105cych spe\u0142nianie warunk\u00f3w udzia\u0142u w post\u0119powaniu o udzielenie zam\u00f3wienia publicznego, jakich mo\u017ce \u017c\u0105da\u0107 Zamawiaj\u0105cy od Wykonawcy (Dz. U. z 2006 r. Nr 87, poz. 605 z p\u00f3\u017an. zm.).<br \/>\nInne wymagane o\u015bwiadczenia i dokumenty, kt\u00f3re nale\u017cy do\u0142\u0105czy\u0107 do ofert:<br \/>\n1. W przypadku, gdy Wykonawc\u0119 reprezentuje pe\u0142nomocnik \u2013 pe\u0142nomocnictwo okre\u015blaj\u0105ce jego zakres i podpisane przez osoby uprawnione do reprezentowania Wykonawcy.<br \/>\n2. W przypadku, gdy ofert\u0119 sk\u0142adaj\u0105 Wykonawcy ubiegaj\u0105cy si\u0119 wsp\u00f3lnie o udzielenie zam\u00f3wienia wymagane jest za\u0142\u0105czenie w oryginale albo kserokopii po\u015bwiadczonej przez notariusza za zgodno\u015b\u0107 z orygina\u0142em, dokumentu pe\u0142nomocnictwa okre\u015blaj\u0105cego zakres umocowania pe\u0142nomocnika ustanowionego do reprezentowania ich w post\u0119powaniu (ewentualnie umow\u0119 o wsp\u00f3\u0142dzia\u0142aniu, z kt\u00f3rej b\u0119dzie wynika\u0107 przedmiotowe pe\u0142nomocnictwo). Pe\u0142nomocnik mo\u017ce by\u0107 ustanowiony do reprezentowania Wykonawc\u00f3w w post\u0119powaniu albo reprezentowania w post\u0119powaniu i zawarcia umowy.<br \/>\nSEKCJA IV: PROCEDURA<\/li>\n<li>\n1) TRYB UDZIELENIA ZAM\u00d3WIENIA<br \/>\nIV. 1.1.) Tryb udzielenia zam\u00f3wienia: pisemny przetarg nieograniczony \/bez stosowania ustawy \u2013 Prawo zam\u00f3wie\u0144 publicznych\/.<br \/>\nIV. 2) KRYTERIA OCENY OFERT<br \/>\nIV. 2.1.) Kryteria oceny ofert: najni\u017csza cena (100%).<br \/>\nSpos\u00f3b dokonywania oceny ofert i przydzielania punkt\u00f3w zosta\u0142 okre\u015blony w SIWZ.<br \/>\nIV. 2.2.) Wykorzystana b\u0119dzie aukcja elektroniczna: nie.<br \/>\nIV. 3) INFORMACJE ADMINISTRACYJNE<br \/>\nIV. 3.1.) Adres strony internetowej, na kt\u00f3rej dost\u0119pna jest specyfikacja istotnych warunk\u00f3w zam\u00f3wienia: www.ssemp.pl (zak\u0142adka Przetargi na roboty budowlane).<br \/>\nSpecyfikacj\u0119 istotnych warunk\u00f3w zam\u00f3wienia mo\u017cna uzyska\u0107 pod adresem: pok. nr 105 ( I pi\u0119tro budynku administracyjnego SSEMP S.A. przy ul. Papie\u017ca Jana Paw\u0142a II 11A w Kamiennej G\u00f3rze).<br \/>\nIV. 3.2.) Termin sk\u0142adania ofert: 16.09.2013 r. do godziny 1200, miejsce: Siedziba Zamawiaj\u0105cego \/Sekretariat I pi\u0119tro\/.<br \/>\nIV. 3.3.) Otwarcie ofert nast\u0105pi w dniu 16.09.2013 r. o godz. 1215 w siedzibie Zamawiaj\u0105cego w pok. nr 112, sala konferencyjna, (I pi\u0119tro).<br \/>\nIV. 3.4.) Termin zwi\u0105zania ofert\u0105: okres w dniach: 90 (od ostatecznego terminu sk\u0142adania ofert).<br \/>\nIV. 3.5.) Informacje dodatkowe:<br \/>\n1. Zamawiaj\u0105cy dopuszcza przekazywanie korespondencji tj. o\u015bwiadcze\u0144, wniosk\u00f3w, zawiadomie\u0144 oraz informacji pisemnie lub faksem \u2013 na numer faksu 75\/ 645-20-33 lub 75\/ 744-20-17 z zastrze\u017ceniem pkt 3.<br \/>\n2. Zamawiaj\u0105cy dopuszcza porozumiewanie si\u0119 drog\u0105 elektroniczn\u0105.<br \/>\n3. Z\u0142o\u017cenie oferty, jej wycofanie i zmiana mo\u017ce nast\u0105pi\u0107 jedynie w formie pisemnej. Z\u0142o\u017cenie tych pism w innej formie nie wywo\u0142uje jakichkolwiek skutk\u00f3w prawnych.<br \/>\n4. Zamawiaj\u0105cy zastrzega sobie prawo do zamkni\u0119cia przetargu bez wybrania kt\u00f3rejkolwiek z ofert, bez podania przyczyny, na ka\u017cdym etapie post\u0119powania. W tym przypadku oferentom nie przys\u0142uguj\u0105 jakiekolwiek roszczenia, za wyj\u0105tkiem zwrotu wadium.<br \/>\n5. Zamawiaj\u0105cy zastrzega sobie prawo wykluczenia z przetargu i odrzucenia z przyczyn formalnych w kolejnych przetargach tych oferent\u00f3w, kt\u00f3rzy z\u0142o\u017c\u0105 o\u015bwiadczenia lub podadz\u0105 informacje niezgodne ze stanem faktycznym.<br \/>\n6. Osob\u0105 upowa\u017cnion\u0105 do kontaktu jest p. \u0141ukasz S\u0142awi\u0144ski, pok\u00f3j nr 105 w siedzibie Zamawiaj\u0105cego tel. 75\/ 645-20-30, kom 602-853-881, faks 75\/ 645 20 33, 75\/ 744-20-17 e mail: l.slawinski@ssemp.pl<br \/>\n7. Zastosowane w dokumentacji nazwy producent\u00f3w, wyrob\u00f3w i znaki towarowe s\u0142u\u017c\u0105 wy\u0142\u0105cznie doprecyzowaniu przedmiotu zam\u00f3wienia i okre\u015bleniu minimalnych parametr\u00f3w jako\u015bciowych, technicznych i funkcjonalnych zastosowanych materia\u0142\u00f3w.<\/li>\n<\/ol>\n<p>UWAGA<br \/>\nRoboty drogowe zwi\u0105zane z przebudow\u0105 drogi zbiorczej wymagaj\u0105 czasowego zaj\u0119cia cz\u0119\u015bci jezdni oraz pobocza a tak\u017ce ograniczenia ruchu w spos\u00f3b wahad\u0142owy. Zast\u0119pcz\u0105 organizacj\u0119 ruchu nale\u017cy wprowadzi\u0107 zgodnie z projektem tymczasowej organizacji ruchu \/za\u0142\u0105cznik nr 9 do SIWZ\/.<\/p>\n<p>Wykonanie nawierzchni z mieszanek mineralno-bitumicznych asfaltowych o grubo\u015bci 9 + 5 cm jest uwarunkowane:<br \/>\n&#8211; uzyskaniem zak\u0142adanych parametr\u00f3w gruntu rodzimego tj. E2&gt;120 MPa i E2\/E1 &lt; 2,2<br \/>\n&#8211; roz\u0142o\u017ceniem dodatkowej warstwy niesortu kamiennego, jego przemieszaniem ze star\u0105 podbudow\u0105 i zag\u0119szczeniem z pomiarami zag\u0119szczenia VSS do uzyskania nast\u0119puj\u0105cych wynik\u00f3w E2 &gt; 140 MPa oraz E2\/E1 &lt; 2,1.<\/p>\n","protected":false},"excerpt":{"rendered":"<p>OG\u0141OSZENIE O PRZETARGU WYKONAJ ROBOTY BUDOWLANE: \u201ePrzebudowa drogi zbiorczej na odcinku od drogi krajowej nr 94 do firmy Rena Polska Sp. z o.o. \u2013 droga komunikacyjna do Kamiennog\u00f3rskiej SSEMP w Wykrotach.\u201d Data zamieszczenia: 30.08.2013 r. SEKCJA I: ZAMAWIAJ\u0104CY I. 1) NAZWA I ADRES: Specjalna Strefa Ekonomiczna Ma\u0142ej Przedsi\u0119biorczo\u015bci S.A., ul. Papie\u017ca Jana Paw\u0142a II 11A, [&hellip;]<\/p>\n","protected":false},"author":1,"featured_media":0,"parent":0,"menu_order":0,"comment_status":"closed","ping_status":"closed","template":"","meta":{"footnotes":""},"class_list":["post-10213","page","type-page","status-publish","hentry"],"_links":{"self":[{"href":"https:\/\/old-ssemp.sowiak.dev\/index.php?rest_route=\/wp\/v2\/pages\/10213","targetHints":{"allow":["GET"]}}],"collection":[{"href":"https:\/\/old-ssemp.sowiak.dev\/index.php?rest_route=\/wp\/v2\/pages"}],"about":[{"href":"https:\/\/old-ssemp.sowiak.dev\/index.php?rest_route=\/wp\/v2\/types\/page"}],"author":[{"embeddable":true,"href":"https:\/\/old-ssemp.sowiak.dev\/index.php?rest_route=\/wp\/v2\/users\/1"}],"replies":[{"embeddable":true,"href":"https:\/\/old-ssemp.sowiak.dev\/index.php?rest_route=%2Fwp%2Fv2%2Fcomments&post=10213"}],"version-history":[{"count":1,"href":"https:\/\/old-ssemp.sowiak.dev\/index.php?rest_route=\/wp\/v2\/pages\/10213\/revisions"}],"predecessor-version":[{"id":10223,"href":"https:\/\/old-ssemp.sowiak.dev\/index.php?rest_route=\/wp\/v2\/pages\/10213\/revisions\/10223"}],"wp:attachment":[{"href":"https:\/\/old-ssemp.sowiak.dev\/index.php?rest_route=%2Fwp%2Fv2%2Fmedia&parent=10213"}],"curies":[{"name":"wp","href":"https:\/\/api.w.org\/{rel}","templated":true}]}}