{"id":10211,"date":"2016-07-22T12:51:44","date_gmt":"2016-07-22T10:51:44","guid":{"rendered":"http:\/\/ssemp.pl\/?page_id=10211"},"modified":"2016-07-22T12:51:44","modified_gmt":"2016-07-22T10:51:44","slug":"zapytanie-ofertowe-o-cene-sprawowania-nadzoru-inwestorskiego-w-specjalnosci-drogowej-14-08-2013","status":"publish","type":"page","link":"https:\/\/old-ssemp.sowiak.dev\/?page_id=10211","title":{"rendered":"Zapytanie ofertowe o cen\u0119 sprawowania nadzoru inwestorskiego w specjalno\u015bci drogowej &#8211; 14-08-2013"},"content":{"rendered":"<p>Kamienna G\u00f3ra, 14.08.2013 r.<\/p>\n<p>ZAPYTANIE OFERTOWE O CEN\u0118<br \/>\nsprawowania nadzoru inwestorskiego w specjalno\u015bci drogowej<br \/>\nSpecjalna Strefa Ekonomiczna Ma\u0142ej Przedsi\u0119biorczo\u015bci S.A.<br \/>\nz siedzib\u0105 ul. Papie\u017ca Jana Paw\u0142a II 11A, 58-400 Kamienna G\u00f3ra<br \/>\nNIP: 614-14-72-974, Regon: 230820274<br \/>\nStrona www: www.ssemp.pl<br \/>\ne-mail: l.slawinski@ssemp.pl<br \/>\ntel. 75\/ 645 20 30, fax 75\/ 645 20 33<br \/>\nzwraca si\u0119 z zapytaniem ofertowym o cen\u0119 sprawowania funkcji inspektora nadzoru<br \/>\ninwestorskiego w specjalno\u015bci drogowej<br \/>\nprzy realizacji zadania inwestycyjnego pn.:<br \/>\n\u201ePrzebudowa drogi zbiorczej na odcinku od drogi krajowej nr 94<br \/>\ndo firmy Rena Polska Sp. z o.o.<br \/>\n\u2013 droga komunikacyjna do Kamiennog\u00f3rskiej SSEMP w Wykrotach.\u201d<br \/>\nPost\u0119powanie jest prowadzone bez stosowania ustawy z dnia 29.01.2004 r. (t.j. Dz. U. z 2010 r. Nr 113, poz. 759 z p\u00f3\u017an. zm.)<\/p>\n<ol>\n<li>Szczeg\u00f3\u0142owy zakres rob\u00f3t budowlanych podlegaj\u0105cych nadzorowi inwestorskiemu okre\u015bla dokumentacja, stanowi\u0105ca za\u0142\u0105czniki do przetargu nieograniczonego z dnia 13.08.2013 r. tj.:<br \/>\n&#8211; specyfikacja istotnych warunk\u00f3w zam\u00f3wienia, zatwierdzona dnia 12.08.2013 r.,<br \/>\n&#8211; projekt budowlany pn. Przebudowa drogi zbiorczej na odcinku od drogi krajowej nr 94 do firmy Rena Polska Sp. z o.o. \u2013 droga komunikacyjna do Kamiennog\u00f3rskiej SSEMP w Wykrotach \/opis istniej\u0105cego i projektowanego zagospodarowania terenu, ocena stanu technicznego drogi, opinia geotechniczna, rysunki i przekroje\/,<br \/>\n&#8211; specyfikacja techniczna wykonania i odbioru rob\u00f3t budowlanych,<\/p>\n<p>&#8211; przedmiar rob\u00f3t pn. Przebudowa drogi zbiorczej na odcinku od drogi krajowej nr 94 do firmy Rena Polska Sp. z o.o. \u2013 droga komunikacyjna do Kamiennog\u00f3rskiej SSEMP w Wykrotach,<br \/>\n&#8211; projekt tymczasowej organizacji ruchu pn. Przebudowa drogi zbiorczej na odcinku od DK nr 94 do firmy \u201eRENA\u201d POLSKA Sp. z o.o. w Specjalnej Strefie Ekonomicznej Ma\u0142ej Przedsi\u0119biorczo\u015bci w Wykrotach.<\/li>\n<\/ol>\n<p>UWAGA !!!<br \/>\nW dokumentacji projektowej uwzgl\u0119dniono zmian\u0119 rozwi\u0105za\u0144 projektowych wobec post\u0119powania przetargowego z dnia 14.06.2013 r., w tym wykonanie bada\u0144 kontrolnych gruntu rodzimego po rozbi\u00f3rce istniej\u0105cej nawierzchni asfaltowej<\/p>\n<p>Z dokumentacj\u0105 przetargow\u0105 mo\u017cna zapozna\u0107 si\u0119 na stronie internetowej SSEMP S.A. www.ssemp.pl, zak\u0142adka Przetargi na roboty budowlane<br \/>\nPrzetarg<br \/>\nPrzebudowa drogi zbiorczej na odcinku od drogi krajowej nr 94 do firmy Rena Polska Sp. z o.o. \u2013 droga komunikacyjna do Kamiennog\u00f3rskiej SSEMP w Wykrotach. &#8211; 13-08-2013<br \/>\ndost\u0119pny pod adresem:<br \/>\nhttps:\/\/old-ssemp.sowiak.dev\/przetargi-na-roboty-budowlane\/przetargi\/przebud-drogi-zbior-na-odc-od-drogi-kraj-nr-94\/<br \/>\n2. Przedmiot zam\u00f3wienia obejmuje mi\u0119dzy innymi:<br \/>\na) nadz\u00f3r inwestorski nad wykonaniem zam\u00f3wienia zgodnie z ca\u0142ym zakresem rzeczowym obj\u0119tym projektem budowlanym, specyfikacji technicznej wykonania i odbioru rob\u00f3t budowlanych, przedmiarem rob\u00f3t, projektem tymczasowej organizacji ruchu oraz umow\u0105 z Wykonawc\u0105 rob\u00f3t budowlanych,<br \/>\nb) reprezentowanie Zamawiaj\u0105cego na terenie rob\u00f3t przez sprawowanie kontroli zgodno\u015bci ich realizacji z obowi\u0105zuj\u0105cymi przepisami, polskimi normami, zasadami wiedzy technicznej, sztuk\u0105 budowlan\u0105 a tak\u017ce dokumentami, o kt\u00f3rych mowa w lit. a),<br \/>\nc) sprawdzanie i odbi\u00f3r rob\u00f3t ulegaj\u0105cych zakryciu lub zanikaj\u0105cych &#8211; w terminie 3 dni licz\u0105c od daty zawiadomienia, dokonanego przez kierownika budowy,<br \/>\nd) wydawanie kierownikowi budowy polece\u0144 dotycz\u0105cych usuwania nieprawid\u0142owo\u015bci lub zagro\u017ce\u0144 r\u00f3wnie\u017c w przypadkach wymagaj\u0105cych odkrycia rob\u00f3t zakrytych,<br \/>\ne) egzekwowanie od kierownika budowy dokonanie poprawek b\u0105d\u017a ponownego wykonania wadliwie wykonanych rob\u00f3t,<br \/>\nf) wstrzymanie dalszych rob\u00f3t budowlanych w przypadku, gdyby ich kontynuacja mog\u0142aby wywo\u0142a\u0107 zagro\u017cenie lub spowodowa\u0142aby niedopuszczaln\u0105 niezgodno\u015b\u0107 z dokumentacj\u0105 projektow\u0105 lub obowi\u0105zuj\u0105cymi normami,<br \/>\ng) wskazywanie mo\u017cliwo\u015bci powstania ewentualnych op\u00f3\u017anie\u0144 lub zagro\u017ce\u0144 w realizacji zadania,<br \/>\nh) analiza i ocena dotycz\u0105ca proponowanych przez Wykonawc\u0119 rob\u00f3t sposob\u00f3w rozwi\u0105zywania powsta\u0142ych problem\u00f3w oraz przewidywanych zagro\u017ce\u0144,<br \/>\ni) potwierdzanie faktycznego wykonania i odbi\u00f3r rob\u00f3t zanikowych lub podlegaj\u0105cych zakryciu,<br \/>\nj) sprawdzenie kompletno\u015bci dokumentacji powykonawczej i uczestniczenie w czynno\u015bciach odbioru ko\u0144cowego, z kt\u00f3rych b\u0119dzie spisany protok\u00f3\u0142 zawieraj\u0105cy wszelkie ustalenia poczynione w trakcie odbioru.<br \/>\n3. O udzielenie zam\u00f3wienia mog\u0105 ubiega\u0107 si\u0119 osoby, kt\u00f3re posiadaj\u0105 uprawnienia budowlane do nadzorowania rob\u00f3t, stosownie do przepis\u00f3w ustawy Prawo budowlane, w specjalno\u015bci drogowej.<br \/>\nWraz z ofert\u0105 nale\u017cy z\u0142o\u017cy\u0107 uwierzytelnione kserokopie dokument\u00f3w potwierdzaj\u0105cych posiadane uprawnienia do pe\u0142nienia funkcji inspektora nadzoru oraz uwierzytelnion\u0105 kserokopi\u0119 aktualnego za\u015bwiadczenia o przynale\u017cno\u015bci, wskazanej osoby, do w\u0142a\u015bciwej izby samorz\u0105du zawodowego.<\/p>\n<p>Inspektor b\u0119dzie pe\u0142ni\u0107 nadz\u00f3r inwestorski w pe\u0142nym zakresie wynikaj\u0105cym z przepis\u00f3w ustawy z dnia 7 lipca 1994 r. Prawo budowlane \u2013 art. 25 i art. 26 ustawy (t.j. Dz. U. z 2010 r. Nr 243, poz. 1623 z p\u00f3\u017an. zm.).<\/p>\n<ol start=\"4\">\n<li>Termin wykonania zam\u00f3wienia:<br \/>\nTermin wykonania zam\u00f3wienia ustala si\u0119 na dzie\u0144 zako\u0144czenia rob\u00f3t obj\u0119tych nadzorem potwierdzony podpisanym, bez zastrze\u017ce\u0144, protoko\u0142em bezusterkowego odbioru ko\u0144cowego rob\u00f3t. Wykonanie zadania przewidziane jest w terminie 8 tygodni od daty podpisania umowy o wykonanie rob\u00f3t budowlanych.<br \/>\n5. Zapytania o przedmiot zam\u00f3wienia:<br \/>\nwszelkich informacji udziela \u0141ukasz S\u0142awi\u0144ski, tel. 75\/ 645-20-30, kom. 602-853-881<br \/>\n6. Termin zwi\u0105zania ofert\u0105:<br \/>\nSk\u0142adaj\u0105cy ofert\u0119 pozostaje ni\u0105 zwi\u0105zany przez okres 30 dni. Bieg terminu zwi\u0105zania ofert\u0105 rozpoczyna si\u0119 wraz z up\u0142ywem terminu sk\u0142adania ofert.<br \/>\n7. Wykaz dokument\u00f3w, jakie nale\u017cy dostarczy\u0107 w celu potwierdzenia spe\u0142nienia warunk\u00f3w udzia\u0142u w post\u0119powaniu<br \/>\nWraz z formularzem oferty \/za\u0142\u0105cznik nr 1 do zapytania\/ nale\u017cy z\u0142o\u017cy\u0107:<br \/>\na) uwierzytelnion\u0105 kserokopi\u0119 dokument\u00f3w potwierdzaj\u0105cych posiadane uprawnienia do pe\u0142nienia funkcji inspektora nadzoru,<br \/>\nb) uwierzytelnion\u0105 kserokopi\u0119 aktualnego za\u015bwiadczenia o przynale\u017cno\u015bci, wskazanej osoby, do w\u0142a\u015bciwej izby samorz\u0105du zawodowego.<br \/>\n8. Kryteria oceny ofert:<br \/>\nPrzy wyborze oferty najkorzystniejszej SSEMP S.A. b\u0119dzie kierowa\u0107 si\u0119 jedynym kryterium cena oferty brutto \u2013 100%. Oferta najkorzystniejsza (z najni\u017csz\u0105 cen\u0105) otrzyma 100,00 pkt,<br \/>\nka\u017cda nast\u0119pna oferta otrzyma liczb\u0119 punkt\u00f3w proporcjonalnie mniejsz\u0105 (z dok\u0142adno\u015bci\u0105 do dw\u00f3ch miejsc po przecinku), liczon\u0105 wg wzoru:<\/li>\n<\/ol>\n<p>Cena oferty najni\u017cszej x 100<br \/>\nLiczba punkt\u00f3w oferty badanej = &#8212;&#8212;&#8212;&#8212;&#8212;&#8212;&#8212;&#8212;&#8212;&#8212;&#8212;&#8212;<br \/>\nCena oferty badanej<\/p>\n<ol start=\"9\">\n<li>Termin i miejsce sk\u0142adania ofert:<br \/>\nOfert\u0119 nale\u017cy z\u0142o\u017cy\u0107 do dnia 27.08.2013 r. \/wtorek\/ do godziny 1200 w sekretariacie SSEMP S.A. (I pi\u0119tro), ul. Papie\u017ca Jana Paw\u0142a II 11A, 58-400 Kamienna G\u00f3ra<br \/>\nlub przes\u0142a\u0107 faksem na nr 75\/ 645-20-33 lub e-mailem: l.slawinski@ssemp.pl<br \/>\nPrzy wyborze ofert SSEMP S.A. b\u0119dzie kierowa\u0107 si\u0119 jedynym kryterium cena.<br \/>\nCena za wykonanie zam\u00f3wienia jest cen\u0105 rycza\u0142tow\u0105 i obejmuje wszystkie koszty niezb\u0119dne do ca\u0142kowitego i efektywnego wykonania zam\u00f3wienia, w tym wszelkie koszty przejazdu oraz koszty materia\u0142\u00f3w potrzebnych do realizacji zam\u00f3wienia.<br \/>\nCena za pe\u0142nienie funkcji inspektora nadzoru jest sta\u0142a i nie ulega zmianie w trakcie realizacji umowy, r\u00f3wnie\u017c w przypadku wyd\u0142u\u017cenia terminu wykonania zam\u00f3wienia spowodowanego wyd\u0142u\u017ceniem terminu wykonania rob\u00f3t budowlanych, kt\u00f3re b\u0119d\u0105 przedmiotem pe\u0142nienia nadzoru.<\/li>\n<\/ol>\n<p>UWAGA:<br \/>\nWarunkiem zawarcia umowy o nadz\u00f3r inwestorski jest rozstrzygni\u0119cie przetargu i zawarcie umowy na roboty budowlane.<\/p>\n<p>Zamawiaj\u0105cy zastrzega sobie prawo do zamkni\u0119cia post\u0119powania bez wybrania kt\u00f3rejkolwiek z ofert, bez podania przyczyny, na ka\u017cdym etapie post\u0119powania. W tym przypadku oferentom nie przys\u0142uguj\u0105 jakiekolwiek roszczenia.<\/p>\n","protected":false},"excerpt":{"rendered":"<p>Kamienna G\u00f3ra, 14.08.2013 r. ZAPYTANIE OFERTOWE O CEN\u0118 sprawowania nadzoru inwestorskiego w specjalno\u015bci drogowej Specjalna Strefa Ekonomiczna Ma\u0142ej Przedsi\u0119biorczo\u015bci S.A. z siedzib\u0105 ul. Papie\u017ca Jana Paw\u0142a II 11A, 58-400 Kamienna G\u00f3ra NIP: 614-14-72-974, Regon: 230820274 Strona www: www.ssemp.pl e-mail: l.slawinski@ssemp.pl tel. 75\/ 645 20 30, fax 75\/ 645 20 33 zwraca si\u0119 z zapytaniem ofertowym [&hellip;]<\/p>\n","protected":false},"author":1,"featured_media":0,"parent":0,"menu_order":0,"comment_status":"closed","ping_status":"closed","template":"","meta":{"footnotes":""},"class_list":["post-10211","page","type-page","status-publish","hentry"],"_links":{"self":[{"href":"https:\/\/old-ssemp.sowiak.dev\/index.php?rest_route=\/wp\/v2\/pages\/10211","targetHints":{"allow":["GET"]}}],"collection":[{"href":"https:\/\/old-ssemp.sowiak.dev\/index.php?rest_route=\/wp\/v2\/pages"}],"about":[{"href":"https:\/\/old-ssemp.sowiak.dev\/index.php?rest_route=\/wp\/v2\/types\/page"}],"author":[{"embeddable":true,"href":"https:\/\/old-ssemp.sowiak.dev\/index.php?rest_route=\/wp\/v2\/users\/1"}],"replies":[{"embeddable":true,"href":"https:\/\/old-ssemp.sowiak.dev\/index.php?rest_route=%2Fwp%2Fv2%2Fcomments&post=10211"}],"version-history":[{"count":1,"href":"https:\/\/old-ssemp.sowiak.dev\/index.php?rest_route=\/wp\/v2\/pages\/10211\/revisions"}],"predecessor-version":[{"id":10221,"href":"https:\/\/old-ssemp.sowiak.dev\/index.php?rest_route=\/wp\/v2\/pages\/10211\/revisions\/10221"}],"wp:attachment":[{"href":"https:\/\/old-ssemp.sowiak.dev\/index.php?rest_route=%2Fwp%2Fv2%2Fmedia&parent=10211"}],"curies":[{"name":"wp","href":"https:\/\/api.w.org\/{rel}","templated":true}]}}