{"id":10208,"date":"2016-07-22T12:47:36","date_gmt":"2016-07-22T10:47:36","guid":{"rendered":"http:\/\/ssemp.pl\/?page_id=10208"},"modified":"2016-07-22T12:47:36","modified_gmt":"2016-07-22T10:47:36","slug":"zapytanie-budowa-nawierzchni-drogowej-w-granicach-wewnetrznego-ukladu-komunikacy","status":"publish","type":"page","link":"https:\/\/old-ssemp.sowiak.dev\/?page_id=10208","title":{"rendered":"Zapytanie &#8211; Budowa nawierzchni drogowej w granicach wewn\u0119trznego uk\u0142adu komunikacy"},"content":{"rendered":"<p><strong>ZAPYTANIE<\/strong><strong>\u00a0<\/strong><strong>OFERTOWE<\/strong><strong>\u00a0<\/strong><strong>O<\/strong><strong>\u00a0<\/strong><strong>CEN\u0118<\/strong><\/p>\n<p>opracowania dokumentacji projektowo-kosztorysowej<\/p>\n<p>dla zadania pn.<\/p>\n<p><strong>\u201eBudowa nawierzchni drogowej w granicach wewn\u0119trznego uk\u0142adu komunikacyjnego na terenie Podstrefy Luba\u0144\u201d\u00a0<\/strong><\/p>\n<p>Specjalna Strefa Ekonomiczna Ma\u0142ej Przedsi\u0119biorczo\u015bci S.A.<\/p>\n<p>z siedzib\u0105 ul. Papie\u017ca Jana Paw\u0142a II 11A, 58-400 Kamienna G\u00f3ra<\/p>\n<p>NIP: 614-14-72-974, Regon: 230820274<\/p>\n<p>Strona www:\u00a0<u>www.ssemp.pl<\/u><\/p>\n<p>e-mail: m. bodziony@ssemp.pl<\/p>\n<p>tel. 75\/ 645 20 30, fax 75\/ 645 20 33<\/p>\n<p>&nbsp;<\/p>\n<p>zwraca si\u0119 z zapytaniem ofertowym o cen\u0119 opracowania<\/p>\n<p>dokumentacji projektowo-kosztorysowej<\/p>\n<p>dla zadania pn.<\/p>\n<p><strong>\u201eBudowa nawierzchni drogowej w granicach wewn\u0119trznego uk\u0142adu komunikacyjnego na terenie Podstrefy Luba\u0144\u201d<\/strong><\/p>\n<p><strong>\u00a0<\/strong><\/p>\n<ol>\n<li>Kompletna dokumentacja projektowo-kosztorysowa powinna obejmowa\u0107:<\/li>\n<li>a)\u00a0 opracowanie projektu budowlanego\u00a0wraz\u00a0z\u00a0uzgodnieniami, opiniami i\u00a0sprawdzeniami rozwi\u0105za\u0144 projektowych \u00a0\u00a0\u00a0\u00a0\u00a0\u00a0\u00a0\u00a0\u00a0\u00a0\u00a0\u00a0\u00a0\u00a0\u00a0\u00a0\u00a0\u00a0\u00a0\u00a0\u00a0\u00a0\u00a0\u00a0\u00a0\u00a0\u00a0\u00a0\u00a0\u00a0\u00a0\u00a0\u00a0\u00a0\u00a0\u00a0\u00a0\u00a0\u00a0\u00a0\u00a0\u00a0\u00a0\u00a0\u00a0\u00a0\u00a0\u00a0\u00a0\u00a0\u00a0\u00a0\u00a0\u00a0\u00a0\u00a0\u00a0\u00a0\u00a0\u00a0\u00a0\u00a0\u00a0\u00a0\u00a0\u00a0\u00a0\u00a0\u00a0\u00a0\u00a0 \u00a0\u00a0\u00a0\u00a0\u00a0\u00a0\u00a0\u00a0\u00a0\u00a0\u00a0\u00a0\u00a0&#8211; 4 egz,<\/li>\n<li>b)\u00a0 opracowanie kosztorysu inwestorskiego \u00a0\u00a0\u00a0\u00a0\u00a0\u00a0\u00a0\u00a0\u00a0\u00a0\u00a0\u00a0\u00a0\u00a0\u00a0\u00a0\u00a0\u00a0\u00a0\u00a0\u00a0\u00a0\u00a0\u00a0\u00a0\u00a0\u00a0\u00a0\u00a0\u00a0\u00a0\u00a0\u00a0\u00a0\u00a0\u00a0\u00a0\u00a0\u00a0\u00a0\u00a0\u00a0\u00a0\u00a0\u00a0\u00a0\u00a0\u00a0 &#8211; 2 egz.,<\/li>\n<li>c)\u00a0 opracowanie przedmiaru rob\u00f3t \u00a0\u00a0\u00a0\u00a0\u00a0\u00a0\u00a0\u00a0\u00a0\u00a0\u00a0\u00a0\u00a0\u00a0\u00a0\u00a0\u00a0\u00a0\u00a0\u00a0\u00a0\u00a0\u00a0\u00a0\u00a0\u00a0\u00a0\u00a0\u00a0\u00a0\u00a0\u00a0\u00a0\u00a0\u00a0\u00a0\u00a0\u00a0\u00a0\u00a0\u00a0\u00a0\u00a0\u00a0\u00a0\u00a0\u00a0\u00a0\u00a0\u00a0\u00a0\u00a0\u00a0\u00a0\u00a0\u00a0\u00a0\u00a0\u00a0\u00a0 &#8211; 2 egz.,<\/li>\n<li>d)\u00a0 opracowanie specyfikacji technicznych wykonania i odbioru rob\u00f3t \/STWiOR\/ &#8211; 2 egz.,<\/li>\n<li>e)\u00a0 opracowanie oceny stanu technicznego odcinka drogi obj\u0119tego zadaniem inwestycyjnym,<\/li>\n<\/ol>\n<p>uwzgl\u0119dniaj\u0105c przegl\u0105d terenowy istniej\u0105cej nawierzchni,<\/p>\n<ol>\n<li>f)\u00a0\u00a0 uzyskanie wymaganych prawem decyzji administracyjnych warunkuj\u0105cych rozpocz\u0119cie procesu budowlanego \/pozwolenie na budow\u0119 lub zg\u0142oszenie rob\u00f3t niewymagaj\u0105cych pozwolenia na budow\u0119 obejmuj\u0105ce realizacj\u0119 ca\u0142ego zakresu prac\/,<\/li>\n<li>g)\u00a0 w dokumentacji projektowej nale\u017cy uwzgl\u0119dni\u0107 przeprowadzenie prac budowlanych metod\u0105 po\u0142owy szeroko\u015bci jezdni.<\/li>\n<li>Zam\u00f3wienie obejmuje ponadto:<\/li>\n<\/ol>\n<p>&#8211;\u00a0\u00a0\u00a0 uzyskanie aktualnych podk\u0142ad\u00f3w geodezyjnych (mapy do cel\u00f3w projektowych) niezb\u0119dnych do opracowania dokumentacji projektowej przebudowy drogi, uzyskania wszelkich opinii i\u00a0uzgodnie\u0144,<\/p>\n<p>&#8211;\u00a0\u00a0\u00a0 przygotowanie niezb\u0119dnych materia\u0142\u00f3w do uzyskania wymaganych przepisami decyzji, opinii i\u00a0zatwierdze\u0144.<\/p>\n<ol start=\"3\">\n<li>Zakres zam\u00f3wienia musi zawiera\u0107 wszelkie elementy, kt\u00f3re w spos\u00f3b oczywisty s\u0105\u00a0potrzebne do tego, aby przedmiot zam\u00f3wienia osi\u0105gn\u0105\u0142 wymagane cele, nawet\u00a0je\u017celi\u00a0elementy takie nie s\u0105 wyra\u017anie wyszczeg\u00f3lnione w zapytaniu.<\/li>\n<li><u>Przedmiot\u00a0zam\u00f3wienia\u00a0nale\u017cy\u00a0opracowa\u0107\u00a0w\u00a0formie\u00a0drukowanej\u00a0i\u00a0elektronicznej(format\u00a0*.pdf)<\/u>.<\/li>\n<li>O udzielenie zam\u00f3wienia mog\u0105 ubiega\u0107 si\u0119 Wykonawcy, kt\u00f3rzy dysponuj\u0105 osob\u0105\/ami posiadaj\u0105c\u0105\/ymi uprawnienia budowlane do projektowania w specjalno\u015bci drogowej (podstawa prawna art. 14 ustawy Prawo budowlane z dnia 7 lipca 1994 r. \u2013 (tekst jednolity Dz. U. z 2010 Nr 243, poz. 1623 z p\u00f3\u017cn. zm.).<\/li>\n<li>Opracowanie nale\u017cy wykona\u0107 zgodnie z obowi\u0105zuj\u0105cymi przepisami w szczeg\u00f3lno\u015bci z:<\/li>\n<\/ol>\n<p>&#8211;\u00a0\u00a0\u00a0 ustaw\u0105 z dnia 07.07.1994 r. Prawo budowlane (t.j. Dz. U. z 2010 r. Nr 243 poz. 1623 z\u00a0p\u00f3\u017an. zm.)<\/p>\n<p>&#8211;\u00a0\u00a0\u00a0 ustaw\u0105 z dnia 27.04.2001 r. Prawo ochrony \u015brodowiska (t.j. Dz. U. z 2008 r. Nr 25, poz.\u00a0150 z\u00a0p\u00f3\u017an.\u00a0zm.),<\/p>\n<p>&#8211;\u00a0\u00a0\u00a0 Rozporz\u0105dzeniem Ministra Infrastruktury z dnia 18.05.2004 r. w sprawie okre\u015blenia metod i podstaw sporz\u0105dzania kosztorysu inwestorskiego, obliczania planowanych koszt\u00f3w prac projektowych oraz planowanych koszt\u00f3w rob\u00f3t budowlanych okre\u015blonych w\u00a0programie funkcjonalno-u\u017cytkowym (Dz. U. z 2004 r. Nr 130, poz. 1389 z p\u00f3\u017an. zm.),<\/p>\n<p>&#8211;\u00a0\u00a0\u00a0 Rozporz\u0105dzeniem Ministra Infrastruktury z dnia 03.07.2003 r. w sprawie szczeg\u00f3\u0142owego zakresu i formy projektu budowlanego (Dz. U. z 2003 r. Nr 120, poz. 1133 z p\u00f3\u017an. zm.),<\/p>\n<p>&#8211;\u00a0\u00a0\u00a0 Rozporz\u0105dzeniem Ministra Infrastruktury z dnia 02.09.2004 r. w sprawie szczeg\u00f3\u0142owego zakresu i formy dokumentacji projektowej, specyfikacji technicznych wykonania i odbioru rob\u00f3t budowlanych oraz programu funkcjonalno-u\u017cytkowego (Dz. U. z 2004 r. Nr\u00a0 202, po\u017c. 2072 z p\u00f3\u017an. zm.),<\/p>\n<p>&#8211;\u00a0\u00a0\u00a0 Rozporz\u0105dzeniem Ministra Spraw Wewn\u0119trznych i Administracji z dnia 24.09.1998 r. w\u00a0sprawie ustalania geotechnicznych warunk\u00f3w posadawiania obiekt\u00f3w budowlanych (Dz. U. z 1998 Nr 126, poz. 839),<\/p>\n<p>&#8211;\u00a0\u00a0\u00a0 obowi\u0105zuj\u0105cymi normami i zasadami wiedzy technicznej, a tak\u017ce z uwzgl\u0119dnieniem bran\u017cowych warunk\u00f3w technicznych i uzgodnie\u0144 roboczych z\u00a0Zamawiaj\u0105cym.<\/p>\n<ol start=\"7\">\n<li>Termin wykonania zam\u00f3wienia:<\/li>\n<\/ol>\n<p>Wykonawca przyst\u0105pi do realizacji zam\u00f3wienia niezw\u0142ocznie po podpisaniu umowy o\u00a0wykonanie prac projektowych, za\u015b wykonanie zam\u00f3wienia zako\u0144czy w terminie okre\u015blonym w ofercie.<\/p>\n<ol start=\"8\">\n<li>Zapytania o przedmiot zam\u00f3wienia:<\/li>\n<\/ol>\n<p>Wszelkich informacji udziela Marek Bodziony, tel. 75\/ 645-20-30, kom. 660-691-561<\/p>\n<ol start=\"9\">\n<li>Spos\u00f3b przygotowania oferty:<\/li>\n<li>a)\u00a0 nale\u017cy wype\u0142ni\u0107 formularz oferty (za\u0142\u0105cznik nr 1 do zapytania),<\/li>\n<li>b)\u00a0<u>doformularza\u00a0oferty\u00a0nale\u017cy\u00a0do\u0142\u0105czy\u0107<\/u>\u00a0uwierzytelnione kserokopie dokument\u00f3w potwierdzaj\u0105cych posiadane uprawnienia do projektowania w specjalno\u015bci drogowej oraz\u00a0uwierzytelnion\u0105 kserokopi\u0119 aktualnego za\u015bwiadczenia o przynale\u017cno\u015bci, wskazanej osoby, do w\u0142a\u015bciwej izby samorz\u0105du zawodowego.<\/li>\n<li>Termin zwi\u0105zania ofert\u0105:<\/li>\n<\/ol>\n<p>Sk\u0142adaj\u0105cy ofert\u0119 zostaje ni\u0105 zwi\u0105zany przez okres 60 dni. Bieg terminu zwi\u0105zania ofert\u0105 rozpoczyna si\u0119 wraz z up\u0142ywem terminu sk\u0142adania ofert.<\/p>\n<ol start=\"11\">\n<li>Kryteria oceny ofert:<\/li>\n<\/ol>\n<p>Przy wyborze oferty najkorzystniejszej SSEMP S.A. b\u0119dzie kierowa\u0107 si\u0119 jedynym kryterium najni\u017csza cena oferty brutto \u2013 100%.<\/p>\n<ol start=\"12\">\n<li>Termin sk\u0142adania ofert:<\/li>\n<\/ol>\n<p>Ofert\u0119 nale\u017cy z\u0142o\u017cy\u0107 do dnia\u00a0<strong>12.07.2013<\/strong><strong>\u00a0<\/strong><strong>r.<\/strong><strong>\u00a0<\/strong>\/pi\u0105tek\/ do godziny 15<u><sup>00<\/sup><\/u>\u00a0w sekretariacie SSEMP\u00a0S.A. (I pi\u0119tro), ul. Papie\u017ca Jana Paw\u0142a II 11A, 58-400 Kamienna G\u00f3ra<\/p>\n<p>lub przes\u0142a\u0107 faksem na nr 75\/ 645-20-33 lub e-mailem: m.bodziony@ssemp.pl<\/p>\n<p>Przy wyborze ofert SSEMP S.A. b\u0119dzie kierowa\u0107 si\u0119 jedynym kryterium najni\u017csza cena.<\/p>\n<p>Cena za wykonanie zam\u00f3wienia jest cen\u0105 rycza\u0142tow\u0105 obejmuj\u0105c\u0105 wszystkie koszty niezb\u0119dne do\u00a0ca\u0142kowitego i efektywnego wykonania zam\u00f3wienia, w tym wszelkie koszty przejazdu oraz\u00a0koszty materia\u0142\u00f3w potrzebnych do realizacji zam\u00f3wienia.<\/p>\n<p><strong>Zamawiaj\u0105cy<\/strong><strong>\u00a0<\/strong><strong>zastrzega<\/strong><strong>\u00a0<\/strong><strong>sobie<\/strong><strong>\u00a0<\/strong><strong>prawo<\/strong><strong>\u00a0<\/strong><strong>do<\/strong><strong>\u00a0<\/strong><strong>zamkni\u0119cia<\/strong><strong>\u00a0<\/strong><strong>post\u0119powania<\/strong><strong>\u00a0<\/strong><strong>bez<\/strong><strong>\u00a0<\/strong><strong>wybraniakt\u00f3rejkolwiek<\/strong><strong>\u00a0<\/strong><strong>z<\/strong><strong>\u00a0<\/strong><strong>ofert,<\/strong><strong>\u00a0<\/strong><strong>bez<\/strong><strong>\u00a0<\/strong><strong>podania<\/strong><strong>\u00a0<\/strong><strong>przyczyny,<\/strong><strong>\u00a0<\/strong><strong>na<\/strong><strong>\u00a0<\/strong><strong>ka\u017cdym<\/strong><strong>\u00a0<\/strong><strong>etapie<\/strong><strong>\u00a0<\/strong><strong>post\u0119powania.W\u00a0tym<\/strong><strong>\u00a0<\/strong><strong>przypadku<\/strong><strong>\u00a0<\/strong><strong>oferentom<\/strong><strong>\u00a0<\/strong><strong>nie<\/strong><strong>\u00a0<\/strong><strong>przys\u0142uguj\u0105<\/strong><strong>\u00a0<\/strong><strong>jakiekolwiek<\/strong><strong>\u00a0<\/strong><strong>roszczenia.<\/strong><\/p>\n","protected":false},"excerpt":{"rendered":"<p>ZAPYTANIE\u00a0OFERTOWE\u00a0O\u00a0CEN\u0118 opracowania dokumentacji projektowo-kosztorysowej dla zadania pn. \u201eBudowa nawierzchni drogowej w granicach wewn\u0119trznego uk\u0142adu komunikacyjnego na terenie Podstrefy Luba\u0144\u201d\u00a0 Specjalna Strefa Ekonomiczna Ma\u0142ej Przedsi\u0119biorczo\u015bci S.A. z siedzib\u0105 ul. Papie\u017ca Jana Paw\u0142a II 11A, 58-400 Kamienna G\u00f3ra NIP: 614-14-72-974, Regon: 230820274 Strona www:\u00a0www.ssemp.pl e-mail: m. bodziony@ssemp.pl tel. 75\/ 645 20 30, fax 75\/ 645 20 33 [&hellip;]<\/p>\n","protected":false},"author":1,"featured_media":0,"parent":0,"menu_order":0,"comment_status":"closed","ping_status":"closed","template":"","meta":{"footnotes":""},"class_list":["post-10208","page","type-page","status-publish","hentry"],"_links":{"self":[{"href":"https:\/\/old-ssemp.sowiak.dev\/index.php?rest_route=\/wp\/v2\/pages\/10208","targetHints":{"allow":["GET"]}}],"collection":[{"href":"https:\/\/old-ssemp.sowiak.dev\/index.php?rest_route=\/wp\/v2\/pages"}],"about":[{"href":"https:\/\/old-ssemp.sowiak.dev\/index.php?rest_route=\/wp\/v2\/types\/page"}],"author":[{"embeddable":true,"href":"https:\/\/old-ssemp.sowiak.dev\/index.php?rest_route=\/wp\/v2\/users\/1"}],"replies":[{"embeddable":true,"href":"https:\/\/old-ssemp.sowiak.dev\/index.php?rest_route=%2Fwp%2Fv2%2Fcomments&post=10208"}],"version-history":[{"count":1,"href":"https:\/\/old-ssemp.sowiak.dev\/index.php?rest_route=\/wp\/v2\/pages\/10208\/revisions"}],"predecessor-version":[{"id":10216,"href":"https:\/\/old-ssemp.sowiak.dev\/index.php?rest_route=\/wp\/v2\/pages\/10208\/revisions\/10216"}],"wp:attachment":[{"href":"https:\/\/old-ssemp.sowiak.dev\/index.php?rest_route=%2Fwp%2Fv2%2Fmedia&parent=10208"}],"curies":[{"name":"wp","href":"https:\/\/api.w.org\/{rel}","templated":true}]}}