{"id":10201,"date":"2016-07-22T12:54:08","date_gmt":"2016-07-22T10:54:08","guid":{"rendered":"http:\/\/ssemp.pl\/?page_id=10201"},"modified":"2016-07-22T12:54:08","modified_gmt":"2016-07-22T10:54:08","slug":"uwaga-zmiana-modernizacja-czesci-socjalno-uslugowej-budynku-administracyjnego-ssemp-s-a-04-09-2013","status":"publish","type":"page","link":"https:\/\/old-ssemp.sowiak.dev\/?page_id=10201","title":{"rendered":"Uwaga zmiana- modernizacja cz\u0119\u015bci socjalno-us\u0142ugowej budynku administracyjnego SSEMP S.A. &#8211; 04-09-2013"},"content":{"rendered":"<p style=\"line-height: 14.65pt; background: #B5ADB1; margin: 0cm 0cm 18.0pt 0cm;\"><span style=\"font-size: 10.0pt; font-family: 'Trebuchet MS','sans-serif'; color: #222222;\">Kamienna G\u00f3ra, dnia 04.09.2013 r.<\/span><\/p>\n<p style=\"line-height: 14.65pt; background: #B5ADB1; margin: 0cm 0cm 18.0pt 0cm;\"><span style=\"font-size: 10.0pt; font-family: 'Trebuchet MS','sans-serif'; color: #222222;\"><br \/>\nDotyczy post\u0119powania przetargowego o udzielenie zam\u00f3wienia na \u201eModernizacj\u0119 cz\u0119\u015bci socjalno-us\u0142ugowej budynku administracyjnego SSEMP S.A. przy ul. Papie\u017ca Jana Paw\u0142a II 11A w Kamiennej G\u00f3rze\u201d- Etap II.<\/span><\/p>\n<p style=\"line-height: 14.65pt; background: #B5ADB1; margin: 0cm 0cm 18.0pt 0cm;\"><span style=\"font-size: 10.0pt; font-family: 'Trebuchet MS','sans-serif'; color: #222222;\"><br \/>\nSpecjalna Strefa Ekonomiczna Ma\u0142ej Przedsi\u0119biorczo\u015bci S.A. z siedzib\u0105 w Kamiennej G\u00f3rze przy ul. Papie\u017ca Jana Paw\u0142a II 11A informuje, \u017ce dnia 04.09.2013 r. o godz. 14:30 wprowadzono modyfikacj\u0119 STWiORB w cz\u0119\u015bci obejmuj\u0105cej ROBOTY WYKO\u0143CZENIOWE.<\/span><\/p>\n<p style=\"line-height: 14.65pt; background: #B5ADB1; margin: 0cm 0cm 18.0pt 0cm;\"><span style=\"font-size: 10.0pt; font-family: 'Trebuchet MS','sans-serif'; color: #222222;\">Zarz\u0105d SSEMP S.A.<\/span><\/p>\n","protected":false},"excerpt":{"rendered":"<p>Kamienna G\u00f3ra, dnia 04.09.2013 r. Dotyczy post\u0119powania przetargowego o udzielenie zam\u00f3wienia na \u201eModernizacj\u0119 cz\u0119\u015bci socjalno-us\u0142ugowej budynku administracyjnego SSEMP S.A. przy ul. Papie\u017ca Jana Paw\u0142a II 11A w Kamiennej G\u00f3rze\u201d- Etap II. Specjalna Strefa Ekonomiczna Ma\u0142ej Przedsi\u0119biorczo\u015bci S.A. z siedzib\u0105 w Kamiennej G\u00f3rze przy ul. Papie\u017ca Jana Paw\u0142a II 11A informuje, \u017ce dnia 04.09.2013 r. o [&hellip;]<\/p>\n","protected":false},"author":1,"featured_media":0,"parent":0,"menu_order":0,"comment_status":"closed","ping_status":"closed","template":"","meta":{"footnotes":""},"class_list":["post-10201","page","type-page","status-publish","hentry"],"_links":{"self":[{"href":"https:\/\/old-ssemp.sowiak.dev\/index.php?rest_route=\/wp\/v2\/pages\/10201","targetHints":{"allow":["GET"]}}],"collection":[{"href":"https:\/\/old-ssemp.sowiak.dev\/index.php?rest_route=\/wp\/v2\/pages"}],"about":[{"href":"https:\/\/old-ssemp.sowiak.dev\/index.php?rest_route=\/wp\/v2\/types\/page"}],"author":[{"embeddable":true,"href":"https:\/\/old-ssemp.sowiak.dev\/index.php?rest_route=\/wp\/v2\/users\/1"}],"replies":[{"embeddable":true,"href":"https:\/\/old-ssemp.sowiak.dev\/index.php?rest_route=%2Fwp%2Fv2%2Fcomments&post=10201"}],"version-history":[{"count":2,"href":"https:\/\/old-ssemp.sowiak.dev\/index.php?rest_route=\/wp\/v2\/pages\/10201\/revisions"}],"predecessor-version":[{"id":10226,"href":"https:\/\/old-ssemp.sowiak.dev\/index.php?rest_route=\/wp\/v2\/pages\/10201\/revisions\/10226"}],"wp:attachment":[{"href":"https:\/\/old-ssemp.sowiak.dev\/index.php?rest_route=%2Fwp%2Fv2%2Fmedia&parent=10201"}],"curies":[{"name":"wp","href":"https:\/\/api.w.org\/{rel}","templated":true}]}}