{"id":10197,"date":"2016-07-22T12:40:09","date_gmt":"2016-07-22T10:40:09","guid":{"rendered":"http:\/\/ssemp.pl\/?page_id=10197"},"modified":"2016-07-22T12:40:09","modified_gmt":"2016-07-22T10:40:09","slug":"nadzor-budowlany-budowa-nawierzchni-drogowej-przy-ulicy-gazowej-luban-05-10-2012","status":"publish","type":"page","link":"https:\/\/old-ssemp.sowiak.dev\/?page_id=10197","title":{"rendered":"Nadz\u00f3r budowlany &#8211; Budowa nawierzchni drogowej przy ulicy Gazowej &#8211; Luba\u0144 &#8211; 05-10-2012"},"content":{"rendered":"<p><strong>ZAPYTANIE OFERTOWE O CEN\u0118<\/strong><\/p>\n<p>sprawowania nadzoru inwestorskiego w specjalno\u015bci drogowej<\/p>\n<p><strong>\u00a0<\/strong><\/p>\n<p><strong>\u00a0<\/strong><\/p>\n<p>Specjalna Strefa Ekonomiczna Ma\u0142ej Przedsi\u0119biorczo\u015bci S.A.<\/p>\n<p>z siedzib\u0105 ul. Papie\u017ca Jana Paw\u0142a II 11A, 58-400 Kamienna G\u00f3ra<\/p>\n<p>NIP: 614-14-72-974, Regon: 230820274<\/p>\n<p>Strona www:\u00a0<u>www.ssemp.pl<\/u><\/p>\n<p>e-mail: l.slawinski@ssemp.pl<\/p>\n<p>tel. \u00a0 75\/ 645 20 30, fax 75\/ 645 20 33<\/p>\n<p>zwraca si\u0119 z zapytaniem ofertowym o cen\u0119 sprawowania funkcji inspektora nadzoru<\/p>\n<p>inwestorskiego w specjalno\u015bci drogowej<\/p>\n<p>przy realizacji zadania inwestycyjnego pn.:<\/p>\n<p><strong>\u201eBudowa nawierzchni drogowej w pasie drogi dojazdowej, dz. 16\/44<\/strong><\/p>\n<p><strong>przy ul. Gazowej w Lubaniu<\/strong>.<strong>\u201d<\/strong><\/p>\n<p><strong><br \/>\n<\/strong><\/p>\n<p>Post\u0119powanie jest prowadzone bez stosowania ustawy z dnia 29.01.2004 r. (t.j.Dz. U. z 2010 r. Nr 113, poz. 759 z p\u00f3\u017an. zm.)<\/p>\n<ol>\n<li>Szczeg\u00f3\u0142owy zakres rob\u00f3t budowlanych podlegaj\u0105cych nadzorowi inwestorskiemu okre\u015bla dokumentacja, stanowi\u0105ca za\u0142\u0105czniki do przetargu nieograniczonego z dnia 04.10.2012 r. tj.:<\/li>\n<\/ol>\n<p>&#8211;\u00a0\u00a0\u00a0 specyfikacja istotnych warunk\u00f3w zam\u00f3wienia, zatwierdzona przez Zarz\u0105d SSEMP S.A. dnia\u00a001.10.2012 r.,<\/p>\n<p>&#8211;\u00a0\u00a0\u00a0 projekt budowlany pn. Budowa nawierzchni drogowej w pasie drogi dojazdowej, dz.\u00a016\/44 przy ul. Gazowej w Lubaniu \/opis istniej\u0105cego i projektowanego zagospodarowania terenu, rysunki i przekroje\/,<\/p>\n<p>&#8211;\u00a0\u00a0\u00a0 szczeg\u00f3\u0142owe specyfikacje techniczne wykonania i odbioru rob\u00f3t budowlanych,<\/p>\n<p>&#8211; \u00a0\u00a0 przedmiar rob\u00f3t pn.: Budowa nawierzchni drogowej w pasie drogi dojazdowej.<\/p>\n<p>Z dokumentacj\u0105 przetargow\u0105 mo\u017cna zapozna\u0107 si\u0119 na stronie internetowej SSEMP S.A.<u>www.ssemp.pl,<\/u>\u00a0zak\u0142adka\u00a0<u>Przetargi na roboty budowlane<\/u><\/p>\n<p><strong>Przetarg<\/strong><\/p>\n<p>Budowa nawierzchni drogowej w pasie drogi dojazdowej, dz. 16\/44 przy ul. Gazowej w\u00a0Lubaniu.<\/p>\n<p>dost\u0119pny pod adresem:<\/p>\n<p>https:\/\/old-ssemp.sowiak.dev\/artykuly\/budowa-nawierzchni-drogowej-w-pasie-drogi-dojazdowej-dz-16-44-przy-ul-gazowej-w-lubaniu&#8212;2012-10-04<\/p>\n<ol start=\"2\">\n<li>Przedmiot zam\u00f3wienia obejmuje mi\u0119dzy innymi:<\/li>\n<li>a)\u00a0 nadz\u00f3r inwestorski nad wykonaniem zam\u00f3wienia zgodnie z ca\u0142ym zakresem rzeczowym obj\u0119tym projektem budowlanym, szczeg\u00f3\u0142owymi specyfikacjami technicznymi wykonania i\u00a0odbioru rob\u00f3t budowlanych, przedmiarem rob\u00f3t oraz umow\u0105 z Wykonawc\u0105 rob\u00f3t budowlanych,<\/li>\n<li>b)\u00a0 reprezentowanie Zamawiaj\u0105cego na terenie rob\u00f3t przez sprawowanie kontroli zgodno\u015bci ich realizacji z obowi\u0105zuj\u0105cymi przepisami, polskimi normami, zasadami wiedzy technicznej, sztuk\u0105 budowlan\u0105 a tak\u017ce dokumentami, o kt\u00f3rych mowa w lit. a),<\/li>\n<li>c)\u00a0 sprawdzanie i odbi\u00f3r rob\u00f3t ulegaj\u0105cych zakryciu lub zanikaj\u0105cych &#8211; w terminie 3 dni licz\u0105c od daty zawiadomienia, dokonanego przez kierownika budowy,<\/li>\n<li>d)\u00a0 wydawanie kierownikowi budowy polece\u0144 dotycz\u0105cych usuwania nieprawid\u0142owo\u015bci lub\u00a0zagro\u017ce\u0144 r\u00f3wnie\u017c w przypadkach wymagaj\u0105cych odkrycia rob\u00f3t zakrytych,<\/li>\n<li>e)\u00a0 egzekwowanie od kierownika budowy dokonanie poprawek b\u0105d\u017a ponownego wykonania wadliwie wykonanych rob\u00f3t,<\/li>\n<li>f)\u00a0\u00a0 wstrzymanie dalszych rob\u00f3t budowlanych w przypadku, gdyby ich kontynuacja mog\u0142aby wywo\u0142a\u0107 zagro\u017cenie lub spowodowa\u0142aby niedopuszczaln\u0105 niezgodno\u015b\u0107 z dokumentacj\u0105 projektow\u0105 lub obowi\u0105zuj\u0105cymi normami,<\/li>\n<li>g)\u00a0 wskazywanie mo\u017cliwo\u015bci powstania ewentualnych op\u00f3\u017anie\u0144 lub zagro\u017ce\u0144 w realizacji zadania,<\/li>\n<li>h)\u00a0 analiza i ocena dotycz\u0105ca proponowanych przez Wykonawc\u0119 rob\u00f3t sposob\u00f3w rozwi\u0105zywania powsta\u0142ych problem\u00f3w oraz przewidywanych zagro\u017ce\u0144,<\/li>\n<li>i)\u00a0\u00a0 potwierdzanie faktycznego wykonania i odbi\u00f3r rob\u00f3t zanikowych lub podlegaj\u0105cych zakryciu,<\/li>\n<li>j) \u00a0 sprawdzenie kompletno\u015bci dokumentacji powykonawczej i uczestniczenie w czynno\u015bciach odbioru ko\u0144cowego, z kt\u00f3rych b\u0119dzie spisany protok\u00f3\u0142 zawieraj\u0105cy wszelkie ustalenia poczynione w trakcie odbioru.<\/li>\n<li>O udzielenie zam\u00f3wienia mog\u0105 ubiega\u0107 si\u0119 osoby, kt\u00f3re posiadaj\u0105 uprawnienia budowlane do nadzorowania rob\u00f3t, stosownie do przepis\u00f3w ustawy Prawo budowlane, w\u00a0specjalno\u015bci drogowej.<\/li>\n<\/ol>\n<p><strong>Wraz z ofert\u0105 nale\u017cy z\u0142o\u017cy\u0107 uwierzytelnione kserokopie dokument\u00f3w potwierdzaj\u0105cych posiadane uprawnienia do pe\u0142nienia funkcji inspektora nadzoru oraz uwierzytelnion\u0105 kserokopi\u0119 aktualnego za\u015bwiadczenia o przynale\u017cno\u015bci, wskazanej osoby, do w\u0142a\u015bciwej izby samorz\u0105du zawodowego.<\/strong><\/p>\n<p>Inspektor b\u0119dzie pe\u0142ni\u0107 nadz\u00f3r inwestorski w pe\u0142nym zakresie wynikaj\u0105cym z przepis\u00f3w ustawy z dnia 7 lipca 1994 r. Prawo budowlane \u2013 art. 25 i art. 26 ustawy (t.j. Dz. U. z 2010 r. Nr 243, poz. 1623 z p\u00f3\u017an. zm.).<\/p>\n<ol start=\"4\">\n<li>Termin wykonania zam\u00f3wienia:<\/li>\n<\/ol>\n<p>Termin wykonania zam\u00f3wienia ustala si\u0119 na dzie\u0144 zako\u0144czenia rob\u00f3t obj\u0119tych nadzorem potwierdzony podpisanym, bez zastrze\u017ce\u0144, protoko\u0142em bezusterkowego odbioru ko\u0144cowego rob\u00f3t. Przewidziany termin zako\u0144czenia rob\u00f3t budowlano-drogowych do dnia 07.12.2012 r.<\/p>\n<ol start=\"5\">\n<li>Zapytania o przedmiot zam\u00f3wienia:<\/li>\n<\/ol>\n<p>wszelkich informacji udziela \u0141ukasz S\u0142awi\u0144ski, tel. 75\/ 645-20-30, kom. 602-853-881<\/p>\n<ol start=\"6\">\n<li>Termin zwi\u0105zania ofert\u0105:<\/li>\n<\/ol>\n<p>Sk\u0142adaj\u0105cy ofert\u0119 pozostaje ni\u0105 zwi\u0105zany przez okres 30 dni. Bieg terminu zwi\u0105zania ofert\u0105 rozpoczyna si\u0119 wraz z up\u0142ywem terminu sk\u0142adania ofert.<\/p>\n<ol start=\"7\">\n<li>Spos\u00f3b przygotowania oferty:<\/li>\n<li>a)\u00a0 nale\u017cy wype\u0142ni\u0107 formularz oferty (za\u0142\u0105cznik nr 1 do zapytania),<\/li>\n<li>b)\u00a0\u00a0<u>do formularza oferty nale\u017cy do\u0142\u0105czy\u0107<\/u>uwierzytelnione kserokopie dokument\u00f3w potwierdzaj\u0105cych posiadane uprawnienia do pe\u0142nienia funkcji inspektora nadzoru oraz\u00a0uwierzytelnion\u0105 kserokopi\u0119 aktualnego za\u015bwiadczenia o przynale\u017cno\u015bci, wskazanej osoby, do w\u0142a\u015bciwej izby samorz\u0105du zawodowego.<\/li>\n<li>Kryteria oceny ofert:<\/li>\n<\/ol>\n<p>Przy wyborze oferty najkorzystniejszej SSEMP S.A. b\u0119dzie kierowa\u0107 si\u0119 jedynym kryterium cena oferty brutto \u2013 100%. Oferta najkorzystniejsza (z najni\u017csz\u0105 cen\u0105) otrzyma 100,00 pkt,<\/p>\n<p>ka\u017cda nast\u0119pna oferta otrzyma liczb\u0119 punkt\u00f3w proporcjonalnie mniejsz\u0105 (z dok\u0142adno\u015bci\u0105 do dw\u00f3ch miejsc po przecinku), liczon\u0105 wg wzoru:<\/p>\n<table width=\"520\">\n<tbody>\n<tr>\n<td>&nbsp;<\/td>\n<td>Cena oferty najni\u017cszej x 100<\/td>\n<\/tr>\n<tr>\n<td>Liczba punkt\u00f3w oferty badanej =<\/td>\n<td>&#8212;&#8212;&#8212;&#8212;&#8212;&#8212;&#8212;&#8212;&#8212;&#8212;&#8212;&#8212;<\/td>\n<\/tr>\n<tr>\n<td>&nbsp;<\/td>\n<td>Cena oferty badanej<\/td>\n<\/tr>\n<\/tbody>\n<\/table>\n<ol start=\"9\">\n<li>Termin i miejsce sk\u0142adania ofert:<\/li>\n<\/ol>\n<p>Ofert\u0119 nale\u017cy z\u0142o\u017cy\u0107 do dnia\u00a0<strong>15.10.2012 r.\u00a0<\/strong>\/poniedzia\u0142ek\/ do godziny 14<u><sup>00<\/sup><\/u>\u00a0w sekretariacie SSEMP\u00a0S.A. (I pi\u0119tro), ul. Papie\u017ca Jana Paw\u0142a II 11A, 58-400 Kamienna G\u00f3ra<\/p>\n<p>lub przes\u0142a\u0107 faksem na nr 75\/ 645-20-33 lub e-mailem: l.slawinski@ssemp.pl<\/p>\n<p>Przy wyborze ofert SSEMP S.A. b\u0119dzie kierowa\u0107 si\u0119 jedynym kryterium cena.<\/p>\n<p>Cena za wykonanie zam\u00f3wienia jest cen\u0105 rycza\u0142tow\u0105 i obejmuje wszystkie koszty niezb\u0119dne do ca\u0142kowitego i efektywnego wykonania zam\u00f3wienia, w tym wszelkie koszty przejazdu oraz\u00a0koszty materia\u0142\u00f3w potrzebnych do realizacji zam\u00f3wienia.<\/p>\n<p><u>Cena za pe\u0142nienie funkcji inspektora nadzoru jest sta\u0142a i nie ulega zmianie w trakcie realizacji umowy, r\u00f3wnie\u017c w przypadku wyd\u0142u\u017cenia terminu wykonania zam\u00f3wienia spowodowanego wyd\u0142u\u017ceniem terminu wykonania rob\u00f3t budowlanych, kt\u00f3re b\u0119d\u0105 przedmiotem pe\u0142nienia nadzoru.<\/u><\/p>\n<p><strong>UWAGA:<\/strong><\/p>\n<p><strong>Warunkiem zawarcia umowy o nadz\u00f3r inwestorski jest rozstrzygni\u0119cie przetargu i zawarcie umowy na roboty budowlane.<\/strong><\/p>\n<p><strong>Zamawiaj\u0105cy zastrzega sobie prawo do zamkni\u0119cia post\u0119powania bez wybrania kt\u00f3rejkolwiek z ofert, bez podania przyczyny, na ka\u017cdym etapie post\u0119powania. W tym przypadku oferentom nie przys\u0142uguj\u0105 jakiekolwiek roszczenia.<\/strong><\/p>\n","protected":false},"excerpt":{"rendered":"<p>ZAPYTANIE OFERTOWE O CEN\u0118 sprawowania nadzoru inwestorskiego w specjalno\u015bci drogowej \u00a0 \u00a0 Specjalna Strefa Ekonomiczna Ma\u0142ej Przedsi\u0119biorczo\u015bci S.A. z siedzib\u0105 ul. Papie\u017ca Jana Paw\u0142a II 11A, 58-400 Kamienna G\u00f3ra NIP: 614-14-72-974, Regon: 230820274 Strona www:\u00a0www.ssemp.pl e-mail: l.slawinski@ssemp.pl tel. \u00a0 75\/ 645 20 30, fax 75\/ 645 20 33 zwraca si\u0119 z zapytaniem ofertowym o cen\u0119 [&hellip;]<\/p>\n","protected":false},"author":1,"featured_media":0,"parent":0,"menu_order":0,"comment_status":"closed","ping_status":"closed","template":"","meta":{"footnotes":""},"class_list":["post-10197","page","type-page","status-publish","hentry"],"_links":{"self":[{"href":"https:\/\/old-ssemp.sowiak.dev\/index.php?rest_route=\/wp\/v2\/pages\/10197","targetHints":{"allow":["GET"]}}],"collection":[{"href":"https:\/\/old-ssemp.sowiak.dev\/index.php?rest_route=\/wp\/v2\/pages"}],"about":[{"href":"https:\/\/old-ssemp.sowiak.dev\/index.php?rest_route=\/wp\/v2\/types\/page"}],"author":[{"embeddable":true,"href":"https:\/\/old-ssemp.sowiak.dev\/index.php?rest_route=\/wp\/v2\/users\/1"}],"replies":[{"embeddable":true,"href":"https:\/\/old-ssemp.sowiak.dev\/index.php?rest_route=%2Fwp%2Fv2%2Fcomments&post=10197"}],"version-history":[{"count":1,"href":"https:\/\/old-ssemp.sowiak.dev\/index.php?rest_route=\/wp\/v2\/pages\/10197\/revisions"}],"predecessor-version":[{"id":10202,"href":"https:\/\/old-ssemp.sowiak.dev\/index.php?rest_route=\/wp\/v2\/pages\/10197\/revisions\/10202"}],"wp:attachment":[{"href":"https:\/\/old-ssemp.sowiak.dev\/index.php?rest_route=%2Fwp%2Fv2%2Fmedia&parent=10197"}],"curies":[{"name":"wp","href":"https:\/\/api.w.org\/{rel}","templated":true}]}}