{"id":10155,"date":"2016-07-22T11:28:34","date_gmt":"2016-07-22T09:28:34","guid":{"rendered":"http:\/\/ssemp.pl\/?page_id=10155"},"modified":"2016-07-22T11:28:34","modified_gmt":"2016-07-22T09:28:34","slug":"uniewaznienie-przetargu-wykonanie-pokrycia-dachowego-na-budynku-administracyjnym-ssemp-s-a-14-06-2","status":"publish","type":"page","link":"https:\/\/old-ssemp.sowiak.dev\/?page_id=10155","title":{"rendered":"Uniewa\u017cnienie przetargu &#8211; Wykonanie pokrycia dachowego na budynku administracyjnym SSEMP S.A. &#8211; 14-06-2"},"content":{"rendered":"<p>Kamienna G\u00f3ra, dnia 14.06.2011 r.<\/p>\n<p>I N F O R M A C J A<br \/>\ndot. post\u0119powania o udzielenie zam\u00f3wienia na zadanie pn.:<\/p>\n<table width=\"519\">\n<tbody>\n<tr>\n<td width=\"516\">WYKONAJ ROBOTY BUDOWLANE:<br \/>\n<strong>\u201eWykonanie pokrycia dachowego<br \/>\nna budynku administracyjnym SSEMP S.A.\u201d<\/strong><\/td>\n<\/tr>\n<\/tbody>\n<\/table>\n<p>Specjalna Strefa Ekonomiczna Ma\u0142ej Przedsi\u0119biorczo\u015bci S.A. z siedzib\u0105 przy ul. Papie\u017ca Jana Paw\u0142a II 11A w Kamiennej G\u00f3rze informuje, \u017ce post\u0119powanie prowadzone w trybie przetargu nieograniczonego zosta\u0142o uniewa\u017cnione z powodu niespe\u0142nienia przez oferent\u00f3w wymaganych warunk\u00f3w udzia\u0142u w post\u0119powaniu, o kt\u00f3rych mowa w pkt 9.1.2. a) Specyfikacji Istotnych Warunk\u00f3w Zam\u00f3wienia.<\/p>\n<p>Zarz\u0105d SSEMP S.A.<\/p>\n","protected":false},"excerpt":{"rendered":"<p>Kamienna G\u00f3ra, dnia 14.06.2011 r. I N F O R M A C J A dot. post\u0119powania o udzielenie zam\u00f3wienia na zadanie pn.: WYKONAJ ROBOTY BUDOWLANE: \u201eWykonanie pokrycia dachowego na budynku administracyjnym SSEMP S.A.\u201d Specjalna Strefa Ekonomiczna Ma\u0142ej Przedsi\u0119biorczo\u015bci S.A. z siedzib\u0105 przy ul. Papie\u017ca Jana Paw\u0142a II 11A w Kamiennej G\u00f3rze informuje, \u017ce post\u0119powanie [&hellip;]<\/p>\n","protected":false},"author":1,"featured_media":0,"parent":0,"menu_order":0,"comment_status":"closed","ping_status":"closed","template":"","meta":{"footnotes":""},"class_list":["post-10155","page","type-page","status-publish","hentry"],"_links":{"self":[{"href":"https:\/\/old-ssemp.sowiak.dev\/index.php?rest_route=\/wp\/v2\/pages\/10155","targetHints":{"allow":["GET"]}}],"collection":[{"href":"https:\/\/old-ssemp.sowiak.dev\/index.php?rest_route=\/wp\/v2\/pages"}],"about":[{"href":"https:\/\/old-ssemp.sowiak.dev\/index.php?rest_route=\/wp\/v2\/types\/page"}],"author":[{"embeddable":true,"href":"https:\/\/old-ssemp.sowiak.dev\/index.php?rest_route=\/wp\/v2\/users\/1"}],"replies":[{"embeddable":true,"href":"https:\/\/old-ssemp.sowiak.dev\/index.php?rest_route=%2Fwp%2Fv2%2Fcomments&post=10155"}],"version-history":[{"count":1,"href":"https:\/\/old-ssemp.sowiak.dev\/index.php?rest_route=\/wp\/v2\/pages\/10155\/revisions"}],"predecessor-version":[{"id":10163,"href":"https:\/\/old-ssemp.sowiak.dev\/index.php?rest_route=\/wp\/v2\/pages\/10155\/revisions\/10163"}],"wp:attachment":[{"href":"https:\/\/old-ssemp.sowiak.dev\/index.php?rest_route=%2Fwp%2Fv2%2Fmedia&parent=10155"}],"curies":[{"name":"wp","href":"https:\/\/api.w.org\/{rel}","templated":true}]}}