{"id":10154,"date":"2016-07-22T11:26:41","date_gmt":"2016-07-22T09:26:41","guid":{"rendered":"http:\/\/ssemp.pl\/?page_id=10154"},"modified":"2016-07-22T11:26:41","modified_gmt":"2016-07-22T09:26:41","slug":"wykonanie-pokrycia-dachowego-na-budynku-administracyjnym-ssemp-s-a-2-14-06-2011","status":"publish","type":"page","link":"https:\/\/old-ssemp.sowiak.dev\/?page_id=10154","title":{"rendered":"Wykonanie pokrycia dachowego na budynku administracyjnym SSEMP S.A. 2 &#8211; 14-06-2011"},"content":{"rendered":"<p><strong>OG\u0141OSZENIE O PRZETARGU<\/strong><\/p>\n<table width=\"519\">\n<tbody>\n<tr>\n<td width=\"588\">WYKONAJ ROBOTY BUDOWLANE:<\/p>\n<p><strong>\u201eWykonanie pokrycia dachowego<\/strong><\/p>\n<p><strong>na budynku administracyjnym SSEMP S.A.\u201d<\/strong><\/td>\n<\/tr>\n<\/tbody>\n<\/table>\n<p>Data zamieszczenia: 14.06.2011 r.<\/p>\n<p>SEKCJA I: ZAMAWIAJ\u0104CY<\/p>\n<ol>\n<li><strong> 1) NAZWA I ADRES:<\/strong>Specjalna Strefa Ekonomiczna Ma\u0142ej Przedsi\u0119biorczo\u015bci S.A., ul.\u00a0Papie\u017ca Jana Paw\u0142a II 11A, 58-400 Kamienna G\u00f3ra, woj. dolno\u015bl\u0105skie, tel. 75\/ 645 20 30, faks 75\/ 645 20 33, 75\/ 744 20 17, e-mail: strefa@ssemp.pl<\/li>\n<li><strong> 2) Rodzaj zamawiaj\u0105cego:\u00a0<\/strong>Sp\u00f3\u0142ka prawa handlowego.<\/li>\n<\/ol>\n<ul>\n<li><strong> Adres strony internetowej zamawiaj\u0105cego:\u00a0<\/strong>www.ssemp.pl<\/li>\n<\/ul>\n<p>SEKCJA II: PRZEDMIOT ZAM\u00d3WIENIA<\/p>\n<ol>\n<li><strong> 1) OKRE\u015aLENIE PRZEDMIOTU ZAM\u00d3WIENIA<\/strong><\/li>\n<li><strong> 1.1.) Nazwa nadana zam\u00f3wieniu przez zamawiaj\u0105cego:<\/strong><\/li>\n<\/ol>\n<p>Wykonanie pokrycia dachowego na budynku administracyjnym SSEMP S.A.<\/p>\n<ol>\n<li><strong> 1.2.) Rodzaj zam\u00f3wienia:\u00a0<\/strong>roboty budowlane.<\/li>\n<li><strong> 1.3.)\u00a0\u00a0\u00a0\u00a0\u00a0\u00a0 Okre\u015blenie przedmiotu oraz wielko\u015bci lub zakresu zam\u00f3wienia:<\/strong>Przedmiotem niniejszego zam\u00f3wienia jest wykonanie pokrycia dachowego, wraz z robotami towarzysz\u0105cymi, na budynku administracyjnym SSEMP S.A. zlokalizowanym przy ul. Papie\u017ca Jana Paw\u0142a\u00a0II\u00a011A w Kamiennej G\u00f3rze. Zakres rob\u00f3t obejmuje mi\u0119dzy innymi: jednokrotne pokrycie dachu pap\u0105 termozgrzewaln\u0105 o grubo\u015bci minimum 5,2 mm SBS, naprawa tynk\u00f3w komin\u00f3w wraz z ich odmalowaniem farbami silikonowymi, wykonanie kraw\u0119dzi czap kominowych przy u\u017cyciu blachy ocynkowanej, pokrycie czap kominowych pap\u0105 termozgrzewaln\u0105 o grubo\u015bci minimum 5,2 mm, przer\u00f3bka okapu, konserwacja obr\u00f3bek blacharskich, monta\u017c systemu przeciwoblodzeniowego dachu.<\/li>\n<\/ol>\n<p>Szczeg\u00f3\u0142owy zakres rzeczowy rob\u00f3t zosta\u0142 okre\u015blony w przedmiarze rob\u00f3t.<\/p>\n<p>&nbsp;<\/p>\n<p>Wykonawca w ramach przedmiotu zam\u00f3wienia zobowi\u0105zany jest do: oznakowania miejsca prowadzonych rob\u00f3t, wykonania prac dekarsko-blacharskich zgodnie z przepisami techniczno-budowlanymi, normami polskimi i sztuk\u0105 budowlan\u0105, przepisami dotycz\u0105cymi wyrob\u00f3w budowlanych, wykonania wszelkich bada\u0144 i pr\u00f3b a tak\u017ce pomiar\u00f3w powykonawczych w\u00a0zakresie koniecznym do odbioru ko\u0144cowego rob\u00f3t i przekazania obiektu do\u00a0u\u017cytkowania, wykonania powykonawczej dokumentacji technicznej i prawnej \/w tym: atesty, certyfikaty, protoko\u0142y pomiar\u00f3w itp., zdj\u0119cia z opisem wykonanych prac\/ zgodnej z\u00a0obowi\u0105zuj\u0105cymi wymogami w\u00a0tym zakresie.<\/p>\n<p>&nbsp;<\/p>\n<p>Szczeg\u00f3\u0142owy zakres przedmiotu zam\u00f3wienia oraz wymagania gwarancyjne Zamawiaj\u0105cego zosta\u0142y okre\u015blone w SIWZ i za\u0142\u0105cznikach do niej. Oferty nie zawieraj\u0105ce pe\u0142nego zakresu przedmiotu zam\u00f3wienia zostan\u0105 odrzucone.<strong>\u00a0<\/strong><\/p>\n<ol>\n<li><strong> 1.4.)\u00a0\u00a0\u00a0\u00a0\u00a0\u00a0 Wsp\u00f3lny S\u0142ownik Zam\u00f3wie\u0144 (CPV):<\/strong><\/li>\n<\/ol>\n<p>45.00.00.00-7\u00a0\u00a0\u00a0\u00a0\u00a0\u00a0\u00a0\u00a0\u00a0 Roboty budowlane.<\/p>\n<p>45.21.00.00-2\u00a0\u00a0\u00a0\u00a0\u00a0\u00a0\u00a0\u00a0\u00a0 Roboty budowlane w zakresie budynk\u00f3w.<\/p>\n<p>45.26.00.00-7\u00a0\u00a0\u00a0\u00a0\u00a0\u00a0\u00a0\u00a0\u00a0 Roboty w zakresie wykonywania pokry\u0107 i konstrukcji dachowych i inne podobne roboty specjalistyczne.<\/p>\n<p>45.26.12.10-9\u00a0\u00a0\u00a0\u00a0\u00a0\u00a0\u00a0\u00a0\u00a0 Wykonywanie pokry\u0107 dachowych.<\/p>\n<p>45.26.19.00-3\u00a0\u00a0\u00a0\u00a0\u00a0\u00a0\u00a0\u00a0\u00a0 Naprawa i konserwacja dach\u00f3w.<\/p>\n<p>45.31.00.00-3<strong>\u00a0\u00a0\u00a0\u00a0\u00a0\u00a0\u00a0\u00a0\u00a0\u00a0\u00a0\u00a0\u00a0<\/strong>Roboty w zakresie instalacji elektrycznej.<\/p>\n<ol>\n<li><strong> 1.5.) Czy dopuszcza si\u0119 z\u0142o\u017cenie oferty cz\u0119\u015bciowej:\u00a0<\/strong>nie.<\/li>\n<li><strong> 1.6.)<\/strong><strong>Czy dopuszcza si\u0119 z\u0142o\u017cenie oferty wariantowej:\u00a0<\/strong>nie.<\/li>\n<li><strong> 1.7.) Czy przewiduje si\u0119 udzielenie zam\u00f3wie\u0144 uzupe\u0142niaj\u0105cych:<\/strong>nie.<\/li>\n<li><strong> 2) CZAS TRWANIA ZAM\u00d3WIENIA LUB TERMIN WYKONANIA:<\/strong>19.08.2011 r.<\/li>\n<\/ol>\n<p>SEKCJA III: INFORMACJE O CHARAKTERZE PRAWNYM, EKONOMICZNYM, FINANSOWYM I TECHNICZNYM<\/p>\n<p><strong>III. 1) WARUNKI DOTYCZ\u0104CE ZAM\u00d3WIENIA<\/strong><\/p>\n<p><strong>Informacja na temat wadium:\u00a0<\/strong>Zamawiaj\u0105cy wymaga wniesienia wadium w wysoko\u015bci 2.000,00 PLN (s\u0142ownie z\u0142otych: dwa tysi\u0105ce i 00\/100) przed up\u0142ywem terminu sk\u0142adania ofert.<\/p>\n<p><strong>III. 1.1.) Inne szczeg\u00f3lne warunki, kt\u00f3rym podlega realizacja zam\u00f3wienia:\u00a0<\/strong>tak<\/p>\n<p>Zam\u00f3wienie b\u0119dzie realizowane zgodnie z prawem polskim, w szczeg\u00f3lno\u015bci z ustaw\u0105 Prawo budowlane z dnia 7 lipca 1994 r. (t.j. Dz. U. z 2006 r. Nr 156, poz. 1118 z p\u00f3\u017an. zm.) przy zastosowaniu materia\u0142\u00f3w posiadaj\u0105cych pozytywne atesty PZH, wymagane klasyfikacje ogniowe. Wykonawca rob\u00f3t musi zapewni\u0107 wykonanie rob\u00f3t zgodnie z przepisami techniczno-budowlanymi i warunkami BHP i p.po\u017c., obowi\u0105zuj\u0105cymi przepisami i normami PN\/E, przepisami dotycz\u0105cymi samodzielnych funkcji technicznych w budownictwie, przepisami dotycz\u0105cymi wyrob\u00f3w budowlanych.<strong>\u00a0<\/strong><\/p>\n<p><strong>III. 2) WARUNKI UDZIA\u0141U<\/strong><\/p>\n<ul>\n<li><strong> Opis warunk\u00f3w udzia\u0142u w post\u0119powaniu oraz opis sposobu dokonywania oceny spe\u0142nienia tych warunk\u00f3w:<\/strong><\/li>\n<\/ul>\n<p>O udzielenie zam\u00f3wienia mog\u0105 ubiega\u0107 si\u0119 Wykonawcy, kt\u00f3rzy:<\/p>\n<ol>\n<li>Spe\u0142niaj\u0105 postanowienia okre\u015blone w art. 22 ust. 1 ustawy z dnia 29 stycznia 2004 r.\u00a0 Prawo zam\u00f3wie\u0144 publicznych \u2013 (tekst jednolity Dz. U. z 2007 r. Nr 223, poz. 1655, z p\u00f3\u017an. zm.) tj. nast\u0119puj\u0105ce wymagania:<\/li>\n<\/ol>\n<p>1.1. Posiadaj\u0105 uprawnienia do wykonywania dzia\u0142alno\u015bci lub czynno\u015bci w zakresie odpowiadaj\u0105cym przedmiotowi zam\u00f3wienia oraz wyka\u017c\u0105 aktualn\u0105, na dzie\u0144 sk\u0142adania ofert, polis\u0119, a w przypadku jej braku innego dokumentu potwierdzaj\u0105cego, \u017ce Wykonawca jest\u00a0ubezpieczony od odpowiedzialno\u015bci cywilnej w zakresie prowadzonej dzia\u0142alno\u015bci gospodarczej.<\/p>\n<p>1.2. Posiadaj\u0105 niezb\u0119dn\u0105 wiedz\u0119 i do\u015bwiadczenie, dysponuj\u0105 potencja\u0142em technicznym i\u00a0osobami zdolnymi do wykonania przedmiotu zam\u00f3wienia lub przedstawi\u0105 pisemne zobowi\u0105zanie innych podmiot\u00f3w do udost\u0119pnienia potencja\u0142u technicznego i os\u00f3b zdolnych do wykonania przedmiotu zam\u00f3wienia (Wykonawca musi mie\u0107 do dyspozycji przy wykonaniu niniejszego zam\u00f3wienia osoby posiadaj\u0105ce do\u015bwiadczenie oraz kwalifikacje odpowiednie do\u00a0stanowisk, jakie zostan\u0105 tym osobom powierzone) tj.:<\/p>\n<ol>\n<li>a) wyka\u017c\u0105, \u017ce dysponuj\u0105:<\/li>\n<\/ol>\n<p>&#8211;\u00a0\u00a0 osob\u0105 pe\u0142ni\u0105c\u0105 funkcj\u0119 kierownika budowy\/rob\u00f3t, kt\u00f3ra posiada uprawnienia budowlane do kierowania robotami budowlanymi bez ogranicze\u0144 w specjalno\u015bci konstrukcyjno-budowlanej (podstawa prawna art. 14 ustawy Prawo budowlane z dnia 7 lipca 1994 r. \u2013 (tekst jednolity Dz. U. z 2006 r. Nr 156, poz. 1118 z p\u00f3\u017an. zm.) lub odpowiadaj\u0105ce im wa\u017cne uprawnienia budowlane, kt\u00f3re zosta\u0142y wydane na podstawie wcze\u015bniej obowi\u0105zuj\u0105cych przepis\u00f3w w tym zakresie oraz aktualne za\u015bwiadczenie (przynajmniej na\u00a0dzie\u0144 sk\u0142adania ofert) o przynale\u017cno\u015bci do w\u0142a\u015bciwej izby samorz\u0105du zawodowego,<\/p>\n<p>&#8211;\u00a0\u00a0 co najmniej jedn\u0105 osob\u0105 posiadaj\u0105c\u0105 kwalifikacje zawodowe\/uprawnienia mistrzowskie w\u00a0zawodzie dekarz,<\/p>\n<p>&#8211;\u00a0\u00a0 co najmniej jedn\u0105 osob\u0105 posiadaj\u0105c\u0105 kwalifikacje zawodowe\/uprawnienia w zawodzie murarz,<\/p>\n<p>&#8211;\u00a0\u00a0 co najmniej jedn\u0105 osoba posiadaj\u0105c\u0105 kwalifikacje zawodowe\/uprawnienia w zawodzie elektryk,<\/p>\n<ol>\n<li>b) wyka\u017c\u0105 nale\u017cyte wykonanie (zgodnie z zasadami sztuki budowlanej) co najmniej trzech rob\u00f3t dekarsko-blacharskich, potwierdzonych referencjami, odpowiadaj\u0105cych zakresowi zam\u00f3wienia w okresie ostatnich pi\u0119ciu lat przed dniem wszcz\u0119cia niniejszego post\u0119powania o\u00a0udzielenie zam\u00f3wienia, a je\u015bli okres prowadzonej dzia\u0142alno\u015bci jest kr\u00f3tszy \u2013 w tym okresie.<\/li>\n<\/ol>\n<p>Poprzez robot\u0119 odpowiadaj\u0105c\u0105 przedmiotowi zam\u00f3wienia Zamawiaj\u0105cy b\u0119dzie rozumia\u0142 wykonanie,\u00a0<u>co najmniej trzech rob\u00f3t, kt\u00f3rych przedmiotem ka\u017cdej z osobna by\u0142o wykonanie pokrycia dachowego z papy termozgrzewalnej wraz z obr\u00f3bkami blacharskimi ocynkowanymi na\u00a0obiekcie\u00a0<strong>o \u0142\u0105cznej powierzchni dachu co najmniej 600 m<sup>2<\/sup><\/strong>,<strong>\u00a0<\/strong>zgodnie ze\u00a0sztuk\u0105 budowlan\u0105, potwierdzone referencjami o ich nale\u017cytym wykonaniu.<\/u><\/p>\n<ol>\n<li>c) wyka\u017c\u0105, \u017ce dysponuj\u0105 lub b\u0119d\u0105 dysponowa\u0107 odpowiednim potencja\u0142em technicznym gwarantuj\u0105cym przeprowadzenie rob\u00f3t zgodnie ze sztuk\u0105 budowlan\u0105.<\/li>\n<\/ol>\n<p>1.3. Znajduj\u0105 si\u0119 w sytuacji ekonomicznej i finansowej zapewniaj\u0105cej wykonanie zam\u00f3wienia.<\/p>\n<p>1.4. Nie podlegaj\u0105 wykluczeniu z post\u0119powania o udzielenie zam\u00f3wienia na podstawie art.\u00a024\u00a0ustawy Pzp (Dz. U. z 2007 r. Nr 223, poz. 1655 z p\u00f3\u017an. zm.).<\/p>\n<ol start=\"2\">\n<li>Ocena spe\u0142nienia przez Wykonawc\u00f3w warunk\u00f3w udzia\u0142u w post\u0119powaniu b\u0119dzie przeprowadzona w oparciu o kompletno\u015b\u0107 i prawid\u0142owo\u015b\u0107 przed\u0142o\u017conych wraz z ofert\u0105 o\u015bwiadcze\u0144 i dokument\u00f3w, jakich \u017c\u0105da Zamawiaj\u0105cy i zostanie dokonana na podstawie tre\u015bci tych dokument\u00f3w wg formu\u0142y spe\u0142nia\/nie spe\u0142nia.<\/li>\n<\/ol>\n<p>2.1. Ka\u017cdy z Wykonawc\u00f3w ubiegaj\u0105cych si\u0119 wsp\u00f3lnie o udzielenie zam\u00f3wienia (sk\u0142adaj\u0105cych ofert\u0119 wsp\u00f3lnie) musi samodzielnie spe\u0142ni\u0107 warunki, o kt\u00f3rych mowa w pkt 1.1. i 1.4. Pozosta\u0142a warunki i wymagania zawarte w pkt 1. mog\u0105 zosta\u0107 spe\u0142nione \u0142\u0105cznie przez Wykonawc\u00f3w ubiegaj\u0105cych si\u0119 wsp\u00f3lnie o udzielenie zam\u00f3wienia.<\/p>\n<p>2.2. Oferty wykonawc\u00f3w, kt\u00f3rzy przed\u0142o\u017c\u0105 dokumenty i o\u015bwiadczenia potwierdzaj\u0105ce spe\u0142nianie wymaganych warunk\u00f3w zostan\u0105 dopuszczone do badania i oceny.<\/p>\n<p>2.3. Wykonawcy, kt\u00f3rzy nie przed\u0142o\u017c\u0105 dokument\u00f3w i o\u015bwiadcze\u0144 potwierdzaj\u0105cych spe\u0142nianie wymaganych warunk\u00f3w zostan\u0105 wykluczeni z post\u0119powania.<\/p>\n<p><strong>Informacja o o\u015bwiadczeniach i dokumentach, jakie maj\u0105 dostarczy\u0107 wykonawcy w celu potwierdzenia spe\u0142niania warunk\u00f3w udzia\u0142u w post\u0119powaniu:<\/strong><\/p>\n<p>Wykonawcy zobowi\u0105zani s\u0105 do z\u0142o\u017cenia wraz z ofert\u0105, poni\u017cszych o\u015bwiadcze\u0144 i dokument\u00f3w:<\/p>\n<ol>\n<li>O\u015bwiadczenie Wykonawcy o spe\u0142nieniu warunk\u00f3w okre\u015blonych w art. 22 ust. 1 ustawy z\u00a0dnia 29 stycznia 2004 r. Prawo zam\u00f3wie\u0144 publicznych.<\/li>\n<li>Aktualny odpis z w\u0142a\u015bciwego rejestru albo aktualne za\u015bwiadczenie o wpisie do ewidencji dzia\u0142alno\u015bci gospodarczej, je\u017celi odr\u0119bne przepisy wymagaj\u0105 wpisu do rejestru lub zg\u0142oszenia do ewidencji dzia\u0142alno\u015bci gospodarczej &#8211; wystawione\u00a0<strong>nie wcze\u015bniej ni\u017c 6<\/strong><strong>miesi\u0119cy<\/strong>przed up\u0142ywem terminu sk\u0142adania ofert.<\/li>\n<li>Aktualne za\u015bwiadczenie w\u0142a\u015bciwego naczelnika urz\u0119du skarbowego oraz w\u0142a\u015bciwego oddzia\u0142u Zak\u0142adu Ubezpiecze\u0144 Spo\u0142ecznych lub Kasy Rolniczego Ubezpieczenia Spo\u0142ecznego potwierdzaj\u0105ce odpowiednio, \u017ce Wykonawca nie zalega z op\u0142acaniem podatk\u00f3w, op\u0142at oraz\u00a0sk\u0142adek na ubezpieczenie zdrowotne i spo\u0142eczne, lub za\u015bwiadczenia, \u017ce uzyska\u0142 przewidziane prawem zwolnienie, odroczenie lub roz\u0142o\u017cenie na raty zaleg\u0142ych p\u0142atno\u015bci lub wstrzymania w ca\u0142o\u015bci wykonania decyzji w\u0142a\u015bciwego organu. Powy\u017csze za\u015bwiadczenia musz\u0105 by\u0107 wystawione\u00a0<strong>nie wcze\u015bniej ni\u017c 3 miesi\u0105ce<\/strong>przed up\u0142ywem terminu sk\u0142adania ofert.<\/li>\n<li>Wykaz os\u00f3b, w kt\u00f3rym wska\u017ce osob\u0119 pe\u0142ni\u0105c\u0105 funkcj\u0119 kierownika budowy\/rob\u00f3t oraz\u00a0pozosta\u0142e osoby uczestnicz\u0105ce w wykonaniu zam\u00f3wienia wraz z informacjami na temat ich\u00a0kwalifikacji zawodowych\/uprawnie\u0144, wykszta\u0142cenia oraz informacj\u0105 o prawie do\u00a0dysponowania tymi osobami (osoby spe\u0142niaj\u0105ce wymagania okre\u015blone w pkt 1.2. a) Opisu warunk\u00f3w udzia\u0142u w post\u0119powaniu).<\/li>\n<li>Pisemne zobowi\u0105zanie innych podmiot\u00f3w do udost\u0119pnienia os\u00f3b, o kt\u00f3rych mowa w\u00a0pkt\u00a04. \u2013 w przypadku, gdy Wykonawca nie dysponuje takimi osobami.<\/li>\n<li>Dokumenty potwierdzaj\u0105ce posiadanie przez osoby, o kt\u00f3rych mowa w pkt 4. kwalifikacji\u00a0zawodowych\/uprawnie\u0144, a w przypadku kierownika budowy\/rob\u00f3t dodatkowo aktualne (przynajmniej na dzie\u0144 sk\u0142adania ofert) za\u015bwiadczenie o przynale\u017cno\u015bci do\u00a0w\u0142a\u015bciwej izby samorz\u0105du zawodowego.<\/li>\n<li>Wykazu wykonanych przez Wykonawc\u0119 rob\u00f3t dekarsko-blacharskich spe\u0142niaj\u0105cych warunki, o kt\u00f3rym mowa w pkt 1.2. b) Opisu warunk\u00f3w udzia\u0142u w post\u0119powaniu, odpowiadaj\u0105cych zakresowi zam\u00f3wienia, z podaniem ich warto\u015bci oraz daty i miejsca wykonania wraz z za\u0142\u0105czeniem dokument\u00f3w \/referencje\/ potwierdzaj\u0105cych, \u017ce powy\u017csze roboty zosta\u0142y wykonane nale\u017cycie, zgodnie z zasadami sztuki budowlanej i prawid\u0142owo uko\u0144czone. Roboty wymienione w wykazie, a\u00a0niepotwierdzone dokumentacj\u0105 o ich nale\u017cytym zrealizowaniu \/referencje\/, nie b\u0119d\u0105 uwzgl\u0119dnione przy\u00a0ocenie ofert.<\/li>\n<li>Wykaz urz\u0105dze\u0144 i narz\u0119dzi, jakimi dysponuje lub b\u0119dzie dysponowa\u0142 Wykonawca, potwierdzaj\u0105cy spe\u0142nienie warunku, o kt\u00f3rym mowa w pkt 1.2. c) Opisu warunk\u00f3w udzia\u0142u w\u00a0post\u0119powaniu.<\/li>\n<li>Pisemne zobowi\u0105zanie innych podmiot\u00f3w do udost\u0119pnienia urz\u0105dze\u0144 i narz\u0119dzi, o kt\u00f3rych mowa w pkt 1.2. c) Opisu warunk\u00f3w udzia\u0142u w post\u0119powaniu \u2013 w przypadku, gdy\u00a0Wykonawca nie dysponuje nimi.<\/li>\n<li>Aktualna na dzie\u0144 sk\u0142adania ofert polisa, o kt\u00f3rej mowa w pkt 1.1. Opisu warunk\u00f3w udzia\u0142u w post\u0119powaniu, a w przypadku jej braku innego dokumentu potwierdzaj\u0105cego, \u017ce\u00a0Wykonawca jest ubezpieczony od odpowiedzialno\u015bci cywilnej w zakresie prowadzonej dzia\u0142alno\u015bci gospodarczej.<\/li>\n<li>Sprawozdanie F-01 za ostatni kwarta\u0142 wraz z bilansem i rachunkiem zysk\u00f3w i strat za\u00a0ubieg\u0142y rok obrachunkowy\u00a0<u>lub inny dokument potwierdzaj\u0105cy obroty, w przypadku przedsi\u0119biorc\u00f3w nie zobowi\u0105zanych do sporz\u0105dzania sprawozda\u0144 finansowych<\/u>.<\/li>\n<li>Dow\u00f3d wniesienia wadium.<\/li>\n<li>Z tre\u015bci w\/w dokument\u00f3w musi jednoznacznie wynika\u0107, \u017ce Wykonawca spe\u0142nia warunki udzia\u0142u w post\u0119powaniu, o kt\u00f3rych mowa w pkt 1 Opisu warunk\u00f3w udzia\u0142u w post\u0119powaniu.<\/li>\n<li>W przypadku wsp\u00f3lnego ubiegania si\u0119 o niniejsze zam\u00f3wienie przez dw\u00f3ch lub wi\u0119cej Wykonawc\u00f3w, ka\u017cdy z tych Wykonawc\u00f3w do\u0142\u0105cza do oferty dokumenty, o kt\u00f3rych mowa w\u00a0pkt 2,3,10 dotycz\u0105ce ka\u017cdego z nich. Dokumenty, o kt\u00f3rych mowa w pkt 2,3,5,6,7,9,10,11 mog\u0105 by\u0107 przedstawione w formie orygina\u0142u lub kserokopii po\u015bwiadczonej za zgodno\u015b\u0107 z\u00a0orygina\u0142em przez Wykonawc\u0119 (osob\u0119\/y uprawnion\u0105\/e do\u00a0reprezentowania Wykonawcy), pozosta\u0142e dokumenty nale\u017cy z\u0142o\u017cy\u0107 w oryginale. Po\u015bwiadczenie za zgodno\u015b\u0107 z orygina\u0142em powinno by\u0107 sporz\u0105dzone w spos\u00f3b umo\u017cliwiaj\u0105cy identyfikacj\u0119 podpisu (np. wraz z imienn\u0105 piecz\u0105tk\u0105 osoby po\u015bwiadczaj\u0105cej kopi\u0119 dokumentu za zgodno\u015b\u0107 z orygina\u0142em).<\/li>\n<li>Je\u017celi Wykonawca ma siedzib\u0119 lub miejsce zamieszkania poza terytorium Rzeczypospolitej Polskiej, do sk\u0142adania dokument\u00f3w, o kt\u00f3rych mowa wy\u017cej stosuje si\u0119 odpowiednio przepisy zawarte w \u00a7 2 Rozporz\u0105dzenia Prezesa Rady Ministr\u00f3w z dnia 19 maja 2006 r. w sprawie rodzaj\u00f3w dokument\u00f3w potwierdzaj\u0105cych spe\u0142nianie warunk\u00f3w udzia\u0142u w\u00a0post\u0119powaniu o udzielenie zam\u00f3wienia publicznego, jakich mo\u017ce \u017c\u0105da\u0107 Zamawiaj\u0105cy od\u00a0Wykonawcy (Dz. U. z 2006 r. Nr 87, poz. 605 z p\u00f3\u017an. zm.).<\/li>\n<\/ol>\n<p><strong>Inne wymagane o\u015bwiadczenia i dokumenty, kt\u00f3re nale\u017cy do\u0142\u0105czy\u0107 do ofert:<\/strong><\/p>\n<ol>\n<li>W przypadku, gdy Wykonawc\u0119 reprezentuje pe\u0142nomocnik \u2013 pe\u0142nomocnictwo okre\u015blaj\u0105ce jego zakres i podpisane przez osoby uprawnione do reprezentowania Wykonawcy.<\/li>\n<li>W przypadku, gdy ofert\u0119 sk\u0142adaj\u0105 Wykonawcy ubiegaj\u0105cy si\u0119 wsp\u00f3lnie o udzielenie zam\u00f3wienia wymagane jest za\u0142\u0105czenie w oryginale dokumentu pe\u0142nomocnictwa okre\u015blaj\u0105cego zakres umocowania pe\u0142nomocnika ustanowionego do reprezentowania ich w\u00a0post\u0119powaniu, stosownie do art. 23 ust. 2 Pzp. (ewentualnie umow\u0119 o wsp\u00f3\u0142dzia\u0142aniu, z\u00a0kt\u00f3rej b\u0119dzie wynika\u0107 przedmiotowe pe\u0142nomocnictwo). Pe\u0142nomocnik mo\u017ce by\u0107 ustanowiony do reprezentowania Wykonawc\u00f3w w post\u0119powaniu albo reprezentowania w post\u0119powaniu i\u00a0zawarcia umowy.<\/li>\n<\/ol>\n<p>SEKCJA IV: PROCEDURA<\/p>\n<ol>\n<li><strong> 1) TRYB UDZIELENIA ZAM\u00d3WIENIA<\/strong><\/li>\n<li><strong> 1.1.) Tryb udzielenia zam\u00f3wienia:\u00a0<\/strong>przetarg nieograniczony.<\/li>\n<li><strong> 2) KRYTERIA OCENY OFERT<\/strong><\/li>\n<li><strong> 2.1.) Kryteria oceny ofert:<\/strong><\/li>\n<\/ol>\n<p>&#8211; cena ofertowa brutto\u00a0\u00a0\u00a0\u00a0\u00a0\u00a0 (70%),<\/p>\n<p>&#8211; do\u015bwiadczenie\u00a0\u00a0\u00a0\u00a0\u00a0\u00a0\u00a0\u00a0\u00a0\u00a0\u00a0\u00a0\u00a0\u00a0\u00a0\u00a0 (30%).<\/p>\n<p>Spos\u00f3b dokonywania oceny ofert i przydzielania punkt\u00f3w zosta\u0142 okre\u015blony w SIWZ.<\/p>\n<ol start=\"2\">\n<li><strong> 2.2.) Wykorzystana b\u0119dzie aukcja elektroniczna:<\/strong>nie.<\/li>\n<li><strong> 3) INFORMACJE ADMINISTRACYJNE<\/strong><\/li>\n<li><strong> 3.1.)\u00a0\u00a0\u00a0\u00a0\u00a0\u00a0 Adres strony internetowej, na kt\u00f3rej dost\u0119pna jest specyfikacja istotnych warunk\u00f3w zam\u00f3wienia:\u00a0<\/strong>www.ssemp.pl(zak\u0142adka Przetargi na roboty budowlane).<\/li>\n<\/ol>\n<p><strong>Specyfikacj\u0119 istotnych warunk\u00f3w zam\u00f3wienia mo\u017cna uzyska\u0107 pod adresem:\u00a0<\/strong>pok.\u00a0nr 111 (klatka schodowa \u201eB\u201d, I pi\u0119tro budynku administracyjnego SSEMP S.A. przy\u00a0ul.\u00a0Papie\u017ca Jana Paw\u0142a II 11A w Kamiennej G\u00f3rze).<\/p>\n<ol start=\"3\">\n<li><strong> 3.2.) Termin sk\u0142adania ofert: 21.06.2011 r<\/strong>. do godziny\u00a0<strong>13<u><sup>00<\/sup><\/u><\/strong>, miejsce: Siedziba Zamawiaj\u0105cego \/Sekretariat \u2013 I pi\u0119tro\/.<\/li>\n<li><strong> 3.3.)\u00a0\u00a0\u00a0\u00a0\u00a0\u00a0 Termin zwi\u0105zania ofert\u0105:\u00a0<\/strong>okres w dniach:\u00a0<strong>90<\/strong>(od ostatecznego terminu sk\u0142adania ofert).<\/li>\n<li><strong> 3.4.)<\/strong><strong>Informacje dodatkowe:<\/strong><\/li>\n<li>Zamawiaj\u0105cy dopuszcza przekazywanie korespondencji tj. o\u015bwiadcze\u0144, wniosk\u00f3w, zawiadomie\u0144 oraz informacji pisemnie lub faksem \u2013 na numer faksu 75\/ 744-20-17 lub\u00a075\/\u00a0645-20-33 z zastrze\u017ceniem pkt 3.<\/li>\n<li>Zamawiaj\u0105cy dopuszcza porozumiewanie si\u0119 drog\u0105 elektroniczn\u0105.<\/li>\n<li>Z\u0142o\u017cenie oferty, jej wycofanie i zmiana mo\u017ce nast\u0105pi\u0107 jedynie w formie pisemnej. Z\u0142o\u017cenie tych pism w innej formie nie wywo\u0142uje jakichkolwiek skutk\u00f3w prawnych.<\/li>\n<li><u>Zamawiaj\u0105cy zastrzega sobie prawo do zamkni\u0119cia przetargu bez wybrania kt\u00f3rejkolwiek z ofert, bez podania przyczyny, na ka\u017cdym etapie post\u0119powania. W tym przypadku oferentom nie przys\u0142uguj\u0105 jakiekolwiek roszczenia, za wyj\u0105tkiem zwrotu wadium.<\/u><\/li>\n<li>Zamawiaj\u0105cy zastrzega sobie prawo wykluczenia z przetargu i odrzucenia z przyczyn formalnych w kolejnych przetargach tych oferent\u00f3w, kt\u00f3rzy z\u0142o\u017c\u0105 o\u015bwiadczenia lub\u00a0podadz\u0105 informacje niezgodne ze stanem faktycznym.<\/li>\n<li>Osob\u0105 upowa\u017cnion\u0105 do kontaktu jest p. \u0141ukasz S\u0142awi\u0144ski, pok\u00f3j nr 111 w siedzibie Zamawiaj\u0105cego tel. 75\/ 645-20-30, kom 602-853-881, faks 75\/ 744-20-17, 75\/ 645 20 33 e\u2011mail: l.slawinski@ssemp.pl<\/li>\n<\/ol>\n<p><strong>UWAGA:<\/strong><\/p>\n<p><strong>Prace dekarsko-blacharskie b\u0119d\u0105 prowadzone na czynnym obiekcie administracyjnym. Wykonawca (z pomoc\u0105 Zamawiaj\u0105cego) b\u0119dzie odpowiedzialny za tak\u0105 organizacj\u0119 rob\u00f3t, aby w jak najmniejszym stopniu by\u0142y one uci\u0105\u017cliwe dla u\u017cytkownik\u00f3w lokali a tak\u017ce parkingu zlokalizowanego przy\u00a0budynku.<\/strong><\/p>\n","protected":false},"excerpt":{"rendered":"<p>OG\u0141OSZENIE O PRZETARGU WYKONAJ ROBOTY BUDOWLANE: \u201eWykonanie pokrycia dachowego na budynku administracyjnym SSEMP S.A.\u201d Data zamieszczenia: 14.06.2011 r. SEKCJA I: ZAMAWIAJ\u0104CY 1) NAZWA I ADRES:Specjalna Strefa Ekonomiczna Ma\u0142ej Przedsi\u0119biorczo\u015bci S.A., ul.\u00a0Papie\u017ca Jana Paw\u0142a II 11A, 58-400 Kamienna G\u00f3ra, woj. dolno\u015bl\u0105skie, tel. 75\/ 645 20 30, faks 75\/ 645 20 33, 75\/ 744 20 17, e-mail: [&hellip;]<\/p>\n","protected":false},"author":1,"featured_media":0,"parent":0,"menu_order":0,"comment_status":"closed","ping_status":"closed","template":"","meta":{"footnotes":""},"class_list":["post-10154","page","type-page","status-publish","hentry"],"_links":{"self":[{"href":"https:\/\/old-ssemp.sowiak.dev\/index.php?rest_route=\/wp\/v2\/pages\/10154","targetHints":{"allow":["GET"]}}],"collection":[{"href":"https:\/\/old-ssemp.sowiak.dev\/index.php?rest_route=\/wp\/v2\/pages"}],"about":[{"href":"https:\/\/old-ssemp.sowiak.dev\/index.php?rest_route=\/wp\/v2\/types\/page"}],"author":[{"embeddable":true,"href":"https:\/\/old-ssemp.sowiak.dev\/index.php?rest_route=\/wp\/v2\/users\/1"}],"replies":[{"embeddable":true,"href":"https:\/\/old-ssemp.sowiak.dev\/index.php?rest_route=%2Fwp%2Fv2%2Fcomments&post=10154"}],"version-history":[{"count":1,"href":"https:\/\/old-ssemp.sowiak.dev\/index.php?rest_route=\/wp\/v2\/pages\/10154\/revisions"}],"predecessor-version":[{"id":10162,"href":"https:\/\/old-ssemp.sowiak.dev\/index.php?rest_route=\/wp\/v2\/pages\/10154\/revisions\/10162"}],"wp:attachment":[{"href":"https:\/\/old-ssemp.sowiak.dev\/index.php?rest_route=%2Fwp%2Fv2%2Fmedia&parent=10154"}],"curies":[{"name":"wp","href":"https:\/\/api.w.org\/{rel}","templated":true}]}}