{"id":10147,"date":"2016-07-22T11:25:18","date_gmt":"2016-07-22T09:25:18","guid":{"rendered":"http:\/\/ssemp.pl\/?page_id=10147"},"modified":"2016-07-22T11:25:19","modified_gmt":"2016-07-22T09:25:19","slug":"zapytanie-ofertowe-o-cene-sprawowania-funkcji-inspektora-nadzoru-inwestorskiego-09-06-2011","status":"publish","type":"page","link":"https:\/\/old-ssemp.sowiak.dev\/?page_id=10147","title":{"rendered":"Zapytanie ofertowe o cen\u0119 sprawowania funkcji inspektora nadzoru inwestorskiego &#8211; 09-06-2011"},"content":{"rendered":"<p>Kamienna G\u00f3ra, 09.06.2011 r.<\/p>\n<p><strong>ZAPYTANIE OFERTOWE O CEN\u0118<\/strong><br \/>\nsprawowania funkcji inspektora nadzoru inwestorskiego&lt;<br \/>\nw specjalno\u015bci konstrukcyjno &#8211; budowlanej<\/p>\n<p><strong>\u00a0<\/strong><\/p>\n<p>Specjalna Strefa Ekonomiczna Ma\u0142ej Przedsi\u0119biorczo\u015bci S.A.<br \/>\nz siedzib\u0105 ul. Papie\u017ca Jana Paw\u0142a II 11A, 58-400 Kamienna G\u00f3ra<br \/>\nNIP: 614-14-72-974, Regon: 230820274<br \/>\nStrona www:\u00a0<u>www.ssemp.pl<\/u><br \/>\ne-mail:\u00a0<u>l.slawinski@ssemp.pl<\/u><br \/>\ntel.\u00a0\u00a0 75\/ 645 20 30, fax 75\/ 744 20 17, 75\/ 645 20 33<\/p>\n<p>Zwraca si\u0119 z zapytaniem ofertowym o cen\u0119 sprawowania funkcji inspektora nadzoru inwestorskiego w specjalno\u015bci konstrukcyjno \u2013 budowlanej<\/p>\n<p>przy realizacji zadania inwestycyjnego pn.:<\/p>\n<p><strong>\u201eWykonanie pokrycia dachowego na budynku administracyjnym SSEMP S.A.\u201d<\/strong><br \/>\nzlokalizowanym przy ul. Papie\u017ca Jana Paw\u0142a II 11A w Kamiennej G\u00f3rze.<\/p>\n<ol>\n<li>Szczeg\u00f3\u0142owy zakres rob\u00f3t budowlanych podlegaj\u0105cych nadzorowi inwestorskiemu okre\u015blaj\u0105 za\u0142\u0105czniki do og\u0142oszenia o przetargu nieograniczonym z dnia 20.05.2011 r. tj. Specyfikacja Istotnych Warunk\u00f3w Zam\u00f3wienia oraz Przedmiar rob\u00f3t pn. Wykonanie pokrycia dachowego na budynku administracyjnym SSEMP S.A.,<\/li>\n<\/ol>\n<p>z kt\u00f3rymi mo\u017cna zapozna\u0107 si\u0119 na stronie internetowej SSEMP S.A.\u00a0<u>www.ssemp.pl<\/u><\/p>\n<p>zak\u0142adka\u00a0<u>Przetargi na roboty budowlane<\/u><\/p>\n<p><strong>Przetarg<\/strong><\/p>\n<p>Wykonanie pokrycia dachowego na budynku administracyjnym SSEMP S.A.<\/p>\n<p>dost\u0119pny pod adresem:<\/p>\n<p>https:\/\/old-ssemp.sowiak.dev\/artykuly\/wykonanie-pokrycia-dachowego-na-budynku-administracyjnym-ssemp-s-a<\/p>\n<ol start=\"2\">\n<li>O udzielenie zam\u00f3wienia mog\u0105 ubiega\u0107 si\u0119 osoby, kt\u00f3re posiadaj\u0105 uprawnienia budowlane do nadzorowania rob\u00f3t, stosownie do przepis\u00f3w ustawy Prawo Budowlane, w\u00a0specjalno\u015bci konstrukcyjno \u2013 budowlanej.<\/li>\n<\/ol>\n<p><strong>Wraz z ofert\u0105 nale\u017cy z\u0142o\u017cy\u0107 uwierzytelnione kserokopie dokument\u00f3w potwierdzaj\u0105cych posiadane uprawnienia do pe\u0142nienia funkcji inspektora nadzoru w wy\u017cej wymienionej specjalno\u015bci oraz uwierzytelnion\u0105 kserokopi\u0119 aktualnego za\u015bwiadczenia o przynale\u017cno\u015bci, wskazanej osoby, do w\u0142a\u015bciwej izby samorz\u0105du zawodowego.<\/strong><\/p>\n<p>Inspektor b\u0119dzie pe\u0142ni\u0107 nadz\u00f3r inwestorski w pe\u0142nym zakresie wynikaj\u0105cym z przepis\u00f3w ustawy z dnia 7 lipca 1994 r. Prawo budowlane \u2013 art. 25 i art. 26 ustawy (t.j. Dz. U. z 2006 r. Nr 156, poz. 1118 z p\u00f3\u017an. zm.).<\/p>\n<ol start=\"3\">\n<li>Termin zako\u0144czenia sprawowania nadzoru inwestorskiego:zako\u0144czenie wykonania rob\u00f3t budowlanych, obj\u0119tych nadzorem i podpisanie bez zastrze\u017ce\u0144 protoko\u0142u ko\u0144cowego odbioru rob\u00f3t. Przewidywany termin zako\u0144czenia inwestycji: 01.08.2011 r.<\/li>\n<li>Zapytania o przedmiot zam\u00f3wienia<strong>:<\/strong><strong>\u00a0<\/strong>wszelkich informacji udziela \u0141ukasz S\u0142awi\u0144ski, tel.\u00a075\/ 645-20-30, kom. 602-853-881<\/li>\n<li>Spos\u00f3b przygotowania oferty:<\/li>\n<\/ol>\n<p>Wype\u0142niony formularz oferty (<strong>za\u0142\u0105cznik nr 1<\/strong>)<strong>\u00a0<\/strong>wraz z uwierzytelnionymi dokumentami potwierdzaj\u0105cymi posiadanie uprawnie\u0144 do pe\u0142nienia funkcji inspektora nadzoru w\u00a0specjalno\u015bci konstrukcyjno \u2013 budowlanej oraz przynale\u017cno\u015b\u0107 do w\u0142a\u015bciwej izby samorz\u0105du zawodowego nale\u017cy z\u0142o\u017cy\u0107 w zaklejonej kopercie, z\u00a0podan\u0105 nazw\u0105 i adresem Wykonawcy, oznakowan\u0105 wg tre\u015bci:<\/p>\n<p>Oferta dotyczy:<\/p>\n<p><strong>sprawowania funkcji inspektora nadzoru inwestorskiego<\/strong><\/p>\n<p><strong>przy wykonaniu pokrycia dachowego na budynku administracyjnym SSEMP S.A.<\/strong><\/p>\n<ol start=\"6\">\n<li>Kryteria oceny ofert:<\/li>\n<\/ol>\n<p>Przy wyborze oferty najkorzystniejszej SSEMP S.A. b\u0119dzie kierowa\u0107 si\u0119 jedynym kryterium cena oferty brutto \u2013 100%. Oferta najkorzystniejsza (z najni\u017csz\u0105 cen\u0105) otrzyma 100,00 pkt, ka\u017cda nast\u0119pna oferta otrzyma liczb\u0119 punkt\u00f3w proporcjonalnie mniejsz\u0105 (z dok\u0142adno\u015bci\u0105 do dw\u00f3ch miejsc po przecinku), liczon\u0105 wg wzoru:<\/p>\n<ol start=\"7\">\n<li>Termin sk\u0142adania ofert:<\/li>\n<\/ol>\n<p>Pisemn\u0105 ofert\u0119 nale\u017cy z\u0142o\u017cy\u0107 w sekretariacie SSEMP S.A. (I pi\u0119tro)<\/p>\n<ol>\n<li>Papie\u017ca Jana Paw\u0142a II 11A, 58-400 Kamienna G\u00f3ra<\/li>\n<\/ol>\n<p>do\u00a0dnia\u00a0<strong>14.06.2011 r.<\/strong><strong>\u00a0<\/strong>\/wtorek\/ do\u00a0godziny\u00a0<strong>14<sup>00<\/sup><\/strong>.<\/p>\n<p>Otwarcie ofert nast\u0105pi dnia\u00a0<strong>14.06.2011 r.<\/strong>\u00a0o godz.\u00a0<strong>14<sup>15<\/sup><\/strong><sub>\u00a0<\/sub>w siedzibie SSEMP S.A.<\/p>\n<p>Wszystkie oferty z\u0142o\u017cone\/dostarczone po w\/w terminie sk\u0142adania ofert zostan\u0105 zwr\u00f3cone Wykonawcom bez otwierania po przeprowadzeniu procedury otwarcia ofert.<\/p>\n<ol start=\"8\">\n<li>Termin zwi\u0105zania ofert\u0105<\/li>\n<\/ol>\n<p>Termin zwi\u0105zania ofert\u0105 wynosi 30 dni od up\u0142ywu terminu sk\u0142adania ofert.<\/p>\n<p><strong>UWAGA:<\/strong><\/p>\n<p>Cena za wykonanie zam\u00f3wienia jest cen\u0105 rycza\u0142tow\u0105 i obejmuje wszystkie koszty niezb\u0119dne do ca\u0142kowitego i efektywnego wykonania zam\u00f3wienia, w tym wszelkie koszty przejazdu oraz koszty materia\u0142\u00f3w potrzebnych do realizacji zam\u00f3wienia. Cena za pe\u0142nienie funkcji inspektora nadzoru jest sta\u0142a i nie ulega zmianie w trakcie realizacji umowy, r\u00f3wnie\u017c w przypadku wyd\u0142u\u017cenia terminu wykonania zam\u00f3wienia spowodowanego wyd\u0142u\u017ceniem terminu wykonania rob\u00f3t budowlanych, kt\u00f3re b\u0119d\u0105 przedmiotem pe\u0142nienia nadzoru.<\/p>\n","protected":false},"excerpt":{"rendered":"<p>Kamienna G\u00f3ra, 09.06.2011 r. ZAPYTANIE OFERTOWE O CEN\u0118 sprawowania funkcji inspektora nadzoru inwestorskiego&lt; w specjalno\u015bci konstrukcyjno &#8211; budowlanej \u00a0 Specjalna Strefa Ekonomiczna Ma\u0142ej Przedsi\u0119biorczo\u015bci S.A. z siedzib\u0105 ul. Papie\u017ca Jana Paw\u0142a II 11A, 58-400 Kamienna G\u00f3ra NIP: 614-14-72-974, Regon: 230820274 Strona www:\u00a0www.ssemp.pl e-mail:\u00a0l.slawinski@ssemp.pl tel.\u00a0\u00a0 75\/ 645 20 30, fax 75\/ 744 20 17, 75\/ 645 [&hellip;]<\/p>\n","protected":false},"author":1,"featured_media":0,"parent":0,"menu_order":0,"comment_status":"closed","ping_status":"closed","template":"","meta":{"footnotes":""},"class_list":["post-10147","page","type-page","status-publish","hentry"],"_links":{"self":[{"href":"https:\/\/old-ssemp.sowiak.dev\/index.php?rest_route=\/wp\/v2\/pages\/10147","targetHints":{"allow":["GET"]}}],"collection":[{"href":"https:\/\/old-ssemp.sowiak.dev\/index.php?rest_route=\/wp\/v2\/pages"}],"about":[{"href":"https:\/\/old-ssemp.sowiak.dev\/index.php?rest_route=\/wp\/v2\/types\/page"}],"author":[{"embeddable":true,"href":"https:\/\/old-ssemp.sowiak.dev\/index.php?rest_route=\/wp\/v2\/users\/1"}],"replies":[{"embeddable":true,"href":"https:\/\/old-ssemp.sowiak.dev\/index.php?rest_route=%2Fwp%2Fv2%2Fcomments&post=10147"}],"version-history":[{"count":1,"href":"https:\/\/old-ssemp.sowiak.dev\/index.php?rest_route=\/wp\/v2\/pages\/10147\/revisions"}],"predecessor-version":[{"id":10153,"href":"https:\/\/old-ssemp.sowiak.dev\/index.php?rest_route=\/wp\/v2\/pages\/10147\/revisions\/10153"}],"wp:attachment":[{"href":"https:\/\/old-ssemp.sowiak.dev\/index.php?rest_route=%2Fwp%2Fv2%2Fmedia&parent=10147"}],"curies":[{"name":"wp","href":"https:\/\/api.w.org\/{rel}","templated":true}]}}