{"id":10131,"date":"2016-07-22T11:02:51","date_gmt":"2016-07-22T09:02:51","guid":{"rendered":"http:\/\/ssemp.pl\/?page_id=10131"},"modified":"2016-07-22T11:02:51","modified_gmt":"2016-07-22T09:02:51","slug":"wymiana-grzejnikow-c-o-w-czesci-biurowej-budynku-ssemp-s-a-w-kamiennej-gorze-10-09-2008","status":"publish","type":"page","link":"https:\/\/old-ssemp.sowiak.dev\/?page_id=10131","title":{"rendered":"Wymiana grzejnik\u00f3w c.o. w cz\u0119\u015bci biurowej budynku SSEMP S.A w Kamiennej G\u00f3rze &#8211; 10-09-2008"},"content":{"rendered":"<p>OG\u0141OSZENIE O PRZETARGU<\/p>\n<p>Dla zadania pn.:<\/p>\n<p><strong>\u201eWymiana grzejnik\u00f3w c.o. w cz\u0119\u015bci biurowej budynku<\/strong><strong><br \/>\nSpecjalnej Strefy Ekonomicznej Ma\u0142ej Przedsi\u0119biorczo\u015bci S.A.<br \/>\nw Kamiennej G\u00f3rze&#8221;<\/strong><\/p>\n<p>1) NAZWA I ADRES ZAMAWIAJ\u0104CEGO: Specjalna Strefa Ekonomiczna Ma\u0142ej<br \/>\nPrzedsi\u0119biorczo\u015bci S.A., ul. Papie\u017ca Jana Paw\u0142a II 11a, 58-400<br \/>\nKamienna G\u00f3ra, woj. dolno\u015bl\u0105skie, tel. (075) 645 15 03 &#8211; 06, fax.<br \/>\n(075) 744 20 17, e-mail: strefa@ssemp.pl, www.ssemp.pl.<\/p>\n<p>2) PRZEDMIOT ZAM\u00d3WIENIA<\/p>\n<p>Przedmiotem niniejszego zam\u00f3wienia jest wymiana grzejnik\u00f3w c.o. w<br \/>\ncz\u0119\u015bci biurowej budynku Specjalnej Strefy Ekonomicznej Ma\u0142ej<br \/>\nPrzedsi\u0119biorczo\u015bci S.A. w Kamiennej G\u00f3rze&#8221;<br \/>\nZakres rob\u00f3t obejmuje:<br \/>\na) demonta\u017c drewnianych os\u0142on grzejnikowych i grzejnik\u00f3w z rur o\u017cebrowanych,<br \/>\nb) dostawa grzejnik\u00f3w konwektorowych wraz z monta\u017cem,<br \/>\nc) wykonanie rob\u00f3t towarzysz\u0105cych zwi\u0105zanych z wymian\u0105 grzejnik\u00f3w c.o..<\/p>\n<p>3) TERMIN WYKONANIA: data zako\u0144czenia: 31.10.2008.<\/p>\n<p>4) WARUNKI UDZIA\u0141U W PRZETARGU<\/p>\n<p>Wraz z formularzem oferty nale\u017cy z\u0142o\u017cy\u0107 dokumenty jak ni\u017cej:<\/p>\n<p>1. aktualny odpis z w\u0142a\u015bciwego rejestru albo aktualne za\u015bwiadczenie o<br \/>\nwpisie do ewidencji dzia\u0142alno\u015bci gospodarczej, je\u017celi odr\u0119bne przepisy<br \/>\nwymagaj\u0105 wpisu do rejestru lub zg\u0142oszenia do ewidencji dzia\u0142alno\u015bci<br \/>\ngospodarczej, wystawione nie wcze\u015bniej ni\u017c sze\u015b\u0107 miesi\u0119cy przed<br \/>\nup\u0142ywem terminu sk\u0142adania ofert),<br \/>\n2. aktualne za\u015bwiadczenie w\u0142a\u015bciwego naczelnika urz\u0119du skarbowego oraz<br \/>\nw\u0142a\u015bciwego oddzia\u0142u ZUS lub KRUS potwierdzaj\u0105ce odpowiednio, \u017ce<br \/>\nWykonawca nie zalega z op\u0142aceniem podatk\u00f3w, op\u0142at oraz sk\u0142adek na<br \/>\nubezpieczenie zdrowotne lub spo\u0142eczne lub za\u015bwiadcze\u0144, \u017ce uzyska\u0142<br \/>\nprzewidziane prawem zwolnienie, odroczenie, roz\u0142o\u017cenie na raty<br \/>\nzaleg\u0142ych p\u0142atno\u015bci lub wstrzymanie w ca\u0142o\u015bci wykonania decyzji organu<br \/>\npodatkowego. Za\u015bwiadczenia wydane nie wcze\u015bniej ni\u017c 3 miesi\u0105ce przed<br \/>\nup\u0142ywem terminu sk\u0142adania ofert.<\/p>\n<p>5) Termin sk\u0142adania ofert: do dnia 19.09.2008, godz. 15:00, miejsce:<br \/>\nSiedziba Zamawiaj\u0105cego.<\/p>\n<p>Oferty mo\u017cna sk\u0142ada\u0107 osobi\u015bcie, faksem na numer (075) 744 20 17 lub<br \/>\npoprzez e-mail: strefa@ssemp.pl.<br \/>\n6) Zainteresowane podmioty prosi si\u0119 o kontakt z Zamawiaj\u0105cym w celu<br \/>\nuzyskania szczeg\u00f3\u0142owych informacji dotycz\u0105cych zam\u00f3wienia. Osob\u0105<br \/>\nupowa\u017cnion\u0105 do kontaktu jest p. \u0141ukasz S\u0142awi\u0144ski, tel. (075) 645 15 03<br \/>\nwew. 15, e-mail: l.slawinski@ssemp.pl.<\/p>\n<p>Kamienna G\u00f3ra, 10.09.2008 r.<\/p>\n<p>(-) Zarz\u0105d SSEMP S.A.<\/p>\n","protected":false},"excerpt":{"rendered":"<p>OG\u0141OSZENIE O PRZETARGU Dla zadania pn.: \u201eWymiana grzejnik\u00f3w c.o. w cz\u0119\u015bci biurowej budynku Specjalnej Strefy Ekonomicznej Ma\u0142ej Przedsi\u0119biorczo\u015bci S.A. w Kamiennej G\u00f3rze&#8221; 1) NAZWA I ADRES ZAMAWIAJ\u0104CEGO: Specjalna Strefa Ekonomiczna Ma\u0142ej Przedsi\u0119biorczo\u015bci S.A., ul. Papie\u017ca Jana Paw\u0142a II 11a, 58-400 Kamienna G\u00f3ra, woj. dolno\u015bl\u0105skie, tel. (075) 645 15 03 &#8211; 06, fax. (075) 744 20 [&hellip;]<\/p>\n","protected":false},"author":1,"featured_media":0,"parent":0,"menu_order":0,"comment_status":"closed","ping_status":"closed","template":"","meta":{"footnotes":""},"class_list":["post-10131","page","type-page","status-publish","hentry"],"_links":{"self":[{"href":"https:\/\/old-ssemp.sowiak.dev\/index.php?rest_route=\/wp\/v2\/pages\/10131","targetHints":{"allow":["GET"]}}],"collection":[{"href":"https:\/\/old-ssemp.sowiak.dev\/index.php?rest_route=\/wp\/v2\/pages"}],"about":[{"href":"https:\/\/old-ssemp.sowiak.dev\/index.php?rest_route=\/wp\/v2\/types\/page"}],"author":[{"embeddable":true,"href":"https:\/\/old-ssemp.sowiak.dev\/index.php?rest_route=\/wp\/v2\/users\/1"}],"replies":[{"embeddable":true,"href":"https:\/\/old-ssemp.sowiak.dev\/index.php?rest_route=%2Fwp%2Fv2%2Fcomments&post=10131"}],"version-history":[{"count":1,"href":"https:\/\/old-ssemp.sowiak.dev\/index.php?rest_route=\/wp\/v2\/pages\/10131\/revisions"}],"predecessor-version":[{"id":10136,"href":"https:\/\/old-ssemp.sowiak.dev\/index.php?rest_route=\/wp\/v2\/pages\/10131\/revisions\/10136"}],"wp:attachment":[{"href":"https:\/\/old-ssemp.sowiak.dev\/index.php?rest_route=%2Fwp%2Fv2%2Fmedia&parent=10131"}],"curies":[{"name":"wp","href":"https:\/\/api.w.org\/{rel}","templated":true}]}}