{"id":10102,"date":"2016-07-11T09:26:34","date_gmt":"2016-07-11T07:26:34","guid":{"rendered":"http:\/\/ssemp.pl\/?page_id=10102"},"modified":"2016-07-11T09:26:35","modified_gmt":"2016-07-11T07:26:35","slug":"nowogrodziec-11-07-2016-pl","status":"publish","type":"page","link":"https:\/\/old-ssemp.sowiak.dev\/?page_id=10102","title":{"rendered":"Nowogrodziec 11.07.2016 [PL]"},"content":{"rendered":"<p><strong>SPECJALNA<\/strong> <strong>STREFA<\/strong> <strong>EKONOMICZNA<\/strong><\/p>\n<p><strong>MA\u0141EJ<\/strong> <strong>PRZEDSI\u0118BIORCZO\u015aCI<\/strong> <strong>S.A.<\/strong><\/p>\n<p><strong>z<\/strong> <strong>siedzib\u0105<\/strong> <strong>w<\/strong> <strong>KAMIENNEJ<\/strong> <strong>G\u00d3RZE<\/strong><\/p>\n<p>58-400 Kamienna G\u00f3ra, ul. Papie\u017ca Jana Paw\u0142a II 11 A<\/p>\n<p>tel. 75 \/ 645 20 30, fax 75 \/ 645 20 33<\/p>\n<p>e-mail: strefa@ssemp.pl\u00a0\u00a0 <a href=\"https:\/\/old-ssemp.sowiak.dev\/\">www.ssemp.pl<\/a><\/p>\n<p>jako zarz\u0105dzaj\u0105cy<\/p>\n<p>Kamiennog\u00f3rsk\u0105 Specjaln\u0105 Stref\u0105 Ekonomiczn\u0105 Ma\u0142ej Przedsi\u0119biorczo\u015bci<\/p>\n<p>na podstawie Rozporz\u0105dzenia Ministra Gospodarki i Pracy z dnia 15 listopada 2004 r. w sprawie przetarg\u00f3w i\u00a0rokowa\u0144 oraz kryteri\u00f3w oceny zamierze\u0144 co do przedsi\u0119wzi\u0119\u0107 gospodarczych, kt\u00f3re maj\u0105 by\u0107 podj\u0119te przez przedsi\u0119biorc\u00f3w na terenie Kamiennog\u00f3rskiej Specjalnej Strefy Ekonomicznej Ma\u0142ej Przedsi\u0119biorczo\u015bci (Dz. U. Nr 254, poz. 2539 z p\u00f3\u017an.zm.)<\/p>\n<p><strong><u>\u00a0<\/u><\/strong><\/p>\n<p><strong><u>zaprasza<\/u><\/strong> <strong><u>do<\/u><\/strong> <strong><u>rokowa\u0144<\/u><\/strong><\/p>\n<p>maj\u0105cych na celu wy\u0142onienie przedsi\u0119biorcy, kt\u00f3ry uzyska zezwolenie na prowadzenie dzia\u0142alno\u015bci gospodarczej na terenie Kamiennog\u00f3rskiej Specjalnej Strefy Ekonomicznej Ma\u0142ej Przedsi\u0119biorczo\u015bci uprawniaj\u0105ce do korzystania z pomocy publicznej (\u201eZezwolenie\u201d)<\/p>\n<p>&nbsp;<\/p>\n<ol>\n<li>Zaproszenie skierowane jest do przedsi\u0119biorc\u00f3w, kt\u00f3rzy posiadaj\u0105 udokumentowane prawo do dysponowania nieruchomo\u015bci\u0105 po\u0142o\u017con\u0105 na terenie Kamiennog\u00f3rskiej Specjalnej Strefy Ekonomicznej Ma\u0142ej Przedsi\u0119biorczo\u015bci, Podstrefa Nowogrodziec i\u00a0zamierzaj\u0105 prowadzi\u0107 dzia\u0142alno\u015b\u0107 gospodarcz\u0105 na podstawie zezwolenia.<\/li>\n<li><strong>2<\/strong>. Warunkiem udzia\u0142u w rokowaniach jest:<\/li>\n<\/ol>\n<ul>\n<li>wykupienie od SSEMP A. Specyfikacji Istotnych Warunk\u00f3w Rokowa\u0144,<\/li>\n<li>z\u0142o\u017cenie pisemnej oferty wraz z warunkami przedsi\u0119wzi\u0119cia gospodarczego planowanego na terenie Kamiennog\u00f3rskiej Specjalnej Strefy Ekonomicznej Ma\u0142ej Przedsi\u0119biorczo\u015bci.<\/li>\n<\/ul>\n<ol start=\"3\">\n<li>Szczeg\u00f3\u0142owe informacje o zasadach i warunkach rokowa\u0144, w tym o warunkach udzielenia Zezwolenia zawiera \u201eSpecyfikacja Istotnych Warunk\u00f3w Rokowa\u0144\u201d.<\/li>\n<li>\u201eSpecyfikacj\u0119 Istotnych Warunk\u00f3w Rokowa\u0144&#8221; mo\u017cna otrzyma\u0107 codziennie, opr\u00f3cz sob\u00f3t i niedziel, w\u00a0godz. 8.00 \u2013 15.30, w\u00a0siedzibie Sp\u00f3\u0142ki, po okazaniu dowodu wp\u0142aty kwoty 10.000 PLN netto plus 23% VAT (s\u0142ownie: dziesi\u0119\u0107 tysi\u0119cy z\u0142otych + 23% VAT) na rachunek bankowy Specjalnej Strefy Ekonomicznej Ma\u0142ej Przedsi\u0119biorczo\u015bci w Banku Zachodnim WBK S.A., numer rachunku 02 1090 1942 0000 0005 1800 9564.<\/li>\n<li>Oferty powinny zawiera\u0107 wszystkie elementy wymienione w &#8222;Specyfikacji Istotnych Warunk\u00f3w Rokowa\u0144\u201d.<\/li>\n<li>Oferty i przedstawione w nich przedsi\u0119wzi\u0119cia gospodarcze podlegaj\u0105 ocenie w oparciu o kryteria zawarte w\u00a0\u201eSpecyfikacji Istotnych Warunk\u00f3w Rokowa\u0144\u201d, Rozporz\u0105dzeniu Ministra Gospodarki i Pracy z\u00a0dnia 15 listopada 2004r. w sprawie przetarg\u00f3w i rokowa\u0144 oraz kryteri\u00f3w oceny zamierze\u0144 co do przedsi\u0119wzi\u0119\u0107 gospodarczych, kt\u00f3re maj\u0105 by\u0107 podj\u0119te przez przedsi\u0119biorc\u00f3w na terenie Kamiennog\u00f3rskiej Specjalnej Strefy Ekonomicznej Ma\u0142ej Przedsi\u0119biorczo\u015bci (Dz. U. Nr 254, poz.2539 z p\u00f3\u017an.zm.)<\/li>\n<li>Oferty nale\u017cy sk\u0142ada\u0107 w trwale zamkni\u0119tej kopercie w siedzibie Specjalnej Strefy Ekonomicznej Ma\u0142ej Przedsi\u0119biorczo\u015bci S.A. ul. Papie\u017ca Jana Paw\u0142a II 11 A (w sekretariacie) w Kamiennej G\u00f3rze codzienne opr\u00f3cz sob\u00f3t i niedziel w\u00a0godz. od 8.00\u00a0do\u00a015.30. Ostateczny termin z\u0142o\u017cenia oferty up\u0142ywa w\u00a0dniu<strong> 2 sierpnia<\/strong> <strong>2016<\/strong> <strong>roku<\/strong> <strong>o\u00a0godz.<\/strong> <strong>15:30<\/strong> Spos\u00f3b przygotowania oferty okre\u015bla \u201eSpecyfikacja Istotnych Warunk\u00f3w Rokowa\u0144\u201d.<\/li>\n<li>Komisyjne otwarcie ofert nast\u0105pi w siedzibie Specjalnej Strefy Ekonomicznej Ma\u0142ej Przedsi\u0119biorczo\u015bci S.A. w\u00a0dniu<br \/>\n<strong>3 sierpnia 2016 <\/strong><strong>roku<\/strong> <strong>o<\/strong> <strong>godz.<\/strong><strong> 10<\/strong><strong>.00.<\/strong><\/li>\n<li>Informacji na temat rokowa\u0144 oraz \u201eSpecyfikacji Istotnych Warunk\u00f3w Rokowa\u0144\u201d, udziela si\u0119 w siedzibie Specjalnej Strefy Ekonomicznej Ma\u0142ej Przedsi\u0119biorczo\u015bci S.A. w Kamiennej G\u00f3rze lub telefonicznie pod numerem 75 645 20 30.<\/li>\n<li><strong>10<\/strong>. Specjalna Strefa Ekonomiczna Ma\u0142ej Przedsi\u0119biorczo\u015bci A. zastrzega sobie prawo odst\u0105pienia od rokowa\u0144, gdy wyst\u0105pi istotna zmiana okoliczno\u015bci powoduj\u0105ca, \u017ce prowadzenie post\u0119powania nie le\u017cy w\u00a0interesie publicznym, czego nie mo\u017cna by\u0142o wcze\u015bniej przewidzie\u0107 lub\/i gdy post\u0119powanie obarczone jest wad\u0105 uniemo\u017cliwiaj\u0105c\u0105 wydanie zezwolenia. O uniewa\u017cnieniu post\u0119powania SSEMP S.A. powiadomi pisemnie r\u00f3wnocze\u015bnie wszystkich oferent\u00f3w, podaj\u0105c uzasadnienie faktyczne i\u00a0prawne.<\/li>\n<\/ol>\n<p><strong>11.<\/strong> The content of the following invitation in English version is published on the website of the SSEMP S.A. at: <a href=\"https:\/\/old-ssemp.sowiak.dev\/\">www.ssemp.pl<\/a><\/p>\n","protected":false},"excerpt":{"rendered":"<p>SPECJALNA STREFA EKONOMICZNA MA\u0141EJ PRZEDSI\u0118BIORCZO\u015aCI S.A. z siedzib\u0105 w KAMIENNEJ G\u00d3RZE 58-400 Kamienna G\u00f3ra, ul. Papie\u017ca Jana Paw\u0142a II 11 A tel. 75 \/ 645 20 30, fax 75 \/ 645 20 33 e-mail: strefa@ssemp.pl\u00a0\u00a0 www.ssemp.pl jako zarz\u0105dzaj\u0105cy Kamiennog\u00f3rsk\u0105 Specjaln\u0105 Stref\u0105 Ekonomiczn\u0105 Ma\u0142ej Przedsi\u0119biorczo\u015bci na podstawie Rozporz\u0105dzenia Ministra Gospodarki i Pracy z dnia 15 listopada [&hellip;]<\/p>\n","protected":false},"author":1,"featured_media":0,"parent":0,"menu_order":0,"comment_status":"closed","ping_status":"closed","template":"","meta":{"footnotes":""},"class_list":["post-10102","page","type-page","status-publish","hentry"],"_links":{"self":[{"href":"https:\/\/old-ssemp.sowiak.dev\/index.php?rest_route=\/wp\/v2\/pages\/10102","targetHints":{"allow":["GET"]}}],"collection":[{"href":"https:\/\/old-ssemp.sowiak.dev\/index.php?rest_route=\/wp\/v2\/pages"}],"about":[{"href":"https:\/\/old-ssemp.sowiak.dev\/index.php?rest_route=\/wp\/v2\/types\/page"}],"author":[{"embeddable":true,"href":"https:\/\/old-ssemp.sowiak.dev\/index.php?rest_route=\/wp\/v2\/users\/1"}],"replies":[{"embeddable":true,"href":"https:\/\/old-ssemp.sowiak.dev\/index.php?rest_route=%2Fwp%2Fv2%2Fcomments&post=10102"}],"version-history":[{"count":1,"href":"https:\/\/old-ssemp.sowiak.dev\/index.php?rest_route=\/wp\/v2\/pages\/10102\/revisions"}],"predecessor-version":[{"id":10103,"href":"https:\/\/old-ssemp.sowiak.dev\/index.php?rest_route=\/wp\/v2\/pages\/10102\/revisions\/10103"}],"wp:attachment":[{"href":"https:\/\/old-ssemp.sowiak.dev\/index.php?rest_route=%2Fwp%2Fv2%2Fmedia&parent=10102"}],"curies":[{"name":"wp","href":"https:\/\/api.w.org\/{rel}","templated":true}]}}